{"id":5531,"date":"2011-10-16T06:19:44","date_gmt":"2011-10-16T13:19:44","guid":{"rendered":"https:\/\/windpilot.com\/blog\/?page_id=5531"},"modified":"2011-10-23T21:07:33","modified_gmt":"2011-10-24T04:07:33","slug":"deutsch-uberprufung-einer-funkanlage","status":"publish","type":"page","link":"https:\/\/windpilot.com\/blog\/ausruestung\/links\/deutsch-uberprufung-einer-funkanlage\/","title":{"rendered":"System-\u00dcberpr\u00fcfung"},"content":{"rendered":"<p><a href=\"https:\/\/windpilot.com\/blog\/wp-content\/uploads\/2011\/10\/ChampusPacific.jpg\"><img loading=\"lazy\" decoding=\"async\" src=\"https:\/\/windpilot.com\/blog\/wp-content\/uploads\/2011\/10\/ChampusPacific-300x205.jpg\" alt=\"\" title=\"ChampusPacific\" width=\"300\" height=\"205\" class=\"alignleft size-medium wp-image-5584\" srcset=\"https:\/\/windpilot.com\/blog\/wp-content\/uploads\/2011\/10\/ChampusPacific-300x205.jpg 300w, https:\/\/windpilot.com\/blog\/wp-content\/uploads\/2011\/10\/ChampusPacific-1024x702.jpg 1024w, https:\/\/windpilot.com\/blog\/wp-content\/uploads\/2011\/10\/ChampusPacific.jpg 2015w\" sizes=\"auto, (max-width: 300px) 100vw, 300px\" \/><\/a><strong>EINLEITUNG<\/strong><br \/>\nDie Funkanlage an Bord einer Segeljacht &#8211; bestehend aus Antenne, Tuner sowie Sende und Empfangsanlage &#8211; kann als harmonisches Ganzes nur dann gute Leistung bringen, wenn die verwendeten Bauteile von guter Qualit\u00e4t und die Installation fehlerfrei ist. Kabel und Stecker sollten hochwertig, Kabelquerschnitte richtig dimensioniert sein.<\/p>\n<p>Eine \u00dcberpr\u00fcfung der Anlage ist mit Bordmitteln in 5 Minuten vom Segler selbst durchzuf\u00fchren, man sollte dies nicht anderen \u00fcberlassen. Insbesondere gilt es zu pr\u00fcfen, ob die Anlage dem Zusammenspiel von Antenne, Tuner und Radio standh\u00e4lt.<\/p>\n<p>Die Pr\u00fcfung wird schnell zeigen, ob eine vielleicht vom Fachmann vorgenommene Installation tats\u00e4chlich fehlerfrei arbeitet. Die Praxis zeigt immer wieder, dass hier nicht immer sorgf\u00e4ltig gearbeitet wird.<\/p>\n<p>Eine Aussage; &#8222;ich h\u00f6re dich laut und deutlich&#8220;, hat keinen Pr\u00fcfwert!<\/p>\n<p>Eine Pr\u00fcfung sollte vor jeder Sendung erfolgen, um optimale Sende- und Empfangsbereitschaft zu garantieren.<\/p>\n<p>Die Pr\u00fcfung ist schnell gemacht und beinhaltet:<br \/>\n&#8211; die \u00dcberpr\u00fcfung  des Tuners<br \/>\n&#8211; die durch Tuner angepasste  Antenne<br \/>\n&#8211; die Pr\u00fcfung der optimalen Sendeleistung zwischen Radio und Antenne<br \/>\n&#8211; den einwandfreien Zustand aller Zuleitungen<\/p>\n<p>Immer wieder hat sich herausgestellt, dass Achterstag Antennen in Bezug auf Qualit\u00e4t der gesamten Funkanlage einer Stab Antenne unterlegen sind. Siehe auch hier&#8230;.<\/p>\n<p>Wenn ein Achterstag der VW ist, kann eine Stabanntenne als Porsche gelten &#8211; auch wenn man mit beiden fahren kann &#8211; aber nicht rasen&#8230;<\/p>\n<p>WICHTIG: dies gilt gleichermassen f\u00fcr den Modus PACTOR als auch KOMMUNIKATION mit den Funknetzen.<\/p>\n<p><a href=\"https:\/\/windpilot.com\/blog\/wp-content\/uploads\/2011\/10\/Halskatze.jpg\"><img loading=\"lazy\" decoding=\"async\" src=\"https:\/\/windpilot.com\/blog\/wp-content\/uploads\/2011\/10\/Halskatze-1024x748.jpg\" alt=\"\" title=\"Halskatze\" width=\"640\" height=\"467\" class=\"aligncenter size-large wp-image-5586\" srcset=\"https:\/\/windpilot.com\/blog\/wp-content\/uploads\/2011\/10\/Halskatze-1024x748.jpg 1024w, https:\/\/windpilot.com\/blog\/wp-content\/uploads\/2011\/10\/Halskatze-300x219.jpg 300w, https:\/\/windpilot.com\/blog\/wp-content\/uploads\/2011\/10\/Halskatze.jpg 1810w\" sizes=\"auto, (max-width: 640px) 100vw, 640px\" \/><\/a><strong>PR\u00dcFUNG<\/strong><br \/>\nDie \u00dcberpr\u00fcfung sollte vor und w\u00e4hrend einer Reise erfolgen, idealerweise vor jeder Nutzung der Funkanlage.<\/p>\n<p><strong>Die Vorgehensweise<\/strong><br \/>\n&#8211;  Anlage mindestens 5 Minuten vor jeder Aussendung einschalten um eine gute Betriebstemperatur von Radio und Tuner zu gew\u00e4hrleisten.<br \/>\n&#8211; gew\u00fcnschte Frequenz einstellen. z.B. 14.200.00 Khz USB<br \/>\n&#8211; durch Tastendruck am Radio den Tuner aktivieren = Tunen<br \/>\n&#8211; Radio auf den Modus <strong>CW &#8211; RTTY &#8211; SSK<\/strong> einstellen. ( verschieden an jedem Radio ). In diesem Modus wird ein permanenter Tr\u00e4ger des Radios erzeugt und damit sichergestellt, dass Messwerte in aller Ruhe abgelesen werden k\u00f6nnen. <\/p>\n<p>&#8211; SWR-Modus w\u00e4hlen<br \/>\n&#8211; Sende Power auf 100 Watt einrichten<br \/>\n&#8211; PTT-Taste am Mikrofon max ca 10 Sek gedr\u00fcckt halten und pr\u00fcfen, ob die SWR Anzeige am Kreuzzeiger Ger\u00e4t \/ Display ruhig und konstant stehen bleibt.<br \/>\n&#8211; Sollwert max. 1:1.0 bis 1:1.2 <\/p>\n<p>&#8211; Power-Modus w\u00e4hlen<br \/>\n&#8211; PTT Taste am Mikrofon erneut gedr\u00fcckt halten und pr\u00fcfen, ob die Poweranzeige am Kreuzzeiger Ger\u00e4t \/ Display die vorgew\u00e4hlte Sendeleistung \/ Watt erreicht<\/p>\n<p><strong>KRITERIEN<\/strong><br \/>\n&#8211; wurde die Aussendung mit 100 Watt vorgew\u00e4hlt, erscheint hingegen im Display 60 Watt, dann ist schon davon auszugehen, dass die Anlage einen Verlust von 40 % der Sendeleistung hat. <\/p>\n<p>Ursache sind meist unsaubere Kabel- Anschl\u00fcsse oder schlechte L\u00f6tstellen.<br \/>\nDer Verlustwert sollte  max. 5 % nicht  \u00fcbersteigen!<\/p>\n<p>Pr\u00fcfung einer Sendeanlage durch Pfeifen oder Aussendung von Sprache ist zu vermeiden, weil eine Genauigkeit der Pr\u00fcfung nicht gew\u00e4hrleistet ist, <\/p>\n<p>Pr\u00fcfungen stets mit einem Signaltr\u00e4ger vornehmen, der ihnen gen\u00fcgend Zeit l\u00e4sst, die Werte bequem  ablesen zu k\u00f6nnen = 10 Sek<\/p>\n<p>Die Werte sind Frequenz abh\u00e4ngig! Empfehlenswert ist eine Abstimmung und \u00dcberpr\u00fcfung auf 14.100.00 bis 14.350.00. also das 24 Stunden offene 20 Meterband der Funknetze.<\/p>\n<p>Bei Sendewerten<br \/>\n&#8211; SWR > als 1:1.2<br \/>\n&#8211; Verringerung der Sendeleistung um > als 20 %<br \/>\nbesteht Handlungsbedarf!<\/p>\n<p>Eine Anleitung zur Verbesserung der Leistung oder Behebung von Schwachstellen an ihrer Anlage folgt demn\u00e4chst an dieser Stelle<\/p>\n<p>versprechen G\u00fcnter S.Hamacher und Peter F\u00f6rthmann<\/p>\n","protected":false},"excerpt":{"rendered":"<p>EINLEITUNG Die Funkanlage an Bord einer Segeljacht &#8211; bestehend aus Antenne, Tuner sowie Sende und Empfangsanlage &#8211; kann als harmonisches Ganzes nur dann gute Leistung bringen, wenn die verwendeten Bauteile von guter Qualit\u00e4t und die Installation fehlerfrei ist. Kabel und &hellip; <a href=\"https:\/\/windpilot.com\/blog\/ausruestung\/links\/deutsch-uberprufung-einer-funkanlage\/\">Weiterlesen <span class=\"meta-nav\">&rarr;<\/span><\/a><\/p>\n","protected":false},"author":1,"featured_media":0,"parent":4486,"menu_order":1,"comment_status":"open","ping_status":"closed","template":"","meta":{"footnotes":""},"class_list":["post-5531","page","type-page","status-publish","hentry"],"_links":{"self":[{"href":"https:\/\/windpilot.com\/blog\/wp-json\/wp\/v2\/pages\/5531","targetHints":{"allow":["GET"]}}],"collection":[{"href":"https:\/\/windpilot.com\/blog\/wp-json\/wp\/v2\/pages"}],"about":[{"href":"https:\/\/windpilot.com\/blog\/wp-json\/wp\/v2\/types\/page"}],"author":[{"embeddable":true,"href":"https:\/\/windpilot.com\/blog\/wp-json\/wp\/v2\/users\/1"}],"replies":[{"embeddable":true,"href":"https:\/\/windpilot.com\/blog\/wp-json\/wp\/v2\/comments?post=5531"}],"version-history":[{"count":0,"href":"https:\/\/windpilot.com\/blog\/wp-json\/wp\/v2\/pages\/5531\/revisions"}],"up":[{"embeddable":true,"href":"https:\/\/windpilot.com\/blog\/wp-json\/wp\/v2\/pages\/4486"}],"wp:attachment":[{"href":"https:\/\/windpilot.com\/blog\/wp-json\/wp\/v2\/media?parent=5531"}],"curies":[{"name":"wp","href":"https:\/\/api.w.org\/{rel}","templated":true}]}}