{"id":5928,"date":"2011-11-18T02:15:29","date_gmt":"2011-11-18T09:15:29","guid":{"rendered":"https:\/\/windpilot.com\/blog\/?page_id=5928"},"modified":"2013-02-08T03:22:48","modified_gmt":"2013-02-08T10:22:48","slug":"deutsch-bilanz-anspruch-und-wirklichkeit","status":"publish","type":"page","link":"https:\/\/windpilot.com\/blog\/trans-ocean-news\/deutsch-der-alte-to\/deutsch-bilanz-anspruch-und-wirklichkeit\/","title":{"rendered":"3. Wirklichkeit"},"content":{"rendered":"<p><a href=\"https:\/\/windpilot.com\/blog\/wp-content\/uploads\/2011\/11\/Modell-Eisenbahn1.jpg\"><img loading=\"lazy\" decoding=\"async\" src=\"https:\/\/windpilot.com\/blog\/wp-content\/uploads\/2011\/11\/Modell-Eisenbahn1-e1321607248269-197x300.jpg\" alt=\"\" title=\"Modell Eisenbahn1\" width=\"197\" height=\"300\" class=\"alignleft size-medium wp-image-5929\" srcset=\"https:\/\/windpilot.com\/blog\/wp-content\/uploads\/2011\/11\/Modell-Eisenbahn1-e1321607248269-197x300.jpg 197w, https:\/\/windpilot.com\/blog\/wp-content\/uploads\/2011\/11\/Modell-Eisenbahn1-e1321607248269-673x1024.jpg 673w\" sizes=\"auto, (max-width: 197px) 100vw, 197px\" \/><\/a>Nun haben wir es schwarz auf weiss!<\/p>\n<p>Wir wissen, dass statt der 6000 nur 4800 Mitglieder Beitrag bezahlt haben, 330 weniger als im Vorjahr.<\/p>\n<p>Wir wissen, dass TEU 125 fuer Verwaltung und Miete ausgegeben wurden, also 85% der Beitragseinnahmen. Das Verh\u00e4ltnis ist ungew\u00f6hnlich, keineswegs zeugt es von solider Gesch\u00e4ftsf\u00fchrung. Als Gegenwert allerdings erh\u00e4lt der Verein nicht einmal eine effektive Verwaltung mit aktualisierten Adressen Listen, zumindest der so wichtigen TO St\u00fctzpunkte.<\/p>\n<p>Wir wissen nun, dass die neue Website EUR 17.000 gekostet hat. Ein professioneller Webauftritt w\u00e4re erheblich preiswerter gewesen, das Ergebnis sicherlich zeitgem\u00e4\u00dfer. So bleibt zu bemerken, dass eine moderne Open Source Software am Markt gratis zu haben ist, CMS ist Stand der Technik. Wer mit diesen Tools umzugehen in der Lage ist, f\u00fcr den ist diese Website in wenigen Stunden erstellt.<\/p>\n<p>Wenn 13% der Beitragseinnahmen f\u00fcr Portokosten aufgewendet werden, beweist dies eindrucksvoll, dass man in Cuxendorf moderne Zeiten v\u00f6llig verschlafen hat!  Segler sind nahezu vollst\u00e4ndig elektronisch verlinkt, Briefk\u00e4sten werden sogar von der schlafenden gelben Post demontiert. <\/p>\n<p>Womit wir bei der Zeitung w\u00e4ren!  Ein St\u00fcckpreis von EUR 1,&#8211; ist f\u00fcr die derzeitige Zeitung kein Sonderangebot. Interessant w\u00e4re es aber, zu erfahren, welche Einnahmen f\u00fcr Werbung erzielt worden sind? Dieser Posten wird nicht benannt oder ausgewiesen. Sollen wir annehmen, dass diese Einnahmen bereits bei den \u201eDruckkosten\u201c enthalten sind?<\/p>\n<p>Das w\u00e4re dann allerdings ein erstklassiger Skandal, denn dann w\u00e4ren die Druckkosten rettungslos \u00fcberh\u00f6ht. Die Einnahmen lassen sich mit dem Taschenrechner und der Anzeigenpreisliste schnell addieren &#8211; sie tauchen gleichwohl nirgend auf!<\/p>\n<p>F\u00fcr mich erscheint der Nutzen f\u00fcr TO Mitglieder extrem gering, denn au\u00dfer einer unprofessionellen  Zeitung, einem Online Auftritt und die Hoffnung auf Auszeichnungen, hat der Verein wenig f\u00fcr seine Mitglieder geleistet. Ausser nat\u00fcrlich dem unvergleichlichen Familien Feeling &#8211; das wird an diesem Wochenende sicher wieder strapaziert werden!<\/p>\n<p>Die attraktiven Angebote rund um den Globus werden von ehrenamtliche Aktivisten kostenlos erbracht. Sie verursachen in der Bilanz keinerlei Kosten. Ein tolles Gesch\u00e4ftsmodell!<\/p>\n<p>Ob es wirklich sinnvoll ist, ein Vereinsverm\u00f6gen in stattliche H\u00f6he unver\u00e4ndert durch die Jahre zu hamstern oder zu verschleppen, dass hier sogar stattliche Zinseinnahmen entstehen, das hat den Unmut vieler Mitglieder erregt. Absichtserkl\u00e4rungen zum geplanten Bau eines Jugendbootes sind jedenfalls wenig glaubhaft angesichts einer Altersstruktur, die eher den Zukauf einer rollstuhlgerechten Barkasse sinnvoller machen w\u00fcrde.<\/p>\n<p>Wenn abschlie\u00dfend den Mitgliedern erneut versichert wird, dass der Verein auf solidem Fundament stehe, bliebe angesichts der hier vorliegenden Bilanz nur zu bemerken: Au\u00dfer Spesen nicht viel gewesen! <\/p>\n<p>Es f\u00e4llt hingegen auf, dass der Vorstand zu oft betont, dass er weder Verm\u00f6gen aus der Hand zu geben gedenke, er gleichwohl aber niemals seinen Mitgliedern berichtet, wof\u00fcr denn wohl dieses \u201esolide Fundament\u201c eingesetzt werden sollte &#8211; ausser zum ruhigen Schlaf f\u00fcr einen Vorstand, der nicht im Sinne seiner Mitglieder zu handeln im Stande ist.<\/p>\n<p>Ich empfinde den Kassenbericht eher als Ohrfeige und Offenbarungseid! Und ich bin gespannt, auf die Reaktion der Mitglieder, ob es auf der HV wieder nur f\u00fcr ein laues L\u00fcftchen reichen wird, oder ob man sich in einer Form zusammenrauft, dass die Fetzen fliegen und nach jahrelangem Stillstand endlich einmal ein Tsunami durch die HV rauscht und sich ein Vorsitzender entschlie\u00dft, sein steuerlos treibendes Schiff in andere H\u00e4nde zu \u00fcbergeben.<\/p>\n<p>Dann zumindest k\u00f6nnten wir Mitglieder ein wenig Hoffnung sch\u00f6pfen, dass sich jahrelange Warteschleifen am Ende vielleicht dann doch gelohnt h\u00e4tten!<\/p>\n<p>Das w\u00fcnschte sich mit von Zweifel gespaltenem Herzen  <\/p>\n<p>Mitglied #738<\/p>\n<p>Peter Foerthmann<\/p>\n","protected":false},"excerpt":{"rendered":"<p>Nun haben wir es schwarz auf weiss! Wir wissen, dass statt der 6000 nur 4800 Mitglieder Beitrag bezahlt haben, 330 weniger als im Vorjahr. Wir wissen, dass TEU 125 fuer Verwaltung und Miete ausgegeben wurden, also 85% der Beitragseinnahmen. Das &hellip; <a href=\"https:\/\/windpilot.com\/blog\/trans-ocean-news\/deutsch-der-alte-to\/deutsch-bilanz-anspruch-und-wirklichkeit\/\">Weiterlesen <span class=\"meta-nav\">&rarr;<\/span><\/a><\/p>\n","protected":false},"author":1,"featured_media":0,"parent":8043,"menu_order":2,"comment_status":"open","ping_status":"closed","template":"","meta":{"footnotes":""},"class_list":["post-5928","page","type-page","status-publish","hentry"],"_links":{"self":[{"href":"https:\/\/windpilot.com\/blog\/wp-json\/wp\/v2\/pages\/5928","targetHints":{"allow":["GET"]}}],"collection":[{"href":"https:\/\/windpilot.com\/blog\/wp-json\/wp\/v2\/pages"}],"about":[{"href":"https:\/\/windpilot.com\/blog\/wp-json\/wp\/v2\/types\/page"}],"author":[{"embeddable":true,"href":"https:\/\/windpilot.com\/blog\/wp-json\/wp\/v2\/users\/1"}],"replies":[{"embeddable":true,"href":"https:\/\/windpilot.com\/blog\/wp-json\/wp\/v2\/comments?post=5928"}],"version-history":[{"count":1,"href":"https:\/\/windpilot.com\/blog\/wp-json\/wp\/v2\/pages\/5928\/revisions"}],"predecessor-version":[{"id":8049,"href":"https:\/\/windpilot.com\/blog\/wp-json\/wp\/v2\/pages\/5928\/revisions\/8049"}],"up":[{"embeddable":true,"href":"https:\/\/windpilot.com\/blog\/wp-json\/wp\/v2\/pages\/8043"}],"wp:attachment":[{"href":"https:\/\/windpilot.com\/blog\/wp-json\/wp\/v2\/media?parent=5928"}],"curies":[{"name":"wp","href":"https:\/\/api.w.org\/{rel}","templated":true}]}}