{"id":6173,"date":"2011-12-18T00:03:33","date_gmt":"2011-12-18T07:03:33","guid":{"rendered":"https:\/\/windpilot.com\/blog\/?page_id=6173"},"modified":"2013-02-08T03:23:50","modified_gmt":"2013-02-08T10:23:50","slug":"deutsch-rette-sich-wer-kann","status":"publish","type":"page","link":"https:\/\/windpilot.com\/blog\/trans-ocean-news\/deutsch-der-alte-to\/deutsch-rette-sich-wer-kann\/","title":{"rendered":"4. Rette sich wer kann"},"content":{"rendered":"<p><a href=\"https:\/\/windpilot.com\/blog\/wp-content\/uploads\/2011\/12\/regen_regen_regen.jpg\"><img loading=\"lazy\" decoding=\"async\" src=\"https:\/\/windpilot.com\/blog\/wp-content\/uploads\/2011\/12\/regen_regen_regen-300x214.jpg\" alt=\"\" title=\"regen_regen_regen\" width=\"300\" height=\"214\" class=\"alignleft size-medium wp-image-6174\" srcset=\"https:\/\/windpilot.com\/blog\/wp-content\/uploads\/2011\/12\/regen_regen_regen-300x214.jpg 300w, https:\/\/windpilot.com\/blog\/wp-content\/uploads\/2011\/12\/regen_regen_regen-1024x731.jpg 1024w, https:\/\/windpilot.com\/blog\/wp-content\/uploads\/2011\/12\/regen_regen_regen.jpg 1624w\" sizes=\"auto, (max-width: 300px) 100vw, 300px\" \/><\/a>Nun haben wir es also schwarz auf wei\u00df &#8211; der Vorstand bleibt uns treu &#8211; also leider auch erhalten &#8211; wir haben es wieder einmal nicht vermocht &#8211; den Mann zu kippen &#8211; der uns s\u00e4mtlich eingelocht &#8211; der uns wieder einmal stoisch &#8211; vielleicht gar angetrunken? &#8211; vorgemacht &#8211; wie man in Cuxhaven einen Verein vergeigt &#8211; hat er uns doch wieder mal gezeigt, was sich ein Funktion\u00e4r g\u00e4nzlich ungeniert &#8211; so alles erlauben kann! <\/p>\n<p>Die Gegens\u00e4tzlichkeiten zwischen Vorstand und den von ihm verwalteten Segler-Schafen, k\u00f6nnten kaum gr\u00f6\u00dfer sein!<\/p>\n<p>6000 Mitglieder &#8211; die genaue Zahl scheint man in Cuxendorf nicht zu kennen &#8211; benennt der Kassenbericht &#8211; hingegen aus Beitragseinnahmen von EUR 145.000.&#8211;, errechnen wir messerschaft nur 4800 Mitglieder. <\/p>\n<p>Kommt man in Cuxhaven mit dem Addieren der Austritte nicht mehr nach?  <\/p>\n<p>Was l\u00e4uft hier Wrong im Pappkarton der Kartei-Karten-Leichen &#8211; das man nicht mehr z\u00e4hlen kann?<\/p>\n<p>Also 5000 Mitglieder &#8211; charmant gesch\u00f6nt &#8211; werden von einem Vorstand verw\u00f6hnt, der es mitnichten zu bereuen scheint, was er aus unserem Verein gemacht! Hingegen haben wir vielfach den Verdacht, da\u00df es nur noch um die Kasse geht, die man in Cuxhaven sich zum Untertan gemacht! Von der j\u00e4hrliche Plaketten Parade vor Fotografen abgesehen, leistet der TO f\u00fcr seine Mitglieder jedenfalls nur sp\u00e4rlich wenig.<\/p>\n<p>Wenn 80% der Beitragseinnahmen f\u00fcr die Selbstverwaltung aufgewendet werden &#8211; scheint dies den Mannen in Cuxhaven offenbar total normal &#8211; man erfrecht sich gar, uns Ausgaben Berichte in aufgerundeten EUR 500.- Scheinen vorzulegen &#8211; geringere Betr\u00e4ge sind den Herren wohl zu l\u00e4cherlich! Wenn Kassenpr\u00fcfer dies akzeptieren, entsteht hingegen der Verdacht, da\u00df sie korrumpiert, oder anderweitig kolossal erblindet sind!<\/p>\n<p>Peanuts h\u00e4tte Helmut Kohl das wohl benannt &#8211; aber viele Erdn\u00fcsse bringen einen Hamster an der Wasserkante auch \u00fcber einen langen kalten Winter!<\/p>\n<p><a href=\"https:\/\/windpilot.com\/blog\/wp-content\/uploads\/2011\/12\/BoxerArnis.jpg\"><img loading=\"lazy\" decoding=\"async\" src=\"https:\/\/windpilot.com\/blog\/wp-content\/uploads\/2011\/12\/BoxerArnis-300x225.jpg\" alt=\"\" title=\"BoxerArnis\" width=\"300\" height=\"225\" class=\"alignleft size-medium wp-image-6175\" srcset=\"https:\/\/windpilot.com\/blog\/wp-content\/uploads\/2011\/12\/BoxerArnis-300x225.jpg 300w, https:\/\/windpilot.com\/blog\/wp-content\/uploads\/2011\/12\/BoxerArnis-1024x768.jpg 1024w\" sizes=\"auto, (max-width: 300px) 100vw, 300px\" \/><\/a>Zumal im Fort Knox am Bahnhofsplatz ein Gold Schatz vergraben liegt, der nun &#8211; da sichtbar fokussiert &#8211; zum \u201eNotfall Fond\u201c mutiert und deklariert, hingegen dort seit Jahren weiter selig schlummert.<\/p>\n<p>Ist das der finale Rettungsschirm, mit dem der Vorstand am Ende gern das Schiff fliegend verlassen m\u00f6chte? Oder hat dies \u201eVerm\u00f6gen\u201c, das der Vorsitzende lt. YACHT Interview wohl nur versehentlich als solches auch benannt: \u201enicht aus der Hand zu geben gedenkt\u201c &#8211; in seinem Kopf bereits virtuell den Besitzer gewechselt? <\/p>\n<p>Wer hat hier wohl was verwechselt?<\/p>\n<p>Vermutungen bleiben solange Vermutungen, bis sie von den Tatsachen recht und links \u00fcberholt werden! Der Bauer w\u00fcrde sagen: mit vollen Hosen ist gut stinken! In der Politik hie\u00dfe es eleganter: das Geld ist da &#8211; geben wir es aus!<\/p>\n<p><strong>Tatsachen sind einfacher zu erfassen:<\/strong><\/p>\n<p>Auf der HV sa\u00dfen ungef\u00e4hr 50 Stimmen auf den St\u00fchlen, meist akkurat mit Schlips und Kragen, vertraten damit gesch\u00e4tzte 1% der trans-oceanischen kosmopolitischen Mitglieder-Massen, den gesamten Verein, der ihnen im Wortsinne auf Gedeih und Verderben ausgeliefert gewesen ist!<\/p>\n<p>Seit Jahren &#8211; oder gar Jahrzehnten? &#8211; das immer gleiche Bild:<\/p>\n<p><a href=\"https:\/\/windpilot.com\/blog\/wp-content\/uploads\/2011\/12\/M\u00f6ve-Fischkopf.jpg\"><img loading=\"lazy\" decoding=\"async\" src=\"https:\/\/windpilot.com\/blog\/wp-content\/uploads\/2011\/12\/M\u00f6ve-Fischkopf-300x225.jpg\" alt=\"\" title=\"M\u00f6ve Fischkopf\" width=\"300\" height=\"225\" class=\"alignleft size-medium wp-image-6176\" srcset=\"https:\/\/windpilot.com\/blog\/wp-content\/uploads\/2011\/12\/M\u00f6ve-Fischkopf-300x225.jpg 300w, https:\/\/windpilot.com\/blog\/wp-content\/uploads\/2011\/12\/M\u00f6ve-Fischkopf-1024x768.jpg 1024w\" sizes=\"auto, (max-width: 300px) 100vw, 300px\" \/><\/a>Fernab der Realit\u00e4t werden in Cuxendorf traditionell nicht anwesende Mitglieder als Nestbeschmutzer stigmatisiert &#8211; in Sippenhaft genommen &#8211; mit Rausschmi\u00df oder Tritt bedroht &#8211; und in Abwesenheit dann zur H\u00f6chststrafe verurteilt: dem weiteren Verbleib des Vorstandes auf seinen warmen, wenngleich angestaubten knarrenden morschen  St\u00fchlen &#8211; nicht zu vergessen, mit soliden Balken auf Augenh\u00f6he!<\/p>\n<p>Beispielhaft seit Jahren, der Umgang mit der Stimme der Kritik, die durch Uwe R\u00f6ttgering zum wiederholten Male w\u00fcrdig vertreten und vorgetragen wurde. Als Fachmann im rechtlichen Unterholz hat dieser Mann in der Vergangenheit 18 &#8211; ACHTZEHN ! &#8211; Antr\u00e4ge zur HV gestellt! Sie wurden nahezu s\u00e4mtlich stoisch abgeledert, in diesem Jahr recht offenbar unter zu Hilfenahme eines falsch aufgesetzten Protokolls. Hier haben beim Vorstand wohl die Nerven blank gelegen, denn eine F\u00e4lschung des Protokolls w\u00e4re eigentlich bereits strafrechtlich relevant!<\/p>\n<p>Aber dies \u201eVersehen\u201c, dieser kleine Hopser, wird sicherlich in der n\u00e4chsten TO-Postille korrigiert &#8211; also begradigt und zur\u00fcck gebogen, ohne das hier einer muckst. Fast schon egal, wie man die Balken biegt!<\/p>\n<p>Ich nenne es H\u00e4me, wie der Vorstand mit Kritik umgeht &#8211; ein Bauer w\u00fcrde sagen: der Vorstand zeigt dem Vieh den nackten Arsch!<\/p>\n<p>Zu billig die stets gern erhobene Forderung, Kritiker m\u00f6gen ihr Anliegen gef\u00e4lligst pers\u00f6nlich am \u201eRichtertisch\u201c vorzutragen haben! Wird ernsthaft erwartet, dass Mitglieder sich hier unter einer Latte hindurch zwingen, die seit Jahrzehnten bereits schon flach auf dem Boden liegt? <\/p>\n<p>Welche Ehre oder Respekt erweist der Vorstand seinen Mitgliedern, wenn er seit Jahren kritische Briefe und Vorschl\u00e4gen nach Verbesserungen, ja, nach lauten Rufen &#8211; in immer gleicher Art sich widersetzt? Den Begriff des Nestbeschmutzers w\u00fcrde ich entgegengesetzt verwenden, denn hier widersetzt sich ein Vorstand dem Willen seines Volkes, das er qua Vereins Verfassung in Sippenhaft sich unterwirft.<\/p>\n<p><a href=\"https:\/\/windpilot.com\/blog\/wp-content\/uploads\/2011\/12\/Grouper-Fisch.jpg\"><img loading=\"lazy\" decoding=\"async\" src=\"https:\/\/windpilot.com\/blog\/wp-content\/uploads\/2011\/12\/Grouper-Fisch-300x200.jpg\" alt=\"\" title=\"Grouper Fisch\" width=\"300\" height=\"200\" class=\"alignleft size-medium wp-image-6177\" srcset=\"https:\/\/windpilot.com\/blog\/wp-content\/uploads\/2011\/12\/Grouper-Fisch-300x200.jpg 300w, https:\/\/windpilot.com\/blog\/wp-content\/uploads\/2011\/12\/Grouper-Fisch.jpg 448w\" sizes=\"auto, (max-width: 300px) 100vw, 300px\" \/><\/a>Es ist die Art des Umgangs, die nicht nur mich entsetzt!  Wird ernsthaft im Fort Knox geglaubt, dass wir unser pralles Leben zu unterbrechen haben, um etwas zu bewegen, das bereits durch alle Ritzen quillt? Sollen wir aus aller Welt uns in Flugzeuge setzen, um den Damen und Herren pers\u00f6nlich von Angesicht zu Angesicht einmal zu vermitteln, dass wir ihr Tun verachten, uns mit Ihnen nicht auf Augenh\u00f6he unterhalten wollen &#8211; schlicht, weil wir wissen, dass wir die Barlach Affen uns gegen\u00fcber stehen und sitzen haben, die H\u00f6ren, Sehen, sogar das Reden verlernt, hingegen mit List und T\u00fccke, notfalls mit Gewalt und unter Ausnutzung eines Protokolls, ihre Sicht der Dinge verbreiten &#8211; um an Ende sich die Macht dann dennoch zu erhalten?<\/p>\n<p>Meine Meinung: das w\u00e4re zu viel der Ehre! Insbesondere weil Art und Umgang unseres Gegen\u00fcbers jeglichen Respekt vor uns vermissen l\u00e4sst! Denn die Geschichte spricht hier B\u00e4nde!<\/p>\n<p>Sie wollen ein Beispiel?<\/p>\n<p>Ich habe an dieser Stelle viel Zeit damit verbracht, offensiv und direkt M\u00e4ngel zu benennen, mit oder ohne Humor und in manchmal frivoler frecher Sprache &#8211; mit Spitzfindigkeiten und Ironie &#8211; mit dem einzigen Ziel, hier ein wenig \u00d6ffentlichkeit zu erreichen, was offenbar gelungen ist, denn ich habe zumindest polarisieren k\u00f6nnen! <\/p>\n<p><strong>Polarisieren &#8211; das war der Zweck!<\/strong><\/p>\n<p><a href=\"https:\/\/windpilot.com\/blog\/wp-content\/uploads\/2011\/12\/IMG_1513-Kopie.jpg\"><img loading=\"lazy\" decoding=\"async\" src=\"https:\/\/windpilot.com\/blog\/wp-content\/uploads\/2011\/12\/IMG_1513-Kopie-300x225.jpg\" alt=\"\" title=\"IMG_1513 Kopie\" width=\"300\" height=\"225\" class=\"alignleft size-medium wp-image-6178\" srcset=\"https:\/\/windpilot.com\/blog\/wp-content\/uploads\/2011\/12\/IMG_1513-Kopie-300x225.jpg 300w, https:\/\/windpilot.com\/blog\/wp-content\/uploads\/2011\/12\/IMG_1513-Kopie-1024x768.jpg 1024w, https:\/\/windpilot.com\/blog\/wp-content\/uploads\/2011\/12\/IMG_1513-Kopie.jpg 1600w\" sizes=\"auto, (max-width: 300px) 100vw, 300px\" \/><\/a>Ich habe Fachleute herangezogen, um meine Argumente auf solide Fundamente zu stellen, habe ein Netzwerk entworfen, diesem Verein ein wenig praktische Lebenshilfe zu verpassen, einem Vereins Vorstand, der den Wald vor lauter B\u00e4umen nicht sehen will. Mehr kann man eigentlich nicht leisten! <\/p>\n<p>Was dabei herausgekommen ist? Wollen wir gemeinsam EINMAL raten? <\/p>\n<p>Wie man so h\u00f6rt, hat der Vorstand auf klare Fragen nach einem r\u00fcckw\u00e4rts datierten Aufnahmeantrag einer jungen Seglerin recht offenbar sein Publikum glatt belogen. Wenn dabei F\u00f6rdermittel h\u00e4tten verschoben werden sollen &#8211; was w\u00e4re denn wohl der Preis gewesen, den man sich dabei erhofft? H\u00e4tte dies vielleicht mit den \u00fcblichen Verd\u00e4chtigen zu tun &#8211; mit den b\u00f6sen b\u00f6sen Testosteronen, denen M\u00e4nner in gewissen Positionen immer wieder &#8211; und \u00fcberall wie in der Politik &#8211; willenlos ergeben sind?<\/p>\n<p>F\u00fcr mich zeigt sich wiederholt, dass man in Cuxhaven l\u00e4ngst alle Schranken beiseite ger\u00e4umt und sich in einem Luftraum schwebend findet, in dem man g\u00e4nzlich ungeniert, sich als Rampensau geriert, weil man sich seiner umgebenden Vorstands Truppe, die zur Ja-Sager-Runde als Putzerfisch Kolonne degeneriert &#8211; so entsetzlich f\u00fcrchterlich sicher ist!<\/p>\n<p><strong>Halt Stopp!<\/strong> <\/p>\n<p>In der verst\u00e4ndnislosen Vorstandstruppe gibt es einen Pilz, der als Spalt Pilz vielleicht bestens geeignet ist, der nichts unversucht gelassen hat, die TO Flagge am Flattern zu erhalten, der es hingegen bislang nicht vermocht, sich mit seiner kritischen Sicht der Dinge gegen eine geschlossen Phalanx der Vorstand M\u00e4nnerriege durchzusetzen! Recht offensichtlich aber ist auch er bislang zur Erfolglosigkeit verdammt! <\/p>\n<p><a href=\"https:\/\/windpilot.com\/blog\/wp-content\/uploads\/2011\/12\/MantaShadow.jpg\"><img loading=\"lazy\" decoding=\"async\" src=\"https:\/\/windpilot.com\/blog\/wp-content\/uploads\/2011\/12\/MantaShadow-300x199.jpg\" alt=\"\" title=\"MantaShadow\" width=\"300\" height=\"199\" class=\"alignleft size-medium wp-image-6179\" srcset=\"https:\/\/windpilot.com\/blog\/wp-content\/uploads\/2011\/12\/MantaShadow-300x199.jpg 300w, https:\/\/windpilot.com\/blog\/wp-content\/uploads\/2011\/12\/MantaShadow.jpg 512w\" sizes=\"auto, (max-width: 300px) 100vw, 300px\" \/><\/a>Wenn also nicht einmal ein stellvertretender Vorsitzender in der Lage ist, hier mit Stimme und Gewicht &#8211; unter Ausnutzung seiner internen Aktenkenntnisse sowie dem nun passenden Schl\u00fcssel zum B\u00fcro &#8211; sich gegen unser aller Feinde zur Wehr zu setzen, dann stellt sich doch f\u00fcr uns alle die bange Frage, ob wir nicht vielleicht das rotte TO Schiff s\u00e4mtlich verlassen sollten, um damit den Sumpf ein wenig trocken zu legen &#8211; den Herren in Cuxhaven den Lebenssaft zu entziehen, die Finanzen, nach denen sie offenbar tanzen! <\/p>\n<p>Denn es handelt sich hier um <strong>UNSER Geld<\/strong>!<\/p>\n<p><strong>Apropos Finanzen<\/strong><br \/>\n&#8211; warum ist in der Mitgliederschaft nicht \u00f6ffentlich bekannt, dass der Vorsitzende hier seit ca 17 Jahren eine Miete privatisiert, weil er als Vermieter f\u00fcr unseren Verein fungiert?<br \/>\n&#8211; warum werden f\u00fcr ein B\u00fcro mit nur 2 Mitarbeitern 130 qm Fl\u00e4che vermietet?<br \/>\n&#8211; warum wird eine \u00fcberh\u00f6hte Miete abgerechnet?<br \/>\n&#8211; warum wird uns die Vereinszeitung mit EUR 1.00 \/ St\u00fcck berechnet, wo doch die tats\u00e4chlichen Druckkosten erheblich geringer sind, wie wir nun zuverl\u00e4ssig wissen?<br \/>\n&#8211; warum werden Werbe Einnahmen &#8211; immerhin gesch\u00e4tzte EUR 16.000 &#8211; 20.000 \/ p.A. nicht in der Bilanz ausgewiesen? wer privatisiert dieses Geld seit Jahrzehnten, wo ist das Geld geblieben?<br \/>\n&#8211; warum wird f\u00fcr die Teilnahme an der BOOT EUR 9500.&#8211; an Kosten aufgewendet, wo doch der Stand, wie gemeinhin bei Vereinen \u00fcblich, von der Messegesellschaft kostenlos zur Verf\u00fcgung gestellt wird? Was wurde hier tats\u00e4chlich von unserem Geld bezahlt? Sind hier Spesenritter mit Damen unterwegs, die wir alimentieren m\u00fcssen?<br \/>\n&#8211; warum werden EUR 17.000 f\u00fcr eine Website ausgegeben, explizit gegen jeden fachlichen Rat, wie man es besser und vor allem f\u00fcr unsere Kasse erheblich preiswerter h\u00e4tte machen k\u00f6nnen? Sind da die Blinden unter Blinden unterwegs?<br \/>\n&#8211; warum Kassenpr\u00fcfer, die nur nicken und unterzeichnen, statt die Chance zu ergreifen, hier mal durchzul\u00fcften und ihre Aufgabe im Interesse der Mitglieder zu begreifen?<\/p>\n<p>Transparenz w\u00e4re die richtige Antwort &#8211; statt immer wieder ein Rennen zwischen Igel und dem Hasen!<\/p>\n<p><strong>Merke: wer etwas zu verbergen hat, dem ist nicht zu trauen!<\/strong><\/p>\n<p>Warum m\u00fcssen wir den Vorstand stets wieder zu den Fragen tragen, derweil er sich im Nebel windet und Antworten seit Jahren nicht mehr gibt?<\/p>\n<p><strong>Jeder Verein hat den Vorstand, den er verdient? Richtig &#8211; aber falsch! <\/strong><\/p>\n<p><a href=\"https:\/\/windpilot.com\/blog\/wp-content\/uploads\/2011\/12\/Papagei-Kopie.jpg\"><img loading=\"lazy\" decoding=\"async\" src=\"https:\/\/windpilot.com\/blog\/wp-content\/uploads\/2011\/12\/Papagei-Kopie-204x300.jpg\" alt=\"\" title=\"Papagei Kopie\" width=\"204\" height=\"300\" class=\"alignleft size-medium wp-image-6180\" srcset=\"https:\/\/windpilot.com\/blog\/wp-content\/uploads\/2011\/12\/Papagei-Kopie-204x300.jpg 204w, https:\/\/windpilot.com\/blog\/wp-content\/uploads\/2011\/12\/Papagei-Kopie.jpg 523w\" sizes=\"auto, (max-width: 204px) 100vw, 204px\" \/><\/a>Denn die allermeisten Mitglieder sind guten Mutes und Willens unserem Verein beigetreten, in der Hoffnung auf positive Aufnahme und noch besserem Gelingen ihrer geplanten Hochsee oder Suppentassen Reise. Viele Segler sind wider besseren Wissens in unseren Verein hineingestolpert, schlicht, weil sie erhofft, dass ihnen f\u00fcr ihre weitere Segelkarriere ein wenig Backstagsbrise gegeben werde. Viel zu viele dieser freundlichen Segler stellen zwischenzeitlich erschrocken fest, dass es im TO zugeht, wie in einem ganz normalen Schrebergarten Verein. Vom erkl\u00e4rten Ziel des Vereins, der \u201eF\u00f6rderung des Hochseesegeln\u201c ist nichts zu erkennen, denn derzeit handelt es sich recht offenbar eher nur um das F\u00fcllen der eigenen Taschen.<\/p>\n<p>Zumindest kann nun keiner mehr sagen, er h\u00e4tte von diesen Widerspr\u00fcchen nichts gewusst! <\/p>\n<p><strong>Die Fakten liegen wie ein Fisch &#8211; stinkend auf dem Tisch!<\/strong> <\/p>\n<p><a href=\"https:\/\/windpilot.com\/blog\/wp-content\/uploads\/2011\/12\/regen_regen_regen.jpg\"><img loading=\"lazy\" decoding=\"async\" src=\"https:\/\/windpilot.com\/blog\/wp-content\/uploads\/2011\/12\/regen_regen_regen-1024x731.jpg\" alt=\"\" title=\"regen_regen_regen\" width=\"640\" height=\"456\" class=\"aligncenter size-large wp-image-6174\" srcset=\"https:\/\/windpilot.com\/blog\/wp-content\/uploads\/2011\/12\/regen_regen_regen-1024x731.jpg 1024w, https:\/\/windpilot.com\/blog\/wp-content\/uploads\/2011\/12\/regen_regen_regen-300x214.jpg 300w, https:\/\/windpilot.com\/blog\/wp-content\/uploads\/2011\/12\/regen_regen_regen.jpg 1624w\" sizes=\"auto, (max-width: 640px) 100vw, 640px\" \/><\/a>Vergleichbar sitzt der Vorstand in einem Paperboat auf hoher See &#8211; hingegen in kleiner Biotopen Flasche &#8211; und hat dabei nicht einmal bemerkt, dass die Flasche schon bei den Fischen gelandet ist &#8211; wo man sie weder h\u00f6ren noch sehen kann. Jedenfalls hat man die Bodenhaftung vollst\u00e4ndig verloren &#8211; der Stecker zu den Mitgliedern ist vom Netz &#8211; und man treibt ohne Landverbindung &#8211; hoffentlich mit ablaufender Tide &#8211; auf die grausame See&#8230; und kommen nicht, wie der b\u00f6se Fluch, mit der Flut wieder zur\u00fcck an Land!  Leider ist diese Metapher seit Jahren gelebte Realit\u00e4t, das Murmeltier l\u00e4sst gr\u00fc\u00dfen!<\/p>\n<p>Meine Damen und Herren in Cuxhaven, wir haben Ihr System erkannt und werden beobachten, wie es nun weitergeht! Vielleicht bewahrheitet sich am Ende, dass wir besseres verdient haben, als die Suppe, die wir f\u00fcr EUR 30.00 \/ p.A. seit Jahren zu l\u00f6ffeln haben. <\/p>\n<p>Ein Blick \u00fcber den Gartenzaun w\u00fcrde gen\u00fcgen, zu erkennen, wie r\u00fcckst\u00e4ndig der TO und seine Strukturen im Vergleich zu den europ\u00e4ischen Nachbarn seit Jahren ist! Allerdings m\u00fcsste man dann zumindest ein wenig Sprache beherrschen &#8211; aber bereits das ist in Cuxhaven ja schon ein Problem, weil man ja noch nicht einmal im eigenen Sprachraum elegant zu Hause ist &#8211; denn, nicht wahr, dann w\u00fcrde man ja wenigstens mit den eigenen Mitgliedern kommunizieren k\u00f6nnen!<\/p>\n<p><strong>Trans Ocean als Anspruch &#8211; im Kern nicht einmal eine Gartenlaube!<\/strong><\/p>\n<p>Man bekommt Schluckauf, wenn man das alles auf der Zunge zergehen l\u00e4sst!<\/p>\n<p>Unsere Hoffnung jedoch ist unersch\u00fctterlich, weil wir als weltoffene Segler eigentlich recht gerne von Seglern repr\u00e4sentiert w\u00fcrden, die unsere Sprache verstehen, denen wir vertrauen, anstatt regelm\u00e4\u00dfig Ohrfeigen zu erhalten, wie wir die Missachtung unserer Interessen empfinden!<\/p>\n<p><a href=\"https:\/\/windpilot.com\/blog\/wp-content\/uploads\/2011\/12\/wong+chris+faithfull-pilot-Kopie.jpg\"><img loading=\"lazy\" decoding=\"async\" src=\"https:\/\/windpilot.com\/blog\/wp-content\/uploads\/2011\/12\/wong+chris+faithfull-pilot-Kopie-246x300.jpg\" alt=\"\" title=\"wong+chris+faithfull pilot Kopie\" width=\"246\" height=\"300\" class=\"alignleft size-medium wp-image-6181\" srcset=\"https:\/\/windpilot.com\/blog\/wp-content\/uploads\/2011\/12\/wong+chris+faithfull-pilot-Kopie-246x300.jpg 246w, https:\/\/windpilot.com\/blog\/wp-content\/uploads\/2011\/12\/wong+chris+faithfull-pilot-Kopie-840x1024.jpg 840w, https:\/\/windpilot.com\/blog\/wp-content\/uploads\/2011\/12\/wong+chris+faithfull-pilot-Kopie.jpg 1110w\" sizes=\"auto, (max-width: 246px) 100vw, 246px\" \/><\/a>Das Vertrauen in Sie ist uns gr\u00fcndlich verloren gegangen &#8211; das immerhin haben Sie famos geschafft!<\/p>\n<p>Eigentlich haben Sie sich bereits selbst abgeschafft &#8211; vielleicht ahnen Sie dies bereits! Die Satzung als Vehikel ist Ihre wackelige Seifenkiste mit der Sie aber immer noch tapfer \u00fcber Stock und Stein unterwegs &#8211; bis Sie eines Tages auf der absch\u00fcssigen Strasse in den Elbschlick geraten &#8211; und keiner holt Sie dann dort wieder raus!<\/p>\n<p>Aber vielleicht ist das auch nur ein weihnachtlicher Wunsch Gedanke eines Mannes, der seit Jahrzehnten in der aktiven Blauwasser Szene aktiv unterwegs gewesen ist!<\/p>\n<p>Zeit zum Nachdenken &#8211; vielleicht ein Erkenntnis Funke? <\/p>\n<p>Dann w\u00e4re ein Anfang gemacht, f\u00fcr einen neuen Trans Ocean, der endlich beginnt, sich auf seine Aufgaben zu besinnen<\/p>\n<p>denkt tr\u00e4umerisch<\/p>\n<p>Peter Foerthmann<\/p>\n","protected":false},"excerpt":{"rendered":"<p>Nun haben wir es also schwarz auf wei\u00df &#8211; der Vorstand bleibt uns treu &#8211; also leider auch erhalten &#8211; wir haben es wieder einmal nicht vermocht &#8211; den Mann zu kippen &#8211; der uns s\u00e4mtlich eingelocht &#8211; der uns &hellip; <a href=\"https:\/\/windpilot.com\/blog\/trans-ocean-news\/deutsch-der-alte-to\/deutsch-rette-sich-wer-kann\/\">Weiterlesen <span class=\"meta-nav\">&rarr;<\/span><\/a><\/p>\n","protected":false},"author":1,"featured_media":0,"parent":8043,"menu_order":3,"comment_status":"open","ping_status":"closed","template":"","meta":{"footnotes":""},"class_list":["post-6173","page","type-page","status-publish","hentry"],"_links":{"self":[{"href":"https:\/\/windpilot.com\/blog\/wp-json\/wp\/v2\/pages\/6173","targetHints":{"allow":["GET"]}}],"collection":[{"href":"https:\/\/windpilot.com\/blog\/wp-json\/wp\/v2\/pages"}],"about":[{"href":"https:\/\/windpilot.com\/blog\/wp-json\/wp\/v2\/types\/page"}],"author":[{"embeddable":true,"href":"https:\/\/windpilot.com\/blog\/wp-json\/wp\/v2\/users\/1"}],"replies":[{"embeddable":true,"href":"https:\/\/windpilot.com\/blog\/wp-json\/wp\/v2\/comments?post=6173"}],"version-history":[{"count":1,"href":"https:\/\/windpilot.com\/blog\/wp-json\/wp\/v2\/pages\/6173\/revisions"}],"predecessor-version":[{"id":8050,"href":"https:\/\/windpilot.com\/blog\/wp-json\/wp\/v2\/pages\/6173\/revisions\/8050"}],"up":[{"embeddable":true,"href":"https:\/\/windpilot.com\/blog\/wp-json\/wp\/v2\/pages\/8043"}],"wp:attachment":[{"href":"https:\/\/windpilot.com\/blog\/wp-json\/wp\/v2\/media?parent=6173"}],"curies":[{"name":"wp","href":"https:\/\/api.w.org\/{rel}","templated":true}]}}