{"id":6260,"date":"2011-12-23T04:19:39","date_gmt":"2011-12-23T11:19:39","guid":{"rendered":"https:\/\/windpilot.com\/blog\/?page_id=6260"},"modified":"2013-02-08T03:25:24","modified_gmt":"2013-02-08T10:25:24","slug":"deutsch-offener-brief-von-helmut-van-straelen-und-die-antwort","status":"publish","type":"page","link":"https:\/\/windpilot.com\/blog\/trans-ocean-news\/deutsch-der-alte-to\/deutsch-offener-brief-von-helmut-van-straelen-und-die-antwort\/","title":{"rendered":"8. Offener Brief HvS"},"content":{"rendered":"<p><a href=\"https:\/\/windpilot.com\/blog\/wp-content\/uploads\/2011\/12\/KidBeachM\u00f6we.jpg\"><img loading=\"lazy\" decoding=\"async\" src=\"https:\/\/windpilot.com\/blog\/wp-content\/uploads\/2011\/12\/KidBeachM\u00f6we-203x300.jpg\" alt=\"\" title=\"KidBeachM\u00f6we\" width=\"203\" height=\"300\" class=\"alignleft size-medium wp-image-6271\" srcset=\"https:\/\/windpilot.com\/blog\/wp-content\/uploads\/2011\/12\/KidBeachM\u00f6we-203x300.jpg 203w, https:\/\/windpilot.com\/blog\/wp-content\/uploads\/2011\/12\/KidBeachM\u00f6we.jpg 598w\" sizes=\"auto, (max-width: 203px) 100vw, 203px\" \/><\/a> Der offene Brief ist <a href=\"http:\/\/www.trans-ocean.eu\/Berichtlesen\/tabid\/72\/ArticleId\/357\/Meinung-zu-Peter-Foerthmanns-Kommentare-n.aspx\">Hier  zu lesen<\/a><\/p>\n<p>Hallo lieber Peter,<\/p>\n<p>es ist sehr einfach, und auch ohne jede Konsequenzen, eine Schimpfkanonade auf \u201eDen Vorstand\u201c los zulassen. Vor allem wenn man sich des Internets bedient und einer pers\u00f6nlichen Konfrontation geflissentlich aus dem Wege geht.<\/p>\n<p>Wir haben -man Merke- einmal im Jahr eine JHV im November. Der Termin ist bis auf einige Tage Unterschied immer gleich.<br \/>\nWenn Du soviel Frust vor Dir her schiebst \u2013 und das muss Deinem BLOG zu urteilen ein Riesenberg sein- so ist es nicht nach zu vollziehen, dass Du an diesem einen Termin im Jahr verhindert warst. Wie kann das sein, wenn Du soviel ver\u00e4ndern, anklagen und Missst\u00e4nde aufzeigen willst und dass Du anschliessend nicht pers\u00f6nlich anwesend bist.<\/p>\n<p>W\u00e4hrend der JHV ist so einiges an Kritik erfolgt und Aufkl\u00e4rung wurde \u00fcber undurchsichtige Vorg\u00e4ngen verlangt. Wir haben -teilweise- Antworten vernommen, teilweise wurde der Frust noch gr\u00f6sser. Allerdings wir \u201ejungen Wilden\u201c waren anwesend und haben unangenehme Fragen gestellt. . Da h\u00e4tten wir gut noch einen mehr ben\u00f6tigt um noch mehr Druck zu machen.<br \/>\nDu hattest ja besseres zu tun.<br \/>\nDaf\u00fcr strotzen Deine Kommentare vor Ironie, Selbstzufriedenheit und pers\u00f6nlichen Angriffen auf einige Akteure. Das ist der Grund, warum ich diese entfernt habe.<br \/>\nStrukturelle und aufbauende Kritik, dass h\u00e4tten wir gebraucht. Keine wilden Beschimpfungen und kein Verstreuen von Halbwissen \u00fcber Internas des Vereins.<br \/>\nDas sind die Gr\u00fcnde, warum ich einen solchen unqualifizierten Kommentar mit Beschimpfungen entfernt habe.<br \/>\nMan muss sich nur Deinen BlOG durchlesen um zu verstehen, was ich meine.<\/p>\n<p>Du hast verlangt, dass ich einen weiteren langen Kommentar ins Internet setzte. Das werde ich nicht tun. Ich kann dieses Geschimpfe und unpassende Kritik an allen Vorstandsmitgliedern nicht zulassen und auch nicht ertragen. Wir arbeiten im Hintergrund -ohne Schreckgespenste an die Wand und im Verein zu erzeugen- und m\u00f6chten unseren wunderbaren Verein auf eine neue Fahrtstrecke setzen ohne die Mitglieder in Scharen davon zu treiben.<\/p>\n<p>Die grosse Krux ist: auf den Versammlungen sind nur knapp 4-5% der Mitglieder anwesend. Das sind zum Teil leider nicht die innovativen und fortschrittlichen. Da muss und wird sich in Zukunft durch das Internet einige \u00e4ndern. WIR arbeiten daran.<\/p>\n<p>Vielleicht geben Dir meine Worte Hoffnung, dass sich langsam &#8211; ohne blutige Revolution &#8211; der TO zu dem ver\u00e4ndert, was wir Aktivisten uns auf mittlere Zeit erhoffen.<\/p>\n<p>In diesem Sinne, bleib uns gewogen<br \/>\nWebmaster Helmut<\/p>\n<p>HIER MEINE ANTWORT:<\/p>\n<p>Danke Helmut f\u00fcr Deine offenen Worte, <\/p>\n<p>die ich gern ebenso offen beantworte. Immerhin ist damit nun auch in diesem von Dir \u00fcberwachtem Bereich eine T\u00fcr ge\u00f6ffnet worden zur Demokratie, die Du durch Deine Zensur hattest eigentlich verhindern wollen!<\/p>\n<p>Deine Bemerkung vom \u201ewunderbaren Verein\u201c ist Wunschdenken, denn die Tatsachen sprechen eine andere Sprache, sie quellen seit Jahren durch alle Ritzen und sind Anla\u00df, dass ich seit 4 Monaten hier gegen ein Bollwerk autokratischer Burgherren anrenne, um mit den Mitteln sprachlicher \u00dcberspitzung zu polarisieren, eine T\u00fcr zur Kommunikation aufzubrechen, allein, um endlich einmal breitere Aufmerksamkeit zu erzielen. <\/p>\n<p>Wie wir sehen, hat dies nun geklappt &#8211; meine monatelange Arbeit hat sich damit gelohnt!<\/p>\n<p>Schriftwechsel, Antr\u00e4ge, Austritte, das gro\u00dfe Schweigen, L\u00fcgen, undurchsichtiges Agieren &#8211; alles andere, aber OFFENHEIT, oder gar Demokratie hat den Vorstand bislang niemals interessiert!  <\/p>\n<p>Die Erfahrung vieler Jahre hat Strukturen offenbart, die den Vorstand entlarvt! Ich halte einen R\u00fccktritt f\u00fcr die einzig m\u00f6gliche und faire Variante. Immerhin w\u00e4re dies f\u00fcr unseren Verein die HISTORISCHE ERSTE CHANCE, uns nun demokratisch mit Satzung und Verein zu besch\u00e4ftigen &#8211; und gemeinsam nach einem Weg zu suchen &#8211; damit der TO dereinst wieder \u201ewunderbar\u201c werden k\u00f6nnte.<\/p>\n<p>Vorschl\u00e4ge dazu sind in <\/p>\n<p><a href=\"https:\/\/windpilot.com\/blog\/de\/trans-ocean-news\/deutsch-mit-der-axt-auf-dem-mond\/\">meinen Blog deutlich artikuliert<\/a><\/p>\n<p>Die vergangene HV hat offensichtlich in Punkto Verfahrensweisen nun eine neue Dimension erfahren &#8211; die Zeit wird zeigen, wie &#8211; und ob &#8211; das nun weitergeht &#8211; wunderbar wird das sicher nicht! Denn es ist nun rundum klar geworden, dass nur ein grundlegender Wechsel die T\u00fcr zur Zukunft bedeuten kann!<\/p>\n<p>Du h\u00e4ttest mich gern auf der HV dabeigehabt! Nun, ich teile das Schicksal mit anderen Seglern, f\u00fcr die der November schlicht der falscher Monat ist. Seit 40 Jahren arbeite ich auf den Kanaren, was unter Seglern allgemein bekannt, ich denke, Werner Nagel hat dies auf der HV sogar benannt. H\u00e4tte ich Dutzende Segler im Stich lassen sollen, um wie Uwe R\u00f6ttgering es jahrelang hat durchleiden m\u00fcssen, den nassen Pudel zu spielen &#8211; ganz ohne Unterst\u00fctzung anderer Mitglieder, die vor Ort servil schweigsam geblieben sind &#8211; allenfalls im Anschlu\u00df an die HV dann Kondolenz Mails an den Mann geschrieben haben?<\/p>\n<p>Kommunikation ist f\u00fcr mich keine Einbahnstrasse, hingegen ein Austausch, der im TO seit Jahren zwischen Vorstand und Seglern traditionell unm\u00f6glich gewesen ist!<\/p>\n<p>Nur mit Offenheit kommen wir hier weiter!<\/p>\n<p>Ein Vorstand besteht nicht aus heiligen K\u00fchen, hingegen aus Menschen, die wir dereinst gew\u00e4hlt, die uns allerdings anschlie\u00dfend in Geiselhaft genommen haben um sich in einer Festung der Ignoranz mit Hilfe einer f\u00fcr sie g\u00fcnstigen Satzung, zu verschanzen und sich bequem zur\u00fcckgezogen haben. Sie haben jahrelang mit unseren Beitr\u00e4gen nach Gutd\u00fcnken verfahren, uns durch vereinfachte Kassenberichte verdummt, sogar verh\u00f6hnt und, wie ich finde, unser aller Intelligenz beleidigt! Zeitgleich haben sie sich von uns dauerhaft isoliert und jahrelang entgegen dem Sinn und Zweck unseres Vereins agiert. Ich halte das f\u00fcr starken Tobak! Gleichwohl wurde dieser Vorstand auf der HV mit Mehrheit sanktioniert.<br \/>\nAngesichts der nun zutage tretenden Tatsachen, ist dies kein Pr\u00e4dikat f\u00fcr Vorstand oder seine treuen Stimmen und Vasallen. Das ist eher ein Fall f\u00fcr den groben Hammer &#8211; mein Blog ist da wohl eher noch ein zu weicher Lappen!<\/p>\n<p>Ich denke, da sind wir uns wohl einig!?<\/p>\n<p>Ich m\u00f6chte, ebenso wie Du, \u201eden Verein auf eine neue Fahrstrecke setzen, ohne die Mitglieder in Scharen davonzutreiben\u201c!  Aber meine Rezepte sind anders, denn die Stampede austretender Mitglieder ist seit Jahren in vollem Lauf,   &#8211; <a href=\"https:\/\/windpilot.com\/blog\/de\/trans-ocean-news\/deutsch-to-bekalmt-von-seglern-im-pazifik\/\">wie folgende Berichte<\/a><br \/>\n sowie viele Kommentare zu meinen &#8211;  <a href=\"https:\/\/windpilot.com\/blog\/de\/trans-ocean-news\/deutsch-trans-ocean-total-banane\/.\">anderen Blogs <\/a>\u00fcberaus eindringlich belegen!<\/p>\n<p>Soll vielleicht alles so weiterlaufen wie bisher, vielleicht mit ein paar kleinen personellen Umbesetzungen &#8211; ohne einmal gr\u00fcndlich in der Vorstands Etage durchzuwischen, Ungereimtheiten zu kl\u00e4ren, Unkorrektheiten aufzudecken, Fragen zu beantworten und Kritik offen zuzulassen? <\/p>\n<p>DEMOKRATIE hei\u00dft das Zauberwort &#8211; ein Fremdwort allerdings in unserem Verein, der neuerdings sogar zensiert!<\/p>\n<p>Vielleicht sollten wir einmal gemeinsam herausfinden, wie viel Demokratie unser Verein vertr\u00e4gt. Ich halte den TO n\u00e4mlich nur f\u00fcr \u00fcberlebensf\u00e4hig, wenn hier gr\u00fcndlich umgedacht, der Verein strategisch neu ausgerichtet und mit Hand und Fuss f\u00fcr die Zukunft gestaltet wird. <\/p>\n<p>STICHWORTE<\/p>\n<p>&#8211; Transparenz! Wenn 80% der Beitragseinnahmen f\u00fcr die Verwaltung eingesetzt werden &#8211; ist dies keine Reverenz f\u00fcr effektive Vorstandsarbeit, eher eine Beleidigung f\u00fcr Segler, die diese Zahlen als Fu\u00dftritt empfinden m\u00fcssen.<\/p>\n<p>&#8211; Vereinsverm\u00f6gen! ich hielte es f\u00fcr sinnvoll, und da bin ich mir mit Detlev Schmandt SV Kira von Celle einig, einen Teil des sogenannten \u201eVereinsverm\u00f6gens\u201c zur Umorganisation und Verbesserung der Verwaltungsstrukturen einzusetzen, anstatt servil darauf zu warten, dass der Vorstand im Rahmen einer recht eigenwilligen Umdeutung von in der H\u00f6he ungesetzlichen R\u00fccklagen nun zum NOTFALL FOND konvertiert, um hernach dann ein Kaninchen aus dem Hut zu zaubern, dass die Mitglieder ein weiteres Mal vor vollendete Tatsachen stellen w\u00fcrde! Wenn der Vorstand es bisher nicht vermocht hat, den Laden effektiv zu gestalten, warum nicht UNSER Geld daf\u00fcr verwenden, dem Vorstand hier Beine zu machen und hier endlich einmal N\u00e4gel mit K\u00f6pfen in den Verein zu schlagen? Ich hielte das f\u00fcr eine legitime und \u00fcberaus sinnvolle Investition.<\/p>\n<p>Um hier Ernsthaftigkeit zu beweisen, w\u00e4re mein Vorschlag an die Adresse des Vorstandes, sich zun\u00e4chst einmal offenen Fragen zu stellen, von denen t\u00e4glich mehr um die Ecken quellen &#8211; und es der Mitgliederschaft dann &#8211; versuchsweise nun einmal demokratisch &#8211; zu \u00fcberlassen, ob sie hier weiterhin Vertrauen hat &#8211; oder eben nicht! <\/p>\n<p>Eine einfache Abarbeitung an den Vorstand gestellter Fragen k\u00f6nnte und sollte der Anfang sein! Seitens Uwe R\u00f6ttgering und in meinen Blogs sind diese Fragen bereits in Serie formuliert! <\/p>\n<p>Wo wir dann enden, wie viele neue Fragen sich dabei ergeben, wie der Vorstand &#8211; pl\u00f6tzlich nun im Gegenwind &#8211; sich den Fragen stellen wird? <\/p>\n<p>Das, lieber Helmut, wird ein B\u00fchnenst\u00fcck, das viele Segler interessieren wird!<\/p>\n<p>Eine ausserordentliche HV hielte ich f\u00fcr den einzig angemessenen Weg &#8211; keinesfalls ein weiteres internes Gemauschel der hier allseits bekannten Verd\u00e4chtigen! Denn die Verd\u00e4chtigen sollten zun\u00e4chst gemeinschaftlich Farbe bekennen, anstatt weiter die bekannten Strukturen &#8211; unter ggf. leichter Ver\u00e4nderung personeller Zusammensetzung &#8211; weiter zu flechten &#8211; frei nach dem Totschlags Motto: wer sollte denn die Arbeit ansonsten machen!? <\/p>\n<p>Das bisherige System hat ausgedient, es geh\u00f6rt nachhaltig ausgewechselt.<\/p>\n<p>Dabei wird sich dann zeigen, ob dieser Verein \u00fcberlebensf\u00e4hig ist, denn dann kann jedes Mitglied f\u00fcr sich alleine entscheiden, wo eigene Priorit\u00e4ten liegen &#8211; oder nicht.<\/p>\n<p>Es gibt viel zu tun! Wo fangen wir an?<\/p>\n<p>Und: ich werde an jedem anderen Tag des Jahres dabei sein &#8211; au\u00dfer im November<\/p>\n<p>das verspricht Dir schon jetzt<\/p>\n<p>mit besten Gr\u00fc\u00dfen<\/p>\n<p>Peter F\u00f6rthmann<\/p>\n","protected":false},"excerpt":{"rendered":"<p>Der offene Brief ist Hier zu lesen Hallo lieber Peter, es ist sehr einfach, und auch ohne jede Konsequenzen, eine Schimpfkanonade auf \u201eDen Vorstand\u201c los zulassen. Vor allem wenn man sich des Internets bedient und einer pers\u00f6nlichen Konfrontation geflissentlich aus &hellip; <a href=\"https:\/\/windpilot.com\/blog\/trans-ocean-news\/deutsch-der-alte-to\/deutsch-offener-brief-von-helmut-van-straelen-und-die-antwort\/\">Weiterlesen <span class=\"meta-nav\">&rarr;<\/span><\/a><\/p>\n","protected":false},"author":1,"featured_media":0,"parent":8043,"menu_order":7,"comment_status":"open","ping_status":"closed","template":"","meta":{"footnotes":""},"class_list":["post-6260","page","type-page","status-publish","hentry"],"_links":{"self":[{"href":"https:\/\/windpilot.com\/blog\/wp-json\/wp\/v2\/pages\/6260","targetHints":{"allow":["GET"]}}],"collection":[{"href":"https:\/\/windpilot.com\/blog\/wp-json\/wp\/v2\/pages"}],"about":[{"href":"https:\/\/windpilot.com\/blog\/wp-json\/wp\/v2\/types\/page"}],"author":[{"embeddable":true,"href":"https:\/\/windpilot.com\/blog\/wp-json\/wp\/v2\/users\/1"}],"replies":[{"embeddable":true,"href":"https:\/\/windpilot.com\/blog\/wp-json\/wp\/v2\/comments?post=6260"}],"version-history":[{"count":1,"href":"https:\/\/windpilot.com\/blog\/wp-json\/wp\/v2\/pages\/6260\/revisions"}],"predecessor-version":[{"id":8054,"href":"https:\/\/windpilot.com\/blog\/wp-json\/wp\/v2\/pages\/6260\/revisions\/8054"}],"up":[{"embeddable":true,"href":"https:\/\/windpilot.com\/blog\/wp-json\/wp\/v2\/pages\/8043"}],"wp:attachment":[{"href":"https:\/\/windpilot.com\/blog\/wp-json\/wp\/v2\/media?parent=6260"}],"curies":[{"name":"wp","href":"https:\/\/api.w.org\/{rel}","templated":true}]}}