{"id":6281,"date":"2011-12-26T02:56:54","date_gmt":"2011-12-26T09:56:54","guid":{"rendered":"https:\/\/windpilot.com\/blog\/?page_id=6281"},"modified":"2013-02-08T03:25:48","modified_gmt":"2013-02-08T10:25:48","slug":"deutsch-zensur-ist-kein-guter-anfang","status":"publish","type":"page","link":"https:\/\/windpilot.com\/blog\/trans-ocean-news\/deutsch-der-alte-to\/deutsch-zensur-ist-kein-guter-anfang\/","title":{"rendered":"9. Zensur"},"content":{"rendered":"<p><a href=\"https:\/\/windpilot.com\/blog\/wp-content\/uploads\/2011\/12\/pastedGraphic3.tiff\"><img decoding=\"async\" src=\"https:\/\/windpilot.com\/blog\/wp-content\/uploads\/2011\/12\/pastedGraphic3.tiff\" alt=\"\" title=\"pastedGraphic3\" class=\"alignleft size-full wp-image-6283\" \/><\/a>Das Gro\u00dfwild ist erlegt &#8211; die Rest Herde l\u00e4uft ein wenig kopflos im Kreis herum &#8211; die Vasallen und bisherige Steigb\u00fcgelhalter &#8211; haben Schwierigkeiten, die Situation zu interpretieren, sich nun zu orientieren,  eigenes Verhalten vor dem Tage Null zu dementieren oder gar sich zu distanzieren! <\/p>\n<p>Was liegt n\u00e4her &#8211; als Nebelbomben zu werfen &#8211; \u00fcber Nacht einen neuen Feind zu fokussieren &#8211; den man in der Person erkannt, die bislang eigentlich ja in ihrem eigenen Interesse recht n\u00fctzlich, weil sie den gleichen Feind, hingegen mit wirkungsvollen anderen Waffen, zu jagen sich entschlossen hatte?<\/p>\n<p>Denn der Mann besitzt ein Stigma, er geh\u00f6rte bislang nicht zum Kl\u00fcngel, hat es hingegen &#8211; ungefragt! &#8211; gewagt, aus heiterem Himmel, trotz Jahrzehnten stiller Mitgliedschaft als Beobachter des Niedergangs eines traurigen Vereins, wie ein STUKA Bomber ins Vereins Get\u00fcmmel sich hinabzust\u00fcrzen, schlicht, weil ihm aufgrund eines wenig professionellen YACHT Interviews insbesondere der in den Antworten sich spiegelnde Sicht auf den Verein, der Kragen letztlich platzte.<\/p>\n<p>Nun allerdings, nach erfolgreichem Jagd Get\u00fcmmel, soll der Mann wohl als K\u00f6nigsm\u00f6rder, vielleicht sogar als Nestbeschmutzer stigmatisiert, eliminiert und beim Zerteilen einer imagin\u00e4ren Beute &#8211; der Lorbeeren, der Anerkennung und des Ruhmes des Erlegens eines kollosalen finalen Brockens, des Cheffes eines Vereins mit tausenden von braven Seglern &#8211; isoliert und am liebsten zum Verstummen gebracht, oder gar den W\u00f6lfen zum Fra\u00df vorgeworfen werden!<\/p>\n<p>Ob das wohl funktioniert?<\/p>\n<p>Das ginge, wie man vorschnell dachte, am besten mit dem Formulieren von schlichten Vorw\u00fcrfen &#8211; ganz, wie man das in partnerschaftlichen Beziehungs Dramen, langj\u00e4hrig zu praktizieren sich gew\u00f6hnt, weil steter Tropfen manchmal den Stein immer noch am besten h\u00f6hlt! Frei nach dem Motto: wo warst Du, wo bist Du gewesen &#8211; Du hast hier eigentlich nix zu suchen, und schon gar kein Recht, hier \u00fcberhaupt zu reden! Ganz wie im Kindergarten: Verpi\u00df Dich, mit Dir spielen wir hier nicht!<\/p>\n<p>Manchmal geht das allerdings auch daneben &#8211; oder gar nach achtern los &#8211; wenn man n\u00e4mlich nicht bedenkt, dass diese Abl\u00e4ufe nun pl\u00f6tzlich im Fokus einer gro\u00dfen Zahl von Beobachtern stehen &#8211; und somit allseits aufmerksam gelesen werden &#8211; auch von Mitgliedern, deren Meinung man bisher noch nicht gekannt &#8211; der gro\u00dfen unbekannten Menge der Mitglieder, die bemerken, dass hier ein B\u00fchnenst\u00fcck gegeben wird, \u00fcber den eigenen Verein. <\/p>\n<p>Der TO ist aus dem D\u00e4mmerschlaf erwacht, mit &#8211; wie ich doch hoffe, enormen Folgen und Ver\u00e4nderungen, f\u00fcr die ich &#8211; vielleicht auf einer Nebenstrasse &#8211; hier ebenfalls unterwegs! <\/p>\n<p>Oder warum schreibe ich mir hier die Finger wund?<\/p>\n<p>Auch wenn Demokratie hier gerade erst neugeboren strampelt &#8211; sollte man ihr assistierend nun tatkr\u00e4ftig unter den Hintern greifen, denn immerhin handelt es sich um ein Weihnachtsgeschenk unseres gerade aus dem Ei gesprungenen Ersatz Vorstands, dessen Mitglieder uns ja bereits seit Jahren als alte Hasen begleitet haben.<\/p>\n<p>Wie konnte man denn ahnen, dass die Halbwertzeit dieses Weihnachts Versprechens nun einsetzender Demokratie, mit der Online Ver\u00f6ffentlichung eines an mich gestellten vorwurfsvollen Briefes bereits \u00fcberholt gewesen &#8211; quasi in Lee unterlaufen worden ist?<\/p>\n<p>Die Vorw\u00fcrfe waren s\u00e4mtlich formuliert und online von Jedermann seit vielen Tagen allgemein zu Lesen!<\/p>\n<p>F\u00fcr eine Antwort war man hingegen ganz offensichtlich nicht programmiert &#8211; sie sollte wenige Stunden an gleicher Stelle als Kommentar gepostet werden.<\/p>\n<p>Recht offensichtlich ist es wohl aber nicht die Antwort gewesen, auf die man gehofft, weil sie einen g\u00e4nzlich anderen Inhalt hatte, als man gedacht!  <\/p>\n<p>So beschlo\u00df man also kurzerhand, konsequent wie zuvor jahrzehntelang, eine Antwort gar nicht zuzulassen, sie zu ignorieren und zu eliminieren &#8211; per Mausklick ist das schnell erledigt &#8211; gef\u00e4hrlich, wenn der Kopf dabei abgeschaltet ist! <\/p>\n<p>Klick und wech &#8211; und aus die Maus &#8211; was nicht im Netz zu lesen ist &#8211; k\u00fcmmert keine Laus!<\/p>\n<p>EIN FATALES SIGNAL, zumal wenn ein derartiges Verhalten nicht versehentlich, hingegen mit Vorsatz, vielleicht gar R\u00fcckendeckung F\u00dcNF MAL sich wiederholend und mit Nachdruck vollzogen wird! <\/p>\n<p>Derartige Aktionen sprechen B\u00e4nde, die mehr R\u00fcckschl\u00fcsse erlauben, als geschriebene Erkl\u00e4rungen, auch wenn sie sorgf\u00e4ltig formuliert.<\/p>\n<p>Die zeitliche Dauer dieser ungeheuerlichen Situation macht die Schwere des Vergehens in einer Form gravierend, dass ich fassungslos bin, denn diesbez\u00fcglich hat es Globus umspannend Protest gegeben, der bei den ma\u00dfgeblichen Herren angekommen und kommentiert worden ist. Allerdings offensichtlich nicht mit der Erkenntnis, dass man hier einen falschen Weg gegangen ist!<\/p>\n<p>ZENSUR IST FATAL &#8211; egal wie man es wendet!<\/p>\n<p>Interessant \u00fcbrigens, dass nun die Diskussion \u00fcber Ursache und Wirkung &#8211; die Rauferei um den Loorbeerkranz &#8211; bereits in vollem Gange ist, weil scheinbar das sch\u00f6ne Ergebnis &#8211; der langj\u00e4hrig allseits f\u00fcr undenkbar gehaltene Glasnost, der Wandel &#8211; nun als die zwangsl\u00e4ufige Folge allseits eigener Bem\u00fchungen selbst ernannter gl\u00fchender Revoluzzer gewesen ist, die den Erfolg bereits auf eigene Fahnen gedruckt &#8211; wohlgemerkt: nur 30 Tage nach einer HV, die mit offenbar nur EINER Gegenstimme den Gesamt Vorstand, sein Personal und seine T\u00e4tigkeiten f\u00fcr das vergangene Jahr entlastet, gelobt und f\u00fcr 3 weitere Jahre in die Zukunft abgesegnet hat! <\/p>\n<p>Von allen Beteiligten unisono und gemeinschaftlich!<\/p>\n<p>Und nun also die gemeinsame Amnesie?<\/p>\n<p>Wenn der Vorstand nun in seinem NEUSTART verk\u00fcndet, dass es lediglich nur  \u201einnerhalb des Vorstandes in den letzten Wochen zu Diskussionen\u201c gekommen und damit geflissentlich und scheinbar vors\u00e4tzlich ausgeblendet wird, auf welcher Bombe der gesamte Verein seit Jahren sitzt, was nicht zuletzt Anlass gewesen ist f\u00fcr \u201ejunge Wilde Aktivisten\u201c und einen alten Blogger, hier einmal eine Diskussion \u00fcber den Fortbestand dieses Vereins mit Vehemenz zu veranlassen und loszutreten &#8211; dann sieht dies keinesfalls nach einem Neustart aus, hingegen eher nach einer Fortf\u00fchrung gewohnter Vorgangsweisen des Verdr\u00e4ngens und Vergessens, was ein versammelter Vorstand mit Hilfe eines alles duldenden Kl\u00fcngels seinen Mitgliedern jahrzehntelang mit Vorsatz angetan hat!<\/p>\n<p>Ganz offenbar hat der \u201eLabskaus Kl\u00fcngel\u201c, wie die Pazifik-Segler die j\u00e4hrlichen HV Runden freundlich hingegen deutlich benennen &#8211; gr\u00fcndlich geschlafen, oder in seumseeliger Bedeutungs Harmonie vergessen, welche Verantwortung und enorme Bedeutung sie stellvertretend f\u00fcr die restlichen 99% der Segler beim Abstimmen seit Jahren innehatten! <\/p>\n<p>Und das soll 4 Wochen sp\u00e4ter alles vergessen sein?<\/p>\n<p>F\u00fcr mich ist dies eher eine erstklassige Blamage f\u00fcr alle Beteiligten, insbesondere, weil nahezu s\u00e4mtliche Verhaltensweisen des Gesamt Vorstands jahrelang allumfassend bekannt gewesen sind! Nix Neues in Waldhagen &#8211; der Vorstand ist stets in gerader Furche gefahren! Keiner der Vorstands Kollegen kann sich hier von seiner Verantwortung f\u00fcr jahrelanges Unverm\u00f6gen selbst erl\u00f6sen, z.B. erkl\u00e4ren, er habe nichts gewu\u00dft und alles versucht, hingegen leider-leider bislang nichts erreichten k\u00f6nnen!<\/p>\n<p>Zur Erinnerung: im Vorstand hatte jeder der beteiligten Vorstands Mitglieder jederzeit die M\u00f6glichkeit, aus dem Kl\u00fcngel auszusteigen &#8211; da w\u00e4re ein V-Mann nicht notwendig gewesen! Das Vereinsrecht bietet hier solides Handwerkszeug, wenn das nicht gen\u00fcgte, h\u00e4tte die Mitgliedergemeinschaft sicher gern ausgeholfen.<\/p>\n<p>Mit Offenheit h\u00e4tte man hier mehr erreicht!<\/p>\n<p>Nun zu glauben, da\u00df durch die Aussonderung nur des Leitwolfes, die verbleibenden Vorstands Mitglieder von den Vorw\u00fcrfen, die alle gemeinsam betroffen haben, frei und unbelastet zu einem Tagesgesch\u00e4ft mit leichten Ver\u00e4nderungen w\u00fcrde zur\u00fcckkehren k\u00f6nnen, hielte ich f\u00fcr naiv &#8211; und der Situation mitnichten f\u00fcr angemessen!<\/p>\n<p>Oder hat es hier chemische Reinigungen von K\u00f6pfen gegeben? Ich hielte die gegenw\u00e4rtige Situation eher f\u00fcr das Ergebnis eines Wettlaufs: <\/p>\n<p>RETTE SICH WER KANN &#8211; BESSER MICH SELBST ALS MEINEN NEBENMANN.<\/p>\n<p>Wenn wir diesem Vorstand nun NOLEN VOLENS  f\u00fcr 11 Monate unseren Vertrauens Vorschuss zu geben aufgefordert werden &#8211; h\u00e4tte ich einen <\/p>\n<p>GEGENVORSCHLAG<br \/>\nder Vorstand sollte gemeinschaftlich f\u00fcr die schlechte Vorstandsarbeit einstehen, sich angemessen entschuldigen und zur\u00fccktreten &#8211; und somit den Weg zu Neuwahlen frei machen! F\u00fcr mich w\u00e4re dies ein Akt von Demokratie und Respekt vor einer Mitgliedergemeinschaft &#8211; die man jahrelang in Geiselhaft genommen und von der man sich um Lichtjahre stetig entfernt hat &#8211; und deren Beitr\u00e4ge man jahrzehntelang keineswegs effektiv zum Nutzen der Mitglieder verwaltet und ausgegeben  hat. Viel L\u00e4rm um Nichts, das war die bisherige Devise.<\/p>\n<p>Zudem h\u00e4tten die sich dann formierenden Kandidaten die Gelegenheit, sich mit Vorstandskollegen zu umgeben, die f\u00fcr ein Gelingen der notwendigen Umbauarbeiten an einem maroden TO Geb\u00e4ude, besser gewappnet, einander eher aufgeschlossen und im Sinne einer notwendigen schlagkr\u00e4ftigen Truppe, f\u00fcr den Verein dann bessere Ergebnisse m\u00f6glich machen w\u00fcrde.<\/p>\n<p>Denn: Der TO ist um eine Periode von 15 Jahren &#8211; mindestesn &#8211; hinter dem Mond! <\/p>\n<p>Es ist ungef\u00e4hr die Zeit, seitdem ausserhalb von Cuxhaven schon das Internet f\u00fcr eine totale Umkehr im Leben von Menschen &#8211; und insbesondere im Leben der Segler unterwegs, verursacht hat. Mit Verlaub sei folgender Vergleich erlaubt:<\/p>\n<p>Eine schwere Postkutsche, von einem dreibeinigen m\u00fcden Gaul gezogen &#8211; trabt durch eine Zeit, in der schon Zweij\u00e4hrige auf Papas IPHONE in der Kinderkarre online spielen k\u00f6nnen.<\/p>\n<p>Dies aufzuholen, daf\u00fcr hielte ich einen Vorstand, der bislang nicht durch positive Arbeit im Sinne seiner Mitglieder sich hat profilieren k\u00f6nnen &#8211; f\u00fcr kaum geeignet &#8211; schlicht, weil mir der Glaube fehlt, dass dieser Vorstand f\u00fcr Container voller Aufgaben, eine geeignete, homogene und sich erg\u00e4nzende Mannschaft ist!<\/p>\n<p>Ein paar Gedanken Splitter f\u00fcr die kommenden Monate, als Voraussetzung f\u00fcr das Stillhalten einer ungeduldigen Mitgliederschaft<\/p>\n<p>&#8211; R\u00fcckhaltslose Aufkl\u00e4rung der Zust\u00e4nde im Vorstand, inklusive eines Rechenschaftsberichtes \u00fcber finanzielle Vorg\u00e4nge ggf. mit Rechtsfolgen<br \/>\n&#8211;  Offenheit \u00fcber Schritt und Tritt, die Einbeziehung der Mitglieder in allen Bereichen, keineswegs nur widerum selektiv \u00fcber Teilbereiche, quasi als Knochen Splitter f\u00fcr den Hund wie die jahrelange Praxis.<\/p>\n<p>Die \u201eWICHTIGE MITTEILUNG DES VORSTANDES\u201c ef\u00fcllt diese Anspr\u00fcche keinesfalls.<\/p>\n<p>\u00d6FFFENTLICHKEIT gegen\u00fcber den Mitgliedern funktioniert am besten \u00fcber die Website, bei der allerdings die Oberfl\u00e4che &#8211; wenn schon nicht das gesamte Design und Struktur &#8211; ver\u00e4ndert werden sollte, vor allem das f\u00fcr Kommentare m\u00f6gliche Text Volumen, denn es bedeutet bereits eine Z\u00e4sur, wenn Kommentare mitten im Text abgeschnitten erscheinen, weil der hier vom Amt erlaubte Platz wieder mal nicht ganz ausgereicht.<\/p>\n<p>Wohl gemerkt: der Vorstand sollte sich dar\u00fcber im Klaren sein, dass er ab sofort auf offener B\u00fchne steht &#8211; er ist quasi in unserem Auftrag auf Bew\u00e4hrung unterwegs!<\/p>\n<p>Ein Weg zur\u00fcck in eine Deckung, aus der wir widerum bevormundet werden, w\u00fcrde von den Mitgliedern ab sofort nicht mehr geduldet werden!<\/p>\n<p>Taktieren w\u00e4re mit Sicherheit nun der falsche Weg, hingegen ist ab sofort allumfassend gr\u00f6\u00dftm\u00f6gliche Demokratie gefordert, ansonsten geht der Verein vor die Hunde, weil man nicht verstanden h\u00e4tte, dass die Zeiger der Uhr bereits auf Sp\u00e4tnachmittags und fast den Boden ber\u00fchren &#8211; so sieht es, mit einem Hauch von nimmerm\u00fcder Hoffnung als Ansporn f\u00fcr eine bessere Zukunft<\/p>\n<p>Peter Foerthmann<\/p>\n","protected":false},"excerpt":{"rendered":"<p>Das Gro\u00dfwild ist erlegt &#8211; die Rest Herde l\u00e4uft ein wenig kopflos im Kreis herum &#8211; die Vasallen und bisherige Steigb\u00fcgelhalter &#8211; haben Schwierigkeiten, die Situation zu interpretieren, sich nun zu orientieren, eigenes Verhalten vor dem Tage Null zu dementieren &hellip; <a href=\"https:\/\/windpilot.com\/blog\/trans-ocean-news\/deutsch-der-alte-to\/deutsch-zensur-ist-kein-guter-anfang\/\">Weiterlesen <span class=\"meta-nav\">&rarr;<\/span><\/a><\/p>\n","protected":false},"author":1,"featured_media":0,"parent":8043,"menu_order":8,"comment_status":"open","ping_status":"closed","template":"","meta":{"footnotes":""},"class_list":["post-6281","page","type-page","status-publish","hentry"],"_links":{"self":[{"href":"https:\/\/windpilot.com\/blog\/wp-json\/wp\/v2\/pages\/6281","targetHints":{"allow":["GET"]}}],"collection":[{"href":"https:\/\/windpilot.com\/blog\/wp-json\/wp\/v2\/pages"}],"about":[{"href":"https:\/\/windpilot.com\/blog\/wp-json\/wp\/v2\/types\/page"}],"author":[{"embeddable":true,"href":"https:\/\/windpilot.com\/blog\/wp-json\/wp\/v2\/users\/1"}],"replies":[{"embeddable":true,"href":"https:\/\/windpilot.com\/blog\/wp-json\/wp\/v2\/comments?post=6281"}],"version-history":[{"count":1,"href":"https:\/\/windpilot.com\/blog\/wp-json\/wp\/v2\/pages\/6281\/revisions"}],"predecessor-version":[{"id":8055,"href":"https:\/\/windpilot.com\/blog\/wp-json\/wp\/v2\/pages\/6281\/revisions\/8055"}],"up":[{"embeddable":true,"href":"https:\/\/windpilot.com\/blog\/wp-json\/wp\/v2\/pages\/8043"}],"wp:attachment":[{"href":"https:\/\/windpilot.com\/blog\/wp-json\/wp\/v2\/media?parent=6281"}],"curies":[{"name":"wp","href":"https:\/\/api.w.org\/{rel}","templated":true}]}}