{"id":6521,"date":"2012-02-07T11:47:46","date_gmt":"2012-02-07T18:47:46","guid":{"rendered":"https:\/\/windpilot.com\/blog\/?page_id=6521"},"modified":"2013-02-08T02:58:48","modified_gmt":"2013-02-08T09:58:48","slug":"deutsch-14-sv-seahorse-gedanken","status":"publish","type":"page","link":"https:\/\/windpilot.com\/blog\/trans-ocean-news\/deutsch-zum-neuen-to\/deutsch-14-sv-seahorse-gedanken\/","title":{"rendered":"Bjoern Steiner"},"content":{"rendered":"<p><a href=\"https:\/\/windpilot.com\/blog\/wp-content\/uploads\/2012\/02\/TulpenGoofy.jpg\"><img loading=\"lazy\" decoding=\"async\" src=\"https:\/\/windpilot.com\/blog\/wp-content\/uploads\/2012\/02\/TulpenGoofy-300x225.jpg\" alt=\"\" title=\"TulpenGoofy\" width=\"300\" height=\"225\" class=\"alignleft size-medium wp-image-6522\" srcset=\"https:\/\/windpilot.com\/blog\/wp-content\/uploads\/2012\/02\/TulpenGoofy-300x225.jpg 300w, https:\/\/windpilot.com\/blog\/wp-content\/uploads\/2012\/02\/TulpenGoofy-1024x768.jpg 1024w\" sizes=\"auto, (max-width: 300px) 100vw, 300px\" \/><\/a><strong>GEDANKEN VON BJOERN STEINER  SV SeaHorse<\/strong><\/p>\n<p>Wir stehen nicht mehr ganz 2 Wochen vor einer au\u00dferordentlichen Mitgliederversammlung des Trans-Ocean gem.e.V. und es erscheint angesagt einmal kurz inne zu halten. Wo stehen wir eigentlich und was zeichnet die Situation aus?<\/p>\n<p>Pr\u00e4gnant f\u00fcr die Situation ist zun\u00e4chst das weitl\u00e4ufige Schweigen der Vereins\u00f6ffentlichkeit.<\/p>\n<p>Eine Reihe von engagierten Mitgliedern versucht Struktur in das aktuelle Chaos zu bekommen. Eine weitere Gruppe sammelt irgendwelche Fakten und verzweifelt daran essentielle Informationen nicht per Google bekommen zu k\u00f6nnen. Eine kleine Gruppe war der Meinung alles w\u00e4re sowieso einfach und zieht sich nach anfangs gro\u00dfer Klappe einfach zur\u00fcck und hinterl\u00e4sst noch mehr Chaos. Noch eine Gruppe hat sich intensiv an einer Diskussion beteiligt, aber wenn es dazu kommt nach Cuxhaven zum Aufr\u00e4umen und Flagge bekennen zu reisen, ist mit einem Mal ja alles so undankbar und es wird gro\u00dfr\u00e4umig gekniffen. Einige Mitglieder haben \u00fcberhaupt nichts mitbekommen und interessieren sich offenbar gar nicht f\u00fcr den Verein als freiwillige Selbstverpflichtung gegenseitiger Hilfe sondern nur als passive Informationsquelle.<\/p>\n<p>Im Kern bleibt eine sehr, sehr kleine Gruppe von Menschen, die sich \u00fcber m\u00f6gliche ethische, moralische und zweckgebundene Grundlagen des Vereins Gedanken macht. Was hei\u00dft dies f\u00fcr einen gemeinn\u00fctzigen(!) Verein, der der Definition nach im Ehrenamt dem Gemeinwohl Nutzen stiftet? Was ist denn der Nutzen dieses TO Vereins f\u00fcr das Gemeinwohl?<\/p>\n<p>L\u00e4sst man nun einige Schatten der internen Vorg\u00e4nge einmal vorab ans Licht, was findet man?<\/p>\n<p><a href=\"https:\/\/windpilot.com\/blog\/wp-content\/uploads\/2012\/02\/Erni-Mogan.jpg\"><img loading=\"lazy\" decoding=\"async\" src=\"https:\/\/windpilot.com\/blog\/wp-content\/uploads\/2012\/02\/Erni-Mogan-1024x768.jpg\" alt=\"\" title=\"Erni Mogan\" width=\"640\" height=\"480\" class=\"aligncenter size-large wp-image-6523\" srcset=\"https:\/\/windpilot.com\/blog\/wp-content\/uploads\/2012\/02\/Erni-Mogan-1024x768.jpg 1024w, https:\/\/windpilot.com\/blog\/wp-content\/uploads\/2012\/02\/Erni-Mogan-300x225.jpg 300w\" sizes=\"auto, (max-width: 640px) 100vw, 640px\" \/><\/a>Es gab mindestens einen dokumentiert Fall von versuchter Spendenw\u00e4sche bei einem asiatischen Spendenprojekt. Was dort im Detail wirklich finanziert werden sollte, steht noch zur Kl\u00e4rung an, sofern dies \u00fcberhaupt noch jemanden interessiert. Es steht allerdings der Verdacht einer versuchten Bereicherung von Einzelpersonen zum Schaden des Vereins im Raum. In Reflektion der Diskussionen muss man auch danach fragen, ob diese m\u00f6gliche Bereicherung Methode hat und vielleicht seit \u00fcber 30 Jahren gar so praktiziert wurde, quasi \u00fcberhaupt nicht als korrupt empfunden, sondern als regelm\u00e4\u00dfig einge\u00fcbt verstanden wird? Wie oft sind Vereinsgelder zum pers\u00f6nlichen Vorteil Einzelner und nicht im Sinne eines Nutzens f\u00fcr das Gemeinwohl verwendet worden? Ist der TO frei von mafi\u00f6sen Strukturen? Im Rahmen der Spendenaktivit\u00e4ten ist auch zu fragen was zum Beispiel Gegenstand des Treffens am 21. November 2011 im B\u00fcro des Cuxhavener OB Dr. Ulrich Getsch war und was \u00fcberhaupt die Rolle lokalpolitischer M\u00e4chte bei den Vorg\u00e4ngen war?<\/p>\n<p>Dann haben wir den ebenfalls dokumentierten und auf der letzten JHV bereits hei\u00df diskutierten Fall einer Urkunden\u201canpassung\u201c im Rahmen eines vielleicht als versuchte F\u00f6rdermittelerschleichung zu bezeichnenden Vorgangs. Auch hier konnte durch den Einsatz des aktuellen Vorsitzenden Schlimmeres verhindert werden.<\/p>\n<p>Es bleibt insgesamt eine ungute Vermutung wie viele Vorg\u00e4nge nicht verhindert wurden und von denen wir als Mitglieder gar nichts wissen?<\/p>\n<p>\u00dcber die unzureichende Satzung ist kein Wort mehr zu verlieren. An dieser herum zu schrauben, ist wahrscheinlich zum Scheitern verurteilt. Eine Neue m\u00fcsste her und wir h\u00e4tten durchaus die Menschen in den Aktiva des Vereins dies qualitativ gut tun zu k\u00f6nnen. Ebenfalls scheinen sich in Bezug auf die Professionalit\u00e4t der kaufm\u00e4nnischen F\u00fchrung des Vereins und die Erstellung des Kassenberichts wohl noch weitere Fragen \u00fcber Stichtagsbez\u00fcge, ordnungsgem\u00e4\u00dfe Ausschreibungen, Bewertung und Transparenz der Dokumentation &#8211; um nur einige neben Positionsbesetzungen und AGG zu nennen &#8211; zu ergeben.<\/p>\n<p>All dies klingt nach Arbeit, aber nicht nach Unm\u00f6glichkeit. Bevor man sich allerdings an die Aufr\u00e4umarbeit machen kann, stellt sich die alles entscheidende Frage, wof\u00fcr und f\u00fcr wen eigentlich?<\/p>\n<p>Es scheint, wir haben nur eine geringe Zahl Aktivisten. Der aktuelle Vorstand rechnet mit 1-2% Teilnehmern an der ao MV. Die E-Mail Resonanz aus dem Rest der Welt, au\u00dferhalb derjenigen die den Weg ins entfernte Cuxhaven auf sich nehmen wollen, scheint sich in einem \u00e4hnlichen Rahmen zu bewegen. Die Aktivit\u00e4ten aus der Reihe der St\u00fctzpunkte sind ebenfalls nur sehr, sehr wenige.<\/p>\n<p>Kann ein Verein, auch ein solch international aufgestellter mit seinem ganz speziellen Fokus Hochseesegeln, \u00fcberhaupt von ebenfalls zu vermutendem lediglich 5% Interesse seiner Mitglieder leben? Wenn das Interesse tats\u00e4chlich nur 5% betr\u00e4gt, sicher Nein. Aber sollte es dort drau\u00dfen mehr Interesse gibt, wird man verm\u00f6gen den Verein aus dem Mittelalter der Gutsherrenverwaltung ins 21. Jahrhundert zu bringen. Dazu muss allerdings aus der Mitgliederschaft deutlich mehr R\u00fcckmeldung erfolgen als bislang.<\/p>\n<p>Bjoern Steiner<\/p>\n<p>Bitte tragen Sie dazu bei, dass zur MV in Cuxhaven gen\u00fcgend Mitglieder anwesend sind, damit der TO nicht ein weiteres Mal zu einem Cuxhaven Kl\u00fcngel verkommt.<\/p>\n","protected":false},"excerpt":{"rendered":"<p>GEDANKEN VON BJOERN STEINER SV SeaHorse Wir stehen nicht mehr ganz 2 Wochen vor einer au\u00dferordentlichen Mitgliederversammlung des Trans-Ocean gem.e.V. und es erscheint angesagt einmal kurz inne zu halten. Wo stehen wir eigentlich und was zeichnet die Situation aus? Pr\u00e4gnant &hellip; <a href=\"https:\/\/windpilot.com\/blog\/trans-ocean-news\/deutsch-zum-neuen-to\/deutsch-14-sv-seahorse-gedanken\/\">Weiterlesen <span class=\"meta-nav\">&rarr;<\/span><\/a><\/p>\n","protected":false},"author":1,"featured_media":0,"parent":8034,"menu_order":1,"comment_status":"open","ping_status":"closed","template":"","meta":{"footnotes":""},"class_list":["post-6521","page","type-page","status-publish","hentry"],"_links":{"self":[{"href":"https:\/\/windpilot.com\/blog\/wp-json\/wp\/v2\/pages\/6521","targetHints":{"allow":["GET"]}}],"collection":[{"href":"https:\/\/windpilot.com\/blog\/wp-json\/wp\/v2\/pages"}],"about":[{"href":"https:\/\/windpilot.com\/blog\/wp-json\/wp\/v2\/types\/page"}],"author":[{"embeddable":true,"href":"https:\/\/windpilot.com\/blog\/wp-json\/wp\/v2\/users\/1"}],"replies":[{"embeddable":true,"href":"https:\/\/windpilot.com\/blog\/wp-json\/wp\/v2\/comments?post=6521"}],"version-history":[{"count":1,"href":"https:\/\/windpilot.com\/blog\/wp-json\/wp\/v2\/pages\/6521\/revisions"}],"predecessor-version":[{"id":8037,"href":"https:\/\/windpilot.com\/blog\/wp-json\/wp\/v2\/pages\/6521\/revisions\/8037"}],"up":[{"embeddable":true,"href":"https:\/\/windpilot.com\/blog\/wp-json\/wp\/v2\/pages\/8034"}],"wp:attachment":[{"href":"https:\/\/windpilot.com\/blog\/wp-json\/wp\/v2\/media?parent=6521"}],"curies":[{"name":"wp","href":"https:\/\/api.w.org\/{rel}","templated":true}]}}