{"id":6573,"date":"2012-02-19T10:44:03","date_gmt":"2012-02-19T17:44:03","guid":{"rendered":"https:\/\/windpilot.com\/blog\/?page_id=6573"},"modified":"2013-02-08T02:59:27","modified_gmt":"2013-02-08T09:59:27","slug":"deutsch-15-lehrstunden","status":"publish","type":"page","link":"https:\/\/windpilot.com\/blog\/trans-ocean-news\/deutsch-zum-neuen-to\/deutsch-15-lehrstunden\/","title":{"rendered":"Lehrstunden"},"content":{"rendered":"<p><a href=\"https:\/\/windpilot.com\/blog\/wp-content\/uploads\/2012\/02\/Vorstand.png\"><img loading=\"lazy\" decoding=\"async\" src=\"https:\/\/windpilot.com\/blog\/wp-content\/uploads\/2012\/02\/Vorstand-300x213.png\" alt=\"\" title=\"Vorstand\" width=\"300\" height=\"213\" class=\"alignleft size-medium wp-image-6574\" srcset=\"https:\/\/windpilot.com\/blog\/wp-content\/uploads\/2012\/02\/Vorstand-300x213.png 300w, https:\/\/windpilot.com\/blog\/wp-content\/uploads\/2012\/02\/Vorstand.png 1000w\" sizes=\"auto, (max-width: 300px) 100vw, 300px\" \/><\/a>Das Gute vorweg: die \u201eBurg\u201c in Cuxhaven wurde erst\u00fcrmt und eingenommen, alle Zweifel und Sorgen um die weitere Existenz des Trans Ocean wurden ausger\u00e4umt und final erledigt.<\/p>\n<p>Der TO hat einen neuen Vorstand  aus erfahrenen Hochsee Seglern, ein Novum in der Geschichte dieses Vereins, dessen Geschicke seit Jahrzehnten traditionell eher in der Hand von Funktion\u00e4ren gelegen haben, die den Sinn und Zweck einer derartigen Vereinigung so manches Mal offenkundig aus den Augen verloren hatten &#8211; der Grund f\u00fcr die kritische Situation &#8211; und das Treffen in Cuxhaven.<\/p>\n<p>Ein Gl\u00fccksfall, da\u00df der Interims Vorstand in Cuxhaven einen Raum gebucht hatte, der f\u00fcr 120 Personen ausgelegt &#8211; und der mit 121 Seglern vollst\u00e4ndig belegt wurde. Andreas H\u00fclsenbergs Omen, da\u00df die Besucherzahl auch zu dieser MV sicher nur sehr gering sein w\u00fcrde, hat sich zum Gl\u00fcck nicht erf\u00fcllt, denn immerhin hatten sich ca 2% der Mitgliederschaft auf die beschwerliche Reise an die Wasserkante gemacht um hier mit Stimme und Gewicht ihrem lecken Vereinsschiff wieder zum Schwimmen zu verhelfen.<\/p>\n<p>Im Verlauf einer f\u00fcnfst\u00fcndigen Sitzung wurden die Anwesenden Zeugen einiger Lehrst\u00fccke der besonderen Art: den Umgang von Menschen unterschiedlichster Couleur, deren gemeinsamer Lieblingssport sie zusammengebracht hatte. Die Furcht einiger Teilnehmer des Treffens vom Runden Tisch in D\u00fcsseldorf vom 22.1.2012, da\u00df dies Treffen aus dem Ruder h\u00e4tte laufen k\u00f6nnen, weil Emotionen unkontrollierbar auf einander treffen w\u00fcrden &#8211; diese Furcht erwies sich als unbegr\u00fcndet. Die Versammlung verlief authentisch, offen und in gegenseitigem Respekt, gleichwohl aber auch schonungslos in Bezug auf pers\u00f6nliche Empfindlichkeiten. Es wurde schnell deutlich, dass Art und disziplinierte Umgehensweise einen Moderator nicht notwendig machte. Der geballte Sachverstand der Mitglieder erwies sich als zielf\u00fchrend &#8211; s\u00e4mtliche Klippen wurden im Dialog und mit Humor umschifft. Eine Lehrstunde f\u00fcr Art und Umgang einer kontrovers eingestimmten Versammlung mit am Ende positivem Ausgang! <\/p>\n<p><a href=\"https:\/\/windpilot.com\/blog\/wp-content\/uploads\/2012\/02\/Liberty-low.jpg\"><img loading=\"lazy\" decoding=\"async\" src=\"https:\/\/windpilot.com\/blog\/wp-content\/uploads\/2012\/02\/Liberty-low-e1329672990235-196x300.jpg\" alt=\"\" title=\"Liberty low\" width=\"196\" height=\"300\" class=\"alignleft size-medium wp-image-6576\" srcset=\"https:\/\/windpilot.com\/blog\/wp-content\/uploads\/2012\/02\/Liberty-low-e1329672990235-196x300.jpg 196w, https:\/\/windpilot.com\/blog\/wp-content\/uploads\/2012\/02\/Liberty-low-e1329672990235-671x1024.jpg 671w\" sizes=\"auto, (max-width: 196px) 100vw, 196px\" \/><\/a>Ein Kompliment an die Mitgliederversammlung!<\/p>\n<p>Aber es gab Lehrstunden der besonderen Art!<\/p>\n<p>So zeigte sich, dass die Eruptionen der vergangenen Monate in der breiten Mitgliederschaft nicht angekommen sind! So hat es im Verlauf von 4 Monaten auf der TO Website 20 offizielle Kommentare gegeben, die jeweils im Durchschnitt nur ca 300 mal angesehen wurden. Mitgliederkommentare im internen Bereich wurden im Durchschnitt nur 180 mal angesehen! Die Zahl der Aktivisten \/ Kommentatoren lag im Bereich von 60 Mitgliedern!<\/p>\n<p>Die Hauptversammlungen der vergangenen Jahre wurden regelm\u00e4\u00dfig von ca 1% der Mitglieder besucht, von denen die Mehrheit wohl im Raume Cuxhaven ans\u00e4ssig gewesen sind. Dieser sog. \u201eLabskaus Kl\u00fcngel\u201c hatte den Verein jahrelang fest im Griff. <\/p>\n<p><a href=\"https:\/\/windpilot.com\/blog\/wp-content\/uploads\/2012\/02\/Rudi-Sien.jpg\"><img loading=\"lazy\" decoding=\"async\" src=\"https:\/\/windpilot.com\/blog\/wp-content\/uploads\/2012\/02\/Rudi-Sien-1024x768.jpg\" alt=\"\" title=\"Rudi Sien\" width=\"640\" height=\"480\" class=\"aligncenter size-large wp-image-6577\" srcset=\"https:\/\/windpilot.com\/blog\/wp-content\/uploads\/2012\/02\/Rudi-Sien-1024x768.jpg 1024w, https:\/\/windpilot.com\/blog\/wp-content\/uploads\/2012\/02\/Rudi-Sien-300x225.jpg 300w\" sizes=\"auto, (max-width: 640px) 100vw, 640px\" \/><\/a>Es ist deutlich geworden, dass der TO offenbar ein mit allen, auch politischen Mittel zu verteidigender Pfrund der Cuxhavener Lokalpolitik ist. Es wurden wirklich alle Register gezogen \u2013 und wenn nicht gen\u00fcgend ausw\u00e4rtige Mitglieder angereist w\u00e4ren, h\u00e4tte der Cuxhavenkl\u00fcngel den TO wahrscheinlich wieder vollst\u00e4ndig rekuperiert, denn die Herren waren offenbar mit dem Vorsatz gekommen, ihren ehemaligen TO Vorsitzenden Bernd Luetgebrune erneut zu inthronisieren. Zum Gl\u00fcck hat eine Mehrheit der angereisten TO Aktivisten dies verhindert und die Handlungen in eine bessere Richtung gelenkt.<\/p>\n<p>Die Gr\u00fcnde f\u00fcr den R\u00fccktritt des ehemaligen Vorsitzenden wurden im Rahmen einer Podiumsdiskussion ausf\u00fchrlich er\u00f6rtert. Eine Lehrstunde, zu erleben, wie engagierte Mitglieder im Dialog mit Bernd Luetgebrune die Details der aufgedeckten Unregelm\u00e4ssigkeiten nachgefragt haben, um dann zu erfahren, dass eine am 5.1.2012 bei der Staatsanwaltschaft eingegangene anonyme Strafanzeige bereits 2 Wochen sp\u00e4ter mit einem Erledigungsvermerk still beerdigt worden ist. Das Erledigungsschreiben zog der ehemalige Vorsitzende angelegentlich aus der Tasche. Offenbar ist hier im Eilverfahren politisch am Rad gedreht worden, denn ein derartiges Tempo w\u00e4re ansonsten nur schwer erkl\u00e4rlich.<\/p>\n<p>Die Emp\u00f6rung im Raume war jedenfalls deutlich und beschr\u00e4nkte sich keineswegs auf den flapsigen Kommentar, dass hier wohl politisch \u201egewulfft\u201c worden sei. Einige Herren bekamen Schnappatmung \u00fcber die Chuzpe mit der hier jahrelanger Schlendrian f\u00fcr v\u00f6llig normal erkl\u00e4rt werden sollte. Immerhin hat die Emp\u00f6rung der grossen Mehrheit daf\u00fcr gesorgt, dass der ehemalige Vorsitzende am Ende nicht erneut kandidiert hat.<\/p>\n<p>Die Vorg\u00e4nge um eine zugesagte F\u00f6rderung von EUR 20.000 f\u00fcr eine Seglerin, deren Aufnahmeantrag zum TO vors\u00e4tzlich r\u00fcckdatiert worden war, um die F\u00f6rderungsw\u00fcrdigkeit zu rechtfertigen, veranlasste den ehemaligen Vorsitzenden zu der Aussage, dass dies doch wohl nicht so schlimm sei und man im \u00fcbrigen sowas fr\u00fcher auch schon so gemacht habe.<\/p>\n<p>Die Wogen der Emp\u00f6rung gingen hoch!<\/p>\n<p>Ein weiteres Lehrst\u00fcck \u00fcber TO Usancen lieferte Erich Wilts mit einer h\u00f6chst eigenwilligen Erkl\u00e4rung der Vorg\u00e4nge um die Spenden Umleitung zugunsten seines in Japan verloren gegangenen Charterschiffs \u00fcber das TO Konto. Diese Vorg\u00e4nge erwiesen sich als nicht im Vorstand abgesprochen \u2013 waren zudem ungesetzlich \u2013 und f\u00fchrten letztlich zum Zerw\u00fcrfnis des Gesamt Vorstandes und R\u00fccktritt von Bernd Luetgebrune. Berichten von Erich Wilts zufolge wurden diese Spenden zwischenzeitlich von den Konten des TO r\u00fcckabgewickelt und nun \u00fcber die Deutsch Japanische Gesellschaft abgewickelt. Ein Unrechtbewu\u00dfsein ist hingegen nicht erkennbar geworden, was bei vielen Vereinsmitgliedern Unglaube verursacht hat, gleichwohl bei anderen als nicht erw\u00e4hnenswert befunden wurde. Eine erstaunliche Geschichte!<\/p>\n<p> <a href=\"https:\/\/windpilot.com\/blog\/wp-content\/uploads\/2012\/02\/Welle.jpg\"><img loading=\"lazy\" decoding=\"async\" src=\"https:\/\/windpilot.com\/blog\/wp-content\/uploads\/2012\/02\/Welle-1024x668.jpg\" alt=\"\" title=\"Welle\" width=\"640\" height=\"417\" class=\"aligncenter size-large wp-image-6575\" srcset=\"https:\/\/windpilot.com\/blog\/wp-content\/uploads\/2012\/02\/Welle-1024x668.jpg 1024w, https:\/\/windpilot.com\/blog\/wp-content\/uploads\/2012\/02\/Welle-300x195.jpg 300w\" sizes=\"auto, (max-width: 640px) 100vw, 640px\" \/><\/a><\/p>\n<p>\u00dcberhaupt scheint in der Mitgliederschaft wenig bekannt gewesen zu sein, in welchem Umfang der TO Vorsitzende in der Vergangenheit eigenm\u00e4chtig F\u00f6rderungen oder Zuwendungen finanzieller Art an einzelne Mitglieder vorgenommen hat, vereinzelte Bemerkungen \u201edas sei doch normal gewesen\u201c kursieren seit Jahren bei altgedienten Mitgliedern \u2013 und schienen niemanden besonders aufzuregen. Zudem war der Vorstand f\u00fcr die Vorg\u00e4nge vor der vergangenen HV bereits entlastet worden.<br \/>\n<a href=\"https:\/\/windpilot.com\/blog\/wp-content\/uploads\/2012\/02\/Leuchtt\u00fcrme-viele.jpg\"><img loading=\"lazy\" decoding=\"async\" src=\"https:\/\/windpilot.com\/blog\/wp-content\/uploads\/2012\/02\/Leuchtt\u00fcrme-viele-1024x768.jpg\" alt=\"\" title=\"Leuchtt\u00fcrme viele\" width=\"640\" height=\"480\" class=\"aligncenter size-large wp-image-6578\" srcset=\"https:\/\/windpilot.com\/blog\/wp-content\/uploads\/2012\/02\/Leuchtt\u00fcrme-viele-1024x768.jpg 1024w, https:\/\/windpilot.com\/blog\/wp-content\/uploads\/2012\/02\/Leuchtt\u00fcrme-viele-300x225.jpg 300w\" sizes=\"auto, (max-width: 640px) 100vw, 640px\" \/><\/a>Lehrstunde f\u00fcr die Zukunft: der TO bleibt in Cuxhaven zementierter Bestandteil des Lokalkolorits, ein Umzug ist  wenig wahrscheinlich, zumal die soziale Verantwortung f\u00fcr vorhandene Mitarbeiter vom neuen Vorstand bereits ge\u00e4ussert wurde. Der Vorstand wurde f\u00fcr 2,5 Jahre gew\u00e4hlt und ist angetreten, dem Verein eine neue Satzung zu verpassen, die vereinsinternen Strukturen zu verbessern und nach aussen einen moderneren Auftritt zu organisieren. Dazu verf\u00fcgt der Verein derzeit \u00fcber liquide Mittel im Bereich von EUR 230.000, die in K\u00fcrze durch die Beitragseinnahmen von weiteren EUR 145.000 dann ein solides Polster bilden, die Aufgaben auch finanziell zu bew\u00e4ltigen. Ob dies am Ende auch zu einer effizienteren Arbeit im Interesse der Mitgliederschaft f\u00fchren wird, liegt in den H\u00e4nden der neuen Mannschaft, deren berufliche Qualifikationen jedoch Anla\u00df zu Hoffnung gibt.<\/p>\n<p>Meine pers\u00f6nliche Lehrstunde besteht darin, da\u00df ich erkannt habe, dass die von mir empfundene Emp\u00f6rung \u00fcber langj\u00e4hrige so offenkundige M\u00e4ngel in der Vereinsf\u00fchrung eines derart grossen Vereins keineswegs f\u00fcr einen Aufschrei in der breiten Mitgliederschaft hat sorgen k\u00f6nnen, ich sogar explizit f\u00fcr mein Bem\u00fchen, hier \u00d6ffentlichkeit zu erzeugen, in einer Form angegriffen worden bin, die ich nicht f\u00fcr angemessen gehalten habe. Ich habe meinen R\u00fcckhalt aus der aktiven TO Blauwasser Seglerschaft bezogen mit denen ich anf\u00e4nglich beruflich &#8211; und im Verlauf vieler Jahre dann auch pers\u00f6nliche Verbindungen gepflegt habe und bis heute pflege. Die Sorgen und N\u00f6te der Segler habe ich zu den meinen gemacht, weil die Probleme mit unserem gemeinsamen Verein immer offenkundiger und dr\u00e4ngender wurden &#8211; und es erfreut mich, nun zu erleben, dass am Ende der Stein ins Rollen gekommen ist.<\/p>\n<p>Wohin? Das sollten wir nun alle gemeinsam beobachten &#8211; empfiehlt<\/p>\n<p>Peter Foerthmann<\/p>\n","protected":false},"excerpt":{"rendered":"<p>Das Gute vorweg: die \u201eBurg\u201c in Cuxhaven wurde erst\u00fcrmt und eingenommen, alle Zweifel und Sorgen um die weitere Existenz des Trans Ocean wurden ausger\u00e4umt und final erledigt. Der TO hat einen neuen Vorstand aus erfahrenen Hochsee Seglern, ein Novum in &hellip; <a href=\"https:\/\/windpilot.com\/blog\/trans-ocean-news\/deutsch-zum-neuen-to\/deutsch-15-lehrstunden\/\">Weiterlesen <span class=\"meta-nav\">&rarr;<\/span><\/a><\/p>\n","protected":false},"author":1,"featured_media":0,"parent":8034,"menu_order":2,"comment_status":"open","ping_status":"closed","template":"","meta":{"footnotes":""},"class_list":["post-6573","page","type-page","status-publish","hentry"],"_links":{"self":[{"href":"https:\/\/windpilot.com\/blog\/wp-json\/wp\/v2\/pages\/6573","targetHints":{"allow":["GET"]}}],"collection":[{"href":"https:\/\/windpilot.com\/blog\/wp-json\/wp\/v2\/pages"}],"about":[{"href":"https:\/\/windpilot.com\/blog\/wp-json\/wp\/v2\/types\/page"}],"author":[{"embeddable":true,"href":"https:\/\/windpilot.com\/blog\/wp-json\/wp\/v2\/users\/1"}],"replies":[{"embeddable":true,"href":"https:\/\/windpilot.com\/blog\/wp-json\/wp\/v2\/comments?post=6573"}],"version-history":[{"count":1,"href":"https:\/\/windpilot.com\/blog\/wp-json\/wp\/v2\/pages\/6573\/revisions"}],"predecessor-version":[{"id":8038,"href":"https:\/\/windpilot.com\/blog\/wp-json\/wp\/v2\/pages\/6573\/revisions\/8038"}],"up":[{"embeddable":true,"href":"https:\/\/windpilot.com\/blog\/wp-json\/wp\/v2\/pages\/8034"}],"wp:attachment":[{"href":"https:\/\/windpilot.com\/blog\/wp-json\/wp\/v2\/media?parent=6573"}],"curies":[{"name":"wp","href":"https:\/\/api.w.org\/{rel}","templated":true}]}}