{"id":6749,"date":"2012-04-02T08:23:14","date_gmt":"2012-04-02T15:23:14","guid":{"rendered":"https:\/\/windpilot.com\/blog\/?page_id=6749"},"modified":"2014-08-20T04:21:47","modified_gmt":"2014-08-20T11:21:47","slug":"deutsch-brief-an-konrad-delius","status":"publish","type":"page","link":"https:\/\/windpilot.com\/blog\/deutsch-yacht-delius-klasing\/deutsch-brief-an-konrad-delius\/","title":{"rendered":"Konrad Delius #2"},"content":{"rendered":"<p>Brief an Konrad Delius 2.4.2012<\/p>\n<p><strong>Sehr geehrter Konrad Delius,<\/strong> <\/p>\n<p>am 8.7.2011 hatte ich Ihnen einen Brief \/ Mail geschrieben, der nun seit <strong>neun Monate<\/strong> ohne Antwort geblieben ist! <\/p>\n<p>Zur Erinnerung <a href=\"https:\/\/windpilot.com\/blog\/de\/columns\/deutsch-brief-an-konrad-delius-8-7-2011\/ \">hier der Inhalt<\/a><\/p>\n<p> Ich war der Meinung, dass es einen Verleger interessieren w\u00fcrde, was seine Hamburger Repr\u00e4sentanten der \u201eselbsternannten gr\u00f6\u00dften Yachtzeitung\u201c in Europa hier treiben, bzw. in welcher Art und Weise Ihr Verlag hier repr\u00e4sentiert wird, einer Form, die einer anspruchsvollen Leserschaft angemessen und w\u00fcrdig ist \u2013 oder eben nicht! <\/p>\n<p>Meine Kritik an der <strong>YACHT CHEFREDAKTION<\/strong> ist im Verlauf der vergangenen neun Monate nicht geringer geworden \u2013 hingegen stetig gewachsen! <\/p>\n<p>Darum dieser <strong>Brief nun in offener Form!<\/strong> <\/p>\n<p>Der WORT UNFALL Ihres stellvertretenden Chefredakteurs UWE JANSSEN vom 9.1.2012 ist Ihnen bekannt! Eine gleicherma\u00dfen derart diffamierende und unangemessene Kritik hat es in Ihrem Blatt bislang nicht gegeben! Einem Mann gegen\u00fcber wohlgemerkt, der seit Jahrzehnten ein seri\u00f6ses Gesch\u00e4ft mit internationaler Anerkennung betreibt! <\/p>\n<p>Offenbar hat sich sogar der <strong>DEUTSCHE PRESSERAT<\/strong> mit dieser Angelegenheit besch\u00e4ftigt! <\/p>\n<p>Kann man das so stehen lassen? Was raten Sie mir? <\/p>\n<p>Haben Ihre Mitarbeiter hier gar die Zustimmung ihres Verlegers? <\/p>\n<p>Die Aussagen meiner Anw\u00e4lte waren jedenfalls deutlich. Ich habe dies gleichwohl nicht weiter verfolgt, weil sich ein Teilnehmer ( ANSGAR SCHOELLGEN ) des TRANS OCEAN RUNDEN TISCHES in D\u00fcsseldorf im Januar bereit erkl\u00e4rt hatte, mit JOCHEN RIEKER eine MEDIATION herbeizuf\u00fchren, die meine Interessen ber\u00fccksichtigt \u2013 und die Wogen gl\u00e4ttet! Dies Gespr\u00e4ch wurde auf der BOOT zwischen Ansgar Schoellgen und Jochen Rieker erstmals gef\u00fchrt \u2013 sp\u00e4ter folgten weitere Gespr\u00e4che \u2013 so wurde mir berichtet! <\/p>\n<p>Demnach sicherte JOCHEN RIEKER eine Korrektur des verheerenden Berichtes von UWE JANSSEN zu \u2013 sowie einen umfangreichen Bericht \u00fcber die Vorg\u00e4nge in Cuxhaven. <\/p>\n<p>Gleichwohl ist bis heute nichts passiert \u2013 abgesehen vom Rat eines Insiders, die Zusammenh\u00e4nge einmal offen zu benennen \u2013 was ich ohnehin f\u00fcr den besten Weg halte! <\/p>\n<p>Der Schlagabtausch hatte seinen Niederschlag im <a href=\"http:\/\/forum.yacht.de\/showthread.php?128607-Trans-Ocean-der-R%FCckttritt-von-Bernd-Luetgebrune&#038;p=1048093#post1048093\" target=\"_blank\">YACHT FORUM<\/a> <\/p>\n<p><strong>HEUTE IST FESTZUSTELLEN: <\/strong> <\/p>\n<p>Die Vorg\u00e4nge um den fr\u00fcheren <strong>TRANS OCEAN VORSTAND<\/strong> in Cuxhaven waren justitiabel \u2013 UWE JANSSEN\u00b4s Aussage war demnach sachlich unrichtig und in Bezug auf meine Person erkennbar unzutreffend \u2013 denn mein Ziel, einen grundlegenden Wandel im TO herbeizuf\u00fchren \u2013 wurde durch meine Aktivit\u00e4ten erreicht \u2013 mein Mitwirken zum NEUEN TO sogar in Ihrem Blatt gew\u00fcrdigt. <\/p>\n<p>Es h\u00e4tte der YACHT gut zu Gesicht gestanden, zu diesem brisanten Thema einen sauberen journalistischen Bericht abzugeben! Darauf allerdings warten die YACHT Leser bis heute vergeblich! <\/p>\n<p>Nicht nur nach meiner Auffassung w\u00e4re es Pflicht und K\u00fcr f\u00fcr ein \u201ef\u00fchrendes Segelmagazin\u201c gewesen, \u00fcber die Vorg\u00e4nge in Deutschland\u00b4s renommiertestem Segelverein zu berichten, der Ihrem Blatt und Verlag stetig neue Autoren, Reportagen und Berichte gebiert, denn nahezu s\u00e4mtliche Ihrer Blauwasser Autoren sind im TO zu hause. <\/p>\n<p>Stattdessen lassen Sie zu, einen Mann an den Pranger zu stellen, der seit Jahrzehnten ohne nennenswerte Werbung oder Inserate \u2013 seine Produkte durch Mund-zu-Mund-Propaganda seri\u00f6s weltweit verkauft \u2013 dessen Reputation Grundstein gegenseitigen Vertrauens in der weltweiten Blauwasser Community geworden ist! <\/p>\n<p>Soll ich \u00fcber ein derartiges Verhalten Ihrer Mitarbeiter nun Lachen oder Weinen? <\/p>\n<p>Unglaublich \u2013 w\u00e4re f\u00fcr mich die treffendere Vokabel! <\/p>\n<p>Interessant \u00fcbrigens, dass dieser Angriff von dem gleichen Mann kommt, der wenige Monaten zuvor bei mir auf dem Sofa gesessen hat, um von mir neueste Informationen \u00fcber LAURA DEKKER zu erhalten! Ein Mann, der sp\u00e4ter im EDITORIAL verk\u00fcndete, dass die YACHT \u00fcber dieses M\u00e4dchen fortan nicht weiter berichten werde! <\/p>\n<p>Wie wir ja nun alle wissen, musste dies Versprechen zwischenzeitlich korrigiert werden \u2013 denn auch LAURA ist nun in Ihrem Autoren Stall angekommen \u2013 und die YACHT hat wieder gro\u00df berichtet! <\/p>\n<p>Besitzen Journalisten bei Ihnen Narrenfreiheit \u2013 haben sie die Bodenhaftung verloren? <\/p>\n<p>Gibt es niemanden, der die Herren einmal zur Rechenschaft zieht? Nach meinem Verst\u00e4ndnis w\u00e4re es die Aufgabe eines Verlegers, hier regulierend einzugreifen \u2013 wie es fr\u00fcher Jahrzehntelang durch Ihren Vater freundlich aber nachdr\u00fccklich gehandhabt wurde! <\/p>\n<p>Der Bericht \u00fcber LEHRSTUNDEN des TO <a href=\"https:\/\/windpilot.com\/blog\/de\/trans-ocean-news\/deutsch-15-lehrstunden\/ \">ist hier zu lesen<\/a> <\/p>\n<p>oder bei <a href=\"http:\/\/segelreporter.com\/blog\/2012\/01\/03\/krise-bei-trans-ocean-peter-foerthmann-aeussert-scharfe-kritik\/ \">SEGELREPORTER.com<\/a> <\/p>\n<p>Die Resonanz auf den polemisierenden Bericht von UWE JANSSEN war erstaunlich. Mir liegen Kommentare von Seglern vor, die den Stil Ihrer Blattmacher kaum glauben k\u00f6nnen! Zudem zeigt ein Schriftwechsel zwischen einem aufgebrachten YACHT LESER mit UWE JANSSEN \u2013 der Ihnen in Kopie vorliegt \u2013 dass Ihr Mitarbeiter recht offenbar auf seinem Standpunkt verharrt. Nicht nur diesen Leser haben Sie als Abonnenten zwischenzeitlich verloren! <\/p>\n<p>Sp\u00e4testens bei K\u00fcndigung von Abonnenten klingelte fr\u00fcher in Bielefeld zuverl\u00e4ssig der Wecker! <\/p>\n<p>Wollen wir hier gemeinsam Vermutungen \u00fcber die Gr\u00fcnde anstellen, warum ein Journalist seine journalistischen Grunds\u00e4tze \u201evergisst\u201c und sich zu einem derart misslichen \u2013 gleichwohl unpassendem \u2013 Bericht hat hin rei\u00dfen lassen? <\/p>\n<p>Befinden wir uns hier in einem Kameraden Kl\u00fcngel, in dem gemeinsam \u2013 und vermeintlich solidarisch \u2013 gegen Kritiker vorgegangen wird \u2013 weil man mit der hier ge\u00e4u\u00dferten Kritik \u2013 aus welchen nahe liegendem Grund auch immer \u2013 nicht umzugehen bereit oder in der Lage ist? Der Kreis der m\u00f6glichen Personen l\u00e4sst sich an wenigen Fingern abz\u00e4hlen! Soll ich Ihnen helfen? <\/p>\n<p>Merkw\u00fcrdig, dass hier die gleichen Personen agieren, die auch im Fall L\u00fcchtenborg Ihren YACHT LESERN bis heute eine abschlie\u00dfende Erkl\u00e4rung schuldig geblieben sind! <\/p>\n<p>In Cuxhaven jedenfalls ist deutlich geworden, dass meine Kritik am TO eher noch zu weich gesp\u00fclt gewesen ist. Nach meinem Verst\u00e4ndnis hat sich ein Chefredakteur angesichts eines derartigen Fauxpas selbst in den Schuh geschossen! <\/p>\n<p>So gesehen ein Bermuda Dreieck, in dem ein TO Vorstand samt Labskaus Kl\u00fcngel, auch die Chefredaktion einer auf ihren Ruf bedachten YACHT Zeitung, gemeinsam Baden gegangen ist! <\/p>\n<p>Seri\u00f6ser Journalismus sieht \u2013 ich entschuldige mich hier nicht \u2013 anders aus! <\/p>\n<p>Gern h\u00e4tte ich Ihre Stellungnahme zu den Vorg\u00e4ngen im Tollhaus Raboisen #8 <\/p>\n<p>Peter Foerthmann<\/p>\n","protected":false},"excerpt":{"rendered":"<p>Brief an Konrad Delius 2.4.2012 Sehr geehrter Konrad Delius, am 8.7.2011 hatte ich Ihnen einen Brief \/ Mail geschrieben, der nun seit neun Monate ohne Antwort geblieben ist! Zur Erinnerung hier der Inhalt Ich war der Meinung, dass es einen &hellip; <a href=\"https:\/\/windpilot.com\/blog\/deutsch-yacht-delius-klasing\/deutsch-brief-an-konrad-delius\/\">Weiterlesen <span class=\"meta-nav\">&rarr;<\/span><\/a><\/p>\n","protected":false},"author":1,"featured_media":0,"parent":9971,"menu_order":1,"comment_status":"open","ping_status":"closed","template":"","meta":{"footnotes":""},"class_list":["post-6749","page","type-page","status-publish","hentry"],"_links":{"self":[{"href":"https:\/\/windpilot.com\/blog\/wp-json\/wp\/v2\/pages\/6749","targetHints":{"allow":["GET"]}}],"collection":[{"href":"https:\/\/windpilot.com\/blog\/wp-json\/wp\/v2\/pages"}],"about":[{"href":"https:\/\/windpilot.com\/blog\/wp-json\/wp\/v2\/types\/page"}],"author":[{"embeddable":true,"href":"https:\/\/windpilot.com\/blog\/wp-json\/wp\/v2\/users\/1"}],"replies":[{"embeddable":true,"href":"https:\/\/windpilot.com\/blog\/wp-json\/wp\/v2\/comments?post=6749"}],"version-history":[{"count":1,"href":"https:\/\/windpilot.com\/blog\/wp-json\/wp\/v2\/pages\/6749\/revisions"}],"predecessor-version":[{"id":9977,"href":"https:\/\/windpilot.com\/blog\/wp-json\/wp\/v2\/pages\/6749\/revisions\/9977"}],"up":[{"embeddable":true,"href":"https:\/\/windpilot.com\/blog\/wp-json\/wp\/v2\/pages\/9971"}],"wp:attachment":[{"href":"https:\/\/windpilot.com\/blog\/wp-json\/wp\/v2\/media?parent=6749"}],"curies":[{"name":"wp","href":"https:\/\/api.w.org\/{rel}","templated":true}]}}