{"id":7171,"date":"2012-10-02T07:02:39","date_gmt":"2012-10-02T14:02:39","guid":{"rendered":"https:\/\/windpilot.com\/blog\/?page_id=7171"},"modified":"2012-11-28T10:12:29","modified_gmt":"2012-11-28T17:12:29","slug":"deutsch-hypothese-oder-boser-traum","status":"publish","type":"page","link":"https:\/\/windpilot.com\/blog\/trans-ocean-news\/deutsch-die-verlorene-ehre-des-trans-ocean-e-v\/deutsch-hypothese-oder-boser-traum\/","title":{"rendered":"Hypothese &#8211; Traum?"},"content":{"rendered":"<p><a href=\"https:\/\/windpilot.com\/blog\/wp-content\/uploads\/2012\/10\/P1050016.jpg\"><img loading=\"lazy\" decoding=\"async\" src=\"https:\/\/windpilot.com\/blog\/wp-content\/uploads\/2012\/10\/P1050016-225x300.jpg\" alt=\"\" title=\"P1050016\" width=\"225\" height=\"300\" class=\"alignleft size-medium wp-image-7185\" srcset=\"https:\/\/windpilot.com\/blog\/wp-content\/uploads\/2012\/10\/P1050016-225x300.jpg 225w, https:\/\/windpilot.com\/blog\/wp-content\/uploads\/2012\/10\/P1050016-768x1024.jpg 768w, https:\/\/windpilot.com\/blog\/wp-content\/uploads\/2012\/10\/P1050016.jpg 1920w\" sizes=\"auto, (max-width: 225px) 100vw, 225px\" \/><\/a><\/a>Das Schicksal der <strong>Familie Lelijveld SV Drifter<\/strong> ber\u00fchrt jeden, der davon Kenntnis erlangt! Gleichwohl verharren Vorst\u00e4nde des gr\u00f6\u00dften deutschen Vereins der Blauwassersegler seit vier Jahren in einer Warteschleife, die man durch entschlossenes Handeln recht einfach h\u00e4tte beenden k\u00f6nnen, wenn man den Seglern h\u00e4tte wirklich helfen wollen!  Das Leben der Familie Lelijveld ist bis heute beschwerlich, da ihnen die Lebensersparnisse verloren gegangen sind und sie mit verringerter Rente leben m\u00fcssen.<\/p>\n<p>Dies Drama ist in der internationalen Segler Community im Pazifik seit Jahren Gespr\u00e4chsstoff, es hat Proteste gegeben, Vereinsaustritte, pers\u00f6nliche Briefe an den Vorstand &#8211; hingegen ist bis heute in Cuxhaven nichts geschehen!<\/p>\n<p>Nach meiner Auffassung hat sich durch das unselige Verharren des TO Vorstands die Schuld gegen\u00fcber den beiden Seglern seither vergr\u00f6\u00dfert! Es hat jedoch den Anschein, als wenn der Vorstand diesen Standpunkt nicht teilen kann! Dies ist der Grund, mich hier zu engagieren.<\/p>\n<p>Wir wissen heute, da\u00df der TO, vertreten durch <strong>CuxEnterprise<\/strong> im Fall Drifter Krankenkassenbeitr\u00e4ge nicht weitergeleitet hat. Herr R\u00f6ttgering hat dies offenbar einger\u00e4umt und davon gesprochen, das die dort arbeitende Dame mit dieser Aufgabe \u00fcberfordert war, was ebenso offenbar vom fr\u00fcheren Vorsitzenden best\u00e4tigt worden ist! <\/p>\n<p><strong>EIN GEDANKENSPIEL<\/strong><br \/>\nDiese Aussage w\u00e4re wohl so nicht zu vertreten, wenn Krankenkassenbeitr\u00e4ge in nur einem Fall nicht weitergeleitet worden w\u00e4ren!<br \/>\n&#8211; Haben wir vielleicht zu vermuten, das dies in mehreren F\u00e4llen nicht geschehen ist?<br \/>\n&#8211; Sollen wir annehmen, das man im Versicherungs B\u00fcro generell die Aufgaben gar nicht kannte?<br \/>\n&#8211; Wurde hier nach einem Zufallsprinzip vorgegangen?<br \/>\n&#8211; Oder gab es hier vielleicht sogar eine geplante Vorgehensweise?<br \/>\n&#8211; Wenn der DRIFTER Fall nicht eingetreten w\u00e4re, h\u00e4tte ggf. keiner etwas bemerkt?<\/p>\n<p>Eine Anfrage bei der <strong>W\u00dcRTTEMBERGISCHEN<\/strong> w\u00fcrde schnell Klarheit schaffen, ersatzweise die Bankbelege der betreffenden Jahre. Hat der Vorstand dies unternommen?<\/p>\n<p>Es kann als sicher angenommen werden, dass alle Vorst\u00e4nde bis heute die wahren Zusammenh\u00e4nge kennen &#8211; es allerdings &#8211; vermutlich vors\u00e4tzlich &#8211; bis heute unterlassen haben, die Mitglieder umfassend dar\u00fcber zu informieren!<\/p>\n<p><a href=\"https:\/\/windpilot.com\/blog\/wp-content\/uploads\/2012\/10\/krokedil2-017-Kopie.jpg\"><img loading=\"lazy\" decoding=\"async\" src=\"https:\/\/windpilot.com\/blog\/wp-content\/uploads\/2012\/10\/krokedil2-017-Kopie-1024x576.jpg\" alt=\"\" title=\"krokedil2-017 Kopie\" width=\"640\" height=\"360\" class=\"aligncenter size-large wp-image-7175\" srcset=\"https:\/\/windpilot.com\/blog\/wp-content\/uploads\/2012\/10\/krokedil2-017-Kopie-1024x576.jpg 1024w, https:\/\/windpilot.com\/blog\/wp-content\/uploads\/2012\/10\/krokedil2-017-Kopie-300x168.jpg 300w\" sizes=\"auto, (max-width: 640px) 100vw, 640px\" \/><\/a>Eine Internet Recherche nach CuxEnterprise zeigt als Gesellschafter 25% Lydia Kluth 75% Enterprise Ideas ltd. mit einer Londoner Adresse sowie 0904 1,53-GBP-telefonnummer. Es stellt sich die Frage, wer dahinter steckt! Die Gesellschaft wurde von Amts wegen aufgrund von Verm\u00f6gensslosigkeit eingestellt &#8211; wenngleich ohne Insolvenz Bekanntmachung. Derartige Konzepte werden gern gew\u00e4hlt, um Beteiligungen und deren Hinterm\u00e4nner verdeckt zu halten &#8211; die Dame k\u00f6nnte durchaus nur das Aush\u00e4ngeschild gewesen sein!<\/p>\n<p><a href=\"https:\/\/windpilot.com\/blog\/wp-content\/uploads\/2012\/10\/Satte-Schlange.jpg\"><img loading=\"lazy\" decoding=\"async\" src=\"https:\/\/windpilot.com\/blog\/wp-content\/uploads\/2012\/10\/Satte-Schlange.jpg\" alt=\"\" title=\"Satte Schlange\" width=\"689\" height=\"385\" class=\"aligncenter size-full wp-image-7189\" srcset=\"https:\/\/windpilot.com\/blog\/wp-content\/uploads\/2012\/10\/Satte-Schlange.jpg 689w, https:\/\/windpilot.com\/blog\/wp-content\/uploads\/2012\/10\/Satte-Schlange-300x167.jpg 300w\" sizes=\"auto, (max-width: 689px) 100vw, 689px\" \/><\/a>Dann w\u00e4re es nur noch ein kleiner Vermutungs Schritt, von gezieltem Handlungswillen auszugehen, ggf sogar der vollst\u00e4ndigen Unterschlagung zumindest der Krankenkassenbeitr\u00e4ge, die von den Mitgliedern nicht selber kontrolliert wurden &#8211; also alle &#8211; die der TO hingegen s\u00e4mtlich auf seinem Konto verbucht hat. Auch dies eigentlich recht einfach nachzupr\u00fcfen!<\/p>\n<p><strong>Durchatmen: So etwas soll in unserem Verein geschehen sein?<br \/>\n<\/strong><br \/>\n<strong>Ist hier jemand wieder oder noch immer \u00fcberrascht?<br \/>\n<\/strong><br \/>\nDie Vorgehensweise des Cuxhaven Kl\u00fcngels erinnert mich an die Abl\u00e4ufe auf der vergangenen ao Hv: <strong>Peter F\u00f6rthmann<\/strong> wird als Spinner tituliert, argumentiere kontrapunktiv, polemisch sogar vereinssch\u00e4digend!  Kurz, der Mann wird trotz aller versuchten Offenheit konsequent umgangen \/ ausgeschlossen \/ stigmatisiert! Sogar der <strong>CHEFREDAKTEUR<\/strong> einer gro\u00dfen deutschen <strong>YACHTZEITUNG<\/strong> &#8211; deren Name mir gerade entfallen ist &#8211; f\u00e4hrt das schwerste Gesch\u00fctz diffamierender Schreibkunst auf &#8211; um Peter F\u00f6rthmann f\u00fcr seine st\u00f6renden Aktivit\u00e4ten zu bestrafen! Bis heute \u00fcbrigens unwiderrufen!<\/p>\n<p>Der Fall Drifter kommt nun v\u00f6llig \u00fcberraschend und es kommen sofort die Vorschl\u00e4ge aus der Seglergemeinde, hier nun einen Klingelbeutel einsetzen &#8211; anstatt die Augen endlich ganz weit zu \u00f6ffnen und in den Abgrund zu sehen, der sich scheinbar vor uns \u00f6ffnet:<\/p>\n<p>Der TO als Teil einer kriminellen Vereinigung? Zu dick aufgetragen?<br \/>\nGegenfrage: wer h\u00e4tte vor 10 Monaten wohl vermutet, dass es einen Fall Drifter geben k\u00f6nnte? <\/p>\n<p><a href=\"https:\/\/windpilot.com\/blog\/wp-content\/uploads\/2012\/10\/Kuh-Pick-Up-Kopie-2.jpg\"><img loading=\"lazy\" decoding=\"async\" src=\"https:\/\/windpilot.com\/blog\/wp-content\/uploads\/2012\/10\/Kuh-Pick-Up-Kopie-2-1024x768.jpg\" alt=\"\" title=\"Kuh Pick Up Kopie 2\" width=\"640\" height=\"480\" class=\"aligncenter size-large wp-image-7176\" srcset=\"https:\/\/windpilot.com\/blog\/wp-content\/uploads\/2012\/10\/Kuh-Pick-Up-Kopie-2-1024x768.jpg 1024w, https:\/\/windpilot.com\/blog\/wp-content\/uploads\/2012\/10\/Kuh-Pick-Up-Kopie-2-300x225.jpg 300w, https:\/\/windpilot.com\/blog\/wp-content\/uploads\/2012\/10\/Kuh-Pick-Up-Kopie-2.jpg 1600w\" sizes=\"auto, (max-width: 640px) 100vw, 640px\" \/><\/a>Dieser Fall wirft seinen Schatten auf die Missetaten der Vergangenheit, wir werden nicht umhin kommen, unsere Augen nun mit Gewalt zu \u00f6ffnen!<\/p>\n<p>Interessant, dass die derzeitige Situation nur darum entstanden ist, weil der Vorstand hoffte, im kleinen Kreis einer treuen Mitgliederschaft, diese auf der MV von seiner Darstellung der DRIFTER-Situation zu \u00fcberzeugen &#8211; unbehelligt von Fragen der breiten Mitgliederschaft? <strong>MERKE<\/strong>: Uwe R\u00f6ttgering hat die Eckpunkte bereits angedeutet: ggf. Verj\u00e4hrung, bzw. notwendiges Verfahren gegen CuxEnterprise! <\/p>\n<p>Mit dieser Taktik h\u00e4tte man vielleicht sogar durchkommen k\u00f6nnen &#8211; mit einer blamablen Entsch\u00e4digung von EUR 10.000!  Mit Verlaub, f\u00fcr mich w\u00e4re das dann eine Problem-Beerdigung erster Klasse geworden! <\/p>\n<p>Auch wenn\u00b4s weh\u00b4tut: der TO schuldet hier ca US $  110.000 &#8211; ideell hingegen erheblich mehr! Zur Erinnerung: der TO Kassenbestand weist einen eklatant 6-stelligen Betrag auf!<\/p>\n<p>Ich entschuldige mich hier nicht, wenn ich behaupte:<br \/>\n <strong>DER ALTE TO SCHEINT IMMER NOCH H\u00d6CHST VIRIL!<\/strong><\/p>\n<p>Es w\u00e4re nur sch\u00f6n, wenn dies in der breiten Mitgliederschaft gen\u00fcgend Verbreitung finden w\u00fcrde, denn mir fehlt der Glaube, dass ein derartiges Verhalten die Zustimmung von 5000 Seglern finden kann, die aus ganz idealistischen Gr\u00fcnden dieser Vereinigung beigetreten sind!<\/p>\n<p>Noch sch\u00f6ner w\u00e4re es, wenn der oben beschriebene b\u00f6se Traum wirklich nur eine Hypothesen Blase w\u00e4re &#8211; ich w\u00fcrde mich durch deutliche Antworten nur allzu gern davon \u00fcberzeugen lassen, dass ich tats\u00e4chlich nur b\u00f6se getr\u00e4umt h\u00e4tte. Mit Offenheit sind Unklarheiten am einfachsten zu kl\u00e4ren! Dies ist \u00fcbrigens mein Credo seit 14 Monaten!<\/p>\n<p><strong>Ich jedenfalls, habe heute meine TO Mitgliedschaft gek\u00fcndigt<\/strong>, weil ich den Glauben daran verloren habe, dass man Beton bewegen kann, wenn er so tief und fest im Hafenschlick von Cuxhaven verankert ist.<\/p>\n<p>Peter Foerthmann<\/p>\n","protected":false},"excerpt":{"rendered":"<p>Das Schicksal der Familie Lelijveld SV Drifter ber\u00fchrt jeden, der davon Kenntnis erlangt! Gleichwohl verharren Vorst\u00e4nde des gr\u00f6\u00dften deutschen Vereins der Blauwassersegler seit vier Jahren in einer Warteschleife, die man durch entschlossenes Handeln recht einfach h\u00e4tte beenden k\u00f6nnen, wenn man &hellip; <a href=\"https:\/\/windpilot.com\/blog\/trans-ocean-news\/deutsch-die-verlorene-ehre-des-trans-ocean-e-v\/deutsch-hypothese-oder-boser-traum\/\">Weiterlesen <span class=\"meta-nav\">&rarr;<\/span><\/a><\/p>\n","protected":false},"author":1,"featured_media":0,"parent":7130,"menu_order":1,"comment_status":"open","ping_status":"closed","template":"","meta":{"footnotes":""},"class_list":["post-7171","page","type-page","status-publish","hentry"],"_links":{"self":[{"href":"https:\/\/windpilot.com\/blog\/wp-json\/wp\/v2\/pages\/7171","targetHints":{"allow":["GET"]}}],"collection":[{"href":"https:\/\/windpilot.com\/blog\/wp-json\/wp\/v2\/pages"}],"about":[{"href":"https:\/\/windpilot.com\/blog\/wp-json\/wp\/v2\/types\/page"}],"author":[{"embeddable":true,"href":"https:\/\/windpilot.com\/blog\/wp-json\/wp\/v2\/users\/1"}],"replies":[{"embeddable":true,"href":"https:\/\/windpilot.com\/blog\/wp-json\/wp\/v2\/comments?post=7171"}],"version-history":[{"count":0,"href":"https:\/\/windpilot.com\/blog\/wp-json\/wp\/v2\/pages\/7171\/revisions"}],"up":[{"embeddable":true,"href":"https:\/\/windpilot.com\/blog\/wp-json\/wp\/v2\/pages\/7130"}],"wp:attachment":[{"href":"https:\/\/windpilot.com\/blog\/wp-json\/wp\/v2\/media?parent=7171"}],"curies":[{"name":"wp","href":"https:\/\/api.w.org\/{rel}","templated":true}]}}