{"id":7197,"date":"2012-10-09T10:03:18","date_gmt":"2012-10-09T17:03:18","guid":{"rendered":"https:\/\/windpilot.com\/blog\/?page_id=7197"},"modified":"2012-11-28T10:14:54","modified_gmt":"2012-11-28T17:14:54","slug":"deutsch-martin-birkhoff-to-vorstand","status":"publish","type":"page","link":"https:\/\/windpilot.com\/blog\/trans-ocean-news\/deutsch-die-verlorene-ehre-des-trans-ocean-e-v\/deutsch-martin-birkhoff-to-vorstand\/","title":{"rendered":"Martin Birkhoff I"},"content":{"rendered":"<p><strong>DIALOG MARTIN BIRKHOFF &#8211; PETER FOERTHMANN<\/p>\n<p><\/strong><\/p>\n<p><a href=\"https:\/\/windpilot.com\/blog\/wp-content\/uploads\/2012\/10\/08_Comet1000_Pacific.jpg\"><img loading=\"lazy\" decoding=\"async\" class=\"alignleft size-medium wp-image-7203\" title=\"08_Comet1000_Pacific\" src=\"https:\/\/windpilot.com\/blog\/wp-content\/uploads\/2012\/10\/08_Comet1000_Pacific-300x225.jpg\" alt=\"\" width=\"300\" height=\"225\" srcset=\"https:\/\/windpilot.com\/blog\/wp-content\/uploads\/2012\/10\/08_Comet1000_Pacific-300x225.jpg 300w, https:\/\/windpilot.com\/blog\/wp-content\/uploads\/2012\/10\/08_Comet1000_Pacific-1024x768.jpg 1024w, https:\/\/windpilot.com\/blog\/wp-content\/uploads\/2012\/10\/08_Comet1000_Pacific.jpg 1280w\" sizes=\"auto, (max-width: 300px) 100vw, 300px\" \/><\/a><strong>EINSCHREIBEN datiert mit dem 1.10.2012<\/strong><\/p>\n<p>In Cuxhaven bei der Post aufgegeben am 4.10.2012<\/p>\n<p>Sehr geehrter Herr Foerthmann,<\/p>\n<p>der Vorstand von TO kann mit Kritik gut leben, solange ein Mindestma\u00df an Sachlichkeit gewahrt wird und zumindest das Bem\u00fchen erkennbar ist, sauber mit Fakten umzugehen. Gemessen an diesen Ma\u00dfst\u00e4ben waren Ihre bisherigen Beitr\u00e4ge im TO-Forum bislang schon bedenklich. Ihr letztes Posting \u00fcber den Fall des Ehepaares, das auf seinen Krankenhauskosten sitzen geblieben ist, hat in unseren Augen aber die Grenze zum Verleumderischen \u00fcberschritten. Statt direkt den Kontakt mit dem Vorstand zu suchen und ggf. Fragen zu kl\u00e4ren, gehen Sie mit Halbwahrheiten, Unterstellungen und Vermutungen an die \u00d6ffentlichkleit. Das ist nicht nur ein schlechter Stil, es n\u00fctzt auch weder dem Verein, noch der Durchsetzung der Anliegen, die Sie vorgeben zu vertreten.<\/p>\n<p>Aus diesem Grund haben wir Ihren Beitrag l\u00f6schen und Ihren Zugang zum TO Forum sperren lassen. Da wir davon ausgehen m\u00fcssen, dass Sie ihren privaten Feldzug auf Ihrem Blog fortsetzen werden, m\u00f6chten wir Sie darauf hinweisen, dass wir Aussagen verleumderischen Charakters auch in Ihrem Blog nicht hinnehmen werden.<\/p>\n<p>Gerne f\u00fchren wir mit Ihnen einen &#8211; auch \u00f6ffentlichen &#8211; Dialog. Allerdings nicht in dem formalen und inhaltlichen Rahmen, de Sie meinen, uns vorgeben zu k\u00f6nnen.<\/p>\n<p>Mit freundlichen Gruessen<\/p>\n<p>fuer den Vorstand<\/p>\n<p>Martin Birkhoff<\/p>\n<p>&#8212;&#8212;&#8212;&#8212;&#8212;&#8212;&#8212;&#8212;&#8211;<\/p>\n<p><strong>Die Antwort am 6.10.2012<\/strong><\/p>\n<p><a href=\"https:\/\/windpilot.com\/blog\/wp-content\/uploads\/2012\/10\/FirstBlauRoteMuetzen.jpg\"><img loading=\"lazy\" decoding=\"async\" class=\"aligncenter size-large wp-image-7205\" title=\"FirstBlauRoteMuetzen\" src=\"https:\/\/windpilot.com\/blog\/wp-content\/uploads\/2012\/10\/FirstBlauRoteMuetzen-1024x677.jpg\" alt=\"\" width=\"640\" height=\"423\" srcset=\"https:\/\/windpilot.com\/blog\/wp-content\/uploads\/2012\/10\/FirstBlauRoteMuetzen-1024x677.jpg 1024w, https:\/\/windpilot.com\/blog\/wp-content\/uploads\/2012\/10\/FirstBlauRoteMuetzen-300x198.jpg 300w\" sizes=\"auto, (max-width: 640px) 100vw, 640px\" \/><\/a><strong>Guten Morgen Martin Birkhoff<\/strong><\/p>\n<p>Sofern ich Verleumdungen oder falsche Anschuldigungen ausgesprochen haben sollte, m\u00f6chte ich diese gerne \u00f6ffentlich zur\u00fccknehmen! Sofern ich falsche Tatsachen behauptet habe, m\u00f6chte ich diese gerne korrigieren!<\/p>\n<p><strong>Alles was ich dazu ben\u00f6tige, sind Fakten!<\/strong><\/p>\n<p>Fakten, die sie kennen, die sie hingegen weder mir noch den Mitgliedern des TO bis heute zug\u00e4nglich gemacht haben. Unn\u00f6tig, Sie daran zu erinnern, dass sie mit dem Vorsatz, mehr Transparenz schaffen zu wollen, angetreten sind! Vorkommnisse des Vereinsgeschehens sind keineswegs Geheimwissen des Vorstands, geh\u00f6ren hingegen dem Wesen nach ebenso der Mitgliederschaft. Hatte nicht Andreas Huelsenberg einmal ge\u00e4u\u00dfert, er k\u00f6nne sich \u00f6ffentliche Vorstandssitzungen vorstellen, weil seiner Meinung nach ein Verein wie der TO \u00fcberhaupt keine Geheimnisse kennen sollte? Sie haben die neue Satzung vor einigen Monaten vorgestellt. Warum haben Sie es unterlassen, den f\u00fcr den Verein so elementaren &#8211; und teuren &#8211; Fall der Familie Lelijveld den Mitgliedern zu unterbreiten?<\/p>\n<p>Uwe R\u00f6ttgering hat der Familie Lelijveld am 8.Mai 2012 eine Mail geschickt. Ich zitiere den entscheidenden Satz:&#8220; Therefore I would be glad if I would get your permission to publish your e-mail or extracts of it in our club magazine because your case was kept as a kind of secret by the former board and only a few people know, what happened to you.&#8220; ( Deutsch: Darum w\u00e4re ich Ihnen dankbar, wenn ich Ihre Erlaubnis bekommen k\u00f6nnte, Ihre Mail an den TO ganz, oder in Ausz\u00fcgen, in unserer Vereins Zeitung zu publizieren, weil Ihr Fall bislang als eine Art Geheimnis des vorherigen Vorstandes angesehen worden ist und nur wenige Menschen Kenntnis \u00fcber diesen Fall erlangt haben\u201c)<\/p>\n<p>Uwe scheint offenbar dabei au\u00dfer acht gelassen zu haben,<\/p>\n<p>&#8211; da\u00df das Thema Drifter unter TO Seglern &#8211; sowie der internationalen Bluewater Community im Pacific &#8211; nicht gerade unbekannt geblieben ist!<\/p>\n<p>&#8211; da\u00df dieser Fall, wie auch die Ereignisse rund um die Krankenversicherung, bereits zu vielen Austritten gef\u00fchrt hat!<\/p>\n<p>Kann es vielleicht sein, dass Uwe die Mitglieder schon im Mai informieren wollte &#8211; dies aber &#8211; aus bisher unbekannten Gr\u00fcnden &#8211; dann unterlassen wurde? Heute argumentiert Uwe im Forum, da\u00df Dinge, die strafrechtliche Hintergr\u00fcnde haben, nicht in die Vereins\u00f6ffentlichkeit geh\u00f6ren, solange die Ermittlungen nicht abgeschlossen sind. Offenbar wissend, dass schon im Mai klar gewesen ist, dass es einen Antrag in dieser Sache geben w\u00fcrde! Zitat Uwe:&#8220; the general assembly of the club has the final word in this issue&#8220; und dann damit Vereins\u00f6ffentlichkeit hergestellt werden wird! ( Deutsch: die MV hat die finale Entscheidung in dieser Angelegenheit )<\/p>\n<p>Ich k\u00f6nnte jetzt die Widerspr\u00fcche und Verwicklungen noch weiter ausf\u00fchren:<\/p>\n<p>&#8211; \u00fcber Andreas Huelsenbergs Mitwisserschaft liegen Beweise vor!<\/p>\n<p>&#8211; \u00fcber die Tatsache, dass dieser Fall am Runden Tisch verschwiegen wurde, ebenfalls!<\/p>\n<p>Mein Ziel war es stets, dass Ihre eigenen Ank\u00fcndigungen umgesetzt werden! Geben Sie den Mitgliedern das Wissen, das ihnen zusteht! Durch Ihre Taktik der Nicht-Information, haben sie erreicht, dass kein Antrag, au\u00dfer dem des Vorstands, zur Abstimmung gelangen kann! Nennen Sie das eine Leistung im Interesse des Vereins? Nein, f\u00fcr mich stellt dies eine Missachtung der Rechte der Mitglieder dar: <strong>dem Recht auf Stellung von Antr\u00e4gen<\/strong>! Wenn Sie den Mitgliedern relevante Sachverhalte vorenthalten, die Sie gleichwohl auf der kommenden MV zu behandeln planen, verhindern Sie vors\u00e4tzlich, dass die Mitglieder ihr Recht auf Antragstellung wahrnehmen k\u00f6nnen! Exakt dies habe ich im Forum ausgef\u00fchrt, bevor mein Zugang von Ihnen gesperrt und mein Posting gel\u00f6scht wurde!<\/p>\n<p>Ich bin gerne bereit, meine \u00d6ffentlichkeitsarbeit einzustellen, wenn Sie im Gegenzug Ihr eigenes Wissen und das Wissen des gesamten Vorstands vollst\u00e4ndig offenbaren und verdeutlichen,<\/p>\n<p>&#8211; wo Sie die Verantwortlichkeiten sehen?<\/p>\n<p>&#8211; welche Verfehlungen von ehemaligen oder amtierenden Vorstandsmitgliedern Ihnen bekannt sind?<\/p>\n<p>&#8211; welche Regre\u00df Ma\u00dfnahmen sie eingeleitet haben, oder gedenken, einzuleiten?<\/p>\n<p>Aus Erfahrung wissen wir doch beide, dass sich das Wissen um die Zusammenh\u00e4nge nun nicht mehr unter der Decke halten l\u00e4sst! Je l\u00e4nger Sie z\u00f6gern, desto l\u00e4nger werden Mitglieder und Verein belastet!<\/p>\n<p><strong>Die Mitglieder haben das Recht auf Kenntnis<\/p>\n<p>&#8211; s\u00e4mtlicher Details des Krankenversicherungs Deals,<\/p>\n<p>&#8211; der Rolle von CuxEnterprise samt derer Strukturen und Eigentumsverh\u00e4ltnissen<\/p>\n<p>&#8211; s\u00e4mtlicher ggf. bis heute noch gar nicht bekannten weiteren Verfehlungen<\/p>\n<p><\/strong><\/p>\n<p>Nur dann k\u00f6nnen die Mitglieder in vollinhaltlicher Kenntnis s\u00e4mtlicher Details im Fall Drifter auf der MV abstimmen!<\/p>\n<p>Wohlgemerkt: Es besteht keine Verdunkelungsgefahr, denn die Fakten sind bei Ihnen vollst\u00e4ndig vorhanden, sie sind ggf. sicherlich sogar auf Kontoausz\u00fcgen nachzulesen!<\/p>\n<p>Au\u00dferdem bitte ich Sie, Ihren VORSTANDS ANTRAG in einer Weise zu interpretieren, dass Ihre Nennung einer Entsch\u00e4digungssumme von lediglich EUR 10.000, nur symbolisch gemeint gewesen ist, Sie dar\u00fcber hinausgehend durchaus eine Entsch\u00e4digung des vollen Schadensbetrages, ggf. sogar ein dar\u00fcber hinaus gehendes Schmerzensgeld \/ Entsch\u00e4digung f\u00fcr die lange Wartezeit und das erlittene Unrecht f\u00fcr m\u00f6glich halten und bef\u00fcrworten! Die Familie Lelijveld wartet \u00e4ngstlich und hoffnungsvoll auf das Ende ihrer jahrelangen Odyssee in einem Verein, in dem sie immer noch Mitglied ist!<\/p>\n<p>Setzen Sie sich an die Spitze einer Bewegung, die den TO als <strong>SOLIDARGEMEINSCHAFT<\/strong> nach au\u00dfen zeigt!<\/p>\n<p>Ein einstimmiges und gro\u00dfz\u00fcgiges Wiedergutmachung Angebot im Fall der Famile Lelijveld wird auch innerhalb der Mitgliederschaft Frieden stiften! Eine Rechtslage kann unwichtig geraten, wenn es darum geht, den Seglern symbolisch zu helfen! Dies wird sicherlich am Ende auch im Heimatland der Familie Lelijveld Beachtung und Wohlwollen finden, denn unter den Mitgliedern der <a href=\"http:\/\/www.kustzeilers.nl\/cms\/\" target=\"_blank\">www.kustzeilers.nl<\/a> sowie der <a href=\"http:\/\/www.toerzeilers.nl\/\" target=\"_blank\">www.toerzeilers.nl<\/a> hat diese Angelegenheit f\u00fcr erheblichen Unmut gesorgt! Das kann Ihnen doch sicher nicht verborgen geblieben sein!<\/p>\n<p>Nehmen Sie sich ein Herz und machen sie sich auf den Weg!<\/p>\n<p>Wenn Sie daf\u00fcr meine Hilfe ben\u00f6tigen, werde ich Ihnen gerne behilflich sein!<\/p>\n<p>mit freundlichem Gruss<\/p>\n<p>Peter Foerthmann<\/p>\n","protected":false},"excerpt":{"rendered":"<p>DIALOG MARTIN BIRKHOFF &#8211; PETER FOERTHMANN EINSCHREIBEN datiert mit dem 1.10.2012 In Cuxhaven bei der Post aufgegeben am 4.10.2012 Sehr geehrter Herr Foerthmann, der Vorstand von TO kann mit Kritik gut leben, solange ein Mindestma\u00df an Sachlichkeit gewahrt wird und &hellip; <a href=\"https:\/\/windpilot.com\/blog\/trans-ocean-news\/deutsch-die-verlorene-ehre-des-trans-ocean-e-v\/deutsch-martin-birkhoff-to-vorstand\/\">Weiterlesen <span class=\"meta-nav\">&rarr;<\/span><\/a><\/p>\n","protected":false},"author":1,"featured_media":0,"parent":7130,"menu_order":2,"comment_status":"open","ping_status":"closed","template":"","meta":{"footnotes":""},"class_list":["post-7197","page","type-page","status-publish","hentry"],"_links":{"self":[{"href":"https:\/\/windpilot.com\/blog\/wp-json\/wp\/v2\/pages\/7197","targetHints":{"allow":["GET"]}}],"collection":[{"href":"https:\/\/windpilot.com\/blog\/wp-json\/wp\/v2\/pages"}],"about":[{"href":"https:\/\/windpilot.com\/blog\/wp-json\/wp\/v2\/types\/page"}],"author":[{"embeddable":true,"href":"https:\/\/windpilot.com\/blog\/wp-json\/wp\/v2\/users\/1"}],"replies":[{"embeddable":true,"href":"https:\/\/windpilot.com\/blog\/wp-json\/wp\/v2\/comments?post=7197"}],"version-history":[{"count":0,"href":"https:\/\/windpilot.com\/blog\/wp-json\/wp\/v2\/pages\/7197\/revisions"}],"up":[{"embeddable":true,"href":"https:\/\/windpilot.com\/blog\/wp-json\/wp\/v2\/pages\/7130"}],"wp:attachment":[{"href":"https:\/\/windpilot.com\/blog\/wp-json\/wp\/v2\/media?parent=7197"}],"curies":[{"name":"wp","href":"https:\/\/api.w.org\/{rel}","templated":true}]}}