{"id":7225,"date":"2012-10-12T04:10:58","date_gmt":"2012-10-12T11:10:58","guid":{"rendered":"https:\/\/windpilot.com\/blog\/?page_id=7225"},"modified":"2014-08-20T04:22:22","modified_gmt":"2014-08-20T11:22:22","slug":"deutsch-uwe-janssen-yacht-chefredaktion","status":"publish","type":"page","link":"https:\/\/windpilot.com\/blog\/deutsch-yacht-delius-klasing\/deutsch-uwe-janssen-yacht-chefredaktion\/","title":{"rendered":"Uwe Janssen &#8211; Yacht"},"content":{"rendered":"<p><a href=\"https:\/\/windpilot.com\/blog\/wp-content\/uploads\/2012\/10\/Mick-Pantomime.jpg\"><img loading=\"lazy\" decoding=\"async\" class=\"alignleft size-medium wp-image-7226\" title=\"Mick Pantomime\" src=\"https:\/\/windpilot.com\/blog\/wp-content\/uploads\/2012\/10\/Mick-Pantomime-300x200.jpg\" alt=\"\" width=\"300\" height=\"200\" srcset=\"https:\/\/windpilot.com\/blog\/wp-content\/uploads\/2012\/10\/Mick-Pantomime-300x200.jpg 300w, https:\/\/windpilot.com\/blog\/wp-content\/uploads\/2012\/10\/Mick-Pantomime-1024x682.jpg 1024w\" sizes=\"auto, (max-width: 300px) 100vw, 300px\" \/><\/a>OFFENER BRIEF &#8211; WERTER UWE JANSSEN &#8211; YACHT CHEFREDAKTION!<\/p>\n<p>Sicher ist Ihnen mein <a href=\"https:\/\/windpilot.com\/blog\/de\/columns\/deutsch-brief-an-konrad-delius\/\">OFFENEN BRIEF<\/a> vom 10.1.2012 in Erinnerung, den ich auch an KONRAD DELIUS weitergeleitet hatte:<\/p>\n<p>Ihre ungew\u00f6hnliche Attacke gegen mich sowie Ihre fehlerhafte Einsch\u00e4tzung zur Lage des TRANS OCEAN haben Sie bis heute weder revidiert, noch relativiert, obschon es dazu reichlich Anla\u00df gegeben h\u00e4tte! Denn die Geschichte hat Dynamik entwickelt mit Folgen, die in Ihren Haus ja nicht unbemerkt geblieben sind, schlie\u00dflich haben Sie dar\u00fcber berichtet! Unter Erwachsenen &#8211; explizit solchen, die einander seit Jahre bekannt sind &#8211; w\u00e4re eine Entschuldigung ein angemessener Weg gewesen &#8211; gegenseitigen Respekt wieder herzustellen. Das haben Sie leider nicht geschafft!<\/p>\n<p>Ich w\u00fcrde Sie hingegen gern an den Inhalt Ihrer Replik vom 11.1.2012 erinnern, dort hatten Sie vermerkt:<\/p>\n<p>ZITAT: \u201eSollte sich die Nachrichtenlage dahingehend \u00e4ndern, dass Fakten (!) eine Neubewertung der Situation erm\u00f6glichen oder erfordern, dann wird die YACHT selbstverst\u00e4ndlich in gebotener journalistischer Form reagieren.<br \/>\nZitat Ende.<\/p>\n<p>In YACHT #17 \/ 2012 wurde ein Interview mit dem heutigen TO Vorsitzenden ver\u00f6ffentlicht &#8211; dies scheint zwischenzeitlich nicht mehr relevant.<\/p>\n<p>Ich darf Sie auf die <a href=\"https:\/\/windpilot.com\/blog\/de\/2012\/09\/28\/deutsch-die-verlorene-ehre-des-trans-ocean-e-v\/  \">folgende unheilvolle Begebenheit<\/a> hinweisen, oder auch\u00a0<a href=\"https:\/\/windpilot.com\/blog\/de\/2012\/10\/02\/deutsch-hypothese-oder-boser-traum\/  \">hier<\/a><\/p>\n<p>Was meinen Sie, w\u00e4re diese Begebenheit f\u00fcr Sie nicht Anla\u00df genug, nun einmal journalistisch sauber Ihren \u00fcberzogenen und unangemessenen Vorsto\u00df in meine Richtung Ihrer Leserschaft ein wenig zu erkl\u00e4ren oder gar zu revidieren?<\/p>\n<p><a href=\"https:\/\/windpilot.com\/blog\/wp-content\/uploads\/2012\/10\/pastedGraphic3-Kopie.tiff\"><img decoding=\"async\" class=\"aligncenter size-full wp-image-7227\" title=\"pastedGraphic(3) Kopie\" src=\"https:\/\/windpilot.com\/blog\/wp-content\/uploads\/2012\/10\/pastedGraphic3-Kopie.tiff\" alt=\"\" \/><\/a>Wenn dies mit Ihrem M\u00e4nnerstolz vereinbar w\u00e4re, w\u00fcrden Sie damit Ihrer Leserschaft den Beweis antreten, dass auch Journalisten einer deutschen Yachtzeitschrift in der Lage sind, Fehler zu korrigieren und ein faires Miteinander herzustellen, dass Sie seit einigen Monaten vors\u00e4tzlich so gr\u00fcndlich haben aus den Fugen geraten lassen!<\/p>\n<p>Wenn Ihnen ein derartiger Schritt hingegen zu viel Mut abverlangte, w\u00fcrde ich Sie statt dessen in aller H\u00f6flichkeit bitten, sich in Ihrer Redaktion einmal mit dem SKANDAL der Familie LELIJVELD SV DRIFTER zu befassen. Das Schicksal einer niederl\u00e4ndischen Familie, die durch offenbares Verschulden des deutschen TRANS OCEAN Vereins enormes Leid erfahren hat und seit vielen Jahren auf Wiedergutmachung vergeblich wartet!<\/p>\n<p>Sie brauchen eine Kontaktadresse? Ein Klick- und schon geht\u00b4s los!<\/p>\n<p>mit freundlichem Gruss<br \/>\nPeter Foerthmann<\/p>\n<p>Dieser Offene Brief wurde im <a href=\"http:\/\/forum.yacht.de\/showthread.php?128607-Trans-Ocean-der-R%FCckttritt-von-Bernd-Luetgebrune\/page26\">YACHT FORUM am12.10.2102<\/a> unter Hinweis auf den Verstoss gegen die Netiquette gel\u00f6scht!<\/p>\n","protected":false},"excerpt":{"rendered":"<p>OFFENER BRIEF &#8211; WERTER UWE JANSSEN &#8211; YACHT CHEFREDAKTION! Sicher ist Ihnen mein OFFENEN BRIEF vom 10.1.2012 in Erinnerung, den ich auch an KONRAD DELIUS weitergeleitet hatte: Ihre ungew\u00f6hnliche Attacke gegen mich sowie Ihre fehlerhafte Einsch\u00e4tzung zur Lage des TRANS &hellip; <a href=\"https:\/\/windpilot.com\/blog\/deutsch-yacht-delius-klasing\/deutsch-uwe-janssen-yacht-chefredaktion\/\">Weiterlesen <span class=\"meta-nav\">&rarr;<\/span><\/a><\/p>\n","protected":false},"author":1,"featured_media":0,"parent":9971,"menu_order":2,"comment_status":"open","ping_status":"closed","template":"","meta":{"footnotes":""},"class_list":["post-7225","page","type-page","status-publish","hentry"],"_links":{"self":[{"href":"https:\/\/windpilot.com\/blog\/wp-json\/wp\/v2\/pages\/7225","targetHints":{"allow":["GET"]}}],"collection":[{"href":"https:\/\/windpilot.com\/blog\/wp-json\/wp\/v2\/pages"}],"about":[{"href":"https:\/\/windpilot.com\/blog\/wp-json\/wp\/v2\/types\/page"}],"author":[{"embeddable":true,"href":"https:\/\/windpilot.com\/blog\/wp-json\/wp\/v2\/users\/1"}],"replies":[{"embeddable":true,"href":"https:\/\/windpilot.com\/blog\/wp-json\/wp\/v2\/comments?post=7225"}],"version-history":[{"count":1,"href":"https:\/\/windpilot.com\/blog\/wp-json\/wp\/v2\/pages\/7225\/revisions"}],"predecessor-version":[{"id":8222,"href":"https:\/\/windpilot.com\/blog\/wp-json\/wp\/v2\/pages\/7225\/revisions\/8222"}],"up":[{"embeddable":true,"href":"https:\/\/windpilot.com\/blog\/wp-json\/wp\/v2\/pages\/9971"}],"wp:attachment":[{"href":"https:\/\/windpilot.com\/blog\/wp-json\/wp\/v2\/media?parent=7225"}],"curies":[{"name":"wp","href":"https:\/\/api.w.org\/{rel}","templated":true}]}}