{"id":7237,"date":"2012-10-16T06:50:06","date_gmt":"2012-10-16T13:50:06","guid":{"rendered":"https:\/\/windpilot.com\/blog\/?page_id=7237"},"modified":"2017-12-31T04:21:47","modified_gmt":"2017-12-31T11:21:47","slug":"deutsch-weg-mit-peter","status":"publish","type":"page","link":"https:\/\/windpilot.com\/blog\/trans-ocean-news\/to-peter\/deutsch-weg-mit-peter\/","title":{"rendered":"Weg mit Peter"},"content":{"rendered":"<p><strong>NACHTGEDANKEN EINES SEGLERS IN DOWN UNDER<\/strong><\/p>\n<p><a href=\"https:\/\/windpilot.com\/blog\/wp-content\/uploads\/2012\/10\/Foto-13.jpg\"><img loading=\"lazy\" decoding=\"async\" class=\"alignleft size-medium wp-image-7239\" title=\"Foto 13\" src=\"https:\/\/windpilot.com\/blog\/wp-content\/uploads\/2012\/10\/Foto-13-300x225.jpg\" alt=\"\" width=\"300\" height=\"225\" srcset=\"https:\/\/windpilot.com\/blog\/wp-content\/uploads\/2012\/10\/Foto-13-300x225.jpg 300w, https:\/\/windpilot.com\/blog\/wp-content\/uploads\/2012\/10\/Foto-13.jpg 576w\" sizes=\"auto, (max-width: 300px) 100vw, 300px\" \/><\/a>Der Mensch will es sch\u00f6n haben! Das B\u00f6se ist woanders, immer der Andere! TO Segler haben &#8211; falls sie \u00fcberhaupt ein Bild vom ihrem Verein besitzen &#8211; das Bild von einer HEILEN WELT. St\u00f6ren verboten! Aufwecken ungesund!<\/p>\n<p>Klar &#8211; der TO war stets ein Bummelzug mit Technik von gestern ( IT, was is\u00b4n das? ) &#8211; einer Vereinspostille aus vergangenen Tagen. Tradition erstickt bleischwer jede Modernit\u00e4t &#8211; aber das Gef\u00fchl, im Kreise der <strong>GROSSEN<\/strong> bekannten Deutschen Segler &#8211; der <strong>NAMES<\/strong> zu segeln&#8230;.. geriet erhaben &#8211; und dann erst der ersehnte Auftritt in Cuxhaven &#8211; der Abend der Erf\u00fcllung &#8211; die Medaille &#8211; die Ehrung &#8211; der Applaus! Unvergessen!<\/p>\n<p><strong>DAS IST DER GROSSE TRANS OCEAN<\/strong>, wie er in Gedanken leibt und wogt &#8211; das gro\u00dfe SELBST &#8211; wenn auch nur einen verzweifelten kurzen Abend lang! Aber fotografisch f\u00fcr alle Zeiten festgehalten &#8211; gerahmt &#8211; und an die Wand zum Stauben aufgeh\u00e4ngt! Der kr\u00f6nende Abschluss jeder noch so chaotischen Weltumsegelung oder extremen hardcore Reise! Irgendwie muss Ber\u00fchmheit doch hinzukriegen sein! Ein Highlight in Cuxhaven &#8211; an der Waterkant &#8211; daf\u00fcr lohnen sich sogar Anzug und Krawattennaddel &#8211; Hoppala!<\/p>\n<p>Segler sp\u00fcren es &#8211; einige R\u00e4uspern sich: der Traum ist vorbei und ausgetr\u00e4umt &#8211; vielleicht h\u00e4tte er so nie getr\u00e4umt werden d\u00fcrfen! Ein erstes kleines Unsicherheits Gef\u00fchl, dass alles nie so gewesen ist, wie es hat aussehen sollen &#8211; oder getr\u00e4umt h\u00e4tte werden sollen!<\/p>\n<p><strong>Rette den Traum! Weg mit Peter!<\/strong><\/p>\n<p><a href=\"https:\/\/windpilot.com\/blog\/wp-content\/uploads\/2012\/10\/Foto-25.jpg\"><img loading=\"lazy\" decoding=\"async\" class=\"aligncenter size-full wp-image-7241\" title=\"Foto 25\" src=\"https:\/\/windpilot.com\/blog\/wp-content\/uploads\/2012\/10\/Foto-25.jpg\" alt=\"\" width=\"640\" height=\"480\" srcset=\"https:\/\/windpilot.com\/blog\/wp-content\/uploads\/2012\/10\/Foto-25.jpg 640w, https:\/\/windpilot.com\/blog\/wp-content\/uploads\/2012\/10\/Foto-25-300x225.jpg 300w\" sizes=\"auto, (max-width: 640px) 100vw, 640px\" \/><\/a>Diese Reaktion erfolgt intuitiv &#8211; hat den Vorteil, dass das Eingest\u00e4ndnis einer Mitschuld von vornherein ausgeschlossen wird. W\u00e4re ja auch zu viel verlangt, wenn man auf 30 EUR auch noch aufzupassen h\u00e4tte! Bezahlt und schon vergessen &#8211; ach nee: das Zeitungsabo!<\/p>\n<p>Im \u00fcbrigens haben wir den Vorstand doch selber ausgew\u00e4hlt &#8211; alles feine Leute &#8211; wir k\u00f6nnen uns da doch gar nicht t\u00e4uschen! Nee &#8211; bestimmt nicht! Au\u00dferdem haben die doch so tolle Arbeit gemacht! Oder vielleicht doch nicht? Egal &#8211; interessiert mich nicht! Au\u00dferdem ehrenamtlich &#8211; also Respekt im Quadrat! Pssst: Vorstand arbeitet!<\/p>\n<p>Der Peter ist zu weit gegangen! Der Peter soll Ruhe geben! Der Peter kann uns doch nicht schon wieder einen Vorstand weg schreiben! Der Peter soll das lassen!<\/p>\n<p><a href=\"https:\/\/windpilot.com\/blog\/wp-content\/uploads\/2012\/10\/Peter-1951.jpg\"><img loading=\"lazy\" decoding=\"async\" class=\"aligncenter size-full wp-image-7243\" title=\"Peter 1951\" src=\"https:\/\/windpilot.com\/blog\/wp-content\/uploads\/2012\/10\/Peter-1951.jpg\" alt=\"\" width=\"478\" height=\"695\" srcset=\"https:\/\/windpilot.com\/blog\/wp-content\/uploads\/2012\/10\/Peter-1951.jpg 478w, https:\/\/windpilot.com\/blog\/wp-content\/uploads\/2012\/10\/Peter-1951-206x300.jpg 206w\" sizes=\"auto, (max-width: 478px) 100vw, 478px\" \/><\/a><strong>PETER MUSS WEG<\/strong> &#8211; wir wollen den TO wieder f\u00fcr uns alleine haben &#8211; und unsere Tr\u00e4ume bitte nicht mehr st\u00f6ren lassen! Irgendwie wird es schon weiter gehen &#8211; wird doch alles nicht so schlimm gewesen sein und \u00fcberhaupt: die Vergangenheit hat keine Relevanz, hat doch der Vorstand selbst gesagt! Hat doch sogar in der Yacht gestanden! Alle anderen l\u00fcgen &#8211; aber der Vorstand doch ganz bestimmt sicher nicht! Das daaaf der gar nicht &#8211; der hat n\u00e4mlich einen Heiligenschein!<\/p>\n<p>Gro\u00dfer TO &#8211; Gemeinschaft aller Fahrtensegler &#8211; wir &#8211; ich &#8211; aber um Gottes Willen: den Peter nicht!<\/p>\n<p>Urteile ohne Begr\u00fcndung &#8211; Zensur ohne Gericht &#8211; Vergangenheit ohne Relevanz &#8211; Vergessen ohne Entsch\u00e4digung &#8211; Dubioses ohne Aufkl\u00e4rung &#8211; Zukunft ohne Konzept &#8211; Strafbarkeiten ohne Anzeige &#8211; Vorst\u00e4nde ohne Mut &#8211; Mitglieder ohne Interesse &#8211; Verein ohne Chance &#8211; Allesamt verloren und ohne Vision!<\/p>\n<p>Mitglieder, die hier applaudieren &#8211; die die Gegenwart von Peter verw\u00fcnschen &#8211; dabei zeitgleich die Mitgliedschaft von Bernt Luetgebrune weiterhin akzeptieren! Heiliger Strohsack! Sind wir denn bl\u00f6d? Welch skurriler Verein?<\/p>\n<p>Was w\u00fcrden diese Segler wohl sagen, wenn sie selber betroffen w\u00e4ren? Bebte dann die Netiquette? Nee: das w\u00e4re dann ja was anderes! Eben!<\/p>\n<p>Der Vorstand &#8211; ein Ehrenamt &#8211; muss sich heute lohnen &#8211; windschnittig passend zum Karriereprofil. Es muss etwas dabei herauskommen &#8211; zumindest f\u00fcr das Ego &#8211; um sich ein klein wenig \u00fcber andere Kreaturen zu erheben! Der Vorstand informiert &#8211; auch wenn er nicht wei\u00df, was er gerade sagen soll!<\/p>\n<p>Es war noch nie so leicht, gew\u00e4hlt zu werden! Probelauf: dummes Zeug! Vereinserfahrung: nebens\u00e4chlich! Antreten &#8211; w\u00e4hlen lassen und schwupp\u00b4s ist man Mitglied in der Vorstands Bauchtanz Truppe. Ein SchickGef\u00fchl!<\/p>\n<p>Gute Vors\u00e4tze: zugestanden &#8211; aber wer gibt vor, was notwendig ist? Sp\u00e4testens hier unterscheiden sich Funktion\u00e4re von Vision\u00e4ren. Ohne Moral und Ethik wird das nix &#8211; ohne Visionen wird es ein Morgen nicht mehr geben!<\/p>\n<p>Auf dem Basar der Eitelkeiten wird jeder Deal zum Vorteil gewendet &#8211; wenn die Funktion\u00e4re moralische Regeln beiseite mogeln und statt zum Wohle der Gemeinschaft das eigene Konto klammheimlich in den Fokus schieben. Ehrenm\u00e4nner? Sowieso!<\/p>\n<p>Das Leben ist ein Basar, auf dem alles gehandelt wird! Alles? Glauben wir wirklich, dass wir ohne ein festes Ger\u00fcst aus Ethik und Moral auf dem Basar bestehen k\u00f6nnen? Auf dem Basar vielleicht schon, aber nicht vor uns selbst und nicht vor den anderen Mitgliedern! Wenn wir den Verein benutzen, wie Bernt Luetgebrune ihn benutzt hat und diesen dann decken, wie es seit Jahren bis heute geschehen ist! Der Mann muss gute Laune haben &#8211; und sich ins F\u00e4ustchen lachen! Ein toller Deal &#8211; er hat geklappt! Er ist da &#8211; und Peter weg!<\/p>\n<p><a href=\"https:\/\/windpilot.com\/blog\/wp-content\/uploads\/2012\/10\/Foto-131.jpg\"><img loading=\"lazy\" decoding=\"async\" src=\"https:\/\/windpilot.com\/blog\/wp-content\/uploads\/2012\/10\/Foto-131-300x225.jpg\" alt=\"\" title=\"Foto 13\" width=\"300\" height=\"225\" class=\"alignleft size-medium wp-image-7251\" srcset=\"https:\/\/windpilot.com\/blog\/wp-content\/uploads\/2012\/10\/Foto-131-300x225.jpg 300w, https:\/\/windpilot.com\/blog\/wp-content\/uploads\/2012\/10\/Foto-131.jpg 640w\" sizes=\"auto, (max-width: 300px) 100vw, 300px\" \/><\/a>Ein Verein ist eine Versammlung von Menschen, die sich u.a. darauf verabredet haben, dass alle am Wissen des Vereins beteiligt werden! Dieser Grundsatz ist wieder und wieder gebrochen worden! Hat gaaarnich weh\u00b4getan! Oder vielleicht doch? Ein kleines Jucken am Haaransatz? Pflaster drauf, merkst Du garnicht!<\/p>\n<p><strong>Gro\u00dfer TO &#8211; aber kleines Mitglied<\/strong> &#8211; fast gar nicht zu sehen &#8211; zu erreichen sowieso nicht, die mail Adresse ist von gestern!<\/p>\n<p>Zu sp\u00e4t &#8211; die Fehler stapeln sich &#8211; die Falle schnappt zu &#8211; weiter, weiter, nur nicht umkehren, oder Nachdenken &#8211; da muss man durch &#8211; blo\u00df nix zugeben &#8211; das ist heute nicht modern &#8211; Aussitzen &#8211; wir sind der Vorstand &#8211; es ist doch immer irgendwie weiter gegangen! Die Zeit heilt alle Wunden &#8211; und die Verj\u00e4hrung ist eine Backstags Brise!<\/p>\n<p><a href=\"https:\/\/windpilot.com\/blog\/wp-content\/uploads\/2012\/10\/PeterChicken-2.jpg\"><img loading=\"lazy\" decoding=\"async\" class=\"aligncenter size-full wp-image-7245\" title=\"PeterChicken #2\" src=\"https:\/\/windpilot.com\/blog\/wp-content\/uploads\/2012\/10\/PeterChicken-2.jpg\" alt=\"\" width=\"520\" height=\"754\" srcset=\"https:\/\/windpilot.com\/blog\/wp-content\/uploads\/2012\/10\/PeterChicken-2.jpg 520w, https:\/\/windpilot.com\/blog\/wp-content\/uploads\/2012\/10\/PeterChicken-2-206x300.jpg 206w\" sizes=\"auto, (max-width: 520px) 100vw, 520px\" \/><\/a><strong>Peter ist weg<\/strong> &#8211; die Mitglieder mit R\u00fcckgrad haben das sinkende Schiff bereits verlassen &#8211; oder sind gerade dabei, die Koffer zu packen, oder die Sicherungen herauszudrehen &#8211; es wird schon klappen &#8211; keine Sorge! Vielleicht ein R\u00fcffelchen im Novemberchen &#8211; dann tief Durchatmen und erstmal Ruhe &#8211; wohlverdiente Ruhe &#8211; das Vergessen erholt sich &#8211; wie immer &#8211; schnell &#8211; am n\u00e4chsten Morgen geht es dann weiter &#8211; wie gewohnt schon wieder heiter.<\/p>\n<p><strong>Gro\u00dfer TO &#8211; kleine Segler!<\/strong><\/p>\n<p>Es bleiben vielleicht noch gen\u00fcgend Mitglieder &#8211; der Leiterwagen gewohnter Gesch\u00e4fte rumpelt weiter &#8211; Cuxhaven steht immer noch nicht unter Wasser &#8211; der Vorstand sorgt wieder f\u00fcr volle Kassen &#8211; die Mitglieder helfen mit h\u00f6heren Obul\u00fcssen &#8211; Spenden sind en Vogue, ehrenhaft und selbstverst\u00e4ndlich &#8211; und der Verein d\u00fcmpelt weiter ohne nennenswerte Aufgaben oder symbolische Erg\u00fcsse &#8211; au\u00dfer den eigenen Nabel wieder ein wenig weiter zu verwalten &#8211; immerhin war und ist der TO ein geniales profitables Gesch\u00e4ftsmodell! Zum Wohle einer Cuxhaven Brache &#8211; Zum Wohle der Funktion\u00e4re &#8211; weniger zum Wohle der Beitragszahler &#8211; denen man statt dessen weiter die ideelle Wurst vor die Nase h\u00e4lt!<\/p>\n<p>Idealisten sind doof! Wenn sie doch endlich begreifen w\u00fcrden, dass man nur innerhalb des Systems erfolgreich sein kann! Aber nein &#8211; sie wollen st\u00f6ren! Sie hindern den Vorstand bei seiner harten ehrenamtlichen T\u00e4tigkeit &#8211; und das tut man nicht! Jedenfalls nicht, wenn man ein gestandener TO Indianer ist!<\/p>\n<p>Ein schlafloser Segler auf Nachtwache im einsamen Pacific mit Kurs auf Australalien &#8230; vom schwarzen Peter ein wenig aufgebrezelt und angeh\u00fcbscht, um starken Tobak ein wenig besser verdaulich geraten zu lassen.<\/p>\n<p>Peter jedenfalls &#8211; ist wech<\/p>\n","protected":false},"excerpt":{"rendered":"<p>NACHTGEDANKEN EINES SEGLERS IN DOWN UNDER Der Mensch will es sch\u00f6n haben! Das B\u00f6se ist woanders, immer der Andere! TO Segler haben &#8211; falls sie \u00fcberhaupt ein Bild vom ihrem Verein besitzen &#8211; das Bild von einer HEILEN WELT. St\u00f6ren &hellip; <a href=\"https:\/\/windpilot.com\/blog\/trans-ocean-news\/to-peter\/deutsch-weg-mit-peter\/\">Weiterlesen <span class=\"meta-nav\">&rarr;<\/span><\/a><\/p>\n","protected":false},"author":1,"featured_media":0,"parent":16731,"menu_order":-6,"comment_status":"open","ping_status":"closed","template":"","meta":{"footnotes":""},"class_list":["post-7237","page","type-page","status-publish","hentry"],"_links":{"self":[{"href":"https:\/\/windpilot.com\/blog\/wp-json\/wp\/v2\/pages\/7237","targetHints":{"allow":["GET"]}}],"collection":[{"href":"https:\/\/windpilot.com\/blog\/wp-json\/wp\/v2\/pages"}],"about":[{"href":"https:\/\/windpilot.com\/blog\/wp-json\/wp\/v2\/types\/page"}],"author":[{"embeddable":true,"href":"https:\/\/windpilot.com\/blog\/wp-json\/wp\/v2\/users\/1"}],"replies":[{"embeddable":true,"href":"https:\/\/windpilot.com\/blog\/wp-json\/wp\/v2\/comments?post=7237"}],"version-history":[{"count":1,"href":"https:\/\/windpilot.com\/blog\/wp-json\/wp\/v2\/pages\/7237\/revisions"}],"predecessor-version":[{"id":16734,"href":"https:\/\/windpilot.com\/blog\/wp-json\/wp\/v2\/pages\/7237\/revisions\/16734"}],"up":[{"embeddable":true,"href":"https:\/\/windpilot.com\/blog\/wp-json\/wp\/v2\/pages\/16731"}],"wp:attachment":[{"href":"https:\/\/windpilot.com\/blog\/wp-json\/wp\/v2\/media?parent=7237"}],"curies":[{"name":"wp","href":"https:\/\/api.w.org\/{rel}","templated":true}]}}