{"id":7261,"date":"2012-10-26T03:28:34","date_gmt":"2012-10-26T10:28:34","guid":{"rendered":"https:\/\/windpilot.com\/blog\/?page_id=7261"},"modified":"2017-12-31T04:20:37","modified_gmt":"2017-12-31T11:20:37","slug":"deutsch-25-jahre-im-trans-ocean","status":"publish","type":"page","link":"https:\/\/windpilot.com\/blog\/trans-ocean-news\/to-peter\/deutsch-25-jahre-im-trans-ocean\/","title":{"rendered":"Peter ist raus"},"content":{"rendered":"<p><a href=\"https:\/\/windpilot.com\/blog\/wp-content\/uploads\/2012\/10\/Schuhe.jpg\"><img loading=\"lazy\" decoding=\"async\" class=\"alignleft size-medium wp-image-7262\" title=\"Schuhe\" src=\"https:\/\/windpilot.com\/blog\/wp-content\/uploads\/2012\/10\/Schuhe-300x195.jpg\" alt=\"\" width=\"300\" height=\"195\" srcset=\"https:\/\/windpilot.com\/blog\/wp-content\/uploads\/2012\/10\/Schuhe-300x195.jpg 300w, https:\/\/windpilot.com\/blog\/wp-content\/uploads\/2012\/10\/Schuhe-1024x666.jpg 1024w\" sizes=\"auto, (max-width: 300px) 100vw, 300px\" \/><\/a><strong>25 Jahre im Trans Ocean &#8211; Bekenntnisse &#8211; Erfahrungen &#8211; Analysen<\/strong><\/p>\n<p>Das Ende zuerst: ich bin aus dem TRANS OCEAN ausgetreten!<\/p>\n<p>Die Darlegung meiner Gr\u00fcnde dauert ein wenig l\u00e4nger, denn sie bedeutet eine kleine Zeitreise durch das erf\u00fcllte Segler Leben eines Mannes, der das Gl\u00fcck hatte, sein Hobby zum Lebensinhalt machen zu k\u00f6nnen, und damit den Traum unendlich vieler Segler in endlos Schleifen bis heute hat leben k\u00f6nnen.<\/p>\n<p>So weit so gut &#8211; h\u00f6rt sich lecker an &#8211; die Praxis harter Lebensk\u00e4mpfe zerbeult uns hingegen an jeder Ecke &#8211; und die Summe aller Fehler gerieren sich am Ende zu einer Lebenserfahrung, die man akzeptieren &#8211; oder lieber verdr\u00e4ngen m\u00f6chte. In meinem Fall ist nix zu verdr\u00e4ngen, denn ich bin mit meinem Leben im reinen und brauche mich f\u00fcr ein freundliches Gesicht gar nicht zu verstellen. <a href=\"https:\/\/windpilot.com\/blog\/de\/biography\/\">BIOGRAPHIE<\/a><\/p>\n<p><a href=\"https:\/\/windpilot.com\/blog\/wp-content\/uploads\/2012\/10\/John-ZEIT.jpg\"><img loading=\"lazy\" decoding=\"async\" class=\"aligncenter size-full wp-image-7263\" title=\"John ZEIT\" src=\"https:\/\/windpilot.com\/blog\/wp-content\/uploads\/2012\/10\/John-ZEIT.jpg\" alt=\"\" width=\"579\" height=\"746\" srcset=\"https:\/\/windpilot.com\/blog\/wp-content\/uploads\/2012\/10\/John-ZEIT.jpg 579w, https:\/\/windpilot.com\/blog\/wp-content\/uploads\/2012\/10\/John-ZEIT-232x300.jpg 232w\" sizes=\"auto, (max-width: 579px) 100vw, 579px\" \/><\/a>Seit 36 Jahren bin ich beruflich in Sachen Heckverzierungen von Yachten unterwegs, bin dadurch in eine Welt geraten, die manche Segler als Nischenwelt bezeichnen, weil es nur wenigen Seglern verg\u00f6nnt ist, lebenslange Tr\u00e4ume tats\u00e4chlich umzusetzen. Dieser Traum allerdings h\u00e4lt ganze Generationen von Seglern rund um den Spielball in Atem und dadurch gef\u00fcgig, die Hamster Rolle t\u00e4glicher M\u00fchen weiter zu ertragen &#8211; bis zum finalen Leinen-Los!<\/p>\n<p>Die gesamte Yacht Branche bedient sich des Traums, dereinst im Blauwasser zu sch\u00f6neren Gestaden zu Versegeln. Die Stolpersteine auf dem Weg dorthin haben bekannte Namen: Beruf, Partner, Kids, Krankheit &#8211; in beliebiger Reihenfolge &#8211; und nat\u00fcrlich das liebe Geld, das f\u00fcr die Tr\u00e4ume niemals genug vorhanden ist &#8211; es sei denn &#8211; man fasst sich ein Herz oder eine Hose &#8211; und segelt einfach los! Blauwasser Segler sind Gl\u00fcckspilze, sie sind die Spitze eines Eisbergs von Millionen Seglern, denen es nicht verg\u00f6nnt ist, den Bildschirm Schoner gegen einen realen Sonnenuntergang in Lee einer S\u00fcdsee Lagune tats\u00e4chlich zu vertauschen &#8211; sie begie\u00dfen stattdessen brav die virtuelle Palme weiter &#8211; obschon einige am Ende mit der Hose voll &#8211; lieber Tr\u00e4umen als zu Segeln. Ausreden waren schon immer erfinderisch!<\/p>\n<p>Auch wenn wir Deutschen in einigen Lebensbereichen zu \u00dcberheblichkeit leiden, weil wir uns gern als Nabel der Welt empfinden &#8211; im Bezug auf den Segel Sport und dort ber\u00fchmte Taten sind wir eher nur Mittelklasse, denn die bei uns bekannten gro\u00dfen Namen sind nahezu s\u00e4mtlich jenseits der Grenzen nur noch eine Ansammlung von Buchstaben und kaum bekannt. So schmilzt der Horizont zu einem Tellerrand, hinter den zu fliehn\u00b4 nur wenige hundert deutscher Segler p.a. ihr Schiff tats\u00e4chlich loszubinden, den Mut zusammen raffen. Die Spitze des Eisbergs eben!<\/p>\n<p>Anders verh\u00e4lt es sich mit deutschen Produkten, deren weltweiter Siegeszug den Namen hat Fl\u00fcgel wachsen lassen! So sind in meinem bescheidenen Rahmen f\u00fcr Windsteuersysteme auch die Fl\u00fcgel f\u00fcr meine Produkte weltweit gewachsen &#8211; was in einem Suppensch\u00fcssel Markt in Deutschland kaum m\u00f6glich gewesen w\u00e4re! Sie kennen die Gr\u00fcnde: Wetter, Winter, kaltes Wasser, allesamt nicht eben kooperativ.<\/p>\n<p>Die Heimat der Blauwasser Segler hatte ich intuitiv in Cuxhaven ausgemacht, nahezu jeder Segler, der mit meinen damaligen Apparaten Richtung Nordsee ist Mordsee los gesegelt ist, hatte den pr\u00e4gnanten Stander im Salings Genick. Traumwandlerisch bin ich diesem Verein beigetreten, weil ich dachte, was ich denken wollte: Der TRANS OCEAN ist die Heimat einer besonderen Spezies von Seglern &#8211; und in Cuxhaven existiert eine geballte Ladung von Idealismus und Willen, den Seglern unterwegs ein St\u00fcck ideelle Heimat mit auf den Weg zu geben! Wie dumm ich damals gewesen bin!<\/p>\n<p><a href=\"https:\/\/windpilot.com\/blog\/wp-content\/uploads\/2012\/10\/Modell-Eisenbahn1.jpg\"><img loading=\"lazy\" decoding=\"async\" class=\"aligncenter size-large wp-image-7264\" title=\"Modell Eisenbahn1\" src=\"https:\/\/windpilot.com\/blog\/wp-content\/uploads\/2012\/10\/Modell-Eisenbahn1-e1351246412554-673x1024.jpg\" alt=\"\" width=\"640\" height=\"973\" srcset=\"https:\/\/windpilot.com\/blog\/wp-content\/uploads\/2012\/10\/Modell-Eisenbahn1-e1351246412554-673x1024.jpg 673w, https:\/\/windpilot.com\/blog\/wp-content\/uploads\/2012\/10\/Modell-Eisenbahn1-e1351246412554-197x300.jpg 197w\" sizes=\"auto, (max-width: 640px) 100vw, 640px\" \/><\/a>Mein Schluckauf war gewaltig, als ich mich ein wenig n\u00e4her mit dem TO befasste und f\u00fcr mich schnell die Meinung pr\u00e4gte, dass dieser Verein damals wohl eher die pers\u00f6nliche M\u00e4rklin Eisenbahn von Helmut Bellmer gewesen ist, jedenfalls ganz und gar nicht dem entsprach, was ich zuvor idealistisch &#8211; also bl\u00f6d! &#8211; gedacht! Blazer mit AnkerKn\u00f6pfen und Elbsegler waren nie mein Ding und als Nonkonformist bekam ich Sch\u00fcttelfrost, als ich einmal in eine typische Versammlung an der Wasserkante meine Nase steckte. Einmal im Jahr gab es Presseberichte \u00fcber Preisverleihungen, geh\u00e4ckseltes Corned Beef mit Kartoffel und Medaillen in Dutzend Pack. Nun ja &#8211; Cuxhaven ist mir bis heute fremd geblieben &#8211; keineswegs nur wegen der \u00f6den Strasse mit Portrait Fotoautomaten &#8211; hingegen deutlich als ein Funktion\u00e4rsgeviert &#8211; in dem ich nix zu suchen hatte und noch weniger mich finden lassen wollte. Ich war Mitglied &#8211; zahlte Beitr\u00e4ge und Spenden ( als Idealist der man ja ist! ) &#8211; \u00fcberflog eine r\u00fchrende Vereins Postille &#8211; und lebte weiter meine Tr\u00e4ume, die s\u00e4mtlich mit Arbeit zusammen hingen. Der TO geriet zur Begleiterscheinung &#8211; oder, wie es k\u00fcrzlich ein Segler drastisch formulierte: EUR 30.&#8211; f\u00fcr ein Zeitungsabo erscheint g\u00fcnstig, wenn man nur ein wenig die Tr\u00e4ume w\u00e4ssern will!<\/p>\n<p>Mein internationale Gesch\u00e4ft war gewachsen, Snailmail wurde durch die schnellere Variante ausgewechselt &#8211; pl\u00f6tzlich war es m\u00f6glich, mit Seglern \u00fcber M\u00e4use zu verkehren, wenn man sie nur klickt. Eine schicke neue Welt, die mich durch eine Vielzahl von Kontakten faszinierte. Unweigerlich ver\u00e4nderte sich auch meine Sicht zu meinem Verein, denn pl\u00f6tzlich sp\u00fclten von drau\u00dfen Vereins Unzufriedenheiten und \u00c4rgernisse zum Server herein.<\/p>\n<p><a href=\"https:\/\/windpilot.com\/blog\/wp-content\/uploads\/2012\/10\/Windpilot-0005.jpg\"><img loading=\"lazy\" decoding=\"async\" class=\"aligncenter size-large wp-image-7265\" title=\"Windpilot - 0005\" src=\"https:\/\/windpilot.com\/blog\/wp-content\/uploads\/2012\/10\/Windpilot-0005-1024x657.jpg\" alt=\"\" width=\"640\" height=\"410\" srcset=\"https:\/\/windpilot.com\/blog\/wp-content\/uploads\/2012\/10\/Windpilot-0005-1024x657.jpg 1024w, https:\/\/windpilot.com\/blog\/wp-content\/uploads\/2012\/10\/Windpilot-0005-300x192.jpg 300w, https:\/\/windpilot.com\/blog\/wp-content\/uploads\/2012\/10\/Windpilot-0005.jpg 1849w\" sizes=\"auto, (max-width: 640px) 100vw, 640px\" \/><\/a>Die St\u00fctzpunkte mutierten vom fr\u00fcher so Herz-Rettenden-Briefkasten hin zu einem geselligen Miteinander mit Service Auskunft Zentrale, betrieben meist von Seglern, die an sonnigen Gestaden neue Wurzeln schlagen wollten. Als Helmut Bellmer die Kommando Br\u00fccke verlie\u00df und durch Bernt Luetgebrune abgel\u00f6st wurde, ver\u00e4nderte sich meine Sichtweise im Quadrat, denn die Negativ Meldungen von den Seglern unterwegs, verhagelten zusehend immer wieder meine Laune. Schwamm dr\u00fcber dachte ich, 30.- Euro sind eben nur eine Geb\u00fchr, kaum wert, sich dar\u00fcber aufzuregen! Gleichwohl: die Aufmerksamkeit war angetickt!<\/p>\n<p>Koinzidenz, dass ich in 2011 ein YACHT Interview der besonderen Art zu lesen bekam &#8211; es war f\u00fcr mich der Anla\u00df, mich f\u00fcr \u201emeinen\u201c Verein in besonderer Weise zu interessieren und zu engagieren. Die Geschichte eines unverbesserlichen Idealisten nahm ihren Lauf. Nach einer <a href=\"https:\/\/windpilot.com\/blog\/de\/trans-ocean-news\/deutsch-zum-neuen-to-bitte-anschnallen\/\">Vielzahl von Beitr\u00e4gen im Sinne einer Verbesserung der Strukturen<\/a>,\u00a0scheint es nun heute an der Zeit, die Erfahrungen zu komprimieren, Resultate zu filtern und private Erkenntnisse durch\u00b4s Sieb zu r\u00fchren.<\/p>\n<p><strong>OFFENHEIT<\/strong> und <strong>TRANSPARENZ<\/strong> war mein Credo vom ersten Tag. Ich bin hingegen an einer Mauer des Schweigens abgeprallt, denn eine unendliche Zahl von Versuchen, den Vorstand zu einer Beantwortung klar gestellter Fragen zu veranlassen, waren damals wie heute nicht von Erfolg gekr\u00f6nt. Immerhin habe ich an einer Wende mitarbeiten k\u00f6nnen! Meine Hoffnung wuchs, dass es danach besser werden w\u00fcrde! Es kam hingegen anders als erhofft:<\/p>\n<p>Kommunikationsversuche mit <strong>Uwe R\u00f6ttgering, Andreas Huelsenberg, Dirk Mennewisch und Martin Birkhoff<\/strong>, sind allesamt im Sand verlaufen, weil meine Gegen\u00fcber es nicht vermochten, zumindest ehrlich mit Peter Foerthmann umzugehen! Kommunikations F\u00e4higkeit und Wille zum Dialog sind eben nicht jedem gleicherma\u00dfen als LebensBeipack im Gep\u00e4ck. Pers\u00f6nliche Fragen nach m\u00f6glichen Symbiosen zur Reaktivierung des TO, wenige Tage vor der HV im Februar, wurden in einer Form beantwortet, die mir bedeutete: ein Schattenkabinett gibt es nicht? Es h\u00e4tte auch lauten k\u00f6nnen: \u201emit Dir spielen wir nicht\u201c! Auf der HV jedenfalls wurde dann deutlich, dass der heutige Vorstand ein exaktes Prozedere bereits vor der Wahl, abgesprochen hatte! Dies ist kein Vorwurf, hingegen nur Beleg f\u00fcr mangelnde Offenheit einem Mann gegen\u00fcber, der sich aus idealistischen Gr\u00fcnden f\u00fcr eine Gruppe von Seglern einsetzt, die im TO traditionell seit Jahrzehnten zu wenig R\u00fcckhalt, Beachtung und Respekt erhalten haben:<\/p>\n<p><a href=\"https:\/\/windpilot.com\/blog\/wp-content\/uploads\/2012\/10\/3-Windpilots.jpg\"><img loading=\"lazy\" decoding=\"async\" class=\"aligncenter size-large wp-image-7267\" title=\"3 Windpilots\" src=\"https:\/\/windpilot.com\/blog\/wp-content\/uploads\/2012\/10\/3-Windpilots-1024x768.jpg\" alt=\"\" width=\"640\" height=\"480\" srcset=\"https:\/\/windpilot.com\/blog\/wp-content\/uploads\/2012\/10\/3-Windpilots-1024x768.jpg 1024w, https:\/\/windpilot.com\/blog\/wp-content\/uploads\/2012\/10\/3-Windpilots-300x225.jpg 300w\" sizes=\"auto, (max-width: 640px) 100vw, 640px\" \/><\/a><strong>DIE SEGLER UNTERWEGS<\/strong>, denen ich mich privat und auch beruflich verbunden f\u00fchle, unter denen ich Freunde gewonnen habe und mit denen ich kommuniziere &#8211; keinesfalls nur in Sachen Freiheit in Steuerangelegenheiten! Diese Segler hat der TO jahrzehntelang au\u00dfer acht gelassen, sie waren ohne Stimme, ohne Stimmrecht, ohne Beachtung &#8211; gleichwohl dienten Sie als Aush\u00e4ngeschild des Gesamtvereins, wenngleich nur Zuhause in Cuxhaven, wenn Medaillen an den H\u00e4lsen von weitgereisten Heimkehrern stets gemeinsam mit dem Vorstand aufs Foto r\u00fcckten. Hier konnte der Vorstand mit \u201eseinen Seglern\u201c gl\u00e4nzen, deren Reisetageb\u00fccher er gepr\u00fcft und f\u00fcr medaillenreif f\u00fcr wert befunden hatte &#8211; also alle! Auf j\u00e4hrlichen Versammlungen mit Labskaus F\u00fctterung unter Medaillen Himmel &#8211; gerieten heimgekehrte Segler zur Dekoration f\u00fcr erfolgreiche Vereinsarbeit. Hat Jahrzehnte lang scheinbar bestens funktioniert! Mit einem Orden am Hals oder Revers kann auch der Wille zur Kritik sanft entschlafen.<\/p>\n<p>An Land regierte seit Jahrzehnten eine Gruppe von Funktion\u00e4ren, die allenfalls der kommerziellen Seefahrt zuzurechnen waren, und zum Segeln hingegen meist nur reduzierte Affinit\u00e4t besa\u00dfen. Die t\u00fcckischen Besonderheiten einer Satzung, die zu Versammlungen nur pr\u00e4senten Mitgliedern ein Stimmrecht zubilligt, lie\u00df ein skurriles Ungleichgewicht entstehen, die eine Verst\u00e4ndigung zwischen Seglern drau\u00dfen und der Basis zunehmend schwierig geraten lie\u00df. Beschwerden von Seglern unterwegs landeten in Cuxhaven zunehmend an der Wand, jedenfalls wenn\u00b4s um Substanzielles ging.<\/p>\n<p>Den Gesetzen von Neid und Gier folgend, konnte der Vorstand \u00fcber Jahre der Verlockung immer weniger widerstehen, einer ganz eigenen Profilierung hinterher zu laufen &#8211; oder gar aus der Vereinsarbeit ganz pers\u00f6nlichen Vorteil zu ziehen. Womit wir bei den Abgr\u00fcnden des TRANS OCEAN angekommen sind, von denen es etliche gegeben hat:<\/p>\n<p>&#8211; \u00dcberh\u00f6hte Zahlungen f\u00fcr Miete in die Tasche des Vorsitzenden,<\/p>\n<p>&#8211; eine \u00fcberteuerte Vereinszeitung, bei der Werbeeinnahmen fremd verbucht wurden, &#8211; wenig akkurate Spesenbelege,<\/p>\n<p>&#8211; F\u00f6rderma\u00dfnahmen f\u00fcr Segler, deren Mitgliedsantrag r\u00fcckdatiert werden sollte,<\/p>\n<p>&#8211; Spendenquittungen als Gef\u00e4lligkeits Gesten f\u00fcr honorige Freunde<\/p>\n<p>&#8211; Krankenversicherungen, die keinesfalls korrekt abgerchnet wurden<\/p>\n<p>Kurz: es hat sich jahrzehntelang eine <strong>GUTSHERRENART<\/strong> etablieren k\u00f6nnen, die uns im t\u00e4glichen Leben und Umgang mit Funktion\u00e4ren \/ Politikern allseits bekannt geworden ist. Der Vorstand hatte sich von den Vereinsidealen und seinen Mitgliedern Lichtjahre entfernt!<\/p>\n<p><a href=\"https:\/\/windpilot.com\/blog\/wp-content\/uploads\/2012\/10\/IMG_5937.jpg\"><img loading=\"lazy\" decoding=\"async\" class=\"aligncenter size-full wp-image-7268\" title=\"IMG_5937\" src=\"https:\/\/windpilot.com\/blog\/wp-content\/uploads\/2012\/10\/IMG_5937.jpg\" alt=\"\" width=\"640\" height=\"432\" srcset=\"https:\/\/windpilot.com\/blog\/wp-content\/uploads\/2012\/10\/IMG_5937.jpg 640w, https:\/\/windpilot.com\/blog\/wp-content\/uploads\/2012\/10\/IMG_5937-300x202.jpg 300w\" sizes=\"auto, (max-width: 640px) 100vw, 640px\" \/><\/a><strong>DAS GESCH\u00c4FTSMODELL<\/strong><\/p>\n<p>Das Gesch\u00e4ftsmodell des TO ist genial, definiert es doch seine Hilfsangebote in Leistungen, die von anderen &#8211; den St\u00fctzpunkten, genannt Tafelsilber &#8211; ehrenamtlich erbracht werden. F\u00fcr die Erledigung eigener Aufgaben, einer Verwaltung, bei der bis vor wenigen Monaten das Verfassen einer Email f\u00fcr den Vorstand von einer Sekret\u00e4rin vorbereitet werden musste &#8211; kurz, f\u00fcr die Verwaltung wurden traditionell im Bereich von 80% der j\u00e4hrlichen Beitr\u00e4ge aufgebraucht &#8211; ohne daf\u00fcr den Mitgliedern je eine seri\u00f6se Gegenleistung zu erbringen. Es war sogar m\u00f6glich, ein solides Kapitalpolster im sechsstelligen Bereich anzusammeln &#8211; m\u00fcndelsicher &#8211; wie man stets betonte. Der Vorstand beh\u00fctet dieses Polster &#8211; das Geld der Mitglieder &#8211; wie einen Schatz bis heute, der ihm offenbar Wichtigkeit verleiht, ohne sich den Mitgliedern f\u00fcr Gegenleistungen verantwortlich zu f\u00fchlen. Nat\u00fcrlich wird das heftig bestritten, gestanzte Scheinargumente haben Funktion\u00e4re jederzeit gern zur Hand! Und eine Beitragserh\u00f6hung befindet sich bereits auf der kommenden Tagesordnung.<\/p>\n<p><a href=\"https:\/\/windpilot.com\/blog\/wp-content\/uploads\/2012\/10\/Kidanchor-Kopie.jpg\"><img loading=\"lazy\" decoding=\"async\" class=\"aligncenter size-full wp-image-7269\" title=\"Kidanchor Kopie\" src=\"https:\/\/windpilot.com\/blog\/wp-content\/uploads\/2012\/10\/Kidanchor-Kopie.jpg\" alt=\"\" width=\"1023\" height=\"682\" srcset=\"https:\/\/windpilot.com\/blog\/wp-content\/uploads\/2012\/10\/Kidanchor-Kopie.jpg 1023w, https:\/\/windpilot.com\/blog\/wp-content\/uploads\/2012\/10\/Kidanchor-Kopie-300x200.jpg 300w\" sizes=\"auto, (max-width: 1023px) 100vw, 1023px\" \/><\/a><strong>MITGLIEDER STRUKTUR<\/strong><\/p>\n<p>Der Verein hat seine Mitgliederzahlen jahrzehntelang verschleiert und gesch\u00f6nt &#8211; um eigene Wichtigkeit zu \u00fcberh\u00f6hen. So reduzierte sich die Zahl von angeblich weit \u00fcber 6000 Mitgliedern auf real eine um mindestens 20% geringere Zahl. Ohne Datenbank ger\u00e4t man hier schnell ins Schwimmen! Offenbar kann der TO auch heute noch nicht alle seine Mitglieder per Mail erreichen! Der Vorstand benennt vor kurzem stolz, dass er heute 1500 Mitglieder per Mail erreichen kann &#8211; d.h. ca 3500 f\u00fcr ihn unerreichbar scheinen. Es kann wohl angenommen werden, dass 100% aller Segler heute \u00fcber &#8211; mindestens &#8211; eine Mail Adresse verf\u00fcgen!<\/p>\n<p>F\u00fcr die allermeisten Mitglieder ist der Beitritt zum TO der erste Schritt &#8211; unmittelbar nach der Entscheidung f\u00fcr eine vielleicht einmal geplante gro\u00dfe Reise. Man erhofft und erh\u00e4lt Informationen, Zeitung, Zugang zu Veranstaltungen &#8211; und f\u00fchlt sich zugeh\u00f6rig zu einem erlauchten Kreis von Seglern, die Gr\u00f6\u00dferes planen, als den T\u00f6rn nur vor der K\u00fcchent\u00fcr. F\u00fcr EUR 30.&#8211; ein Sonderangebot! Das Verh\u00e4ltnis von TO Mitgliedern an Land, zu den reisenden Seglern liegt im Bereich von 8 : 1 &#8211; was die Anzahl von reisenden Yachten im Bereich von ca 600 Schiffen zu spiegeln scheint.<\/p>\n<p>Eine dritte Gruppe von Seglern besitzt im TO einen Sonderstatus, es sind viele deutschen Segler und Segler Paare, deren Blauwasser Reisen Karrieren als Buchautoren nach sich gezogen haben. Hier strahlt der TO Stander besonders hell &#8211; und bespiegelt den Verein \/ oder Vorstand in einer Form, die als n\u00fctzlich und werbewirksam ausgedeutet worden ist. Es ist \u00fcberliefert, dass zwischen Vorstand und einigen bekannten Mitgliedern recht problemlos Hilfen finanzieller Art, sich eingeb\u00fcrgert zu haben scheinen. Nach au\u00dfen herrschte Stillschweigen, aber hinter vorgehaltener Hand wurde mir am Runden Tisch bedeutet: \u201ees ist doch allgemein bekannt, dass der Vorstand nach eigenem Gusto freih\u00e4ndig \u00fcber die Kasse verf\u00fcgen konnte\u201c! Nun, ich wu\u00dfte das bis dato nicht!<\/p>\n<p>Ein Zahlenspiel: von gesch\u00e4tzt 5000 Mitgliedern erschienen 50 &#8211; 120 zu den MV im November, d.h. 1-2% der Mitglieder hat jahrzehntelang die Regeln des Vereins bestimmen k\u00f6nnen. Reisende Segler sind bei der Entscheidungsfindung bis heute ausgeschlossen. Die Einf\u00fchrung einer Online Wahl ist versprochen worden &#8211; gleichwohl hat der Vorstand diesbez\u00fcglich einen Antrag eingebracht, der an der Ernsthaftigkeit des Vorhabens zweifeln l\u00e4\u00dft. Die Gr\u00fcnde sind einfach zu benennen: man f\u00fcrchtet offenbar den Einfluss der Segler unterwegs, die heute mit Macht auf ihr Stimmrecht pochen.<\/p>\n<p>Es ist nachvollziehbar, dass Opposition bei einer derartigen Vereins Struktur &#8211; zur Schwerstarbeit geraten muss! Kritiker hatten im TO traditionell einen schweren Stand, sie wurden und werden von anderen Mitgliedern aus dem harten Kern gern angerempelt, der Vereinsaustritt wird ihnen immer mal wieder nahegelegt. Aktuell existiert zur MV am 24.11.2012 ein Antrag auf Vereins Ausschlu\u00df von Peter Foerthmann.<\/p>\n<p>Vorst\u00e4nde wurden stets willig entlastet, Kassenpr\u00fcfungen in gegenseitiger Einigkeit problemlos durch gewinkt. Agonie ist die zwangsl\u00e4ufige Folge &#8211; weil der Draht zur wichtigsten Mitglieder Gruppe &#8211; den Seglern unterwegs &#8211; verloren gegangen ist und niemand ein Interesse daran hatte, deren Interessen dereinst zu st\u00e4rken.<\/p>\n<p>Die Analyse der Beitr\u00e4ge im TO Forum beweist, dass die Agonie auch heute nicht verflogen ist. Beitr\u00e4ge im inneren Bereich werden im Durchschnitt nur von ca 50 &#8211; 70 Personen gelesen. Der seit Jahren wohl wichtigste Bericht \u201eDie verlorene Ehre des TO\u201c von Beate + Detlev Schmandt, wurde innerhalb von 4 Wochen lediglich 530 mal gelesen! Das Leben findet auf anderen Foren statt, die Segler warten nicht auf bessere Angebote, wenn die woanders bereits online sind. Eine teure, gleichwohl schlechte Web Pr\u00e4senz offenbart f\u00fcr Segler mit schlechter Internet Verbindung unterwegs H\u00fcrden, die kaum zu bezwingen sind. Wenn im Forum zudem dann scheinbar nach Belieben rigoros gek\u00fcrzt, zensiert und Meinung manipuliert wird, wird leicht verst\u00e4ndlich, warum viele Segler die Lust verloren haben, sich hier \u00fcberhaupt zu beteiligen. Der Trans Ocean hat sich jahrzehntelang von seinen Mitgliedern stets weiter entfernt.<\/p>\n<p>Wenn mit gutem Willen Arbeitsgemeinschaften gegr\u00fcndet werden, diesen dann jedoch keine klaren Direktiven vorgegeben werden, sind Zwist und Graben K\u00e4mpfe unausweichlich. Verst\u00e4ndlich, wenn betroffene St\u00fctzpunkte dann die Gefolgschaft k\u00fcndigen. F\u00fchrung ist angesagt &#8211; von alleine regeln sich die notwendigen Dinge nicht!<\/p>\n<p><strong>DIALOG<\/strong> und <strong>TRANSPARENZ<\/strong> zwischen dem heutigen Vorstand und der Mitgliederschaft war in den vergangenen Monaten mangelhaft, selbst im inneren Bereich des Forums hat sich selten ein Vorstands Mitglied mit einem guten Kommentar verirrt. Dabei wurden dem Vorstand hunderte von pr\u00e4zisen Fragen gestellt! Es entspricht keinem guten Stil, den Diskutanten im Forum das Wort alleine zu \u00fcberlassen &#8211; um nach Monaten der Abstinenz von Vorstandsseite zynisch zu verk\u00fcnden, dass man bereits an ALLES gedacht habe und die Diskussion sich nachtr\u00e4glich wahrscheinlich als unn\u00f6tig erweisen w\u00fcrde ( Entschuldigung: Herr Mennewisch!) So geht man mit gestandenen Erwachsenen keineswegs um! Und einem Kritiker im Forum von Vorstandsseite offen den Vereinsaustritt nahe zulegen&#8230; entspricht eher dem Verhalten in einem Kindergarten!<\/p>\n<p><a href=\"https:\/\/windpilot.com\/blog\/wp-content\/uploads\/2012\/10\/CA-Irene-Bora.jpg\"><img loading=\"lazy\" decoding=\"async\" class=\"aligncenter size-full wp-image-7270\" title=\"CA Irene Bora\" src=\"https:\/\/windpilot.com\/blog\/wp-content\/uploads\/2012\/10\/CA-Irene-Bora.jpg\" alt=\"\" width=\"286\" height=\"218\" \/><\/a><strong>SINNFRAGE<\/strong><\/p>\n<p>ich denke, dass man die Entwicklungen von vergangenen Jahrzehnten nicht ungeschehen machen kann. Es ist ein Fakt, dass der TO heute weitgehend die Aufmerksamkeit seiner Mitglieder verloren hat. Explizit scheint deutlich, dass die Segler unterwegs sich bereits gro\u00dffl\u00e4chig abgewendet haben &#8211; schlicht, weil ihnen der Glaube an eine Besserung abhanden gekommen ist. Dies ist besonders bedauerlich, weil diese Mitglieder die wichtigste Basis des TO dargestellt haben.<\/p>\n<p>Die Vorg\u00e4nge um die Holl\u00e4ndische Familie Lelijveld SV Drifter beleuchten beispielhaft, wie die Haltung einer Gruppe von Funktion\u00e4ren den segelnden Mitgliedern gegen\u00fcber jahrelang gewesen ist. Die Auswirkungen haben in der internationalen Blauwasser Community Seglerschaft dauerhafte Sch\u00e4den hinterlassen, weil unter Seglern <strong>WORD OF MOUTH<\/strong> zuverl\u00e4ssiger funktioniert &#8211; als klangvolle Worte und Versprechungen von Funktion\u00e4ren, die fernab in einem Vereinsb\u00fcros in Cuxhaven formuliert werden.<\/p>\n<p>Es bedarf ungeheurer Anstrengungen, die Fehler der Vergangenheit auszumerzen um den Verein dereinst zu neuen Ufern zu f\u00fchren. Ob die Mitglieder diese Geduld aufbringen werden, wird ein jeder f\u00fcr sich selbst beantworten m\u00fcssen. F\u00fcr einen Vorstand wird dies eine Herkules Arbeit und es darf bezweifelt werden, dass dies gelingen kann.<\/p>\n<p>In einer Zeit virtueller Virilit\u00e4t und unbegrenzter M\u00f6glichkeiten muss die Frage gestellt werden, ob ein Verein mit dem bisherigen Gesch\u00e4ftsmodell in der Zukunft eine Daseinsberechtigung weiterhin besitzt! Angesichts einer unwirtschaftlichen Kostensituation, die einen Gro\u00dfteil der Beitr\u00e4ge f\u00fcr die Verwaltung aufzehrt und neue Aufgaben zun\u00e4chst Beitragserh\u00f6hungen notwendig machen w\u00fcrden, stellt sich zus\u00e4tzlich die Frage, ob man daf\u00fcr die Zustimmung einer breiten Mitgliederschaft wird gewinnen k\u00f6nnen.<\/p>\n<p>Ich habe meine Schlussfolgerungen gezogen und bin ausgetreten.<\/p>\n<p>Peter Foerthmann<\/p>\n","protected":false},"excerpt":{"rendered":"<p>25 Jahre im Trans Ocean &#8211; Bekenntnisse &#8211; Erfahrungen &#8211; Analysen Das Ende zuerst: ich bin aus dem TRANS OCEAN ausgetreten! Die Darlegung meiner Gr\u00fcnde dauert ein wenig l\u00e4nger, denn sie bedeutet eine kleine Zeitreise durch das erf\u00fcllte Segler Leben &hellip; <a href=\"https:\/\/windpilot.com\/blog\/trans-ocean-news\/to-peter\/deutsch-25-jahre-im-trans-ocean\/\">Weiterlesen <span class=\"meta-nav\">&rarr;<\/span><\/a><\/p>\n","protected":false},"author":1,"featured_media":0,"parent":16731,"menu_order":-5,"comment_status":"open","ping_status":"closed","template":"","meta":{"footnotes":""},"class_list":["post-7261","page","type-page","status-publish","hentry"],"_links":{"self":[{"href":"https:\/\/windpilot.com\/blog\/wp-json\/wp\/v2\/pages\/7261","targetHints":{"allow":["GET"]}}],"collection":[{"href":"https:\/\/windpilot.com\/blog\/wp-json\/wp\/v2\/pages"}],"about":[{"href":"https:\/\/windpilot.com\/blog\/wp-json\/wp\/v2\/types\/page"}],"author":[{"embeddable":true,"href":"https:\/\/windpilot.com\/blog\/wp-json\/wp\/v2\/users\/1"}],"replies":[{"embeddable":true,"href":"https:\/\/windpilot.com\/blog\/wp-json\/wp\/v2\/comments?post=7261"}],"version-history":[{"count":3,"href":"https:\/\/windpilot.com\/blog\/wp-json\/wp\/v2\/pages\/7261\/revisions"}],"predecessor-version":[{"id":16733,"href":"https:\/\/windpilot.com\/blog\/wp-json\/wp\/v2\/pages\/7261\/revisions\/16733"}],"up":[{"embeddable":true,"href":"https:\/\/windpilot.com\/blog\/wp-json\/wp\/v2\/pages\/16731"}],"wp:attachment":[{"href":"https:\/\/windpilot.com\/blog\/wp-json\/wp\/v2\/media?parent=7261"}],"curies":[{"name":"wp","href":"https:\/\/api.w.org\/{rel}","templated":true}]}}