{"id":7548,"date":"2012-11-29T04:22:23","date_gmt":"2012-11-29T11:22:23","guid":{"rendered":"https:\/\/windpilot.com\/blog\/?page_id=7548"},"modified":"2012-12-04T22:33:04","modified_gmt":"2012-12-05T05:33:04","slug":"deutsch-aufruf-an-die-segler","status":"publish","type":"page","link":"https:\/\/windpilot.com\/blog\/trans-ocean-news\/deutsch-drifter\/deutsch-aufruf-an-die-segler\/","title":{"rendered":"Aufruf an die Segler"},"content":{"rendered":"<p><a href=\"https:\/\/windpilot.com\/blog\/wp-content\/uploads\/2012\/11\/Coby-und-Arnold.jpg\"><img loading=\"lazy\" decoding=\"async\" src=\"https:\/\/windpilot.com\/blog\/wp-content\/uploads\/2012\/11\/Coby-und-Arnold.jpg\" alt=\"\" title=\"Coby und Arnold\" width=\"1200\" height=\"900\" class=\"aligncenter size-full wp-image-7540\" srcset=\"https:\/\/windpilot.com\/blog\/wp-content\/uploads\/2012\/11\/Coby-und-Arnold.jpg 1200w, https:\/\/windpilot.com\/blog\/wp-content\/uploads\/2012\/11\/Coby-und-Arnold-300x225.jpg 300w, https:\/\/windpilot.com\/blog\/wp-content\/uploads\/2012\/11\/Coby-und-Arnold-1024x768.jpg 1024w\" sizes=\"auto, (max-width: 1200px) 100vw, 1200px\" \/><\/a><strong>Liebe Seglerinnen, liebe Segler<\/strong>,<\/p>\n<p>Wir wenden uns heute auf diesem Wege an Sie \/ Euch, weil wir der Familie Coby + Arnold Lelijveld, SV Drifter, helfen m\u00f6chten.<\/p>\n<p>Der TO hat auf seiner Mitgliederversammlung am 24.11.2012 leider keine Entscheidung getroffen, um der Familie Lelijveld zu helfen. Auch die Zahlung einer Abschlags Zahlung in geringer H\u00f6he ist nicht beschlossen worden, auf die Coby und Arnold so sehnlich gewartet h\u00e4tten. Nach unserer Meinung wurde damit der Familie Lelijveld ein weiteres Mal Unrecht zugef\u00fcgt. Wir empfinden dies Verhalten als Blamage f\u00fcr einen Verein, in dem wir seit so vielen Jahren Mitglied sind. <\/p>\n<p>Drifter wurde damit ein weiteres Mal alleine gelassen, weil diese Regulierung dem Vorstand &#8211; sollen wir vermuten, zu teuer gewesen? Wenn jetzt ein Rechtsgutachten Kl\u00e4rung bringen soll, heisst dies f\u00fcr Drifter weiteres Warten! 4 Jahre und 6 Monate warten Coby und Arnold bereits, sollen sie warten, bis irgendwann ein anderer Vorstand diese Angelegenheit in der hier so \u00fcberf\u00e4lligen richtigen Form entscheidet?  <\/p>\n<p>Wir m\u00f6chten Drifter nicht l\u00e4nger warten lassen!<\/p>\n<p>Wir haben uns daher entschlossen aus den Kreisen der Seglerschaft eine Hilfsaktion zu initiieren, um der Familie Lelijveld kurzfristig EUR 10.000.&#8211;  als Soforthilfe in Darlehensform zur Verf\u00fcgung zu stellen, damit sie nach vier Jahren dauerhaften Verbleibens im Pazifik &#8211; aus Mangel an finanziellen Mitteln &#8211;  die Weihnachts Tage bei ihren Kindern in Holland verbringen k\u00f6nnen. <\/p>\n<p>Wir hatten gehofft, dass der TRANS OCEAN e.V. &#8211; durch Leistung einer Vorab Zahlung &#8211; seine Verantwortung f\u00fcr die missliche Lage der Familie dokumentieren m\u00f6ge! Leider hat man dies in Cuxhaven nicht erkennen k\u00f6nnen, was wir bedauern!<\/p>\n<p>Wir haben diese Form der Interims Hilfe gew\u00e4hlt, weil wir verhindern m\u00f6chten, dass der TO aus seiner &#8211; wie wir vermuten &#8211; Zahlungs Verpflichtung entlassen w\u00fcrde.<\/p>\n<p>Gemeinsam mit Coby+Arnold verpflichten sich die Unterzeichner f\u00fcr eine gewissenhafte R\u00fcckzahlung der hier gew\u00e4hrten Mittel, wenn der TO seiner Zahlungs Verpflichtung am Ende nachgekommen ist!<\/p>\n<p>Hier unser Plan: Jeder Interessent erh\u00e4lt die Kontonummer von Coby &#038; Arnold in Holland und meldet die \u00dcberweisung anschlie\u00dfend an uns. Wenn C&#038;A eines Tages, sei es vom TO, sei es \u00fcber ein Fondraising oder anderweitig den vollen Betrag von 110.000,&#8211; US Dollar erhalten haben, werden sie das \u00dcberbr\u00fcckungsgeld zur\u00fcckzahlen! <\/p>\n<p>F\u00fcr die R\u00fcckzahlung haften die Unterzeichner.<\/p>\n<p>Sobald 10.000,&#8211; Euro eingegangen sind, ist die Aktion beendet. Die Teilnehmer k\u00f6nnen sich namentlich listen lassen oder anonym bleiben, die H\u00f6he der einzelnen Zahlungen wird nicht ver\u00f6ffentlicht. Die Liste wird von uns permanent erg\u00e4nzt und die H\u00f6he des aktuellen &#8222;Kontostandes&#8220; bekannt gegeben. <\/p>\n<p>Im Moment sind 3.050,&#8211; Euro auf dem Weg nach Holland.<\/p>\n<p>Bitte macht mit, damit es im Fall Drifter endlich einmal Positives zu berichten gibt!<\/p>\n<p>Darum bitten ganz herzlich<\/p>\n<p>Beate und Detlev Schmandt SV Kira von Celle z.Zt. Opua, New Zealand<br \/>\nPeter Foerthmann<\/p>\n<p>Weitere Einzelheiten und die Kontonummer auf Anfrage an:<br \/>\nDetlev Schmandt:  dflr@sailmail.com<br \/>\nPeter Foerthmann: peter@windpilot.com<\/p>\n<p>Diese Aktion ist keineswegs auf TO-Mitglieder beschr\u00e4nkt &#8211; Solidarit\u00e4t unter Seglern geht jeden etwas an!<\/p>\n<p>Auch der kleinste Betrag hilft, die EUR 10.000,&#8211; zusammen zu bekommen und wir freuen uns auf jeden, den wir auf die Liste setzen d\u00fcrfen, damit wir nicht so klein aussehen mit unserem Vorhaben, hier eine Aufgabe zu schultern, die von Seiten eines grossen deutschen Segelvereins so str\u00e4flich missachtet worden ist!<\/p>\n<p>Wir haben Respekt vor Teilnehmern, die anonym bleiben wollen und gleichwohl helfen m\u00f6chten. Ihr Name bleibt selbstverst\u00e4ndlich dann ungenannt!<\/p>\n","protected":false},"excerpt":{"rendered":"<p>Liebe Seglerinnen, liebe Segler, Wir wenden uns heute auf diesem Wege an Sie \/ Euch, weil wir der Familie Coby + Arnold Lelijveld, SV Drifter, helfen m\u00f6chten. Der TO hat auf seiner Mitgliederversammlung am 24.11.2012 leider keine Entscheidung getroffen, um &hellip; <a href=\"https:\/\/windpilot.com\/blog\/trans-ocean-news\/deutsch-drifter\/deutsch-aufruf-an-die-segler\/\">Weiterlesen <span class=\"meta-nav\">&rarr;<\/span><\/a><\/p>\n","protected":false},"author":1,"featured_media":0,"parent":7538,"menu_order":2,"comment_status":"open","ping_status":"closed","template":"","meta":{"footnotes":""},"class_list":["post-7548","page","type-page","status-publish","hentry"],"_links":{"self":[{"href":"https:\/\/windpilot.com\/blog\/wp-json\/wp\/v2\/pages\/7548","targetHints":{"allow":["GET"]}}],"collection":[{"href":"https:\/\/windpilot.com\/blog\/wp-json\/wp\/v2\/pages"}],"about":[{"href":"https:\/\/windpilot.com\/blog\/wp-json\/wp\/v2\/types\/page"}],"author":[{"embeddable":true,"href":"https:\/\/windpilot.com\/blog\/wp-json\/wp\/v2\/users\/1"}],"replies":[{"embeddable":true,"href":"https:\/\/windpilot.com\/blog\/wp-json\/wp\/v2\/comments?post=7548"}],"version-history":[{"count":0,"href":"https:\/\/windpilot.com\/blog\/wp-json\/wp\/v2\/pages\/7548\/revisions"}],"up":[{"embeddable":true,"href":"https:\/\/windpilot.com\/blog\/wp-json\/wp\/v2\/pages\/7538"}],"wp:attachment":[{"href":"https:\/\/windpilot.com\/blog\/wp-json\/wp\/v2\/media?parent=7548"}],"curies":[{"name":"wp","href":"https:\/\/api.w.org\/{rel}","templated":true}]}}