{"id":7550,"date":"2012-11-29T04:25:53","date_gmt":"2012-11-29T11:25:53","guid":{"rendered":"https:\/\/windpilot.com\/blog\/?page_id=7550"},"modified":"2012-12-21T23:16:05","modified_gmt":"2012-12-22T06:16:05","slug":"deutsch-e-3-65000","status":"publish","type":"page","link":"https:\/\/windpilot.com\/blog\/trans-ocean-news\/deutsch-drifter\/deutsch-e-3-65000\/","title":{"rendered":"Spender Liste"},"content":{"rendered":"<p><a href=\"https:\/\/windpilot.com\/blog\/wp-content\/uploads\/2012\/11\/Pelicans-viele.jpg\"><img loading=\"lazy\" decoding=\"async\" class=\"alignleft size-medium wp-image-7644\" title=\"Pelicans viele\" src=\"https:\/\/windpilot.com\/blog\/wp-content\/uploads\/2012\/11\/Pelicans-viele-300x225.jpg\" alt=\"\" width=\"300\" height=\"225\" srcset=\"https:\/\/windpilot.com\/blog\/wp-content\/uploads\/2012\/11\/Pelicans-viele-300x225.jpg 300w, https:\/\/windpilot.com\/blog\/wp-content\/uploads\/2012\/11\/Pelicans-viele-1024x768.jpg 1024w, https:\/\/windpilot.com\/blog\/wp-content\/uploads\/2012\/11\/Pelicans-viele.jpg 1280w\" sizes=\"auto, (max-width: 300px) 100vw, 300px\" \/><\/a><strong>\u20ac 10.250 &#8211; Darlehen f\u00fcr DRIFTER &#8211; \u00fcberwiesen!<\/strong><\/p>\n<p>Es hat 12 Tage gedauert, unsere Idee in die Tat umzusetzen. Unser Solidarit\u00e4ts Aufruf f\u00fcr Coby &amp; Arnold wurde von vielen Segler sofort aufgegriffen. Coby &amp; Arnold k\u00f6nnen nun ihr Weihnachtsfest planen, ohne ein weiteres Mal auf ein Signal ihres Vereins in Cuxhaven zu warten!<\/p>\n<p>Im Namen von Coby und Arnold m\u00f6chten wir uns herzlich bei allen Spendern und Unterst\u00fctzern bedanken, die hier so unkompliziert und schnell, geholfen haben. Wir haben auf unserer Seite alles dokumentiert und versichern an dieser Stelle, daf\u00fcr zu sorgen, dass eine R\u00fcckzahlung der Unterst\u00fctzung umgehend nach Eingang der Entsch\u00e4digungs Zahlung aus Cuxhaven erfolgen wird.<\/p>\n<p>F\u00fcr korrekte Abwicklung dieser Angelegenheit haften wir pers\u00f6nlich.<\/p>\n<p>Opua NZ \/ Hamburg den 12.12.2012<\/p>\n<p>Beate + Detlev Schmandt, Peter Foerthmann<\/p>\n<p>Hier die Namen und Schiffe der Unterst\u00fctzer, die mit der Nennung Ihres Namens einverstanden sind. Dar\u00fcberhinaus gibt es 23 Unterst\u00fctzer, die auf Anonymit\u00e4t Wert gelegt haben, was wir respektieren.<\/p>\n<p>Ihnen allen gilt unser Respekt und Dank!<\/p>\n<p><strong>Name und Schiffsname<\/strong><\/p>\n<p>Tineke + Jimmy Lengkeeg <a href=\"https:\/\/windpilot.com\/blog\/2010\/12\/17\/sv-gabber-tinekejimmy-lengkeeg-nl\/ \" target=\"_blank\">SV Gabber<\/a><\/p>\n<p>Ingrid + Timm Pfeiffer SV Sonnenschein<\/p>\n<p>Tatjana Hartmann + Thomas Witt \u00a0\u00a0<a href=\"http:\/\/www.sy-breakpoint.de\/\" target=\"_blank\">SV Breakpoint<\/a><\/p>\n<p>Beate + Detlev Schmandt <a href=\"http:\/\/www.kira-von-celle.de\/\" target=\"_blank\">SV Kira von Celle<\/a><\/p>\n<p>Klaus Loest \u00a0 <a href=\"http:\/\/www.loest.de\/html\/crusising_queen.html\" target=\"_blank\">SV Cruising Queen<\/a><\/p>\n<p>Eva + Horst Bressel \u00a0 <a href=\"https:\/\/windpilot.com\/blog\/2011\/05\/11\/sv-nele-eva-horst-bressel-ger-and-chico-the-tiger\/\" target=\"_blank\">SV Nele<\/a><\/p>\n<p>Claudia Masson, <a href=\"http:\/\/www.preuss-yachtversicherungen.de\/\" target=\"_blank\">Preuss Versicherungen<\/a><\/p>\n<p>Andrea + Andreas Haensch \u00a0<a href=\"http:\/\/www.sy-akka.de\/\" target=\"_blank\">SV Akka<\/a><\/p>\n<p>Andreas Raimund \u00a0SV Aphrodite<\/p>\n<p>Hermann Zwerschina \u00a0 SV Meltemi I<\/p>\n<p>Manfred Ketels \u00a0 <a href=\"http:\/\/www.sy-stups.de\/\" target=\"_blank\">SV Stups<\/a><\/p>\n<p>Olaf Zepp \u00a0 SV Beaver<\/p>\n<p>Bjoern Steiner \u00a0 <a href=\"http:\/\/www.ohlsoneigner.de\/\" target=\"_blank\">SV Sea Horse<\/a><\/p>\n<p>Ralf Schnitzler<\/p>\n<p>Elke + Ferdinand Takatsch \u00a0<a href=\"http:\/\/www.takatsch.de\/ \" target=\"_blank\"> SV La Paloma<\/a><\/p>\n<p>Anne + Rainer H\u00fcnerfauth \u00a0 <a href=\"http:\/\/www.meerbaer.info\/\" target=\"_blank\">SV Meerbaer<\/a><\/p>\n<p>Yvonne + Bruno Wittwer \u00a0<a href=\"http:\/\/www.momo-sailing.ch\" target=\"_blank\">SV Momo<\/a><\/p>\n<p>Thorsten Traut SV Traudelchen<\/p>\n<p>Gaby Drucker + Johann Raith \u00a0 \u00a0<a href=\"http:\/\/globalsail.info\/ \" target=\"_blank\">SV September<\/a><\/p>\n<p>Is + Arndt Kleinstaeuber \u00a0 SV So Aris<\/p>\n<p>Mia + Wolfram Treptow \u00a0 \u00a0<a href=\"http:\/\/www.segelreisen-atair.de\" target=\"_blank\">SV Atair<\/a><\/p>\n<p>Eckard Zehm \u00a0 \u00a0SV Karin<\/p>\n<p>Sabine + Heinz Solka \u00a0 \u00a0SV \u00a0Magic Life<\/p>\n<p>Bettina He\u00fcveldop + Kurt G\u00f6dderz-He\u00fcveldop \u00a0 <a href=\"http:\/\/www.sy-vigo.de\/\" target=\"_blank\">SV Vigo<\/a><\/p>\n<p>Maja + Paul Wirkus \u00a0 \u00a0<a href=\"http:\/\/www.cat-people.de\" target=\"_blank\">SV Mupfel<\/a><\/p>\n<p>Karl Werner Rosenthal \u00a0 \u00a0SV Nice Girl<\/p>\n<p>Hartwig Carstensen \u00a0 \u00a0SV R\u00fcm Hart<\/p>\n<p>Claudia + Edi Dvorak, <a href=\"http:\/\/www.cul8r-unterwegs.at\" target=\"_blank\">SV Cul8r<\/a><\/p>\n<p>Nils Voss \u00a0 \u00a0 SV Sausalito<\/p>\n<p>Michael Drexler \u00a0 <a href=\"http:\/\/www.ready-to-sail.de\/\" target=\"_blank\">SV Savannah<\/a><\/p>\n<p>Silvia + Michael Herbst \u00a0<a href=\"http:\/\/www.kat-tanoa.de\/index_tanoa.htm\" target=\"_blank\">SV Tanoa<\/a><\/p>\n<p>Frank Schumacher \u00a0<a href=\"http:\/\/www.cayluna.de\" target=\"_blank\"> SV Cayluna<\/a><\/p>\n<p>Edip Arslan \u00a0<a href=\"http:\/\/www.sy-nanumea.de\/\" target=\"_blank\">SV Nanumea<\/a><\/p>\n<p>Uwe Mayer-Eming<\/p>\n<p>Gunnar Soohs \u00a0 <a href=\"http:\/\/segelmaschine.wordpress.com\/\" target=\"_blank\">SV Puh<\/a><\/p>\n<p>Rainer Hasse \u00a0<a href=\"http:\/\/watermaker.jimdo.com \" target=\"_blank\"> SV Mika<\/a><\/p>\n<p>Stefan Hausladen, <a href=\"http:\/\/sicura-finanz.de\/\" target=\"_blank\">Frankfurt<\/a><\/p>\n<p>Michael Leppert \u00a0 \u00a0SV Mariposa<\/p>\n<p>Hans-Peter Suter \u00a0 SV Johanna<\/p>\n<p>Hildegard + Heribert Aichele \u00a0 SV Wasabi<\/p>\n<p>Petra + Martin Knauff \u00a0 \u00a0<a href=\"http:\/\/www.stenella.de\/\" target=\"_blank \">SV Stenella<\/a><\/p>\n<p>Peter Foerthmann<\/p>\n<p>Heiko M\u00fcller<\/p>\n<p>Tobias Klembt SV Scouty<\/p>\n<p>Marie Yvonne Schlaeper SV Cassiopeia<\/p>\n<p>Hans-Joachim Leimk\u00fcller, SV Onyx<\/p>\n<p>Heinrich Hohnsbeen<\/p>\n<p>Dr.Lutz Pestel, <a href=\"http:\/\/www.trade-wind.de\" target=\"_blank\">SV Su An<\/a><\/p>\n<p>zuz\u00fcglich 23 anonyme Unterst\u00fctzer<\/p>\n<p>Diese Namens Liste wird in den kommenden Tagen weiter aktualisiert, wenn angek\u00fcndigten Betr\u00e4ge die Buchung entgegensteht.<\/p>\n","protected":false},"excerpt":{"rendered":"<p>\u20ac 10.250 &#8211; Darlehen f\u00fcr DRIFTER &#8211; \u00fcberwiesen! Es hat 12 Tage gedauert, unsere Idee in die Tat umzusetzen. Unser Solidarit\u00e4ts Aufruf f\u00fcr Coby &amp; Arnold wurde von vielen Segler sofort aufgegriffen. Coby &amp; Arnold k\u00f6nnen nun ihr Weihnachtsfest planen, &hellip; <a href=\"https:\/\/windpilot.com\/blog\/trans-ocean-news\/deutsch-drifter\/deutsch-e-3-65000\/\">Weiterlesen <span class=\"meta-nav\">&rarr;<\/span><\/a><\/p>\n","protected":false},"author":1,"featured_media":0,"parent":7538,"menu_order":3,"comment_status":"open","ping_status":"closed","template":"","meta":{"footnotes":""},"class_list":["post-7550","page","type-page","status-publish","hentry"],"_links":{"self":[{"href":"https:\/\/windpilot.com\/blog\/wp-json\/wp\/v2\/pages\/7550","targetHints":{"allow":["GET"]}}],"collection":[{"href":"https:\/\/windpilot.com\/blog\/wp-json\/wp\/v2\/pages"}],"about":[{"href":"https:\/\/windpilot.com\/blog\/wp-json\/wp\/v2\/types\/page"}],"author":[{"embeddable":true,"href":"https:\/\/windpilot.com\/blog\/wp-json\/wp\/v2\/users\/1"}],"replies":[{"embeddable":true,"href":"https:\/\/windpilot.com\/blog\/wp-json\/wp\/v2\/comments?post=7550"}],"version-history":[{"count":2,"href":"https:\/\/windpilot.com\/blog\/wp-json\/wp\/v2\/pages\/7550\/revisions"}],"predecessor-version":[{"id":7716,"href":"https:\/\/windpilot.com\/blog\/wp-json\/wp\/v2\/pages\/7550\/revisions\/7716"}],"up":[{"embeddable":true,"href":"https:\/\/windpilot.com\/blog\/wp-json\/wp\/v2\/pages\/7538"}],"wp:attachment":[{"href":"https:\/\/windpilot.com\/blog\/wp-json\/wp\/v2\/media?parent=7550"}],"curies":[{"name":"wp","href":"https:\/\/api.w.org\/{rel}","templated":true}]}}