{"id":7870,"date":"2013-01-22T07:56:58","date_gmt":"2013-01-22T14:56:58","guid":{"rendered":"https:\/\/windpilot.com\/blog\/?page_id=7870"},"modified":"2013-01-23T09:12:55","modified_gmt":"2013-01-23T16:12:55","slug":"deutsch-trans-ocean-e-v-martin-birkhoff-offener-brief","status":"publish","type":"page","link":"https:\/\/windpilot.com\/blog\/trans-ocean-news\/deutsch-trans-ocean-e-v-gate\/deutsch-trans-ocean-e-v-martin-birkhoff-offener-brief\/","title":{"rendered":"9. Editorial"},"content":{"rendered":"<p><a href=\"https:\/\/windpilot.com\/blog\/wp-content\/uploads\/2013\/01\/P1050100.jpg\"><img loading=\"lazy\" decoding=\"async\" class=\"alignleft size-medium wp-image-7871\" title=\"P1050100\" src=\"https:\/\/windpilot.com\/blog\/wp-content\/uploads\/2013\/01\/P1050100-300x225.jpg\" alt=\"\" width=\"300\" height=\"225\" srcset=\"https:\/\/windpilot.com\/blog\/wp-content\/uploads\/2013\/01\/P1050100-300x225.jpg 300w, https:\/\/windpilot.com\/blog\/wp-content\/uploads\/2013\/01\/P1050100-1024x768.jpg 1024w\" sizes=\"auto, (max-width: 300px) 100vw, 300px\" \/><\/a><strong>Werter Martin Birkhoff<\/strong><br \/>\nes ist mir bis heute nicht gelungen, Ihrer Vereinsf\u00fchrung Positives abzugewinnen, denn Kommunikation, gleich von welcher Seite, wird von Ihnen seit Anbeginn verweigert! Ich bin \u00fcberzeugt, dass die Fehler der Vergangenheit, sowie die immer dringender notwendige Neu-Ausrichtung, nur im offenen Dialog mit den Mitgliedern zu korrigieren sind. Genau dies unterbinden Sie, wo immer sich die M\u00f6glichkeit dazu ergibt! Die Relevanz der alten Zeiten grinst f\u00fcr mich um jede Ecke!<\/p>\n<p><a href=\"https:\/\/windpilot.com\/blog\/wp-content\/uploads\/2013\/01\/P1050091.jpg\"><img loading=\"lazy\" decoding=\"async\" class=\"aligncenter size-large wp-image-7872\" title=\"P1050091\" src=\"https:\/\/windpilot.com\/blog\/wp-content\/uploads\/2013\/01\/P1050091-1024x768.jpg\" alt=\"\" width=\"640\" height=\"480\" srcset=\"https:\/\/windpilot.com\/blog\/wp-content\/uploads\/2013\/01\/P1050091-1024x768.jpg 1024w, https:\/\/windpilot.com\/blog\/wp-content\/uploads\/2013\/01\/P1050091-300x225.jpg 300w\" sizes=\"auto, (max-width: 640px) 100vw, 640px\" \/><br \/>\n<\/a><strong>DER CHEF<\/strong><br \/>\nSicherlich war es f\u00fcr Sie verlockend, mit einem Vorstands Titel, Ego und Selbstwertgef\u00fchl ein wenig zu polieren! So ein Foto auf einem equadorianischen Schulschiff macht nat\u00fcrlich etwas her, auch wenn der vermeintliche Offizier versehentlich nur die Bootsmanns M\u00fctze getragen hat! Und als Rabattj\u00e4ger auf Lorbeer Jagt f\u00fcr die Mitglieder Sch\u00e4fchen, bekommt das Ego ein Adrenalin Spritzchen, ohne einen einzigen Penny auszugeben! Das Leben kann so zum Spa\u00dfvergn\u00fcgen geraten, wenn man zum Titeltr\u00e4ger avanciert und hofiert wird, ohne daf\u00fcr allzuviel zu leisten!<\/p>\n<p>Klar ist die Rolle als Cheffe, eine Rolle, die jeder in seinem Leben gern spielen m\u00f6chte! Ein TO-Cheffe leitet und repr\u00e4sentiert, ich vermute: genau so haben Sie sich das wohl vorgestellt! Die Lorbeeren werden vom Chef gepfl\u00fcckt &#8211; die Arbeit vom B\u00fcro erledigt &#8211; das Volk zahlt devot &#8211; spendet gro\u00dfz\u00fcgig &#8211; und h\u00e4lt die Klappe, denn Mitsprache scheint mehr denn je unerw\u00fcnscht. Eine neue Satzung h\u00e4tte dies System erstmals empfindlich st\u00f6ren k\u00f6nnen, weshalb Sie gemeinsam mit Ihren Vorstandskollegen nun versuchen, mit allen Tricks, diese Bedrohung einer Mitbestimmung irgendwie zu umschiffen, obwohl Ihnen heute bewu\u00dft sein sollte, dass die Mitglieder die neue Satzung &#8211; eigentlich &#8211; bereits mehrheitlich beschlossen haben!<\/p>\n<p><strong>SCHIEF GELAUFEN<\/strong><br \/>\nVieles ist seit Ihrer Amts \u00dcbernahme schief gelaufen:<br \/>\n&#8211; Vergangenheits Bew\u00e4ltigung hat nicht geklappt<br \/>\n&#8211; Dauerzwist in der Vorstands Truppe<br \/>\n&#8211; Uwe R\u00f6ttgering l\u00e4uft aus dem Ruder<br \/>\n&#8211; der Krankenversicherungs Geist ist aus der Flasche und will sich gar nicht von alleine verd\u00fcnnisieren<br \/>\n&#8211; das DRIFTER Gespenst ist nach Jahren der Verdr\u00e4ngung, unangenehm urpl\u00f6tzlich wieder auferstanden!<br \/>\n&#8211; Foren Diskussionen und der Windpilot-Blog legen immer wieder die Finger in schwelende Wunden.<br \/>\n&#8211; eine Kassenpr\u00fcfung hat Tatsachen ans Tageslicht bef\u00f6rdert, gegen deren Offenlegung Sie mit allen Mitteln k\u00e4mpfen!<\/p>\n<p><strong>SCHWARZ WEISS<\/strong><br \/>\nIhre Welt scheint Schwarz Weiss gezeichnet &#8211; Graut\u00f6ne, Kompromisse oder Feinabstimmung &#8211; kennen Sie nicht! Freund oder Feind &#8211; Gut oder B\u00f6se &#8211; Ihre Welt ist grob gestrickt:<br \/>\n&#8211; <strong>Uwe R\u00f6ttgering<\/strong> ist b\u00f6se &#8211; weil er etwas verlangt, was Sie nicht geben wollen!<br \/>\n&#8211; <strong>Klaus Fohrmann<\/strong> als Kassenpr\u00fcfer ist b\u00f6se, weil er beide H\u00e4nde in die Vergangenheits Wunde legt!<br \/>\n&#8211; <strong>Christoph Dahms<\/strong> als Kassenpr\u00fcfer ist b\u00f6se, vielleicht nolens volens, obwohl er eigentlich ein Guter gewesen ist.<br \/>\n&#8211; <strong>Dieter Kowalewski<\/strong> als Kassenpr\u00fcfer ist b\u00f6se, obwohl er sogar ein Freund ist &#8211; oder gewesen ist.<br \/>\n&#8211; <strong>Dirk Mennewisch<\/strong> ist b\u00f6se, weil er Im Gespann mit Uwe R\u00f6ttgering abrupt das Vorstandsschiff verlassen hat!<br \/>\n&#8211; <strong>Hinnerk Weiler<\/strong> ist b\u00f6se, weil er den TO-Stander auf Halbmast, bzw. derzeit im Salon angenagelt hat!<br \/>\n&#8211; <strong>Peter Foerthmann<\/strong> und <strong>Detlev Schmandt<\/strong> sind b\u00f6se, weil sie nimmerm\u00fcde Kritik artikulieren!<br \/>\n&#8211; Unz\u00e4hlige Mitglieder sind b\u00f6se, weil sie Kritik formulieren, Anw\u00e4lte konsultieren &#8211; oder stillschweigend den TO Stander unter der Saling streichen und ern\u00fcchtert ausgetreten sind.<br \/>\n&#8211; dutzende Segler sind b\u00f6se, weil sie abseits vom Vorstand eine Eigeninitiative organisierten, um der Familie Lelijveld endlich zu helfen.<\/p>\n<p><strong>F\u00fchren Sie vielleicht bereits eine schwarze Liste?<\/strong><\/p>\n<p><a href=\"https:\/\/windpilot.com\/blog\/wp-content\/uploads\/2013\/01\/P1050103.jpg\"><img loading=\"lazy\" decoding=\"async\" class=\"aligncenter size-large wp-image-7873\" title=\"P1050103\" src=\"https:\/\/windpilot.com\/blog\/wp-content\/uploads\/2013\/01\/P1050103-1024x768.jpg\" alt=\"\" width=\"640\" height=\"480\" srcset=\"https:\/\/windpilot.com\/blog\/wp-content\/uploads\/2013\/01\/P1050103-1024x768.jpg 1024w, https:\/\/windpilot.com\/blog\/wp-content\/uploads\/2013\/01\/P1050103-300x225.jpg 300w\" sizes=\"auto, (max-width: 640px) 100vw, 640px\" \/><\/a><\/p>\n<p><strong>MACHTWORT EDITORIAL<\/strong><br \/>\nEin <strong>MACHTWORT<\/strong> schien Ihnen als der geniale Weg, Ihrem \u201eVolk\u201c die Welt nun einmal aus<strong> IHRER SICHT<\/strong> zu erkl\u00e4ren. Das <strong>EDITORIAL<\/strong> zum TO Heft #139 ger\u00e4t allerdings erstaunlich, denn dort k\u00f6nnen 5300 Mitglieder nun erstmals erfahren, was Sie als \u201eGutsherr\u201c wirklich von Ihren Mitgliedern halten: GARNIX, denn Sie erkl\u00e4ren die Mitglieder recht offenbar allesamt f\u00fcr schusselig, zumindest unf\u00e4hig, eigene Schlussfolgerungen zu ziehen!<\/p>\n<p>F\u00fcr mich ger\u00e4t Ihr <strong>EDITORIAL<\/strong> zur Steilvorlage, weil Sie dort &#8211; ob gewollt oder nicht &#8211; bemerkenswerte Statements abgeben, die mit Fakten hingegen keineswegs im Einklang stehen &#8211; Sie versuchen gleichwohl weiterhin, die Fakten zu verbergen oder zu verwischen, obwohl sie \u00fcberall verf\u00fcgbar sind. Darum dieser Brief!<\/p>\n<p><a href=\"https:\/\/windpilot.com\/blog\/wp-content\/uploads\/2013\/01\/P1050101.jpg\"><img loading=\"lazy\" decoding=\"async\" class=\"aligncenter size-large wp-image-7874\" title=\"P1050101\" src=\"https:\/\/windpilot.com\/blog\/wp-content\/uploads\/2013\/01\/P1050101-1024x768.jpg\" alt=\"\" width=\"640\" height=\"480\" srcset=\"https:\/\/windpilot.com\/blog\/wp-content\/uploads\/2013\/01\/P1050101-1024x768.jpg 1024w, https:\/\/windpilot.com\/blog\/wp-content\/uploads\/2013\/01\/P1050101-300x225.jpg 300w\" sizes=\"auto, (max-width: 640px) 100vw, 640px\" \/><\/a><strong>LESEPROBEN<\/strong><\/p>\n<blockquote><p>Liebe Mitglieder,<br \/>\nwenn Ihr dieses TO-Magazin in den H\u00e4nden haltet, sind seit der Jahreshauptversammlung rund zwei Monate vergangen.<\/p><\/blockquote>\n<p>Welch Akkuratesse!<\/p>\n<blockquote><p>Trotz der Unruhe im Vorfeld verlief die Versammlung in ruhigen Bahnen<\/p><\/blockquote>\n<p>Das muss eine andere Veranstaltung gewesen sein, denn auf der Versammlung ging es hoch her<br \/>\n&#8211; der Vorstand hat versucht, den Kassenpr\u00fcfer am Vortrag zu hindern<br \/>\n&#8211; der Vorstand hat mit R\u00fccktritt gedroht, falls die vorgeschlagene Satzung durchkommen sollte<br \/>\n&#8211; der Vorstand hat die Versammlung abgebrochen, ohne eine ao MV anzuk\u00fcndigen, wie es das Vereinsrecht fordert!.<\/p>\n<blockquote><p>Es wurde leidenschaftlich aber konstruktiv diskutiert<\/p><\/blockquote>\n<p>Wie jetzt: in \u201eruhigen Bahnen, oder leidenschaftlich\u201c? Konstruktiv w\u00e4re gewesen, wenn der Vorstand einen Dialog zugelassen h\u00e4tte!<\/p>\n<blockquote><p>Nicht alles lief rund, aber das war kaum zu erwarten, schlie\u00dflich besteht der Vorstand \u00fcberwiegend aus \u201eNeulingen\u201c, hatte ein immenses Arbeitspensum zu bew\u00e4ltigen und war zudem noch durch zwei vakante Posten geschw\u00e4cht. Einige der unklaren und strittigen Punkte sollten mittlerweile gekl\u00e4rt sein. Aktuelles dazu findet Ihr auf unserer homepage.<\/p><\/blockquote>\n<p>Wie denn nun, strittig oder gekl\u00e4rt?<br \/>\n&#8211; Ist der Vorstand, nach Konsultation des Vereinsrechtes, nun ebenfalls zu der Auffassung gekommen, dass die neue Satzung verabschiedet worden ist?<br \/>\n&#8211; Kennt der Vorstand die Folgen?<br \/>\n&#8211; Weiss der Vorstand, dass eine a.o.Versammlung nun zwingend erforderlich ist?<br \/>\n&#8211; will der Vorstand weiterhin amateurhaftes Vorgehen mit der Entschuldigung eines Neulings erkl\u00e4ren?<br \/>\n&#8211; waren zwei Monate Recherche nicht gen\u00fcgend Zeit, Unklarheiten auszur\u00e4umen?<br \/>\n&#8211; warum fehlt im schriftlichen Protokoll der Bericht der Kassenpr\u00fcfer, der nur online verf\u00fcgbar ist?<\/p>\n<blockquote><p>Vor diesem Hintergrund ein paar Worte zur Vorstandsarbeit. Der amtierende Vorstand arbeitet im Interesse aller Mitglieder und des gesamten Vereins.<\/p><\/blockquote>\n<p>Woher will er das wissen, wenn er nicht kommuniziert? warum gibt es dann so viel Kritik?<\/p>\n<blockquote><p>Das gilt in besonderem Ma\u00df f\u00fcr die in j\u00fcngster Zeit diskutierten Vorg\u00e4nge<\/p><\/blockquote>\n<p>Diskussion hie\u00dfe Dialog, aber den gibt es nicht!.<\/p>\n<blockquote><p>Wir haben weder Informationen unterdr\u00fcckt noch bestimmte Dinge nicht angefasst.<\/p><\/blockquote>\n<p>Zensur ist Unterdr\u00fcckung!<\/p>\n<blockquote><p>Unser Credo ist allerdings, un\u00fcberlegte Schnellsch\u00fcsse zu vermeiden<\/p><\/blockquote>\n<p>&#8211; f\u00fcnf Jahre Lelijveld = ein Schnellschuss?<br \/>\n&#8211; zwei Monate zwischen Versammlung und Protokoll Ver\u00f6ffentlichung = ein Schnellschuss?<\/p>\n<blockquote><p>Wir handeln, wenn wir uns in der jeweiligen Angelegenheit mit m\u00f6glichst allen Aspekten vertraut gemacht haben, und wir handeln ergebnisorientiert im Sinne des Vereins<\/p><\/blockquote>\n<p>Soll wohl heissen: wir handeln nur im Sinne des Vorstands!<\/p>\n<blockquote><p>Die daf\u00fcr erforderliche Zeit werden wir uns auch zuk\u00fcnftig nehmen.<\/p><\/blockquote>\n<p>Liebe Mitglieder, stellt Euch darauf ein, wir werden Entscheidungen ewig abw\u00e4gen!<\/p>\n<blockquote><p>Es liegt nicht in unserem Interesse, durch vorschnelle Aktionen, einzelnen oder dem TO zu schaden. Und \u2013 um das deutlich zu machen \u2013 Vorstandsentscheidungen werden weder von einem Kassenpr\u00fcfer, noch von Parteipolitikern, noch von ausgeschiedenen Mitgliedern getroffen. Sie fallen ausschlie\u00dflich im Vorstand, durch Mehrheitsbeschluss.<\/p><\/blockquote>\n<p>Deutlicher kann man die Missachtung der Mitgliederschaft nicht formulieren!<\/p>\n<p>Die Kassenpr\u00fcfer unterstehen keinesfalls dem Vorstand, sie werden von der Mitgliederschaft eingesetzt, der sie zur Rechenschaft verpflichtet sind. Kassenpr\u00fcfer besitzen das Recht auf uneingeschr\u00e4nkte Einsicht in Vereinsunterlagen, der Vorstand hat keine M\u00f6glichkeit, sich hier zu widersetzen!<\/p>\n<p>Der Vorstand hat gleichwohl versucht, den Vortrag der Kassenpr\u00fcfer auf der Versammlung zu verhindern, was nicht m\u00f6glich gewesen ist. Er hat den <strong>KASSENPR\u00dcF BERICHT<\/strong> im Heft <strong>#139 <\/strong>erfolgreich unterbunden! Das Pr\u00fcfergebnis ist bei TO im internen Bereich, oder <a href=\"http:\/\/img208.imageshack.us\/img208\/5814\/erwkassenpruefungsberic.pdf\" target=\"_blank\">hier nachzulesen:<\/a>\u00a0<\/p>\n<blockquote><p>Es w\u00e4re sch\u00f6n, wenn wir alle Trans-Ocean in Kameradschaft gestalten. Das Synonymlexikon \u00fcbersetzt dieses Wort mit: freundlich, anst\u00e4ndig, aufmerksam, bereitwillig, br\u00fcderlich, entgegenkommend, gro\u00dfz\u00fcgig, gutgesinnt, hilfsbereit, h\u00f6flich, konziliant. Besser kann man den Grundgedanken von Trans-Ocean doch kaum beschreiben.<\/p><\/blockquote>\n<p>Ein Wort-H\u00fclsen-Berg, denn Sie erwarten von den Mitgliedern, was Sie selbst nicht einzubringen in der Lage sind! Zudem haftet dem Wort Kameradschaft in Deutschland immer noch das Soldatische \/ Negative an, ganz im Sinne soldatischer Tugenden vor allem der Pflicht zum Gehorsam, Korpsgeist, M\u00e4nnerbund, Ordensbruder und Kollegialit\u00e4t.<\/p>\n<p>Ihr Editorial ger\u00e4t f\u00fcr mich zum Armutszeugnis, weil Sie den Mitgliedern weiterhin Fakten vorenthalten und Sand in die Augen streuen. Ihr Text spiegelt den Willen zum Machterhalt &#8211; steht aber deutlich im Gegensatz zu den W\u00fcnschen und dem Votum der gesamten Mitgliederschaft:<\/p>\n<p>Oder, leicht optimiert, mit Ihren Worten: \u201edas ist un-fair winds!\u201c<\/p>\n<p>Peter Foerthmann<\/p>\n","protected":false},"excerpt":{"rendered":"<p>Werter Martin Birkhoff es ist mir bis heute nicht gelungen, Ihrer Vereinsf\u00fchrung Positives abzugewinnen, denn Kommunikation, gleich von welcher Seite, wird von Ihnen seit Anbeginn verweigert! Ich bin \u00fcberzeugt, dass die Fehler der Vergangenheit, sowie die immer dringender notwendige Neu-Ausrichtung, &hellip; <a href=\"https:\/\/windpilot.com\/blog\/trans-ocean-news\/deutsch-trans-ocean-e-v-gate\/deutsch-trans-ocean-e-v-martin-birkhoff-offener-brief\/\">Weiterlesen <span class=\"meta-nav\">&rarr;<\/span><\/a><\/p>\n","protected":false},"author":1,"featured_media":0,"parent":7317,"menu_order":8,"comment_status":"open","ping_status":"closed","template":"","meta":{"footnotes":""},"class_list":["post-7870","page","type-page","status-publish","hentry"],"_links":{"self":[{"href":"https:\/\/windpilot.com\/blog\/wp-json\/wp\/v2\/pages\/7870","targetHints":{"allow":["GET"]}}],"collection":[{"href":"https:\/\/windpilot.com\/blog\/wp-json\/wp\/v2\/pages"}],"about":[{"href":"https:\/\/windpilot.com\/blog\/wp-json\/wp\/v2\/types\/page"}],"author":[{"embeddable":true,"href":"https:\/\/windpilot.com\/blog\/wp-json\/wp\/v2\/users\/1"}],"replies":[{"embeddable":true,"href":"https:\/\/windpilot.com\/blog\/wp-json\/wp\/v2\/comments?post=7870"}],"version-history":[{"count":11,"href":"https:\/\/windpilot.com\/blog\/wp-json\/wp\/v2\/pages\/7870\/revisions"}],"predecessor-version":[{"id":7902,"href":"https:\/\/windpilot.com\/blog\/wp-json\/wp\/v2\/pages\/7870\/revisions\/7902"}],"up":[{"embeddable":true,"href":"https:\/\/windpilot.com\/blog\/wp-json\/wp\/v2\/pages\/7317"}],"wp:attachment":[{"href":"https:\/\/windpilot.com\/blog\/wp-json\/wp\/v2\/media?parent=7870"}],"curies":[{"name":"wp","href":"https:\/\/api.w.org\/{rel}","templated":true}]}}