{"id":8003,"date":"2013-02-06T00:20:20","date_gmt":"2013-02-06T07:20:20","guid":{"rendered":"https:\/\/windpilot.com\/blog\/?page_id=8003"},"modified":"2017-08-15T00:45:16","modified_gmt":"2017-08-15T07:45:16","slug":"deutsch-bundaberg-cyclone-diskussion","status":"publish","type":"page","link":"https:\/\/windpilot.com\/blog\/blogs\/deutsch-cruising-area\/pacific\/deutsch-bundaberg-cyclone-diskussion\/","title":{"rendered":"Bundaberg Cyclone"},"content":{"rendered":"<p><a href=\"https:\/\/windpilot.com\/blog\/wp-content\/uploads\/2013\/02\/Windpilot-0030.jpg\"><img loading=\"lazy\" decoding=\"async\" class=\"alignleft size-medium wp-image-8004\" alt=\"Windpilot - 0030\" src=\"https:\/\/windpilot.com\/blog\/wp-content\/uploads\/2013\/02\/Windpilot-0030-300x192.jpg\" width=\"300\" height=\"192\" srcset=\"https:\/\/windpilot.com\/blog\/wp-content\/uploads\/2013\/02\/Windpilot-0030-300x192.jpg 300w, https:\/\/windpilot.com\/blog\/wp-content\/uploads\/2013\/02\/Windpilot-0030-1024x657.jpg 1024w, https:\/\/windpilot.com\/blog\/wp-content\/uploads\/2013\/02\/Windpilot-0030.jpg 1849w\" sizes=\"auto, (max-width: 300px) 100vw, 300px\" \/><\/a><strong>Ein Bericht von Detlev Schmandt<\/strong><br \/>\nMeteorologie und Klimaforschung sind nach eigenem Bekunden keine exakten Wissenschaften. Die Ergebnisse, die sie liefern, dementsprechend auch nicht. Dies gilt f\u00fcr die Beurteilung klimatischer Ver\u00e4nderungen, mit ihren undurchschaubaren R\u00fcckkopplungs Schleifen, bis hin zur t\u00e4glichen Wettervorhersage.<\/p>\n<p><a href=\"https:\/\/windpilot.com\/blog\/wp-content\/uploads\/2013\/02\/Atlantis.jpg\"><img loading=\"lazy\" decoding=\"async\" src=\"https:\/\/windpilot.com\/blog\/wp-content\/uploads\/2013\/02\/Atlantis.jpg\" alt=\"Atlantis\" width=\"662\" height=\"495\" class=\"aligncenter size-full wp-image-8005\" srcset=\"https:\/\/windpilot.com\/blog\/wp-content\/uploads\/2013\/02\/Atlantis.jpg 662w, https:\/\/windpilot.com\/blog\/wp-content\/uploads\/2013\/02\/Atlantis-300x224.jpg 300w\" sizes=\"auto, (max-width: 662px) 100vw, 662px\" \/><\/a><br \/>\nDie Ereignisse von Bundaberg k\u00f6nnen sich jederzeit wiederholen, waren letztendlich bereits eine Wiederholung, und das gilt f\u00fcr Teile von Franz\u00f6sisch Polynesien ebenso, wie f\u00fcr Tonga, Fiji und Neucaledonien. Alles liegt im Cyclon-Belt.<\/p>\n<p>Das Ausma\u00df der Sch\u00e4den an Yachten richtet sich nicht nur nach der Schwere des (Un) Wetters, sondern vor allem nach der Anzahl der in den betroffenen Gebieten &#8222;geparkten&#8220; Schiffe. Diese Zahl hat sich in den letzten 20 Jahren und weiter zunehmend in der j\u00fcngsten Zeit erheblich gesteigert.<\/p>\n<p>Inge und Ernst von der <a href=\"http:\/\/WWW.Atlantis-sail.de\/\" target=\"_blank\">SV Atlantis<\/a> haben durch beste Seemannnschaft eine pers\u00f6nliche Katastrophe vermeiden k\u00f6nnen. Bundaberg liegt im Cyclon Belt und sie haben das auch gewusst.<\/p>\n<p>Die Tendenz, die Tropen im S\u00fcdpacific w\u00e4hrend der Cyclon Saison nicht zu verlassen, gilt f\u00fcr alle bereits genannten Gebiete. \u00dcberall dort gibt es vermehrt Marinas, Landstellpl\u00e4tze und Mooringfelder, die in der Regel auch s\u00e4mtlich ausgebucht sind.<\/p>\n<p>Die &#8222;<strong>neuen Gefahren<\/strong>&#8220; gehen also nicht nur vom angenommenen Klimawandel aus, sondern sind in erster Linie <strong>hausgemacht<\/strong>. Wo eine Marina angeboten wird, entsteht leicht der Eindruck, dass diese auch sicher sei! Das allerdings trifft nicht immer zu!<\/p>\n<p>Es geschieht allerdings immer wieder, dass nach jedem gr\u00f6\u00dferen Schadensereigniss schnell die Frage nach den Risiken des Segelns als Generalfrage gestellt und hernach \u00fcberbewertet wird.<\/p>\n<p><strong>Wer sich in Cyclon Gebieten aufh\u00e4lt, hat auch mit diesen zu rechnen!<\/strong><\/p>\n<p><a href=\"https:\/\/windpilot.com\/blog\/wp-content\/uploads\/2013\/02\/See-von-achtern-Souza.jpg\"><img loading=\"lazy\" decoding=\"async\" src=\"https:\/\/windpilot.com\/blog\/wp-content\/uploads\/2013\/02\/See-von-achtern-Souza-1024x768.jpg\" alt=\"See von achtern, Souza\" width=\"640\" height=\"480\" class=\"aligncenter size-large wp-image-8006\" srcset=\"https:\/\/windpilot.com\/blog\/wp-content\/uploads\/2013\/02\/See-von-achtern-Souza-1024x768.jpg 1024w, https:\/\/windpilot.com\/blog\/wp-content\/uploads\/2013\/02\/See-von-achtern-Souza-300x225.jpg 300w, https:\/\/windpilot.com\/blog\/wp-content\/uploads\/2013\/02\/See-von-achtern-Souza.jpg 2048w\" sizes=\"auto, (max-width: 640px) 100vw, 640px\" \/><\/a>Speziell Australien gilt als ein Gebiet, in dem sich der Klimawandel besonders auswirkt. <strong>Tim Flannery<\/strong> schreibt in seinem Buch &#8222;<strong>Wir Wettermacher<\/strong>&#8222;:<\/p>\n<blockquote><p>&#8222;In einigen Gegenden, beispielsweise um Alice Springs in Zentralaustralien, sind die Temperaturen im Verlauf des 20.Jahrhunderts um \u00fcber 3\u00b0 angestiegen. Zudem hat die Zahl starker Cyclone zugenommen, genau wie die ausgepr\u00e4gten Tiefdrucksysteme in S\u00fcdostaustralien. Auch die Hochwasserh\u00e4ufigkeit ist gestiegen, besonders seit den sechziger Jahren.&#8220;<\/p><\/blockquote>\n<p>Also eigentlich alles nichts Neues!<\/p>\n<p>Auch die Erkenntnis, dass selbst Neuseeland nicht wirklich vor Cyclonen bzw. Tropical Storms gesch\u00fctzt ist, bleibt unver\u00e4ndert erhalten. Oft hat man nur mit den &#8222;\u00dcberresten&#8220; eines Cyclon zu tun, aber das reicht auch. In den Wettervorhersagen f\u00fcr den Hauraki Golf bei Auckland verursachte Cyclon <strong>EVAN<\/strong> Anfang des Jahres tagelang eine Prognose von bis zu 65 Knoten durchschnittliche Windgeschwindigkeit. Es kam dann mal wieder ganz anders! Aber wenn <strong>EVAN<\/strong> gekommen w\u00e4re, h\u00e4tten mit uns \u00fcber 300 Schiffe in Great Barrier ein Problem bekommen. Unser Marinaplatz in Auckland war bereits reserviert.<\/p>\n<p><a href=\"https:\/\/windpilot.com\/blog\/wp-content\/uploads\/2013\/02\/NZ-Islands.jpg\"><img loading=\"lazy\" decoding=\"async\" src=\"https:\/\/windpilot.com\/blog\/wp-content\/uploads\/2013\/02\/NZ-Islands-1024x768.jpg\" alt=\"NZ Islands\" width=\"640\" height=\"480\" class=\"aligncenter size-large wp-image-8007\" srcset=\"https:\/\/windpilot.com\/blog\/wp-content\/uploads\/2013\/02\/NZ-Islands-1024x768.jpg 1024w, https:\/\/windpilot.com\/blog\/wp-content\/uploads\/2013\/02\/NZ-Islands-300x225.jpg 300w\" sizes=\"auto, (max-width: 640px) 100vw, 640px\" \/><\/a><strong>AUSLAUFDATUM<\/strong><br \/>\nWer \u00fcber ein Auslaufdatum oder einen l\u00e4ngeren Aufenthalt entscheidet, sollte sich in erster Linie vom Wetter leiten lassen! Wir k\u00f6nnen nicht alles vermeiden was da kommt, aber es gibt recht wirksame Strategien, die der Sicherheit dienen:<br \/>\n&#8211; T\u00e4gliches Studium der Wetterkarten und ein Einlesen in das im Seegebiet vorherrschende Wetterpattern. &#8211; Grib files reichen nicht, aber das ist ein anderes ( sp\u00e4teres )Thema.<br \/>\n&#8211; Kein Aufenthalt in Cyclon gef\u00e4hrdeten Gebieten w\u00e4hrend der Saison.<br \/>\n&#8211; Ruhiges Abwarten auf ein geeignetes Wetterfenster f\u00fcr die \u00dcberfahrten.<br \/>\n&#8211; Niemals unter Zeitdruck stehen, keine Termine, keine zeitgebundenen Besucher,<br \/>\n&#8211; immer gut gebunkert.<br \/>\n&#8211; Kein Hinterherfahren, nur weil die Nachbarn auslaufen.<br \/>\n&#8211; Entscheidungen mit anderen Yachten diskutieren.<br \/>\nBeate und Detlev Schmandt<br \/>\n<a href=\"http:\/\/www.kira-von-celle.de\/\" target=\"_blank\">SY Kira von Celle<\/a><\/p>\n<p>Nachsatz zu der Temperaturerh\u00f6hung in Alice Springs:<br \/>\n&#8211; Der klimatische Temperaturunterschied zwischen Skandinavien und Norditalien ist ebenfalls 3\u00b0.<br \/>\n&#8211; Ein gro\u00dfer Holl\u00e4ndischer Versicherer hat s\u00e4mtliche Versicherungen f\u00fcr weltweite Fahrt gek\u00fcndigt.<\/p>\n","protected":false},"excerpt":{"rendered":"<p>Ein Bericht von Detlev Schmandt Meteorologie und Klimaforschung sind nach eigenem Bekunden keine exakten Wissenschaften. Die Ergebnisse, die sie liefern, dementsprechend auch nicht. Dies gilt f\u00fcr die Beurteilung klimatischer Ver\u00e4nderungen, mit ihren undurchschaubaren R\u00fcckkopplungs Schleifen, bis hin zur t\u00e4glichen Wettervorhersage. &hellip; <a href=\"https:\/\/windpilot.com\/blog\/blogs\/deutsch-cruising-area\/pacific\/deutsch-bundaberg-cyclone-diskussion\/\">Weiterlesen <span class=\"meta-nav\">&rarr;<\/span><\/a><\/p>\n","protected":false},"author":1,"featured_media":0,"parent":15235,"menu_order":1,"comment_status":"open","ping_status":"closed","template":"","meta":{"footnotes":""},"class_list":["post-8003","page","type-page","status-publish","hentry"],"_links":{"self":[{"href":"https:\/\/windpilot.com\/blog\/wp-json\/wp\/v2\/pages\/8003","targetHints":{"allow":["GET"]}}],"collection":[{"href":"https:\/\/windpilot.com\/blog\/wp-json\/wp\/v2\/pages"}],"about":[{"href":"https:\/\/windpilot.com\/blog\/wp-json\/wp\/v2\/types\/page"}],"author":[{"embeddable":true,"href":"https:\/\/windpilot.com\/blog\/wp-json\/wp\/v2\/users\/1"}],"replies":[{"embeddable":true,"href":"https:\/\/windpilot.com\/blog\/wp-json\/wp\/v2\/comments?post=8003"}],"version-history":[{"count":6,"href":"https:\/\/windpilot.com\/blog\/wp-json\/wp\/v2\/pages\/8003\/revisions"}],"predecessor-version":[{"id":15243,"href":"https:\/\/windpilot.com\/blog\/wp-json\/wp\/v2\/pages\/8003\/revisions\/15243"}],"up":[{"embeddable":true,"href":"https:\/\/windpilot.com\/blog\/wp-json\/wp\/v2\/pages\/15235"}],"wp:attachment":[{"href":"https:\/\/windpilot.com\/blog\/wp-json\/wp\/v2\/media?parent=8003"}],"curies":[{"name":"wp","href":"https:\/\/api.w.org\/{rel}","templated":true}]}}