{"id":8094,"date":"2013-02-14T05:30:29","date_gmt":"2013-02-14T12:30:29","guid":{"rendered":"https:\/\/windpilot.com\/blog\/?page_id=8094"},"modified":"2013-02-15T01:50:58","modified_gmt":"2013-02-15T08:50:58","slug":"deutsch-12-trans-ocean-e-v-im-westen-geht-die-sonne-unter","status":"publish","type":"page","link":"https:\/\/windpilot.com\/blog\/trans-ocean-news\/deutsch-trans-ocean-e-v-gate\/deutsch-12-trans-ocean-e-v-im-westen-geht-die-sonne-unter\/","title":{"rendered":"12. Sonnen Untergang"},"content":{"rendered":"<p><strong>Trans-Ocean e.V. &#8211; im Westen geht die Sonne unter<\/strong><br \/>\n<a href=\"https:\/\/windpilot.com\/blog\/wp-content\/uploads\/2013\/02\/Thailand-Sonnenuntergang-kl.jpg\"><img loading=\"lazy\" decoding=\"async\" class=\"aligncenter size-large wp-image-8095\" alt=\"Thailand Sonnenuntergang kl\" src=\"https:\/\/windpilot.com\/blog\/wp-content\/uploads\/2013\/02\/Thailand-Sonnenuntergang-kl-1024x682.jpg\" width=\"640\" height=\"426\" srcset=\"https:\/\/windpilot.com\/blog\/wp-content\/uploads\/2013\/02\/Thailand-Sonnenuntergang-kl-1024x682.jpg 1024w, https:\/\/windpilot.com\/blog\/wp-content\/uploads\/2013\/02\/Thailand-Sonnenuntergang-kl-300x200.jpg 300w\" sizes=\"auto, (max-width: 640px) 100vw, 640px\" \/><\/a><br \/>\nIm Gegensatz zur gemeinen Stubenfliege kann der Mensch ein Bewusstsein f\u00fcr die Zukunft entwickeln. Wir sind in der Lage, in der Zukunft liegende Ereignisse aufgrund von Erfahrungen aus der Vergangenheit einzusch\u00e4tzen um Heute zur richtigen Entscheidung zu gelangen!<\/p>\n<p>So sicher wir sein k\u00f6nnen, da\u00df auch morgen Autos und H\u00e4user gebaut werden, so genau wissen wir, dass immer noch kein Champagner aus unseren Wasserh\u00e4hnen flie\u00dfen wird. Ebenso sicher werden wir wohl davon ausgehen k\u00f6nnen, dass ein MARTIN BIRKHOFF auf einer kommenden MV nicht erneut zum Vorsitzenden des TO wiedergew\u00e4hlt werden wird!<\/p>\n<p>Letzteres liegt auf der Hand, da nun feststeht, dass MB drei Monate nach der letzten MV die dort beschlossene neue Satzung, wider besseren Wissens und offenbar nicht der Wahrheit entsprechend, in einer von einem Notar eingereichten Anmeldung beim Vereinsregister L\u00fcneburg vom 5.2.2013 nicht angemeldet hat. Dies Schreiben wiederholt die Vorstands Meinung, dass die erforderliche Mehrheit zur neuen Satzung nicht erreicht worden ist!<\/p>\n<p>Es kommt jetzt nicht mehr darauf an, ob jemand Sympathie mit dem Vorstand oder dessen Vorgehensweisen empfindet. Wer sollte sich noch hinter (oder vor) Birkhoff stellen &#8211; wer will ein solches Verhalten erkl\u00e4ren, verteidigen oder gar beg\u00fcnstigen?<br \/>\nDer Vorstand hat sich recht offenbar gegen das Recht und den TO entschieden &#8211; er ist zum Schaden aller als Geisterfahrer unterwegs!<\/p>\n<p>Die Frage sei gestellt, ob der Mann allein gehandelt hat? Gibt es vielleicht andere Vorst\u00e4nde, denen es ebenfalls egal ist, mit welchem Abgesang die (Vereins) Geschichte sie zum Ausgang begleiten wird? Dies darf wohl als sicher angenommen werden!<\/p>\n<p>Der Vorgang ist so schwerwiegend, das es kein Pardon mehr geben kann! Der Vorstand hat die Mitglieder vors\u00e4tzlich um ihre Rechte betrogen, gleichwohl er von vielen Seiten auf die Unrechtm\u00e4\u00dfigkeit hingewiesen worden ist. Rechtsanw\u00e4lte aus den Reihen der Mitglieder haben diesbez\u00fcglich deutliche Expertisen und Ratschl\u00e4ge abgegeben!<\/p>\n<p><a href=\"https:\/\/windpilot.com\/blog\/wp-content\/uploads\/2013\/02\/Pacyfik-072-klein.jpg\"><img loading=\"lazy\" decoding=\"async\" class=\"aligncenter size-large wp-image-8096\" alt=\"Pacyfik 072 klein\" src=\"https:\/\/windpilot.com\/blog\/wp-content\/uploads\/2013\/02\/Pacyfik-072-klein-1024x768.jpg\" width=\"640\" height=\"480\" srcset=\"https:\/\/windpilot.com\/blog\/wp-content\/uploads\/2013\/02\/Pacyfik-072-klein-1024x768.jpg 1024w, https:\/\/windpilot.com\/blog\/wp-content\/uploads\/2013\/02\/Pacyfik-072-klein-300x225.jpg 300w\" sizes=\"auto, (max-width: 640px) 100vw, 640px\" \/><\/a><br \/>\nWenn Martin Birkhoff ein Bewusstsein f\u00fcr das &#8222;Morgen&#8220; hat, wird er wissen, welche Antr\u00e4ge er auf der n\u00e4chsten Mv zu erwarten hat:<br \/>\n&#8211; Abwahl des ersten Vorsitzenden nach den Vorgaben der Satzung und des BGB.<br \/>\n&#8211; Abwahl aller Vorst\u00e4nde, die Birkhoff zugestimmt, oder es unterlassen haben, sich gegen den Rechtsbruch zur Wehr zu setzen.<br \/>\n&#8211; Beschluss \u00fcber eine neue Satzung die das Online Wahlrecht in Aussicht stellt.<br \/>\n&#8211; Volle Entsch\u00e4digung f\u00fcr Drifter.<br \/>\n&#8211; Ausschluss des Vereinsmitglieds Bernd Luetgebrune.<br \/>\n&#8211; Ausschluss weiterer ehemaliger Vorstandsmitglieder, sofern sie dem Verein geschadet haben.<br \/>\n&#8211; Verlegung des Sitzes des TO aus dem Raum Cuxhaven.<\/p>\n<p><strong>Es ist alles nur noch eine Frage der Zeit!<\/strong><\/p>\n<p>Unvergessen ist die Darstellung der Beendigung der letzten Mv:<br \/>\n&#8211; <strong>ABBRUCH<\/strong> ist die Wahrnehmung, die von Teilnehmern protokolliert und zeitnah\u00b4 weiterverbreitet wurde!<br \/>\n&#8211; <strong>VERTAGUNG<\/strong>, noch dazu auf einen Termin im November 2013, nach einem angeblichen Antrag von Bert Frisch? Eine Chuzpe f\u00fcr Mitglieder mit gesundem Rechtsempfinden!<\/p>\n<p>Noch ist Zeit, der Anruf der Gerichte im Anfangsstadium, der Morgen aber kommt und mit ihm die n\u00e4chste Mv und die Antr\u00e4ge.<\/p>\n<p>Wer das anders sieht, muss glauben k\u00f6nnen, dass 56 Mitglieder &#8211; also die gro\u00dfe Mehrheit anwesender Mitglieder &#8211; die f\u00fcr eine Satzungs\u00e4nderung gestimmt haben &#8211; diesen Rechtsbruch unger\u00fchrt hinnehmen werden! Diesen Mitgliedern wurde immerhin &#8222;Ihre&#8220; Satzung gestohlen!<\/p>\n<p>Wer hier die Schablone der Lebenserfahrung anlegt, wird wissen, dass die Halbwertzeit eines derartigen Vorstands nicht mehr lange dauern kann! Eine Zukunft mit derartigen Menschen an der Vereinsspitze des TO kann wohl ausgeschlossen werden!<\/p>\n<p>Es geht also um Schadensbegrenzung, denn seit Bekanntwerden der Vorstandspl\u00e4ne werden aus der Kasse des Vereins erhebliche Betr\u00e4ge aufgewendet, um den Machterhalt des derzeitigen Vorstands zu sichern &#8211; explizit gegen das Mehrheitsvotum der Mitgliedergemeinschaft, die man versucht, um ihr Wahlergebnis zu betr\u00fcgen! Eine skurrile Situation &#8211; und eine neue Erfahrung in einem Verein, der seinen Mitgliedern bereits in der Vergangenheit viel zugemutet hat!<\/p>\n<p><strong>DAS R\u00c4TSELRATEN<\/strong><br \/>\n&#8211; Warum geht ein Vorstand diesen Weg?<br \/>\n&#8211; Welche Ziele verfolgt der Vorstand, wenn ihm die Mittel und Wege derart unwichtig geraten &#8211; er \u201e\u00fcber Leichen zu gehen\u201c scheint?<br \/>\n&#8211; Welche \u00dcberraschungen sind zu erwarten?<br \/>\n&#8211; Warum werden Nebelkerzen geworfen, anstatt den Mitgliedern Fakten zu pr\u00e4sentieren?<\/p>\n<p>Haben die Mitglieder eine besonders dicke \u00dcberraschung zu erwarten, wenn sich dereinst der Pulverrauch gerichtlicher Auseinandersetzungen verzogen haben wird?<\/p>\n<p>Was der Krankenversicherungs Skandal vergangener Tage, k\u00f6nnte ja vielleicht eine \u00dcberraschung in Bezug auf die <strong>TO NACHRICHTEN<\/strong> sein? Wichtig genug jedenfalls, hier derart abseits rechtlicher Bestimmungen zu agieren!<\/p>\n<p>Es scheint ein Rennen zwischen Igel und Hase zu werden, allein, wenn man die Mittel und Wege satzungsgem\u00e4\u00dfer M\u00f6glichkeiten miteinander vergleicht:<\/p>\n<p>&#8211; die <strong>neue Satzung<\/strong> sieht die M\u00f6glichkeit einer ao MV vor, wenn mindestens 5% der stimmberechtigen Mitglieder sich hier positiv ausdr\u00fccken = <strong>268 Mitglieder<\/strong> w\u00e4ren hier vonn\u00f6ten!<br \/>\n&#8211; der Vorstand beruft sich hingegen auf die <strong>alte Satzung<\/strong>, gem\u00e4\u00df der 25% aller Mitglieder notwendig w\u00e4ren = <strong>1325 Mitglieder<\/strong><\/p>\n<p>Die Burgherren in Cuxhaven verschanzen sich willk\u00fcrlich hinter einer un\u00fcberbr\u00fcckbaren Mauer, um ihren Machterhalt zu sichern. Wahrscheinlich ist ihnen bewusst, dass 5% nach der neuen Satzung hier durchaus zu erreichen sind, denn die Zahl unzufriedener und emp\u00f6rter Mitglieder w\u00e4chst derzeit t\u00e4glich. Die Opposition w\u00e4chst zusammen und hat nun erkannt, dass gegen das derzeitige Agieren nur geschlossenes Handeln hilft!<\/p>\n<p>Auch der Aufruf zu einer gemeinschaftlichen gerichtlichen Aktion erscheint denkbar, gen\u00fcgend streitbereite Mitglieder sind recht einfach zu aktivieren &#8211; allein, um dem Vorstand den Beweis zu erbringen, dass die ao MV keineswegs nur als \u201eWunsch eines einzelnen Herrn\u201c ( wie von den Rechtsanw\u00e4lten des Vorstands in einem Schreiben vom 7.2.2013 absch\u00e4tzig benannt! ) hingegen der Wunsch einer Unzahl von Mitgliedern ist!<\/p>\n<p>Es wird am Ende aller Tage zu kl\u00e4ren sein, ob ein Verein einen derartigen Rechtsbruch \u00fcberleben kann. Immerhin scheint der Vorstand bis heute davon \u00fcberzeugt, sich mit seiner willk\u00fcrlichen Darstellung am Ende durchsetzen zu k\u00f6nnen!<\/p>\n<p>Die Frage, ob dies im Sinne der gesamten Mitgliederschaft geschieht &#8211; kann als sicher ausgeschlossen werden!<\/p>\n<p>So verdichtet sich alles auf die Frage nach dem Warum! Egal, wie lange es dauern wird, hier die Handlungsstr\u00e4nge zu erkennen, es kann als sicher angenommen werden, dass der Vorstand hier einen besonders dicken Hund begraben hat, seine Mitgliederschaft in einer Form vorzuf\u00fchren, wie es in der Geschichte diese Vereins sicherlich einmalig ist!<\/p>\n<p>Die Wahrheit kommt unerbittlich an den Tag &#8211; ob es wohl ein Gl\u00fcckstag f\u00fcr den Gesamtverein werden wird?<\/p>\n<p>fragt<\/p>\n<p>Peter Foerthmann<\/p>\n","protected":false},"excerpt":{"rendered":"<p>Trans-Ocean e.V. &#8211; im Westen geht die Sonne unter Im Gegensatz zur gemeinen Stubenfliege kann der Mensch ein Bewusstsein f\u00fcr die Zukunft entwickeln. Wir sind in der Lage, in der Zukunft liegende Ereignisse aufgrund von Erfahrungen aus der Vergangenheit einzusch\u00e4tzen &hellip; <a href=\"https:\/\/windpilot.com\/blog\/trans-ocean-news\/deutsch-trans-ocean-e-v-gate\/deutsch-12-trans-ocean-e-v-im-westen-geht-die-sonne-unter\/\">Weiterlesen <span class=\"meta-nav\">&rarr;<\/span><\/a><\/p>\n","protected":false},"author":1,"featured_media":0,"parent":7317,"menu_order":12,"comment_status":"open","ping_status":"closed","template":"","meta":{"footnotes":""},"class_list":["post-8094","page","type-page","status-publish","hentry"],"_links":{"self":[{"href":"https:\/\/windpilot.com\/blog\/wp-json\/wp\/v2\/pages\/8094","targetHints":{"allow":["GET"]}}],"collection":[{"href":"https:\/\/windpilot.com\/blog\/wp-json\/wp\/v2\/pages"}],"about":[{"href":"https:\/\/windpilot.com\/blog\/wp-json\/wp\/v2\/types\/page"}],"author":[{"embeddable":true,"href":"https:\/\/windpilot.com\/blog\/wp-json\/wp\/v2\/users\/1"}],"replies":[{"embeddable":true,"href":"https:\/\/windpilot.com\/blog\/wp-json\/wp\/v2\/comments?post=8094"}],"version-history":[{"count":6,"href":"https:\/\/windpilot.com\/blog\/wp-json\/wp\/v2\/pages\/8094\/revisions"}],"predecessor-version":[{"id":8101,"href":"https:\/\/windpilot.com\/blog\/wp-json\/wp\/v2\/pages\/8094\/revisions\/8101"}],"up":[{"embeddable":true,"href":"https:\/\/windpilot.com\/blog\/wp-json\/wp\/v2\/pages\/7317"}],"wp:attachment":[{"href":"https:\/\/windpilot.com\/blog\/wp-json\/wp\/v2\/media?parent=8094"}],"curies":[{"name":"wp","href":"https:\/\/api.w.org\/{rel}","templated":true}]}}