{"id":8141,"date":"2013-02-21T23:29:00","date_gmt":"2013-02-22T06:29:00","guid":{"rendered":"https:\/\/windpilot.com\/blog\/?page_id=8141"},"modified":"2017-12-31T03:39:54","modified_gmt":"2017-12-31T10:39:54","slug":"deutsch-petition-zur-einberufung-einer-ao-mv","status":"publish","type":"page","link":"https:\/\/windpilot.com\/blog\/trans-ocean-news\/deutsch-petition-zur-einberufung-einer-ao-mv\/","title":{"rendered":"2013 Die Petition"},"content":{"rendered":"<p><a href=\"https:\/\/windpilot.com\/blog\/wp-content\/uploads\/2013\/02\/Langusten.jpg\"><img loading=\"lazy\" decoding=\"async\" src=\"https:\/\/windpilot.com\/blog\/wp-content\/uploads\/2013\/02\/Langusten-1024x671.jpg\" alt=\"Langusten\" width=\"640\" height=\"419\" class=\"aligncenter size-large wp-image-8143\" srcset=\"https:\/\/windpilot.com\/blog\/wp-content\/uploads\/2013\/02\/Langusten-1024x671.jpg 1024w, https:\/\/windpilot.com\/blog\/wp-content\/uploads\/2013\/02\/Langusten-300x196.jpg 300w, https:\/\/windpilot.com\/blog\/wp-content\/uploads\/2013\/02\/Langusten.jpg 2048w\" sizes=\"auto, (max-width: 640px) 100vw, 640px\" \/><\/a><strong>An den Vorstand<\/strong><br \/>\nauch wenn der Eindruck entstanden ist, dass Bem\u00fchungen und Bestrebung aus der Mitgliederschaft in Cuxhaven nur auf geringes Interesse stossen, will ich nicht nachlassen, Ihnen die W\u00fcnsche und Forderungen aus der TO Mitgliederschaft aufzuzeigen &#8211; immer hoffend, dass dereinst in Vorstands K\u00f6pfen eine Wende zu besseren Erkenntnissen m\u00f6glich wird. So \u00fcbermittele ich Ihnen nachfolgend die Namen von Mitgliedern, die sich explizit f\u00fcr die kurzfristige Einberufung einer ao. Mitgliederversammlung aussprechen, um den Verein wieder handlungsf\u00e4hig zu machen. <\/p>\n<p>Markus Wadlinger<br \/>\nHerbert Zwerschina SY Meltemi I<br \/>\nManfred A. Habich SY Mintaka<br \/>\nHolmer Vogel<br \/>\nHans Wyss SY Suancasa IV<br \/>\nAnke Ohm SY Lili<br \/>\nWolfgang Ohm SY Lili<br \/>\nBodo Vahle<br \/>\nWerner Zucker SY Sunny<br \/>\nGerd Schneider SY Luciferella<br \/>\nHorst W. Heick SY Lady Jane<br \/>\nBeate Schmandt SY Kira von Celle<br \/>\nGerd Bruns<br \/>\nJan Prahm<br \/>\nJochen Schweizer SY Germania<br \/>\nFerdinand Takatsch SY La Paloma<br \/>\nElke Takatsch SY La Paloma<br \/>\nWilfried M\u00fcller SY Kummada<br \/>\nDaniel Dohnal SY Me<br \/>\nDietmar Henke SY Summer<br \/>\nPeter Vietheer SY Comodo<br \/>\nHeinz Solka SY Magic Life<br \/>\nSabine Solka SY Magic Life<br \/>\nWolfram Treptow SY Atair<br \/>\nDierk Muench<br \/>\nHans Leimk\u00fcller SY Onyx<br \/>\nHeidy Real CH<br \/>\nChristian Real CH<br \/>\nMartina Wiegand SY Schiwa<br \/>\nAlbrecht Frank<br \/>\nArndt Kleinst\u00e4uber SY So Aris<br \/>\nSabine Bergerhof MacAlee<br \/>\nMichael Bergerhof SY MacAlee<br \/>\nGerd Leicht SY Second Life<br \/>\nOlaf Zepp SY Beaver<br \/>\nThomas Herter<br \/>\nHans Kleiner SY Malibu III<br \/>\nWolfgang Rietel<br \/>\nUlla Kleiner Malibu III<br \/>\nJoachim Mistele<br \/>\nGernot Berner<br \/>\nJohann Geissmann SY Budlup<br \/>\nMonika Geissmann SY Budlup<br \/>\nHerbert \u00d6ller<br \/>\nMartin B\u00f6ttcher<br \/>\nThomas Oberholzer SY Hasta Luego<br \/>\nVolker Andreas SY Jasna<br \/>\nLeena B\u00e4ni SY Nicone<br \/>\nPeter B\u00e4ni SY Nicone<br \/>\nReinhart Bein SY Grete<br \/>\nKatrin Hennings SY Grete<br \/>\nPeter Gertig SY Lundi Star<br \/>\nPaul Amann<br \/>\nRainer H\u00fcnerfaith SY Meerbaer<br \/>\nWalter Schinner SY Ylen de Nane<br \/>\nKay Boehme SY Victoria<br \/>\nMichael Triesch SY Blue Marlin II<br \/>\nMaria Schl\u00e4pfer SY Cassiopeia<br \/>\nJoerg Stawinski SY Cassiopeia<br \/>\nDaniel Winkelbauer SY Sea Star II<br \/>\nWolfgang Lorbach SY Moin<br \/>\nClaus Weiss SY Consequence<br \/>\nBodo Hollesen SY F\u00fcrrit<br \/>\nAngelika Hollesen SY F\u00fcrrit<br \/>\nKlaus Fohrmann SY Samana<br \/>\nFrank Schumacher SY Cayluna<br \/>\nPetra Tussing SY Pepe<br \/>\nPeter Tussing SY Pepe<br \/>\nWolfgang Merz SY Galeb<br \/>\nUrsula Bonnes SY Navarin<br \/>\nJ\u00fcrgen Brammer SY Navarin<br \/>\nHelmut Hillebrand SY Antimaloche<br \/>\nJost Kadel SY Kala<br \/>\nJosef Koch SY Shag<br \/>\nHelmuth Faller SY Virus<br \/>\nKarl Heinz Lung<br \/>\nAlex Broedel SY Rose<br \/>\nBendix Landmann SY<br \/>\nRolf Klockow SY Elmauris<br \/>\nFlorian Heinstein SY Balu<br \/>\nDieter Heller SY Symi<br \/>\nDagmar Sahr SY Taitonga<br \/>\nChristian Sahr SY Taitonga<\/p>\n","protected":false},"excerpt":{"rendered":"<p>An den Vorstand auch wenn der Eindruck entstanden ist, dass Bem\u00fchungen und Bestrebung aus der Mitgliederschaft in Cuxhaven nur auf geringes Interesse stossen, will ich nicht nachlassen, Ihnen die W\u00fcnsche und Forderungen aus der TO Mitgliederschaft aufzuzeigen &#8211; immer hoffend, &hellip; <a href=\"https:\/\/windpilot.com\/blog\/trans-ocean-news\/deutsch-petition-zur-einberufung-einer-ao-mv\/\">Weiterlesen <span class=\"meta-nav\">&rarr;<\/span><\/a><\/p>\n","protected":false},"author":1,"featured_media":0,"parent":5076,"menu_order":1,"comment_status":"open","ping_status":"closed","template":"","meta":{"footnotes":""},"class_list":["post-8141","page","type-page","status-publish","hentry"],"_links":{"self":[{"href":"https:\/\/windpilot.com\/blog\/wp-json\/wp\/v2\/pages\/8141","targetHints":{"allow":["GET"]}}],"collection":[{"href":"https:\/\/windpilot.com\/blog\/wp-json\/wp\/v2\/pages"}],"about":[{"href":"https:\/\/windpilot.com\/blog\/wp-json\/wp\/v2\/types\/page"}],"author":[{"embeddable":true,"href":"https:\/\/windpilot.com\/blog\/wp-json\/wp\/v2\/users\/1"}],"replies":[{"embeddable":true,"href":"https:\/\/windpilot.com\/blog\/wp-json\/wp\/v2\/comments?post=8141"}],"version-history":[{"count":9,"href":"https:\/\/windpilot.com\/blog\/wp-json\/wp\/v2\/pages\/8141\/revisions"}],"predecessor-version":[{"id":16712,"href":"https:\/\/windpilot.com\/blog\/wp-json\/wp\/v2\/pages\/8141\/revisions\/16712"}],"up":[{"embeddable":true,"href":"https:\/\/windpilot.com\/blog\/wp-json\/wp\/v2\/pages\/5076"}],"wp:attachment":[{"href":"https:\/\/windpilot.com\/blog\/wp-json\/wp\/v2\/media?parent=8141"}],"curies":[{"name":"wp","href":"https:\/\/api.w.org\/{rel}","templated":true}]}}