{"id":8486,"date":"2013-06-25T11:48:25","date_gmt":"2013-06-25T18:48:25","guid":{"rendered":"https:\/\/windpilot.com\/blog\/?page_id=8486"},"modified":"2017-12-31T03:20:49","modified_gmt":"2017-12-31T10:20:49","slug":"deutsch-new-trans-ocean","status":"publish","type":"page","link":"https:\/\/windpilot.com\/blog\/trans-ocean-news\/deutsch-zum-neuen-to\/deutsch-new-trans-ocean\/","title":{"rendered":"Initiative New TO"},"content":{"rendered":"<p><strong>Initiative zur Rettung des Trans-Ocean e.V<\/strong><br \/>\nFiji, Hamburg den 25.6.2013<\/p>\n<p>Liebe Freunde, liebe Unterst\u00fctzer von Lelijveld SY Drifter<\/p>\n<p>Im November 2012 gab die Mitgliederversammlung dem Vorstand den Auftrag ein &#8222;Rechtsgutachten&#8220; im Fall Drifter erstellen zu lassen. Seit dem ist in dieser Sache nichts Nennenswertes geschehen. Wurde das Gutachten vom Vorstand noch f\u00fcr Mai angek\u00fcndigt, ist es nun ohne die Nennung eines neuen Termins und ohne Angabe von Gr\u00fcnden verschoben worden (Siehe Mitteilung des Vorstand z.Fall Drifter im Forum).<\/p>\n<p><a href=\"https:\/\/windpilot.com\/blog\/wp-content\/uploads\/2013\/06\/NTO-Titel.jpg\"><img loading=\"lazy\" decoding=\"async\" src=\"https:\/\/windpilot.com\/blog\/wp-content\/uploads\/2013\/06\/NTO-Titel-1024x319.jpg\" alt=\"NTO Titel\" width=\"640\" height=\"199\" class=\"aligncenter size-large wp-image-8503\" srcset=\"https:\/\/windpilot.com\/blog\/wp-content\/uploads\/2013\/06\/NTO-Titel-1024x319.jpg 1024w, https:\/\/windpilot.com\/blog\/wp-content\/uploads\/2013\/06\/NTO-Titel-300x93.jpg 300w, https:\/\/windpilot.com\/blog\/wp-content\/uploads\/2013\/06\/NTO-Titel.jpg 1503w\" sizes=\"auto, (max-width: 640px) 100vw, 640px\" \/><\/a><\/p>\n<p>Um die Stimmung vieler Mitglieder zu beschreiben, hier ein <a href=\"https:\/\/windpilot.com\/blog\/de\/trans-ocean-news\/deutsch-trans-ocean-e-v-treffen-in-fiji\/\">post aus dem TO Forum vom 18.Juni 2013<\/a><\/p>\n<p>Nimmt man dann noch zur Kenntnis, dass die im November beschlossene neue Satzung, die mehr Mitbestimmung f\u00fcr die Mitglieder gebracht h\u00e4tte, entgegen vereinsrechtlicher Bestimmungen als &#8222;nicht angenommen&#8220; gewertet wurde &#8211; beobachtet man die t\u00e4gliche Zensur im Forum, wo ganze Postings spurlos verschwunden sind &#8211; erinnert man sich an das Protokoll der Versammlung, das ebenfalls entgegen rechtlicher Bestimmungen erst nach sechs Wochen ver\u00f6ffentlicht wurde und Teile des Versammlungsgeschehens, nach der Meinung etlicher Zeugen, entstellt wiedergibt, ja dann wird deutlich:<\/p>\n<p><a href=\"https:\/\/windpilot.com\/blog\/wp-content\/uploads\/2013\/06\/Lighthouse01.jpg\"><img loading=\"lazy\" decoding=\"async\" src=\"https:\/\/windpilot.com\/blog\/wp-content\/uploads\/2013\/06\/Lighthouse01-1024x768.jpg\" alt=\"Lighthouse01\" width=\"640\" height=\"480\" class=\"aligncenter size-large wp-image-8488\" srcset=\"https:\/\/windpilot.com\/blog\/wp-content\/uploads\/2013\/06\/Lighthouse01-1024x768.jpg 1024w, https:\/\/windpilot.com\/blog\/wp-content\/uploads\/2013\/06\/Lighthouse01-300x225.jpg 300w, https:\/\/windpilot.com\/blog\/wp-content\/uploads\/2013\/06\/Lighthouse01.jpg 1536w\" sizes=\"auto, (max-width: 640px) 100vw, 640px\" \/><\/a><br \/>\n<strong>Von der versprochenen Transparenz und Mitbestimmung ist aber auch gar nichts realisiert worden!<\/strong><\/p>\n<p>Nicht einmal das Vereinsrecht findet ausreichend Beachtung. Jeder Tagesordnungspunkt muss auf einem fristgerecht eingereichten Antrag beruhen. F\u00fcr die Wahl eines neuen Beiratsvorsitzenden gab es aber einen solchen Antrag nicht. So ist der &#8222;neue&#8220; Beiratsvorsitzende Bert Frisch wahrscheinlich heute illegal im Amt.<\/p>\n<p>Da muss man sich die Frage stellen, warum ein Vorstand so und nicht anders agiert? Wir haben Mitglieder geh\u00f6rt, die von \u00dcberforderung sprechen! Sicherlich, es gibt viel zu tun, aber es gibt auch viele Berater, auf die man nur einmal h\u00f6ren m\u00fcsste. Uwe R\u00f6ttgering hat uns dazu im Forum eine ersch\u00fctternde Erkl\u00e4rung im Zusammenhang mit seinem R\u00fccktritt\/Austritt gegeben. Und nun die Wahl des Gutachters, die Kommunikationsverweigerung, die gestelzt daherkommenden auskunftsleeren Newsletter, viel zu knapp um Meinungsbildung zu erm\u00f6glichen, die totale Ausklammerung der Vereinszeitung aus dem Vereinsgeschehen. Dort hat es niemals eine Beschreibung des Falles Drifter gegeben, keine Analyse zum Krankenkassenskandal, keine Erkl\u00e4rung zu den schwarzen Konten des Herrn Luetgebrune. Informierte Mitglieder scheint man als potentielle Feinde einzustufen.<\/p>\n<p><a href=\"https:\/\/windpilot.com\/blog\/wp-content\/uploads\/2013\/01\/P1050103.jpg\"><img loading=\"lazy\" decoding=\"async\" src=\"https:\/\/windpilot.com\/blog\/wp-content\/uploads\/2013\/01\/P1050103-1024x768.jpg\" alt=\"P1050103\" width=\"640\" height=\"480\" class=\"aligncenter size-large wp-image-7873\" srcset=\"https:\/\/windpilot.com\/blog\/wp-content\/uploads\/2013\/01\/P1050103-1024x768.jpg 1024w, https:\/\/windpilot.com\/blog\/wp-content\/uploads\/2013\/01\/P1050103-300x225.jpg 300w\" sizes=\"auto, (max-width: 640px) 100vw, 640px\" \/><\/a><strong>DAS SYSTEM CHEFE<\/strong><br \/>\nAber auch eine ganz andere Erkl\u00e4rung w\u00e4re denkbar:<br \/>\nWir haben es mit einem <strong>&#8222;Chefe&#8220; System ( Kein Schreibfehler, K\u00fcstenslang )<\/strong> zu tun. Es w\u00e4re nicht das erste Mal, das Menschen, fast \u00fcberraschend in \u00c4mter gew\u00e4hlt und ohne Erfahrung, schnell den \u00dcberblick verlieren, gerade auch \u00fcber die Rechte und Pflichten, die sie eingegangen sind. Pers\u00f6nliche Verletztheit f\u00fchrt zu Sturheit, die allgemeinen Regeln des Umgangs, des Vereinsrechts, das Gef\u00fchl der Verantwortlichkeit wird im Chefe System ersetzt durch den Einsatz der gegebenen Macht, auch wenn diese nur auf Zeit verliehen und dem Vereinszweck verpflichtet ist.<\/p>\n<p>Ob es dies oder das oder von allem ein wenig ist &#8211; ob alle Vorst\u00e4nde gl\u00fccklich in ihren \u00c4mtern verharren oder mancher von Zweifeln geplagt ausharrt und auf bessere Zeiten hofft:<\/p>\n<p>Bessere Zeiten kommen nicht von alleine. Die Hoffnung, dass dieser Vorstand noch die Kurve kriegt, diese Hoffnung hat uns vollst\u00e4ndig verlassen.<\/p>\n<p>Ganz langsam, stetig und unaufhaltsam erreicht die Aufkl\u00e4rung nun immer mehr Mitglieder.<br \/>\nAuch diese Initiative mag ein Teil davon sein, aber wir wollen mehr. Es ist an der Zeit, \u00fcber die Zukunft des TO nachzudenken. Ob ein TO nun \u00fcberhaupt gebraucht wird oder nicht, wie er aussehen m\u00fcsste, um den Anspr\u00fcchen auch kommender Generationen von Seglern zu entsprechen, das ist ein weites und sch\u00f6nes Diskussionsfeld. Wir sehen unseren Beitrag darin, eine Diskussion \u00fcberhaupt erst zu erm\u00f6glichen.<\/p>\n<p>Das TO Forum w\u00e4re pr\u00e4destiniert daf\u00fcr, doch herrscht dort ungez\u00fcgelte Zensur &#8211; Zensur ohne Rechtsgrundlage &#8211; <strong>die Zensur des Chefe Systems<\/strong>. An der Meinung der Mitglieder ist man dort nicht interessiert, sonst h\u00e4tte man l\u00e4ngst eine Mitgliederbefragung im TO Heft durchgef\u00fchrt.<\/p>\n<p><a href=\"https:\/\/windpilot.com\/blog\/wp-content\/uploads\/2013\/06\/KoreaManGreen-low.jpg\"><img loading=\"lazy\" decoding=\"async\" src=\"https:\/\/windpilot.com\/blog\/wp-content\/uploads\/2013\/06\/KoreaManGreen-low-1024x682.jpg\" alt=\"KoreaManGreen low\" width=\"640\" height=\"426\" class=\"aligncenter size-large wp-image-8494\" srcset=\"https:\/\/windpilot.com\/blog\/wp-content\/uploads\/2013\/06\/KoreaManGreen-low-1024x682.jpg 1024w, https:\/\/windpilot.com\/blog\/wp-content\/uploads\/2013\/06\/KoreaManGreen-low-300x200.jpg 300w\" sizes=\"auto, (max-width: 640px) 100vw, 640px\" \/><\/a><strong>DER K\u00d6NIGSWEG<\/strong><br \/>\nWir sind heute \u00fcberzeugt, dass eine Befriedung des Vereins nur unter der Regie eines Neuen Vorstands m\u00f6glich ist. <\/p>\n<p>Schl\u00fcsselpunkt ist die Suche nach einer geeigneten Pers\u00f6nlichkeit, die dem Bild eines modernen Vorsitzenden eines Gro\u00dfvereins ( der besonderen Art ) entspricht. Diese Suche f\u00fchrt geradewegs nach Berlin. Der dort ans\u00e4ssige Rechtsanwalt Uwe R\u00f6ttgering bringt alles mit, was der TO heute braucht. Er ist ein erfolgreicher Segler mit bester Vernetzung in der Yachtszene, kennt die Problematik des TO und seine Historie, wie kein Zweiter. Bieten wir ihm mit einem vergr\u00f6\u00dferten Kreis an Vorst\u00e4nden alle Unterst\u00fctzung an, die er ben\u00f6tigt und hoffen, dass wir ihn f\u00fcr den TO gewinnen k\u00f6nnen.<\/p>\n<p>Uwe ist ausgetreten, seine Mitgliedschaft endet im September 2013, kein Problem, denn Vorst\u00e4nde m\u00fcssen bei ihrer Wahl nicht Mitglied des Vereins sein, solange die Satzung dies nicht verbietet, wie es hier gegeben. Die Wahl eines neuen Vorstands ist auf jeder Mitgliederversammlung nach der vorhandenen Satzung m\u00f6glich, geeignete Antr\u00e4ge sollten Fachleute stellen, \u00fcber die unser Verein reichlich verf\u00fcgt.<\/p>\n<p>Aber wie k\u00f6nnen wir Uwe \u00fcberzeugen? <\/p>\n<p>Hier unser Vorschlag: wir sollten uns zusammen schlie\u00dfen &#8211; mit unseren Stimmen melden &#8211; gemeinsam einen Aufruf unterst\u00fctzen, um im Namen der Initiative New-Trans-Ocean einen Brief an Uwe R\u00f6ttgering zu richten &#8211; und ihn um seine Kandidatur bitten!<\/p>\n<p>Unser, Euer aller Aufruf zur Unterst\u00fctzung kann namentlich per Mail ( siehe unten )  oder als Blog Kommentar unten erfolgen, wir werden die Ergebnisse laufend aktualisieren, womit dann offenkundig wird, dass im TO noch Leben ist und viele Segler ihre Hoffnung noch nicht verloren haben.<\/p>\n<p>Dann haben wir im November nur noch gemeinsam nach Cuxhaven zu fahren, um mit Wort und Stimme der ALTEN DAME TO zu neuen Kr\u00e4ften zu verhelfen.<\/p>\n<p>Der Ball liegt bei uns im Feld, vielleicht zum letzten Mal.<br \/>\nDieser Aufruf richtet sich ausdr\u00fccklich auch an ehemalige TO Mitglieder.<\/p>\n<p>Beate und Detlev Schmandt,       b.schmandt@online.de<br \/>\nPeter F\u00f6rthmann      peter@windpilot.com<\/p>\n","protected":false},"excerpt":{"rendered":"<p>Initiative zur Rettung des Trans-Ocean e.V Fiji, Hamburg den 25.6.2013 Liebe Freunde, liebe Unterst\u00fctzer von Lelijveld SY Drifter Im November 2012 gab die Mitgliederversammlung dem Vorstand den Auftrag ein &#8222;Rechtsgutachten&#8220; im Fall Drifter erstellen zu lassen. Seit dem ist in &hellip; <a href=\"https:\/\/windpilot.com\/blog\/trans-ocean-news\/deutsch-zum-neuen-to\/deutsch-new-trans-ocean\/\">Weiterlesen <span class=\"meta-nav\">&rarr;<\/span><\/a><\/p>\n","protected":false},"author":1,"featured_media":0,"parent":8034,"menu_order":-5,"comment_status":"open","ping_status":"closed","template":"","meta":{"footnotes":""},"class_list":["post-8486","page","type-page","status-publish","hentry"],"_links":{"self":[{"href":"https:\/\/windpilot.com\/blog\/wp-json\/wp\/v2\/pages\/8486","targetHints":{"allow":["GET"]}}],"collection":[{"href":"https:\/\/windpilot.com\/blog\/wp-json\/wp\/v2\/pages"}],"about":[{"href":"https:\/\/windpilot.com\/blog\/wp-json\/wp\/v2\/types\/page"}],"author":[{"embeddable":true,"href":"https:\/\/windpilot.com\/blog\/wp-json\/wp\/v2\/users\/1"}],"replies":[{"embeddable":true,"href":"https:\/\/windpilot.com\/blog\/wp-json\/wp\/v2\/comments?post=8486"}],"version-history":[{"count":14,"href":"https:\/\/windpilot.com\/blog\/wp-json\/wp\/v2\/pages\/8486\/revisions"}],"predecessor-version":[{"id":16700,"href":"https:\/\/windpilot.com\/blog\/wp-json\/wp\/v2\/pages\/8486\/revisions\/16700"}],"up":[{"embeddable":true,"href":"https:\/\/windpilot.com\/blog\/wp-json\/wp\/v2\/pages\/8034"}],"wp:attachment":[{"href":"https:\/\/windpilot.com\/blog\/wp-json\/wp\/v2\/media?parent=8486"}],"curies":[{"name":"wp","href":"https:\/\/api.w.org\/{rel}","templated":true}]}}