{"id":8822,"date":"2013-10-23T23:14:16","date_gmt":"2013-10-24T06:14:16","guid":{"rendered":"https:\/\/windpilot.com\/blog\/?page_id=8822"},"modified":"2023-12-27T06:53:01","modified_gmt":"2023-12-27T13:53:01","slug":"deutsch-gunter-s-hamacher-panama-nachruf","status":"publish","type":"page","link":"https:\/\/windpilot.com\/blog\/ausruestung\/links\/deutsch-gunter-s-hamacher-panama-nachruf\/","title":{"rendered":"Nachruf"},"content":{"rendered":"<p><strong>ABSCHIED VON EINER UNGEW\u00d6HNLICHEN SEELE<\/strong><br \/>\nUnz\u00e4hlige Segler haben PANAMA G\u00dcNTER kennen und lieben gelernt, die meisten nur virtuell, wenn sie zu seinen Sendezeiten seine launig witzigen Berichte auf See empfangen haben, solange sie im Pazifik unterwegs.<\/p>\n<p>G\u00fcnter, die riesengro\u00dfe Seele des <strong>PACIFIC ISLAND NET<\/strong> ist zu seiner letzten gro\u00dfen Reise angetreten.<\/p>\n<p><a href=\"https:\/\/windpilot.com\/blog\/wp-content\/uploads\/2013\/10\/ChampusPacific.jpg\"><img loading=\"lazy\" decoding=\"async\" class=\"aligncenter size-large wp-image-8823\" alt=\"ChampusPacific\" src=\"https:\/\/windpilot.com\/blog\/wp-content\/uploads\/2013\/10\/ChampusPacific-1024x702.jpg\" width=\"640\" height=\"438\" srcset=\"https:\/\/windpilot.com\/blog\/wp-content\/uploads\/2013\/10\/ChampusPacific-1024x702.jpg 1024w, https:\/\/windpilot.com\/blog\/wp-content\/uploads\/2013\/10\/ChampusPacific-300x205.jpg 300w, https:\/\/windpilot.com\/blog\/wp-content\/uploads\/2013\/10\/ChampusPacific.jpg 2015w\" sizes=\"auto, (max-width: 640px) 100vw, 640px\" \/><\/a><br \/>\nG\u00fcnter ist am 22.10.2013 verstorben, diese traurige Nachricht ging als Lauffeuer um den grossen Spielball und macht nicht nur in der Seglerwelt viele Menschen betroffen.<\/p>\n<p>Die rastlose, stets hilfsbereite, alles liebevoll besserwissende Funker Seele, die nach einem aufregenden Leben in Deutschland, 1982 sein Lebenszelt auf <strong>CONTADORA PANAMA<\/strong> aufgestellt hatte &#8230; <strong>NICHT MEHR UNTER UNS?<\/strong><\/p>\n<p>Ein Verlust, der unser Herz ber\u00fchrt, weil die vielen Geschichten in unseren K\u00f6pfen ein da capo geben, die uns mit G\u00fcnter so sehr verbunden haben &#8211; die ihn unvergessen machen &#8211; weil er die Seele und Ursprung so vieler sch\u00f6ner Erlebnisse gewesen ist.<\/p>\n<p><a href=\"https:\/\/windpilot.com\/blog\/wp-content\/uploads\/2013\/10\/Der-lustige-K\u00f6lner-pdf.jpg\"><img loading=\"lazy\" decoding=\"async\" class=\"aligncenter size-full wp-image-8824\" alt=\"Der lustige K\u00f6lner pdf\" src=\"https:\/\/windpilot.com\/blog\/wp-content\/uploads\/2013\/10\/Der-lustige-K\u00f6lner-pdf.jpg\" width=\"961\" height=\"540\" srcset=\"https:\/\/windpilot.com\/blog\/wp-content\/uploads\/2013\/10\/Der-lustige-K\u00f6lner-pdf.jpg 961w, https:\/\/windpilot.com\/blog\/wp-content\/uploads\/2013\/10\/Der-lustige-K\u00f6lner-pdf-300x168.jpg 300w\" sizes=\"auto, (max-width: 961px) 100vw, 961px\" \/><\/a>Ich kenne G\u00fcnter seit Jahrzehnten, obwohl ich ihn pers\u00f6nlich niemals kennenlernen durfte. Er hat mich unz\u00e4hlige Male nach Contadora eingeladen, stets ist etwas dazwischengekommen, weil mein eigenes Leben mich bis heute nie hat zu Atem kommen lassen. Unsere Freundschaft ist virtuell geblieben, was sie hingegen nicht kleiner machte. Wir haben als Seelenverwandte einander nahezu 1000 Mails geschrieben und dabei entdeckt, dass unsere K\u00f6pfe nur wenig trennte..<\/p>\n<p>Angefangen hatte es damit, dass der Name \u201eseiner\u201c Insel CONTADORA bereits 1964 in meiner eigenen Birne einen Sonderparkplatz erhalten hat, weil dort der Flying P-Liner MS PISANG, ein Bananendampfer der Reederei Laiesz, mit dem ich damals auf vielen Reisen im Pacific unterwegs, regelm\u00e4\u00dfig bei den Perleninseln Pause machte und vor Anker parkte, wenn die Bananen in Guayaquil noch nicht zur Verladung gar gewesen sind. <\/p>\n<p>In den achtziger Jahren kamen vereinzelt Anrufe, in den Neunzigern dann die Mails, fast ausnahmslos ging es um Hilfeleistungen f\u00fcr Segler, f\u00fcr die wir beide unterwegs, G\u00fcnter leidenschaftlich idealistisch und ich fast immer dienstbeflissen f\u00fcr meine Segler Kunden, von denen viele zunehmend zu Freunden geworden sind.<\/p>\n<p>Die besonderen Ereignisse der vergangenen Jahre haben uns zusammenr\u00fccken lassen und das hatte zwei Gr\u00fcnde: Mein Entschlu\u00df, in Bezug auf die Vorg\u00e4nge im Trans-Ocean e.V, meine Stimme zu erheben, hat bei G\u00fcnter einen Adrenalinschub verursacht, weil auch in seiner Seele der Druck in der gleichen Sache \u00fcbergro\u00df geworden war. Wir haben einander in einer Form erg\u00e4nzt, wir haben synchron gef\u00fchlt \/ gedacht &#8211; und uns beide nicht gescheut, unsere Gef\u00fchle auch in deutlichen Worten auszudr\u00fccken.<\/p>\n<p>Der zweite Grund, der uns zusammenbrachte, war G\u00fcnter\u00b4s unb\u00e4ndiges Bestreben, dauerhafte Fehlinformationen in Bezug auf die Amateur Funkerei zugunsten einer faktisch besseren Sicht in der Seglerschaft,den Boden zu bereiten. In diesem Bereich hat es mit den Herren vom TO, die einer eher kleing\u00e4rtnerischen Sichtweise nachzuh\u00e4ngen schienen &#8211; unz\u00e4hlige Gefechte gegeben, in deren Folge man dann versuchte, das Pacific Island Net &#8211; wie soll ich sagen &#8211; zu stigmatisieren. G\u00fcnter hat seinen Freundeskreis, seine F\u00f6rderer und Unterst\u00fctzer ausschlie\u00dflich in der aktiven Seglerschaft generiert und keine Gelegenheit ausgelassen, seine Geringsch\u00e4tzung zu Menschen mit anderer Denke, lautstark zu artikulieren. Es war ihm stets verhasst, eine Mail in der Anrede mit &#8222;Lieber Guenter&#8220; zu beginnen, wenn der Rest der Botschaft feindlich gewesen ist. G\u00fcnter war straight wie eine Eisenstange &#8211; und darum in Cuxhaven ungeliebt.<\/p>\n<p>Es ist das besondere in den menschlichen Zusammenh\u00e4ngen, dass es Menschen gibt, zu deren Seele ein barrierefreier Zugang m\u00f6glich ist. G\u00fcnters Seele war f\u00fcr viele Segler ein weit ge\u00f6ffnetes Scheunentor. Als ich ihn vor 2 Jahren aufgefordert hatte, mir doch bitte einmal einige Eckdaten seines aufregenden Lebens aufzuschreiben, ist er an die Arbeit gegangen. Er hat wochenlang alte Fotos, die niemals digital erfa\u00dft, auf den Scanner gelegt, sie hernach formatiert und als Mailanhang mir zugesendet. Er hat mir seine Lebensgeschichte erz\u00e4hlt, die f\u00fcr viele Leben gereicht h\u00e4tte &#8211; und die ihn zu der Pers\u00f6nlichkeit gemacht, die ihn ausgemacht.<\/p>\n<p>G\u00fcnters Biographie ist ein bewegendes Zeitdokument geworden, <a href=\"https:\/\/windpilot.com\/blog\/ausruestung\/links\/deutsch-gunter-s-hamacher-ein-rasantes-leben-zwischen-koln-und-panama\/\">das hier nachzulesen ist<\/a><\/p>\n<p><a href=\"https:\/\/windpilot.com\/blog\/wp-content\/uploads\/2013\/10\/guenther.jpg\"><img loading=\"lazy\" decoding=\"async\" class=\"aligncenter size-large wp-image-8825\" alt=\"guenther\" src=\"https:\/\/windpilot.com\/blog\/wp-content\/uploads\/2013\/10\/guenther-1024x721.jpg\" width=\"640\" height=\"450\" srcset=\"https:\/\/windpilot.com\/blog\/wp-content\/uploads\/2013\/10\/guenther-1024x721.jpg 1024w, https:\/\/windpilot.com\/blog\/wp-content\/uploads\/2013\/10\/guenther-300x211.jpg 300w, https:\/\/windpilot.com\/blog\/wp-content\/uploads\/2013\/10\/guenther.jpg 1567w\" sizes=\"auto, (max-width: 640px) 100vw, 640px\" \/><\/a>F\u00fcr tausende Segler ist G\u00fcnter der Hands-On-Funker gewesen, der sich niemals scheute, an Bord vorbeisegelnder Yachties, pers\u00f6nlich Hand anzulegen, die Antennen zu putzen, Kabel blank zu legen &#8230; oder selbst gestandenen Seglern eine Kopfw\u00e4sche zu verpassen, sie sogar auszuschimpfen, wenn sie es gewagt, ihre heiligen Funker Kisten nachl\u00e4ssig zu behandeln. G\u00fcnter war rigoros, weil er Besserwisser gewesen ist &#8230; in des Wortes bester Bedeutung. Zudem ist G\u00fcnter auch im Alter von 80 Jahren noch seinen Funkmast hochgeentert, fast so gut, wie seine getigerten Raubkatzen es kaum besser gekonnt. G\u00fcnter war in seinem Metier einzigartig&#8230; ohne den Wortsinn hier nun durch Humor zu \u00fcberspitzen. G\u00fcnter wusste Bescheid und hat, wie ein Vater seinem Sohn, sein Wissen mit dem Hammer deutlich gemacht &#8211; Widerspruch zwecklos &#8211; wobei einigen Seglern, denen G\u00fcnters direkte K\u00f6lsche Art gegen den Strich gegangen ist, hinterher seine unbegrenzt grossz\u00fcgige Gastfreundschaft durchleben durften oder mu\u00dften, wobei dann jeder versuchte Widerspruch alkoholisch wieder glatt geb\u00fcgelt wurde &#8211; bis der finale Flaschenboden in Sicht gekommen ist.<\/p>\n<p>Wenn G\u00fcnter einmal in Fahrt geraten ist, gab es kein Entrinnen. Schon in seinen fr\u00fcheren Lebensdekaden war er als legend\u00e4rer Nachtfalter der K\u00f6lner und D\u00fcsseldorfer Disco Szene ( zu der er tatkr\u00e4ftig beigetragen hat ) n\u00e4chtelang aktiv. Auch in Panama hat er seine Lebensgewohnheiten, nun allerdings wegen der Tageshitze,  auf die k\u00fchlere Nacht verlegt. Es hat N\u00e4chte gegeben, in denen seine Tastatur arg hat leiden m\u00fcssen &#8211; seinen Rekord haben wir in einer Nacht durchbrochen, in der er mir 13 Mails geschrieben, zwar nicht immer grammatikalisch exponentiell \u00fcberkorrekt, aber in einem Masse deutlich, dass empfindliche Gem\u00fcter Bauchschmerzen h\u00e4tten bekommen k\u00f6nnen. G\u00fcnter war straight &#8230; ein furchtloser K\u00e4mpfer &#8230; sein ganzes Leben lang &#8230; als Rennfahrer &#8230; begnadet gutaussehender Mann, vor dem manches Weib prophylaktisch freiwillig in Ohnmacht versank &#8230; der auf politischem Parkett einigen Willy Wichtigs der deutschen Politik die Harke zeigte &#8230; und der am Ende seiner fulminanten Karriere in seinem Heimatland, still &#8230; allerdings mit grossem Gep\u00e4ck &#8230;.seine Koffer und einen Gel\u00e4ndewagen in Container packte &#8230; um seine letzten 3 Jahrzehnte auf einer sonnigen Insel im Pazifik zu verbringen &#8230; politischen Verbindungen sei Dank. G\u00fcnter hat die Welt auch von seinem Spielplatz in Panama aus nicht in Ruhe gelassen, er hat mit seiner gigantischen Funkanlage manchem Profi Funker G\u00e4nsehaut verursacht &#8211; er hat sie alle plattgemacht mit seiner Schlauheit und einem Willen, den man nur bewundern konnte.<\/p>\n<p>Die aktiven Blauwassersegler dieser Welt werden G\u00fcnter im Geiste ein Denkmal setzen, weil er ihnen idealistisch einen Teil seiner Lebenszeit auf k\u00f6lsche Art zum Pr\u00e4sent gemacht.<\/p>\n<p><a href=\"https:\/\/windpilot.com\/blog\/wp-content\/uploads\/2013\/10\/IMG_1095.jpg\"><img loading=\"lazy\" decoding=\"async\" src=\"https:\/\/windpilot.com\/blog\/wp-content\/uploads\/2013\/10\/IMG_1095-1024x682.jpg\" alt=\"IMG_1095\" width=\"640\" height=\"426\" class=\"aligncenter size-large wp-image-8834\" srcset=\"https:\/\/windpilot.com\/blog\/wp-content\/uploads\/2013\/10\/IMG_1095-1024x682.jpg 1024w, https:\/\/windpilot.com\/blog\/wp-content\/uploads\/2013\/10\/IMG_1095-300x199.jpg 300w, https:\/\/windpilot.com\/blog\/wp-content\/uploads\/2013\/10\/IMG_1095.jpg 1280w\" sizes=\"auto, (max-width: 640px) 100vw, 640px\" \/><\/a>Als ich im Herbst 2012 die Mitteilung erhielt, dass G\u00fcnter seine Insel Richtung Festland zu r\u00e4umen plante, und er mir sein neues Haus auf Bildern zeigte &#8230;. wurde mir klar &#8230; dass das letzte Kapitel aufgeschlagen werden sollte&#8230; meine Mail vor wenigen Tagen, fand keine Antwort mehr &#8230;.<\/p>\n<p>G\u00fcnters Leben und Wirken wird in meinem Herzen &#8230; und in meinem Blog &#8230;ein Denkmal gesetzt &#8230; denn G\u00fcnter war einzigartig &#8211; und ein wirklicher Freund.<\/p>\n<p>Hamburg 24.10.2013<br \/>\nPeter Foerthmann<\/p>\n","protected":false},"excerpt":{"rendered":"<p>ABSCHIED VON EINER UNGEW\u00d6HNLICHEN SEELE Unz\u00e4hlige Segler haben PANAMA G\u00dcNTER kennen und lieben gelernt, die meisten nur virtuell, wenn sie zu seinen Sendezeiten seine launig witzigen Berichte auf See empfangen haben, solange sie im Pazifik unterwegs. G\u00fcnter, die riesengro\u00dfe Seele &hellip; <a href=\"https:\/\/windpilot.com\/blog\/ausruestung\/links\/deutsch-gunter-s-hamacher-panama-nachruf\/\">Weiterlesen <span class=\"meta-nav\">&rarr;<\/span><\/a><\/p>\n","protected":false},"author":1,"featured_media":0,"parent":4486,"menu_order":5,"comment_status":"open","ping_status":"closed","template":"","meta":{"footnotes":""},"class_list":["post-8822","page","type-page","status-publish","hentry"],"_links":{"self":[{"href":"https:\/\/windpilot.com\/blog\/wp-json\/wp\/v2\/pages\/8822","targetHints":{"allow":["GET"]}}],"collection":[{"href":"https:\/\/windpilot.com\/blog\/wp-json\/wp\/v2\/pages"}],"about":[{"href":"https:\/\/windpilot.com\/blog\/wp-json\/wp\/v2\/types\/page"}],"author":[{"embeddable":true,"href":"https:\/\/windpilot.com\/blog\/wp-json\/wp\/v2\/users\/1"}],"replies":[{"embeddable":true,"href":"https:\/\/windpilot.com\/blog\/wp-json\/wp\/v2\/comments?post=8822"}],"version-history":[{"count":13,"href":"https:\/\/windpilot.com\/blog\/wp-json\/wp\/v2\/pages\/8822\/revisions"}],"predecessor-version":[{"id":30661,"href":"https:\/\/windpilot.com\/blog\/wp-json\/wp\/v2\/pages\/8822\/revisions\/30661"}],"up":[{"embeddable":true,"href":"https:\/\/windpilot.com\/blog\/wp-json\/wp\/v2\/pages\/4486"}],"wp:attachment":[{"href":"https:\/\/windpilot.com\/blog\/wp-json\/wp\/v2\/media?parent=8822"}],"curies":[{"name":"wp","href":"https:\/\/api.w.org\/{rel}","templated":true}]}}