{"id":8874,"date":"2013-10-28T22:16:15","date_gmt":"2013-10-29T05:16:15","guid":{"rendered":"https:\/\/windpilot.com\/blog\/?page_id=8874"},"modified":"2013-10-29T01:14:34","modified_gmt":"2013-10-29T08:14:34","slug":"deutsch-trans-ocean-e-v-der-fall-drifter-fakten-zur-sachwalterhaftung-im","status":"publish","type":"page","link":"https:\/\/windpilot.com\/blog\/trans-ocean-news\/deutsch-drifter\/deutsch-trans-ocean-e-v-der-fall-drifter-fakten-zur-sachwalterhaftung-im\/","title":{"rendered":"Sachwalterhaftung"},"content":{"rendered":"<p><strong>TO &#8211; NACHRICHTEN #142 &#8211; S.54 &#8211; FAKTEN KURZ UND KNAPP<\/strong><br \/>\nIn der Fakten Zusammenstellung des Vorstands ist zu lesen:<\/p>\n<blockquote><p>Dazu war ein Antrag auszuf\u00fcllen und zu unterschreiben. Das Antragsformular war mit einem Flyer verbunden. Die Versicherungsbedingungen und Pr\u00e4mien wurden darin benannt.<\/p><\/blockquote>\n<p>Hier wird der Eindruck erweckt, die Lelijvelds h\u00e4tten einen Antrag ausgef\u00fcllt und unterschrieben.<br \/>\n<strong>Das ist falsch.<\/strong><\/p>\n<p><strong>Richtig ist<\/strong>, dass die Lelijvelds zu keiner Zeit ein Antragsformular ausgef\u00fcllt und unterschrieben haben. Die f\u00fcr die Anmneldung notwendigen Schritte sind ausschlie\u00dflich vom TO und seiner angeh\u00e4ngten Versicherungsagentur ausgef\u00fchrt worden. Die Lelijveld haben von ihrer Versicherung bei der W\u00fcrtembergischen erst durch die Best\u00e4tigung vom 26.4.2006 erfahren.<\/p>\n<p>Der TO hat hierdurch bewiesen, weit mehr getan als nur ein Durchlaufkonto zu unterhalten und er hat dies in etlichen TO Heften auch zum Ausdruck gebracht, &#8211; alles nachzulesen in dem echten Gutachten von <strong>RA Wolfgang Reymann<\/strong>, dessen Inhalt der Vereins\u00f6ffentlichkeit bisher vermutlich unter Vorsatz vorenthalten wird. Allerdings ist die Lekt\u00fcre eines Briefes des RA Wolgang Reymann and Martin Birkhoff \u00e4usserst aufschlu\u00dfreich, <a href=\"https:\/\/windpilot.com\/blog\/de\/trans-ocean-news\/deutsch-new-trans-ocean\/deutsch-trans-ocean-e-v-quo-vadis-martin-birkhoff-der-status-quo\/\">die hier nachzulesen ist.<\/a><\/p>\n<p>Hier noch einmal ein Auszug aus der TO Seite zur Krankenversicherung, zuletzt ge\u00e4ndert am Mittwoch, dem 2. Mai 2007 C HvS<\/p>\n<blockquote><p>Mit der W\u00fcrtembergischen haben wir f\u00fcr Sie eine Sondervereinbarung getroffen, das hei\u00dft das wir auch Mitglieder versichern d\u00fcrfen, die einen Wohnsitz in den anderen L\u00e4ndern der EU und der Schweiz haben<\/p><\/blockquote>\n<p>Ja dort steht: &#8222;Das w i r auch Mitglieder versichern d\u00fcrfen&#8230;.&#8220;, was nunmal bedeutet, das mit &#8222;wir&#8220; der TO gemeint ist und dieser eine Versicherung anbietet.<\/p>\n<p>Weiter unten:  <\/p>\n<blockquote><p>Es ist auch m\u00f6glich, den Antrag von einer Korrespondenzperson ausf\u00fcllen zu lassen&#8230;.\n<\/p><\/blockquote>\n<p>Das nun bedeutet, dass der TO sich auf die segelnden Mitglieder eingestellt und weitaus mehr an Service und damit Verantwortung \u00fcbernommen hat. Nur ein Konto gef\u00fchrt zu haben, weicht von der Wahrheit erheblich und entscheidend ab. Ein Konto unterschreibt keine Versicherungsantr\u00e4ge und das hat der TO sogar ohne R\u00fccksprache mit Lelijvelds getan, genauso wie es der ehemalige Vorsitzende angek\u00fcndigt hatte, als er von einer \u00dcberf\u00fchrung der Versicherung von der Victoria zu der W\u00fcrtembergischen sprach.<\/p>\n<p>Auf dieser Website vom Mai 2007 ist auch der Versicherungsbeitrag zu lesen: 437,&#8211; Euro im Jahr bis zum Alter von 69 Jahren. Genauso haben es die Lelijvelds gemacht und nicht etwa viel zu wenig \u00fcberwiesen, wie der Vorstand behauptet.<\/p>\n<p>Ein letzter Hinweis aus der website: <\/p>\n<blockquote><p>Wir bitten alle TO-Mitglieder ihre zu erstattenden Rechnungen \u00fcber unsere Agentur einzureichen.<\/p><\/blockquote>\n<p>Aha, \u00fcber unsere Agentur. Und in der Tat wurde diese Agentur (die ja gewerberechtlich eigentlich keine war) erst f\u00fcr die Zwecke des TO eingerichtet und konnte in TO R\u00e4umlichkeiten in der Bahnhofstr. neben der Gesch\u00e4ftsstelle einziehen. Hat sie dort auch Miete bezahlt? Oder hat der TO die R\u00e4ume etwa kostenlos zur Verf\u00fcgung gestellt? Aus den Erfahrungen mit der Vergangenheit ist es zwingend auf diese Frage zu sto\u00dfen.<\/p>\n<p>Beate Schmandt<br \/>\nSY Kira von Celle<br \/>\nz.Zt. Gizo, Solomon Islands<\/p>\n<p>Nachsatz: Dies posting wurde am 27.10.2013 im TO Forum gepostet. Der Kommentar eines anderen Lesers wurde umgehend gel\u00f6scht.<\/p>\n","protected":false},"excerpt":{"rendered":"<p>TO &#8211; NACHRICHTEN #142 &#8211; S.54 &#8211; FAKTEN KURZ UND KNAPP In der Fakten Zusammenstellung des Vorstands ist zu lesen: Dazu war ein Antrag auszuf\u00fcllen und zu unterschreiben. Das Antragsformular war mit einem Flyer verbunden. Die Versicherungsbedingungen und Pr\u00e4mien wurden &hellip; <a href=\"https:\/\/windpilot.com\/blog\/trans-ocean-news\/deutsch-drifter\/deutsch-trans-ocean-e-v-der-fall-drifter-fakten-zur-sachwalterhaftung-im\/\">Weiterlesen <span class=\"meta-nav\">&rarr;<\/span><\/a><\/p>\n","protected":false},"author":1,"featured_media":0,"parent":7538,"menu_order":8,"comment_status":"open","ping_status":"closed","template":"","meta":{"footnotes":""},"class_list":["post-8874","page","type-page","status-publish","hentry"],"_links":{"self":[{"href":"https:\/\/windpilot.com\/blog\/wp-json\/wp\/v2\/pages\/8874","targetHints":{"allow":["GET"]}}],"collection":[{"href":"https:\/\/windpilot.com\/blog\/wp-json\/wp\/v2\/pages"}],"about":[{"href":"https:\/\/windpilot.com\/blog\/wp-json\/wp\/v2\/types\/page"}],"author":[{"embeddable":true,"href":"https:\/\/windpilot.com\/blog\/wp-json\/wp\/v2\/users\/1"}],"replies":[{"embeddable":true,"href":"https:\/\/windpilot.com\/blog\/wp-json\/wp\/v2\/comments?post=8874"}],"version-history":[{"count":4,"href":"https:\/\/windpilot.com\/blog\/wp-json\/wp\/v2\/pages\/8874\/revisions"}],"predecessor-version":[{"id":8882,"href":"https:\/\/windpilot.com\/blog\/wp-json\/wp\/v2\/pages\/8874\/revisions\/8882"}],"up":[{"embeddable":true,"href":"https:\/\/windpilot.com\/blog\/wp-json\/wp\/v2\/pages\/7538"}],"wp:attachment":[{"href":"https:\/\/windpilot.com\/blog\/wp-json\/wp\/v2\/media?parent=8874"}],"curies":[{"name":"wp","href":"https:\/\/api.w.org\/{rel}","templated":true}]}}