{"id":8887,"date":"2013-11-05T09:12:51","date_gmt":"2013-11-05T16:12:51","guid":{"rendered":"https:\/\/windpilot.com\/blog\/?page_id=8887"},"modified":"2013-11-05T16:16:37","modified_gmt":"2013-11-05T23:16:37","slug":"deutsch-trans-ocean-e-v-die-beweiselage-des-vorstands","status":"publish","type":"page","link":"https:\/\/windpilot.com\/blog\/trans-ocean-news\/deutsch-drifter\/deutsch-trans-ocean-e-v-die-beweiselage-des-vorstands\/","title":{"rendered":"Vorstands Beweise"},"content":{"rendered":"<p><strong>\u20ac 25.000 F\u00dcR BEWEISE -DIE ANTWORT VON MARTIN BIRKHOFF<br \/>\n<\/strong><br \/>\nMail vom 30.10.2013 an Beate Schmandt, auch ver\u00f6ffentlicht bei TO.<\/p>\n<p>Bremen, 30.10.2013<br \/>\nSehr geehrte Frau Schmandt,<br \/>\nim Namen des TO und des gesamten Vorstands: Herzlichen Dank f\u00fcr Ihre gro\u00dfz\u00fcgige Spendenzusage. <\/p>\n<p><strong>Uns liegen vor<\/strong>:<br \/>\n<strong>Kopie der Versicherungsbest\u00e4tigung der W\u00fcrttembergischen Versicherung<\/strong>, verfasst von Herrn G. Bessler, vom 24.04.2006. Adressat Frau Coby Lelijveld Stinissen in Udenhout, Niederlande. In der Police wird Versicherungsschutz f\u00fcr den Zeitraum von April 2006 bis einschl. Dezember 2006 best\u00e4tigt.<br \/>\n<a href=\"https:\/\/windpilot.com\/blog\/wp-content\/uploads\/2013\/11\/Navibesteck.jpg\"><img loading=\"lazy\" decoding=\"async\" src=\"https:\/\/windpilot.com\/blog\/wp-content\/uploads\/2013\/11\/Navibesteck-1024x768.jpg\" alt=\"Navibesteck\" width=\"640\" height=\"480\" class=\"aligncenter size-large wp-image-8891\" srcset=\"https:\/\/windpilot.com\/blog\/wp-content\/uploads\/2013\/11\/Navibesteck-1024x768.jpg 1024w, https:\/\/windpilot.com\/blog\/wp-content\/uploads\/2013\/11\/Navibesteck-300x224.jpg 300w\" sizes=\"auto, (max-width: 640px) 100vw, 640px\" \/><\/a><strong>Uns liegt weiter vor ein elektronischer Aktenauszug<\/strong> (Kopie) mit der Archiv-Nr. 191560590 der W\u00fcrttembergischen Versicherung. Der Aktenauszug enth\u00e4lt eine Kopie des Schreibens der W\u00fcrttembergischen Versicherung, verfasst von Herrn D. Sprajc, vom 26.09.2006. Adressat Frau Coby Lelijveld Stinissen in Udenhout, Niederlande. In dem Schreiben wird Bezug genommen auf einen Leistungsantrag der Frau Coby Lelijveld vom 25.09.2006 und um die Einreichung weiterer Unterlagen zum Leistungsantrag gebeten. <strong>Der Aktenauszug enth\u00e4lt einen Zusatz vom 23.10.2006<\/strong>, aus dem hervorgeht, dass weitere Unterlagen zum Leistungsantrag eingereicht wurden. Wir bitten um Verst\u00e4ndnis, dass wir die Unterlagen nicht im internen Forum ver\u00f6ffentlichen. Bitte teilen Sie uns mit, wie Ihnen ein Scan der Unterlagen zugehen kann. Soweit wir wissen, k\u00f6nnen Ihnen auf Ihre sailmail-Adresse keine Dateianh\u00e4nge gesendet werden.<\/p>\n<p>Da wir davon ausgehen, dass Sie unseren Aussagen m\u00f6glicherweise nicht vertrauen, haben wir einen Anwalt beauftragt, ebenfalls mit Ihnen Kontakt aufzunehmen und Ihnen die Unterlagen zukommen zu lassen. Der Anwalt wird sich umgehend mit Ihnen in Verbindung setzen. Bitte teilen Sie dem Anwalt eine f\u00fcr die \u00dcbermittlung der Dokumente geeignete Mail- oder Postadresse mit. Der Anwalt ist weiter beauftragt, sich von der W\u00fcrttembergischen Versicherung die Authentizit\u00e4t der Dokumente bzw. Dokumenteninhalte best\u00e4tigen zu lassen und sie \u00fcber die Best\u00e4tigung zu<br \/>\ninformieren. Wir nehmen an, die Einschaltung eines neutralen Dritten ist in Ihrem Sinne.<\/p>\n<p>Wir m\u00f6chten Sie bitten, Ihre Fristsetzung \u00fcber den 05.11. hinaus zu verl\u00e4ngern, da wir nicht wissen, ob die W\u00fcrttembergische innerhalb der von Ihnen gesetzten Frist antwortet.<\/p>\n<p>Die Spende \u00fcberweisen Sie bitte auf das Konto des TO bei der Stadtsparkasse Cuxhaven &#8211; Konto: 196006 BLZ: 24150001 &#8211; IBAN: DE86241500010000196006  &#8211;  SWIFT-BIC: BRLADE21CUX<\/p>\n<p>Wir w\u00fcrden uns sehr freuen, den Zahlungseingang vor der Jahreshauptversammlung 2013 verbuchen zu k\u00f6nnen. Es w\u00e4re sicher auch in Ihrem Interesse, wenn wir Ihre gro\u00dfz\u00fcgige Spende auf der<br \/>\nJahreshauptversammlung und dem Festabend prominent herausstellen k\u00f6nnen.<\/p>\n<p>Im Namen des gesamten Vorstands<br \/>\nMartin Birkhoff<br \/>\nVorsitzender TO<\/p>\n","protected":false},"excerpt":{"rendered":"<p>\u20ac 25.000 F\u00dcR BEWEISE -DIE ANTWORT VON MARTIN BIRKHOFF Mail vom 30.10.2013 an Beate Schmandt, auch ver\u00f6ffentlicht bei TO. Bremen, 30.10.2013 Sehr geehrte Frau Schmandt, im Namen des TO und des gesamten Vorstands: Herzlichen Dank f\u00fcr Ihre gro\u00dfz\u00fcgige Spendenzusage. Uns &hellip; <a href=\"https:\/\/windpilot.com\/blog\/trans-ocean-news\/deutsch-drifter\/deutsch-trans-ocean-e-v-die-beweiselage-des-vorstands\/\">Weiterlesen <span class=\"meta-nav\">&rarr;<\/span><\/a><\/p>\n","protected":false},"author":1,"featured_media":0,"parent":7538,"menu_order":9,"comment_status":"open","ping_status":"closed","template":"","meta":{"footnotes":""},"class_list":["post-8887","page","type-page","status-publish","hentry"],"_links":{"self":[{"href":"https:\/\/windpilot.com\/blog\/wp-json\/wp\/v2\/pages\/8887","targetHints":{"allow":["GET"]}}],"collection":[{"href":"https:\/\/windpilot.com\/blog\/wp-json\/wp\/v2\/pages"}],"about":[{"href":"https:\/\/windpilot.com\/blog\/wp-json\/wp\/v2\/types\/page"}],"author":[{"embeddable":true,"href":"https:\/\/windpilot.com\/blog\/wp-json\/wp\/v2\/users\/1"}],"replies":[{"embeddable":true,"href":"https:\/\/windpilot.com\/blog\/wp-json\/wp\/v2\/comments?post=8887"}],"version-history":[{"count":6,"href":"https:\/\/windpilot.com\/blog\/wp-json\/wp\/v2\/pages\/8887\/revisions"}],"predecessor-version":[{"id":8905,"href":"https:\/\/windpilot.com\/blog\/wp-json\/wp\/v2\/pages\/8887\/revisions\/8905"}],"up":[{"embeddable":true,"href":"https:\/\/windpilot.com\/blog\/wp-json\/wp\/v2\/pages\/7538"}],"wp:attachment":[{"href":"https:\/\/windpilot.com\/blog\/wp-json\/wp\/v2\/media?parent=8887"}],"curies":[{"name":"wp","href":"https:\/\/api.w.org\/{rel}","templated":true}]}}