{"id":8962,"date":"2013-11-15T21:42:58","date_gmt":"2013-11-16T04:42:58","guid":{"rendered":"https:\/\/windpilot.com\/blog\/?page_id=8962"},"modified":"2017-12-31T03:43:00","modified_gmt":"2017-12-31T10:43:00","slug":"deutsch-to-mv-2013","status":"publish","type":"page","link":"https:\/\/windpilot.com\/blog\/trans-ocean-news\/deutsch-to-mv-2013\/","title":{"rendered":"2014 Das Trauerspiel"},"content":{"rendered":"<p><strong>TRANSPARENZ und MITBESTIMMUNG<\/strong><br \/>\nTransparenz und Mitbestimmung waren die Schlagworte, mit denen Martin Birkhoff und seine Vorstandskollegen ihre Wahl angenommen haben. Dies Versprechen wurde bis heute nicht gehalten. Die Vorgehensweisen der j\u00fcngsten Zeit l\u00e4\u00dft deutlich werden, dass die Segler drau\u00dfen nunmehr aus dem Vereinsgeschehen verabschiedet worden sind. <\/p>\n<p>Die TO WEBSITE enth\u00e4lt keinerlei aktuelle Informationen \u00fcber die bevorstehende Mitgliederversammlung, die Segler sind somit von der Meinungsbildung ausgeschlossen. Insbesondere werden s\u00e4mtliche Antr\u00e4ge, die f\u00fcr die weitere Existenz des Vereins lebenswichtig sind, den wichtigsten Mitgliedern hiermit vorenthalten. <\/p>\n<p>Deshalb und nur deshalb haben wir uns entschlossen, den segelnden Mitgliedern des TO hier eine Plattform zur Verf\u00fcgung zu stellen, um sie dar\u00fcber zu informieren, was ihnen vom derzeitigen Vorstand vorenthalten werden soll.<\/p>\n<p>Wir werden an dieser Stelle alle Antr\u00e4ge publizieren und die Bedenken und Expertisen einige Segler unterwegs und an Land gesondert darstellen, damit sich alle Mitglieder ein besseres Bild \u00fcber ihren Verein machen k\u00f6nnen.<\/p>\n","protected":false},"excerpt":{"rendered":"<p>TRANSPARENZ und MITBESTIMMUNG Transparenz und Mitbestimmung waren die Schlagworte, mit denen Martin Birkhoff und seine Vorstandskollegen ihre Wahl angenommen haben. Dies Versprechen wurde bis heute nicht gehalten. Die Vorgehensweisen der j\u00fcngsten Zeit l\u00e4\u00dft deutlich werden, dass die Segler drau\u00dfen nunmehr &hellip; <a href=\"https:\/\/windpilot.com\/blog\/trans-ocean-news\/deutsch-to-mv-2013\/\">Weiterlesen <span class=\"meta-nav\">&rarr;<\/span><\/a><\/p>\n","protected":false},"author":1,"featured_media":0,"parent":5076,"menu_order":2,"comment_status":"open","ping_status":"closed","template":"","meta":{"footnotes":""},"class_list":["post-8962","page","type-page","status-publish","hentry"],"_links":{"self":[{"href":"https:\/\/windpilot.com\/blog\/wp-json\/wp\/v2\/pages\/8962","targetHints":{"allow":["GET"]}}],"collection":[{"href":"https:\/\/windpilot.com\/blog\/wp-json\/wp\/v2\/pages"}],"about":[{"href":"https:\/\/windpilot.com\/blog\/wp-json\/wp\/v2\/types\/page"}],"author":[{"embeddable":true,"href":"https:\/\/windpilot.com\/blog\/wp-json\/wp\/v2\/users\/1"}],"replies":[{"embeddable":true,"href":"https:\/\/windpilot.com\/blog\/wp-json\/wp\/v2\/comments?post=8962"}],"version-history":[{"count":5,"href":"https:\/\/windpilot.com\/blog\/wp-json\/wp\/v2\/pages\/8962\/revisions"}],"predecessor-version":[{"id":16714,"href":"https:\/\/windpilot.com\/blog\/wp-json\/wp\/v2\/pages\/8962\/revisions\/16714"}],"up":[{"embeddable":true,"href":"https:\/\/windpilot.com\/blog\/wp-json\/wp\/v2\/pages\/5076"}],"wp:attachment":[{"href":"https:\/\/windpilot.com\/blog\/wp-json\/wp\/v2\/media?parent=8962"}],"curies":[{"name":"wp","href":"https:\/\/api.w.org\/{rel}","templated":true}]}}