{"id":9031,"date":"2013-11-18T02:16:16","date_gmt":"2013-11-18T09:16:16","guid":{"rendered":"https:\/\/windpilot.com\/blog\/?page_id=9031"},"modified":"2013-11-18T02:17:38","modified_gmt":"2013-11-18T09:17:38","slug":"deutsch-offener-brief-an-die-to-mitgliederversammlung","status":"publish","type":"page","link":"https:\/\/windpilot.com\/blog\/trans-ocean-news\/deutsch-drifter\/deutsch-offener-brief-an-die-to-mitgliederversammlung\/","title":{"rendered":"Offener Brief"},"content":{"rendered":"<p><strong>Liebe Vereinskameraden,<\/strong><\/p>\n<p>dank der Hilfe einiger Freunde haben wir ein aktuelles Bild \u00fcber die Lage im TO. Wir sind \u00fcberw\u00e4ltigt von der Hilfsbereitschaft unserer Vereinskameraden, die uns so viele Jahre nicht im Stich gelassen haben.<\/p>\n<p>Wir empfinden den Kommentar von Wolfgang Reymann zum Gutachten als sachlich, vor allem pers\u00f6nlich erleichternd, weil er in einer Linie mit der Darstellung von Uwe R\u00f6ttgering, unsere Lage \u00fcberaus korrekt wieder spiegelt.<\/p>\n<p><a href=\"https:\/\/windpilot.com\/blog\/wp-content\/uploads\/2013\/11\/Coby-und-Arnold.jpg\"><img loading=\"lazy\" decoding=\"async\" src=\"https:\/\/windpilot.com\/blog\/wp-content\/uploads\/2013\/11\/Coby-und-Arnold-1024x768.jpg\" alt=\"OLYMPUS DIGITAL CAMERA\" width=\"640\" height=\"480\" class=\"aligncenter size-large wp-image-9032\" srcset=\"https:\/\/windpilot.com\/blog\/wp-content\/uploads\/2013\/11\/Coby-und-Arnold-1024x768.jpg 1024w, https:\/\/windpilot.com\/blog\/wp-content\/uploads\/2013\/11\/Coby-und-Arnold-300x225.jpg 300w, https:\/\/windpilot.com\/blog\/wp-content\/uploads\/2013\/11\/Coby-und-Arnold.jpg 1200w\" sizes=\"auto, (max-width: 640px) 100vw, 640px\" \/><\/a>Wir haben nicht verstanden, dass weder Herr Orgelmann noch der TO jemals um unsere Mithilfe oder Erkl\u00e4rung nachgefragt hat.<\/p>\n<p>Darum m\u00f6chten wir uns heute zu Wort melden.<\/p>\n<p>Wir haben von unserer Versicherung bei der W\u00fcrtembergischen erst durch die Versicherungsbest\u00e4tigung erfahren.<br \/>\nWir haben nie einen Antrag bei der W\u00fcrtembergischen gestellt. Dies hat der TO getan bzw. f\u00fcr uns in die Wege geleitet &#8211; ganz im Sinne einer schriftlichen Erkl\u00e4rung im TO Heft, dass man eine Korrespondenz Person zur Verf\u00fcgung h\u00e4tte und uns per mail \u00fcber alles Notwendige informieren werde. Darauf haben wir uns verlassen. <\/p>\n<p>Das Angebot einer Krankenversicherung war unser Beitrittsgrund f\u00fcr TO, weil uns zugesichert wurde, dass man die Kompetenz mit Seglern versicherte, denen man helfe und die man unterst\u00fctze. Unsere winlink Adresse war vom ersten Tage bekannt. <\/p>\n<p>Wir haben bei der W\u00fcrttembergischen Versicherung um Auskunft gebeten, wer unseren Antrag unterschrieben hat. Es ist davon auszugehen, das Frau Kluth die Unterschrift geleistet hat, denn wir haben nichts dergleichen unterzeichnet. Gegenteilige Behauptungen ( siehe Anlage 12 \/ Protokoll oder in den Vorstandsfakten erw\u00e4hnt ) sind eine Unterstellung. <\/p>\n<p>Wir haben niemals mit der W\u00fcrttembergischen korrespondiert, unser Ansprechpartner f\u00fcr Leistungsantrag und Unterlagen war stets und immer nur der TO, an den wir auch unsere Pr\u00e4mienzahlung gerichtet haben. <\/p>\n<p>Nichts anderes wird die W\u00fcrttembergische best\u00e4tigen. <\/p>\n<p>Der TO und seine Krankenversicherung sind in der Wahrnehmung aller Segler untrennbar verbunden, auch f\u00fcr uns.<\/p>\n<p>Wenn der TO heute behauptet, mit der Sache nichts zu tun gehabt zu haben, dann h\u00e4tte er einen Zivilprozess zulassen k\u00f6nnen und als Geste in unserer Richtung, auf die Einrede der Verj\u00e4hrung verzichten k\u00f6nnen. Diese Geste haben wir nie erfahren. Unsere Segelkameraden haben uns angeboten, unsere Kosten zu \u00fcbernehmen. Uns ist unverst\u00e4ndlich, warum ein solch unabh\u00e4ngiges Verfahren nicht zugelassen wird.<\/p>\n<p>Wenn sachliche Betrachtungen schon schwierig sind, es ist die menschliche Komponente, die uns erheblich mehr betroffen gemacht hat. F\u00fcr uns ein grosser Trost,  dass uns viele TO Segelkameraden in jeder Form Unterst\u00fctzung gew\u00e4hren. Daf\u00fcr k\u00f6nnen wir uns garnicht genug bedanken, wir haben Freunde gefunden.<\/p>\n<p>Wenn Martin Birkhoff uns am 5.9.2013 schreibt, dass diese Sache nun negativ entschieden sei, er sodann die Verantwortung an die Versammlung weiterreicht, um die Mitgliederschaft dann aufzufordern, zur Versammlung zu erscheinen, weil \u201e das Verm\u00f6gen des TO in Gefahr sei\u201c, dann beschleicht uns Traurigkeit, weil wir diesen S\u00e4tzen entnehmen m\u00fcssen, dass das Wohl eines Segler nichts, das Wohl des Vereinsverm\u00f6gens &#8211; alleinig z\u00e4hlt.<\/p>\n<p>Coby und Arnold Lelijveld<br \/>\nSV Drifter    18.November.2013<\/p>\n","protected":false},"excerpt":{"rendered":"<p>Liebe Vereinskameraden, dank der Hilfe einiger Freunde haben wir ein aktuelles Bild \u00fcber die Lage im TO. Wir sind \u00fcberw\u00e4ltigt von der Hilfsbereitschaft unserer Vereinskameraden, die uns so viele Jahre nicht im Stich gelassen haben. Wir empfinden den Kommentar von &hellip; <a href=\"https:\/\/windpilot.com\/blog\/trans-ocean-news\/deutsch-drifter\/deutsch-offener-brief-an-die-to-mitgliederversammlung\/\">Weiterlesen <span class=\"meta-nav\">&rarr;<\/span><\/a><\/p>\n","protected":false},"author":1,"featured_media":0,"parent":7538,"menu_order":12,"comment_status":"open","ping_status":"closed","template":"","meta":{"footnotes":""},"class_list":["post-9031","page","type-page","status-publish","hentry"],"_links":{"self":[{"href":"https:\/\/windpilot.com\/blog\/wp-json\/wp\/v2\/pages\/9031","targetHints":{"allow":["GET"]}}],"collection":[{"href":"https:\/\/windpilot.com\/blog\/wp-json\/wp\/v2\/pages"}],"about":[{"href":"https:\/\/windpilot.com\/blog\/wp-json\/wp\/v2\/types\/page"}],"author":[{"embeddable":true,"href":"https:\/\/windpilot.com\/blog\/wp-json\/wp\/v2\/users\/1"}],"replies":[{"embeddable":true,"href":"https:\/\/windpilot.com\/blog\/wp-json\/wp\/v2\/comments?post=9031"}],"version-history":[{"count":2,"href":"https:\/\/windpilot.com\/blog\/wp-json\/wp\/v2\/pages\/9031\/revisions"}],"predecessor-version":[{"id":9034,"href":"https:\/\/windpilot.com\/blog\/wp-json\/wp\/v2\/pages\/9031\/revisions\/9034"}],"up":[{"embeddable":true,"href":"https:\/\/windpilot.com\/blog\/wp-json\/wp\/v2\/pages\/7538"}],"wp:attachment":[{"href":"https:\/\/windpilot.com\/blog\/wp-json\/wp\/v2\/media?parent=9031"}],"curies":[{"name":"wp","href":"https:\/\/api.w.org\/{rel}","templated":true}]}}