{"id":9261,"date":"2014-01-11T06:42:52","date_gmt":"2014-01-11T13:42:52","guid":{"rendered":"https:\/\/windpilot.com\/blog\/?page_id=9261"},"modified":"2018-01-03T06:34:34","modified_gmt":"2018-01-03T13:34:34","slug":"sailinggen-prof-armin-horn-ger","status":"publish","type":"page","link":"https:\/\/windpilot.com\/blog\/ausruestung\/sailinggen\/sailinggen-prof-armin-horn-ger\/","title":{"rendered":"Ein neuer Stern"},"content":{"rendered":"<p><strong>Ein neuer Stern am Himmel &#8211; im Kielwasser<\/strong><br \/>\n<a href=\"https:\/\/windpilot.com\/blog\/wp-content\/uploads\/2014\/01\/P1000777.jpg\"><img loading=\"lazy\" decoding=\"async\" src=\"https:\/\/windpilot.com\/blog\/wp-content\/uploads\/2014\/01\/P1000777-1024x768.jpg\" alt=\"P1000777\" width=\"640\" height=\"480\" class=\"aligncenter size-large wp-image-9262\" srcset=\"https:\/\/windpilot.com\/blog\/wp-content\/uploads\/2014\/01\/P1000777-1024x768.jpg 1024w, https:\/\/windpilot.com\/blog\/wp-content\/uploads\/2014\/01\/P1000777-300x225.jpg 300w\" sizes=\"auto, (max-width: 640px) 100vw, 640px\" \/><\/a>Solar, Wind, Diesel, Welle &#8211; das Kielwasser ist vielleicht die bessere Energiequelle. Die modernen Schlepp Generatoren waren zuerst auf den internationalen ULDB Regattaschiffen zu finden, die ihren enormen Energiehunger mit Hilfe wirkungsvoller, gleichwohl leichter Generatoren ohne \u00fcbergewichtige Batterieb\u00e4nke haben stillen k\u00f6nnen.<br \/>\n<a href=\"http:\/\/www.wattandsea.com\/\" target=\"_blank\">WattandSea<\/a>, <a href=\"http:\/\/www.cristec.fr\/en.html\" target=\"_blank\">Cristec<\/a> sind am Markt bekannt und werden vergleichsweise teuer angeboten. Neu ist die Entwicklung des <strong>SailingGen<\/strong> eines segelnden Professors, dessen berufliches Kern- Lehrgebiet die Messtechnik, Elektronik, Antriebstechnik sowie Regelungstechnik ist, die ihm wissenschaftlicher Alltag geworden ist.<br \/>\n<a href=\"https:\/\/windpilot.com\/blog\/wp-content\/uploads\/2014\/01\/P1000781.jpg\"><img loading=\"lazy\" decoding=\"async\" src=\"https:\/\/windpilot.com\/blog\/wp-content\/uploads\/2014\/01\/P1000781-1024x768.jpg\" alt=\"P1000781\" width=\"640\" height=\"480\" class=\"aligncenter size-large wp-image-9263\" srcset=\"https:\/\/windpilot.com\/blog\/wp-content\/uploads\/2014\/01\/P1000781-1024x768.jpg 1024w, https:\/\/windpilot.com\/blog\/wp-content\/uploads\/2014\/01\/P1000781-300x225.jpg 300w\" sizes=\"auto, (max-width: 640px) 100vw, 640px\" \/><\/a><iframe loading=\"lazy\" src=\"\/\/www.youtube.com\/embed\/qShuTEzLJ8A\" height=\"315\" width=\"560\" allowfullscreen=\"\" frameborder=\"0\"><\/iframe><br \/>\n<strong>SailingGen<\/strong> hat seine Bew\u00e4hrungsprobe bestanden und wird vom seinem Erfinder selbst produziert und im Direkt Marketing vertrieben, was seinen Preis niedrig h\u00e4lt. Der SailingGen wird f\u00fcr EUR 1.500,00 angeboten. <a href=\"http:\/\/www.sailnsea.com\/\" target=\"_blank\">WEITERLESEN<\/a><\/p>\n","protected":false},"excerpt":{"rendered":"<p>Ein neuer Stern am Himmel &#8211; im Kielwasser Solar, Wind, Diesel, Welle &#8211; das Kielwasser ist vielleicht die bessere Energiequelle. Die modernen Schlepp Generatoren waren zuerst auf den internationalen ULDB Regattaschiffen zu finden, die ihren enormen Energiehunger mit Hilfe wirkungsvoller, &hellip; <a href=\"https:\/\/windpilot.com\/blog\/ausruestung\/sailinggen\/sailinggen-prof-armin-horn-ger\/\">Weiterlesen <span class=\"meta-nav\">&rarr;<\/span><\/a><\/p>\n","protected":false},"author":1,"featured_media":0,"parent":16893,"menu_order":-5,"comment_status":"open","ping_status":"closed","template":"","meta":{"footnotes":""},"class_list":["post-9261","page","type-page","status-publish","hentry"],"_links":{"self":[{"href":"https:\/\/windpilot.com\/blog\/wp-json\/wp\/v2\/pages\/9261","targetHints":{"allow":["GET"]}}],"collection":[{"href":"https:\/\/windpilot.com\/blog\/wp-json\/wp\/v2\/pages"}],"about":[{"href":"https:\/\/windpilot.com\/blog\/wp-json\/wp\/v2\/types\/page"}],"author":[{"embeddable":true,"href":"https:\/\/windpilot.com\/blog\/wp-json\/wp\/v2\/users\/1"}],"replies":[{"embeddable":true,"href":"https:\/\/windpilot.com\/blog\/wp-json\/wp\/v2\/comments?post=9261"}],"version-history":[{"count":5,"href":"https:\/\/windpilot.com\/blog\/wp-json\/wp\/v2\/pages\/9261\/revisions"}],"predecessor-version":[{"id":16895,"href":"https:\/\/windpilot.com\/blog\/wp-json\/wp\/v2\/pages\/9261\/revisions\/16895"}],"up":[{"embeddable":true,"href":"https:\/\/windpilot.com\/blog\/wp-json\/wp\/v2\/pages\/16893"}],"wp:attachment":[{"href":"https:\/\/windpilot.com\/blog\/wp-json\/wp\/v2\/media?parent=9261"}],"curies":[{"name":"wp","href":"https:\/\/api.w.org\/{rel}","templated":true}]}}