{"id":9335,"date":"2014-01-31T03:50:23","date_gmt":"2014-01-31T10:50:23","guid":{"rendered":"https:\/\/windpilot.com\/blog\/?page_id=9335"},"modified":"2014-02-19T23:19:43","modified_gmt":"2014-02-20T06:19:43","slug":"deutsch-aus-den-gerichtsfluren","status":"publish","type":"page","link":"https:\/\/windpilot.com\/blog\/trans-ocean-news\/deutsch-to-mv-2013\/deutsch-aus-den-gerichtsfluren\/","title":{"rendered":"Gerichtsflure"},"content":{"rendered":"<p><strong>Gerichtstermin erneut verschoben<\/strong><\/p>\n<p>Der f\u00fcr 20.02.2014 um 09:15 Uhr anberaumte 6. Verhandlungstag wurde erneut verschoben, Gr\u00fcnde daf\u00fcr wurden nicht benannt. Bei Bekanntgabe des n\u00e4chsten Verhandlungstages werden wir dies hier berichten.<br \/>\n&#8212;&#8212;&#8212;&#8212;&#8212;&#8212;&#8212;&#8212;&#8212;&#8212;&#8212;&#8212;&#8212;&#8212;&#8212;&#8212;&#8212;&#8212;&#8212;&#8212;&#8212;&#8212;&#8212;&#8212;&#8212;&#8212;&#8212;&#8212;&#8212;&#8212;&#8212;&#8212;&#8212;&#8212;&#8212;&#8212;&#8212;&#8212;-<\/p>\n<p><strong>Gerichtstermin verschoben<\/strong><\/p>\n<p>Der f\u00fcr 12.02.2014 in Cuxhaven anberaumte 6.Verhandlungstag in der Angelegenheit Untreue gegen\u00fcber dem Verein seitens des ehemaligen Vorsitzenden BL wurde sehr kurzfristig verschoben. Als Grund wurde offenbar Krankheit des Beklagten benannt. Diese Information erfolgte zu kurzfristig, um einige Interessenten am Prozess Verlauf noch rechtzeitig zu erreichen. So ergab es sich, dass eine Gruppe von  Zeitzeugen unverhofft vor dem Gerichtsgeb\u00e4ude stand und beschloss, sich in einer Gastst\u00e4tte zusammen zu setzen um einander besser kennen zu lernen. Ohne dies weiter auszuf\u00fchren bestand \u00dcbereinstimmung in der Annahme, dass es sich um ein h\u00f6chst interessantes Verfahren handelte, dessen weiterer Verlauf mit Spannung zu erwarten sei.<\/p>\n<p>Als  n\u00e4chster Verhandlungstag wurde der Donnerstag 20.02.2014 um 09:15 im Amtsgericht Cuxhaven vorgemerkt.<\/p>\n<p>&#8212;&#8212;&#8212;&#8212;&#8212;&#8212;&#8212;&#8212;&#8212;&#8212;&#8212;&#8212;&#8212;&#8212;&#8212;&#8212;&#8212;&#8212;&#8212;&#8212;&#8212;&#8212;&#8212;&#8212;&#8212;&#8212;&#8212;&#8212;&#8212;&#8212;&#8212;&#8212;&#8212;&#8212;&#8212;&#8212;&#8212;&#8212;<\/p>\n<p>von Seglern weitergeleitet:<\/p>\n<p><strong>ENTLASTUNG F\u00dcR DEN EX-VORSTAND NICHT IN SICHT<\/strong><br \/>\n31.Januar 2014<\/p>\n<p>Der <a href=\"https:\/\/windpilot.com\/blog\/de\/trans-ocean-news\/deutsch-to-mv-2013\/deutsch-trans-ocean-e-v-geloscht\/deutsch-cn-cuxhavener-nachrichten-31-januar-2014\/ \">Bericht von Thomas Sassen CN<\/a> , der in Cuxhaven am Gericht vor Ort gewesen ist.<\/p>\n<p>&#8212;&#8212;&#8212;&#8212;&#8212;&#8212;&#8212;&#8212;&#8212;&#8212;&#8212;&#8212;&#8212;&#8212;&#8212;&#8212;&#8212;&#8212;&#8212;&#8212;&#8212;&#8212;&#8212;&#8212;&#8212;&#8212;-<\/p>\n<p><strong>YACHT ONLINE<\/strong><br \/>\n30.Januar 2014<\/p>\n<p>Die YACHT hat erstmals einen kritischen <a href=\"http:\/\/www.yacht.de\/panorama\/news\/neue-wendungen-im-fall-luetgebrune\/a86521.html\" target=\"_blank\">Bericht zu den Vorg\u00e4ngen in Cuxhaven abgeliefert.<\/a> Das ist zu begr\u00fc\u00dfen. Weniger lobenswert allerdings, dass dem Verfasser <strong>Johannes Erdmann<\/strong> in seinem Bericht ein Widerspruch nicht aufgefallen ist. So schreibt er in \u00dcbereinstimmung mit den Feststellungen des Kassenpr\u00fcfers richtig:<\/p>\n<blockquote><p>&#8230;. dass ausl\u00e4ndische Mitglieder das Geld zun\u00e4chst auf das Transfer-Konto auf den Namen des Trans-Ocean \u00fcberwiesen h\u00e4tten.<\/p><\/blockquote>\n<p>Um dann fortzusetzen:<\/p>\n<blockquote><p>&#8230; Der Trans-Ocean selbst hatte offenbar keine Einsicht auf das Konto, sondern lediglich die vermittelnde Agentur.<\/p><\/blockquote>\n<p>Diese Aussage kann so nat\u00fcrlich nicht richtig sein. Wenn der TO Inhaber des Kontos war, muss er auch Zugriff auf die Kontoausz\u00fcge gehabt haben.<\/p>\n<p><strong>NACHTRAG 31.1.2014<\/strong>: Johannes Erdmann hat den Bericht zwischenzeitlich korrigiert, es heisst nun:<\/p>\n<blockquote><p>Der ehemalige erste Vorsitzende des Trans-Ocean hat das Konto offenbar nicht \u00fcberwacht, sondern lediglich die vermittelnde Agentur.<\/p><\/blockquote>\n<p>ANMERKUNG: Der Bezug ist gleichwohl unklar: Hat TO die Agentur \u00fcberwacht, oder hat die Agentur das Konto \u00fcberwacht?<\/p>\n<p>Man darf gespannt sein, wie es in Cuxhaven weitergehen wird. Wie es scheint, geht die Staatsanw\u00e4ltin nun auf DRIFTER Kurs, denn sie wird sich nun auch mit nicht weiter geleiteten Versicherungsbeitr\u00e4gen der ausl\u00e4ndischen TO Mitglieder zur Krankenversicherung des TO besch\u00e4ftigen. Wie ein Kommentator bemerkt:<\/p>\n<blockquote><p>Es wird sich dann zeigen, ob es in diesem Zusammenhang zu strafbaren Handlungen seitens des Angeklagten gekommen ist. Sollte sich beweisen lassen, das Herr Luetgebrune hier seine Finger im Spiel hatte, ist der Fall Drifter v\u00f6llig neu zu bewerten. Egal was herauskommt, es ist einfach nur gerecht und f\u00fcr die Gerechten erleichternd, dass nach der Wahrheit gesucht wird, jetzt amtlich das beleuchtet wird, was der Verein aus eigner Kraft nicht getan hat.<\/p><\/blockquote>\n<p>Weitere Termine sind bereits anberaumt: 12. und 26. Februar (jeweils 9.15 Uhr) im Amtsgericht Cuxhaven.<\/p>\n<p><strong>CN CUXHAVENER NACHRICHTEN<\/strong><br \/>\nVerfahren gegen B. Luetgebrune wg. des Verdachts auf Untreue.<br \/>\n<a href=\"http:\/\/www.cn-online.de\/lokales\/news\/cuxhavener-rechtsanwalt-vor-gericht.html\" target=\"_blank\">CN 3.Termin 08.11.2013<\/a><br \/>\n<a href=\"http:\/\/www.cn-online.de\/lokales\/news\/trans-ocean-beschaeftigt-das-gericht.html\" target=\"_blank\">CN 4. Termin 04.01.2014<\/a><br \/>\n<a href=\"http:\/\/www.cn-online.de\/lokales\/news\/staatsanwaeltin-findet-neues-material.html\" target=\"_blank\">CN 5. Termin 18.01.2014<\/a><br \/>\nCN 6. Termin 31.01.2014 Thomas Sassen \/ <a href=\"http:\/\/www.cn-online.de\/lokales\/news\/entlastung-fuer-ex-to-chef-nicht-in-sicht.html\" target=\"_blank\">CN Bericht als paid content bei CN<\/a><br \/>\nGerichtsverfahren Vorstand gegen Mitglieder: Aufstellung folgt<br \/>\nGerichtsverfahren Mitglieder gegen Vorstand: Aufstellung folgt<\/p>\n","protected":false},"excerpt":{"rendered":"<p>Gerichtstermin erneut verschoben Der f\u00fcr 20.02.2014 um 09:15 Uhr anberaumte 6. Verhandlungstag wurde erneut verschoben, Gr\u00fcnde daf\u00fcr wurden nicht benannt. Bei Bekanntgabe des n\u00e4chsten Verhandlungstages werden wir dies hier berichten. &#8212;&#8212;&#8212;&#8212;&#8212;&#8212;&#8212;&#8212;&#8212;&#8212;&#8212;&#8212;&#8212;&#8212;&#8212;&#8212;&#8212;&#8212;&#8212;&#8212;&#8212;&#8212;&#8212;&#8212;&#8212;&#8212;&#8212;&#8212;&#8212;&#8212;&#8212;&#8212;&#8212;&#8212;&#8212;&#8212;&#8212;&#8212;- Gerichtstermin verschoben Der f\u00fcr 12.02.2014 in Cuxhaven anberaumte 6.Verhandlungstag &hellip; <a href=\"https:\/\/windpilot.com\/blog\/trans-ocean-news\/deutsch-to-mv-2013\/deutsch-aus-den-gerichtsfluren\/\">Weiterlesen <span class=\"meta-nav\">&rarr;<\/span><\/a><\/p>\n","protected":false},"author":1,"featured_media":0,"parent":8962,"menu_order":6,"comment_status":"open","ping_status":"closed","template":"","meta":{"footnotes":""},"class_list":["post-9335","page","type-page","status-publish","hentry"],"_links":{"self":[{"href":"https:\/\/windpilot.com\/blog\/wp-json\/wp\/v2\/pages\/9335","targetHints":{"allow":["GET"]}}],"collection":[{"href":"https:\/\/windpilot.com\/blog\/wp-json\/wp\/v2\/pages"}],"about":[{"href":"https:\/\/windpilot.com\/blog\/wp-json\/wp\/v2\/types\/page"}],"author":[{"embeddable":true,"href":"https:\/\/windpilot.com\/blog\/wp-json\/wp\/v2\/users\/1"}],"replies":[{"embeddable":true,"href":"https:\/\/windpilot.com\/blog\/wp-json\/wp\/v2\/comments?post=9335"}],"version-history":[{"count":10,"href":"https:\/\/windpilot.com\/blog\/wp-json\/wp\/v2\/pages\/9335\/revisions"}],"predecessor-version":[{"id":9552,"href":"https:\/\/windpilot.com\/blog\/wp-json\/wp\/v2\/pages\/9335\/revisions\/9552"}],"up":[{"embeddable":true,"href":"https:\/\/windpilot.com\/blog\/wp-json\/wp\/v2\/pages\/8962"}],"wp:attachment":[{"href":"https:\/\/windpilot.com\/blog\/wp-json\/wp\/v2\/media?parent=9335"}],"curies":[{"name":"wp","href":"https:\/\/api.w.org\/{rel}","templated":true}]}}