{"id":9339,"date":"2014-01-31T03:56:55","date_gmt":"2014-01-31T10:56:55","guid":{"rendered":"https:\/\/windpilot.com\/blog\/?page_id=9339"},"modified":"2014-02-03T09:30:06","modified_gmt":"2014-02-03T16:30:06","slug":"deutsch-vorstandsarbeit","status":"publish","type":"page","link":"https:\/\/windpilot.com\/blog\/trans-ocean-news\/deutsch-to-mv-2013\/deutsch-vorstandsarbeit\/","title":{"rendered":"Vorstandsarbeit"},"content":{"rendered":"<p><strong>SATZUNG STELLUNGNAHME, Schmandt<\/strong><br \/>\n3.Februar 2014<\/p>\n<p>Wolfgang Reymann\u00b4s  Kommentar zur Satzung ist erhellend. Ein Wesensmerkmal der Demokratie ist die Gewaltenteilung. Im Verein spiegelt der Vorstand die Executive, die Mitgliederversammlung die Legislative und die Aussch\u00fcsse, wie der Ehrausschuss, die Jurislative. <\/p>\n<p>Diese sind nur getrennt demokratisch wirksam. <\/p>\n<p>Hier greift die Satzung ein und \u00fcbertr\u00e4gt klassische Rechte der Mitgliederversammlung auf den Vorstand und durch die Besetzung des Ehrausschuss durch den Vorstand, \u00fcbt dieser de Facto die Jurislative in Personalunion aus. Die Anrufung des Ehrausschuss darf, wie in unserer Gerichtsbarkeit \u00fcblich, nicht auf einen kleinen Personenkreis beschr\u00e4nkt werden. Wenn der Vorstand den Ehrausschuss anrufen darf, m\u00fcssen das die Mitglieder auch d\u00fcrfen. Denn auch ein Vorstandsmitglied k\u00f6nnte so handeln, das der Grund f\u00fcr einen Ausschluss gegeben w\u00e4re.<\/p>\n<p>Es stellt sich f\u00fcr mich bei dieser Satzung die Frage, ob sie \u00fcberhaupt eintragungsf\u00e4hig ist. Sollte dies nicht der Fall sein, h\u00e4tte die  Mehrheit auf der letzten MV wirklich einen gro\u00dfen Sieg errungen, aber nicht \u00fcber die Kritiker sondern \u00fcber die Vernunft.<\/p>\n<p>Detlev Schmandt<\/p>\n<p>&#8212;&#8212;&#8212;&#8212;&#8212;&#8212;&#8212;&#8212;&#8212;&#8212;&#8212;&#8212;&#8212;&#8212;&#8212;&#8212;&#8212;&#8212;&#8212;&#8212;&#8212;&#8212;&#8212;&#8212;&#8212;&#8212;&#8212;&#8211;<\/p>\n<p><strong>SATZUNG und STELLUNGNAHME<\/strong><br \/>\n2.Januar 2014<\/p>\n<p>Hier ist vom Vorstand vorgelegt und auf der Mv 2013 beschlossene Satzung nachzulesen. Der Einfachheit halber wurde der KOMMENTAR von <strong>WOLFGANG REYMANN<\/strong> in Fettschrift angef\u00fcgt.<br \/>\n<a href=\"https:\/\/windpilot.com\/blog\/de\/trans-ocean-news\/deutsch-to-mv-2013\/deutsch-satzungs-antrag-martin-birkhoff\/deutsch-wolfgang-reymann-stellungnahme-zum-satzungsentwurf\/\">WEITERLESEN<\/a><\/p>\n<p>&#8212;&#8212;&#8212;&#8212;&#8212;&#8212;&#8212;&#8212;&#8212;&#8212;&#8212;&#8212;&#8212;&#8212;&#8212;&#8212;&#8212;&#8212;&#8212;&#8212;&#8212;&#8212;&#8212;&#8212;&#8212;&#8212;&#8212;<br \/>\n<strong>NACHLESE<\/strong><br \/>\n<a href=\"https:\/\/windpilot.com\/blog\/de\/trans-ocean-news\/deutsch-to-mv-2013\/deutsch-trans-ocean-e-v-das-finale\/ \">Zusammenfassung der Mv 2013<\/a><\/p>\n<p><strong>M\u00c4NGEL<\/strong><br \/>\nUngew\u00f6hnlich in der Geschichte des TO, wurde in der <strong>TO &#8211; Zeitung #142<\/strong> lediglich Ort und Termin der Mv bekanntgegeben, die Bekanntgabe aller Antr\u00e4ge wurde nicht publiziert, hingegen per <strong>INFO POST <\/strong>einer gro\u00dfen Anzahl von Mitgliedern offenbar nicht fristgerecht zugestellt. Dies ist wahrscheinlich ein erheblicher Mangel, der nach der Rechtsauffassung fachkundiger Mitglieder, eigentlich die Ung\u00fcltigkeit aller Beschl\u00fcsse zur Folge h\u00e4tte haben m\u00fcssen. Auf Nachfrage mit Fristsetzung scheint es, dass der Vorstand sich nicht gen\u00fcgend erkl\u00e4rt hat, weshalb aus Mitgliederkreisen nun Klage eingereicht worden ist.<\/p>\n<p><strong>PROTOKOLL<\/strong><br \/>\nBereits 2012 hat eine um nahezu sechs Wochen verz\u00f6gert publizierte Protokoll Erstellung wahrscheinlich den Erfolg einer Satzungsklage verhindert. Eine rechtsanwaltliche Nachfrage zum Datum der Protokoll Ver\u00f6ffentlichung f\u00fcr die Mv 2013, wurde dies f\u00fcr die TO-Zeitung #144 angek\u00fcndigt, also ca 5 Monate versp\u00e4tet.<\/p>\n<p><strong>GEMEINN\u00dcTZIGKEIT<\/strong><br \/>\nDie verbotene Diskussion<\/p>\n","protected":false},"excerpt":{"rendered":"<p>SATZUNG STELLUNGNAHME, Schmandt 3.Februar 2014 Wolfgang Reymann\u00b4s Kommentar zur Satzung ist erhellend. Ein Wesensmerkmal der Demokratie ist die Gewaltenteilung. Im Verein spiegelt der Vorstand die Executive, die Mitgliederversammlung die Legislative und die Aussch\u00fcsse, wie der Ehrausschuss, die Jurislative. Diese sind &hellip; <a href=\"https:\/\/windpilot.com\/blog\/trans-ocean-news\/deutsch-to-mv-2013\/deutsch-vorstandsarbeit\/\">Weiterlesen <span class=\"meta-nav\">&rarr;<\/span><\/a><\/p>\n","protected":false},"author":1,"featured_media":0,"parent":8962,"menu_order":7,"comment_status":"open","ping_status":"closed","template":"","meta":{"footnotes":""},"class_list":["post-9339","page","type-page","status-publish","hentry"],"_links":{"self":[{"href":"https:\/\/windpilot.com\/blog\/wp-json\/wp\/v2\/pages\/9339","targetHints":{"allow":["GET"]}}],"collection":[{"href":"https:\/\/windpilot.com\/blog\/wp-json\/wp\/v2\/pages"}],"about":[{"href":"https:\/\/windpilot.com\/blog\/wp-json\/wp\/v2\/types\/page"}],"author":[{"embeddable":true,"href":"https:\/\/windpilot.com\/blog\/wp-json\/wp\/v2\/users\/1"}],"replies":[{"embeddable":true,"href":"https:\/\/windpilot.com\/blog\/wp-json\/wp\/v2\/comments?post=9339"}],"version-history":[{"count":5,"href":"https:\/\/windpilot.com\/blog\/wp-json\/wp\/v2\/pages\/9339\/revisions"}],"predecessor-version":[{"id":9473,"href":"https:\/\/windpilot.com\/blog\/wp-json\/wp\/v2\/pages\/9339\/revisions\/9473"}],"up":[{"embeddable":true,"href":"https:\/\/windpilot.com\/blog\/wp-json\/wp\/v2\/pages\/8962"}],"wp:attachment":[{"href":"https:\/\/windpilot.com\/blog\/wp-json\/wp\/v2\/media?parent=9339"}],"curies":[{"name":"wp","href":"https:\/\/api.w.org\/{rel}","templated":true}]}}