{"id":9387,"date":"2014-02-01T02:57:48","date_gmt":"2014-02-01T09:57:48","guid":{"rendered":"https:\/\/windpilot.com\/blog\/?page_id=9387"},"modified":"2014-02-01T03:00:15","modified_gmt":"2014-02-01T10:00:15","slug":"deutsch-cn-cuxhavener-nachrichten-31-januar-2014","status":"publish","type":"page","link":"https:\/\/windpilot.com\/blog\/trans-ocean-news\/deutsch-to-mv-2013\/deutsch-cn-cuxhavener-nachrichten-31-januar-2014\/","title":{"rendered":"CN &#8211; 31.01.2014"},"content":{"rendered":"<p>von Seglern uns zugeleitet:<\/p>\n<p><strong>Entlastung f\u00fcr Ex TO-Chef nicht in Sicht<\/strong><br \/>\nFreitag, 31.01.2014<\/p>\n<blockquote><p>CUXHAVEN. Die Beweislage wird immer interessanter. Offenbar hat der Ex-TO-Chef und Rechtsanwalt Bernd L. aus Cuxhaven mehr gewusst, als er bisher zugegeben hat. Das war der Eindruck nach dem sechsten Verhandlungstag. Der Vorwurf lautet auf Untreue im Zusammenhang mit einem Konto, auf das Trans Ocean-Segler Reisekrankenversicherungsbeitr\u00e4ge \u00fcberwiesen hatten.<\/p>\n<p> Offenbar f\u00fchrte Versicherungsagent Frank H.  mindestens drei Jahre die Gesch\u00e4fte der Versicherungsagentur Cux-Enterprise, obwohl er bereits zwei Insolvenzen hinter sich hatte und offiziell nicht als Gesch\u00e4ftsf\u00fchrer in Erscheinung treten durfte. Die Rolle von Frank H. aus Bremerhaven im Zusammenhang mit einer Gruppenkrankenversicherung f\u00fcr Langzeitsegler stand am sechsten Verhandlungstag am Donnerstag im Mittelpunkt des Strafverfahrens gegen den ehemaligen Trans Ocean-Vorsitzenden Bernd L. wegen Untreue.<\/p>\n<p>Im Laufe der Verhandlung wird immer deutlicher, dass es offenbar Mitglieder im Verein Trans Ocean gegeben hat, die w\u00e4hrend ihrer gro\u00dfen Segelreisen nicht durchgehend krankenversichert waren. Und das, obwohl sie im Glauben waren, ihre Beitr\u00e4ge rechtzeitig und ordnungsgem\u00e4\u00df \u00fcberwiesen zu haben. Probleme machten damals diejenigen unter den 725 versicherten Langzeitseglern, die kein Girokonto in Deutschland hatten. In 101 F\u00e4llen sollen nach Recherchen von Staatsanw\u00e4ltin Dr. Reitemeier die Versicherungsbeitr\u00e4ge an ein von Trans Ocean eingerichtetes Sonderkonto gezahlt und an die Versicherung weitergeleitet worden sein. Entgegen der Aussage des Angeklagten, Rechtsanwalt Bernd L., der von seinem Verteidiger Thiemo R\u00f6hler vertreten wurde, sei diese Praxis nach Erkenntnis der Staatsanw\u00e4ltin keine Einbahnstra\u00dfe gewesen. In mehreren F\u00e4llen soll die W\u00fcrttembergische Versicherung Erstattungszahlungen f\u00fcr medizinische Behandlungen im Ausland auf dieses Sonderkonto \u00fcberwiesen haben, einmal zum Beispiel 633 Euro f\u00fcr eine Krankenhausbehandlung ein anderes Mal 44 Euro f\u00fcr eine Zahnbehandlung.<\/p>\n<p>Der Sachbearbeiter aus der Stuttgarter Zentrale der W\u00fcrttembergischen Versicherung war am Donnerstag als Zeuge geladen. Nach seiner Erinnerung habe es diese Praxis nicht gegeben, sagte der 43-J\u00e4hrige auf die Frage von Richter Stefan Redlin. Wenn \u00fcberhaupt, m\u00fcsse es sich um einen Einzelfall gehandelt haben. Dem widersprach die Staatsanw\u00e4ltin: \u201eDas ist kein Einzelfall, die Erstattungen f\u00fcllen hier einen drei viertel Aktenordner\u201c. Wo jenes Geld am Ende geblieben ist und ob es sich bei den 18015 Euro, die der Beschuldigte in Teilen an besagten Frank H. in bar ausgezahlt haben soll, m\u00f6glicherweise um Kostenr\u00fcckerstattungen an die Versicherten gehandelt hat, muss im Verlauf der weiteren Verhandlung gekl\u00e4rt werden. Der Beschuldigte hatte behauptet, dass es bei Kontoschluss keine Anspr\u00fcche mehr gegeben habe, weder von Versicherten noch von Versicherungen. Die Staatsanw\u00e4ltin hat dazu weitere Bankausz\u00fcge von der Dresdner-Bank, heute Commerzbank, angefordert, die bei der Fortsetzung der Verhandlung am 12. Februar (Beginn 9.15 Uhr) als Beweismittel eingef\u00fchrt werden sollen. Bereits vorliegende Bankausz\u00fcge bezeichnete die Staatsanw\u00e4ltin als sehr interessant. Sie w\u00fcrden Auskunft \u00fcber Provisionszahlungen und wirtschaftlicheVerflechtungen der Agentur Cux-Enterprise geben.<\/p>\n<p>Aufkl\u00e4rung \u00fcber m\u00f6gliche Interessenverflechtungen zwischen Angeklagtem und der Agentur versprach sich das Gericht von der Anh\u00f6rung des Zeugen Peter A., einem Cuxhavener Rechtsanwalt. Der hatte sich um den Nachlass eines \u00fcberschuldeten Cuxhaveners gek\u00fcmmert, der an der Cux-Enterprise GmbH beteiligt war. Dessen Gesch\u00e4ftsanteil hatte besagter Frank H. f\u00fcr 1 Euro \u00fcbernehmen wollen. Blieb die Frage: Auf Betreiben von Bernd L.?<\/p>\n<p>Von Thomas Sassen<\/p><\/blockquote>\n","protected":false},"excerpt":{"rendered":"<p>von Seglern uns zugeleitet: Entlastung f\u00fcr Ex TO-Chef nicht in Sicht Freitag, 31.01.2014 CUXHAVEN. Die Beweislage wird immer interessanter. Offenbar hat der Ex-TO-Chef und Rechtsanwalt Bernd L. aus Cuxhaven mehr gewusst, als er bisher zugegeben hat. Das war der Eindruck &hellip; <a href=\"https:\/\/windpilot.com\/blog\/trans-ocean-news\/deutsch-to-mv-2013\/deutsch-cn-cuxhavener-nachrichten-31-januar-2014\/\">Weiterlesen <span class=\"meta-nav\">&rarr;<\/span><\/a><\/p>\n","protected":false},"author":1,"featured_media":0,"parent":8962,"menu_order":1,"comment_status":"open","ping_status":"closed","template":"","meta":{"footnotes":""},"class_list":["post-9387","page","type-page","status-publish","hentry"],"_links":{"self":[{"href":"https:\/\/windpilot.com\/blog\/wp-json\/wp\/v2\/pages\/9387","targetHints":{"allow":["GET"]}}],"collection":[{"href":"https:\/\/windpilot.com\/blog\/wp-json\/wp\/v2\/pages"}],"about":[{"href":"https:\/\/windpilot.com\/blog\/wp-json\/wp\/v2\/types\/page"}],"author":[{"embeddable":true,"href":"https:\/\/windpilot.com\/blog\/wp-json\/wp\/v2\/users\/1"}],"replies":[{"embeddable":true,"href":"https:\/\/windpilot.com\/blog\/wp-json\/wp\/v2\/comments?post=9387"}],"version-history":[{"count":3,"href":"https:\/\/windpilot.com\/blog\/wp-json\/wp\/v2\/pages\/9387\/revisions"}],"predecessor-version":[{"id":9390,"href":"https:\/\/windpilot.com\/blog\/wp-json\/wp\/v2\/pages\/9387\/revisions\/9390"}],"up":[{"embeddable":true,"href":"https:\/\/windpilot.com\/blog\/wp-json\/wp\/v2\/pages\/8962"}],"wp:attachment":[{"href":"https:\/\/windpilot.com\/blog\/wp-json\/wp\/v2\/media?parent=9387"}],"curies":[{"name":"wp","href":"https:\/\/api.w.org\/{rel}","templated":true}]}}