{"id":9474,"date":"2014-02-03T09:36:40","date_gmt":"2014-02-03T16:36:40","guid":{"rendered":"https:\/\/windpilot.com\/blog\/?page_id=9474"},"modified":"2014-02-26T15:50:47","modified_gmt":"2014-02-26T22:50:47","slug":"deutsch-sonstiges","status":"publish","type":"page","link":"https:\/\/windpilot.com\/blog\/trans-ocean-news\/deutsch-to-mv-2013\/deutsch-sonstiges\/","title":{"rendered":"Hohlspiegel"},"content":{"rendered":"<p><strong>TO Retrospektive<\/strong><\/p>\n<p>Der Beiratsvorsitzende des TO hat im Juli 2013 wie folgt Stellung bezogen:<\/p>\n<blockquote><p>Um es klar zu sagen:<br \/>\nAlle Vorstandsmitglieder wollen eine neue Satzung.<br \/>\nAlle Vorstandsmitglieder wollen mehr Mitgliedereinbindung f\u00fcr wichtige Entscheidungen.<br \/>\nAlle Vorstandsmitglieder wollen den Lelijvelds helfen.<\/p><\/blockquote>\n<p>Die neue Satzung wurde mit gro\u00dfer Mehrheit beschlossen. Sie ist unverz\u00fcglich, und gemeinsam mit dem Protokoll der Mitgliederversammlung, dem Vereinsregister zur Eintragung vorzulegen. Protokoll? Entweder ist die Satzung unverz\u00fcglich vorgelegt worden, dann m\u00fcsste es auch ein Protokoll geben, das den Mitgliedern, vielleicht aus guten Gr\u00fcnden, weiterhin vorenthalten wird. Oder die Satzung ist nicht unverz\u00fcglich vorgelegt worden, weil, ja warum nur? Weil vielleicht das Protokoll noch nicht fertig ist? Oder weil vielleicht die mehrheitlich abgestimmte Satzung nicht den gesetzlichen Anforderungen gen\u00fcgt &#8211; und vielleicht stillschweigend nachgebessert wird?<\/p>\n<p>Dass alle Vorstandsmitglieder mehr Einbindung der Vereinsmitglieder bei wichtigen Entscheidungen w\u00fcnschen, scheint in Bezug auf die neue Satzung irgendwie vergessen worden zu sein, denn die Satzung ist weder in der TO Zeitung, noch im Protokoll nachzulesen &#8211; wohlgemerkt: drei Monate nach der Mv. <\/p>\n<p>Alle Vorstandsmitglieder wollen Lelijvelds helfen?<br \/>\nEs gab mal einen <strong>gelben Hinweis auf der Homepage<\/strong>, da wurde auf eine gro\u00dfz\u00fcgige Spende eines TO Mitglieds hingewiesen, alle sollten es lesen, alle sollten an der Party teilhaben. Jedenfalls stand der gelbe Hinweis auf der Homepage, bis deutlich wurde, dass es f\u00fcr offenbare L\u00fcgen wohl doch keine Spenden gibt.<\/p>\n<p>Heute vermissen wir den <strong>gelben Hinweis<\/strong>, der Aufmerksamkeit h\u00e4tte erregen k\u00f6nnen, um den Lelijvelds zu helfen. Yachten von unterwegs schreiben, dass sie den Hinweis auf die Spendenaktion auf der TO Website nicht finden k\u00f6nnen. Der Aufruf zur Spendenaktion ist offenbar nur im TO Helft #143 zu finden, f\u00fcr Yachten unterwegs mit schwachem Internet, ist das zu wenig, viel zu wenig, vor allem, wenn man als Vorstand einen Spendenaufruf als Wiedergutmachungs Geste mit Nachdruck unterst\u00fctzt. <\/p>\n<p>Und was die Segler unterwegs angeht, wie der Beiratsvorsitzende bemerkte, es geht ja nur um eine Minderheit ( nannte er nicht ca 85 Schiffe unterwegs? ) kaum messbar, genauso wenig messbar, wie die geringe Anzahl der Reiseberichte in TO-Heft #143. Ein Spiegelbild des Interesses der Mitglieder an ihrem Verein, von dem sie sich so weit entfernt. Aber darin liegen auch neue M\u00f6glichkeiten, so k\u00f6nnte ein viertelj\u00e4hrlicher Spree-Report die L\u00fccke schlie\u00dfen, oder eine Reise des Schriftwartes nach Helgoland mit der Cat F\u00e4hre..<\/p>\n<p>Weiter aus dem Brief des Herrn Beiratsvorsitzenden:<\/p>\n<blockquote><p>Wir haben totale Transparenz geschaffen, den Newsflash eingef\u00fchrt. Seit der ao Mitgliederversammlung haben wir mit 8 Newslettern, 4 Magazinen und regelm\u00e4\u00dfigen Mitteilungen des Vorstandes auf der Website zeitnah unterrichtet.<\/p><\/blockquote>\n<p>Totale Transparenz. Das h\u00f6rt sich gut an. Total passt gut. Bleibt allerdings festzustellen, dass es den Newsflash schon lange nicht mehr gibt. Transparenz ist auch in der Zeitung kaum zu finden, weil die wichtigen Themen sich dort nie wiederspiegeln. Aber vielleicht bekommt dieses Wort im Gerichtsverfahren gegen den ehemaligen Vorsitzenden demn\u00e4chst eine andere Bedeutung.<\/p>\n<p>und weiter:<\/p>\n<blockquote><p>Gerne h\u00e4tten wir auch schon eine Umfrage per Magazin ( Mitgliederbefragung, die Redaktion ) gemacht, aber derzeit m\u00fcssen andere Aktivit\u00e4ten im Vordergrund stehen. Sie kommt in jedem Fall.<\/p><\/blockquote>\n<p>Sie kommt in jeden Fall. Zur Mitgliederversammlung 2013 jedenfalls ist sie nicht gekommen, trotz der Zusicherung des Beiratsvorsitzenden.<\/p>\n<p>Zum Thema St\u00fctzpunkte:<\/p>\n<blockquote><p>Sie erhalten kaum Unterst\u00fctzung, das mag ein einzelner so sehen, aber die Masse sieht das nicht so. Unser B\u00fcro in Cuxhaven und auch ich haben t\u00e4glich Kontakt mit unseren St\u00fctzpunkten.<\/p><\/blockquote>\n<p>Vielleicht sollten die Yachten unterwegs einmal nachfragen, wann TO St\u00fctzpunkte den letzten telefonischen Kontakt mit Cuxhaven hatten? Es existieren \u00c4u\u00dferungen von TO St\u00fctzpunkten: Im Leben noch nie, seit \u00fcber zehn Jahren!<br \/>\nImmerhin, bei 200 St\u00fctzpunkten m\u00fcsste bei &#8222;t\u00e4glich&#8220; statistisch ein anderes Ergebnis zu Tage treten.<\/p>\n<p>Zur Ver\u00f6ffentlichung des sog. Gutachtens im Fall Lelijveld:<\/p>\n<blockquote><p>Wir bedauern auch, dass der Anwalt nun einige Tage l\u00e4nger braucht, als erhofft, was wohl daran gelegen hat, dass neue Informationen zur Verf\u00fcgung standen, die noch gepr\u00fcft werden sollten.<\/p><\/blockquote>\n<p>Diese Aussage wurde am 26.6.2013 gemacht. Einige Tage l\u00e4nger, war dann im Oktober 2013 aber neue Erkenntnisse wurden den Mitgliedern wahrscheinlich vorenthalten. Familie Lelijveld wurde \u00fcbrigens bis heute von dem Ergebnis der Mv, sowie dem Spendenaufruf des Vorstands nicht informiert, wie Arnold Lelijveld mir am 24.2.2014 mitteilte.<\/p>\n<p>Ein Verein im Zustand der L\u00e4hmung, ohne Protokoll, ohne neue Satzung, ohne Stellungnahmen von Vorstandsseite, wie es weitergeht,<br \/>\ndass empfindet<\/p>\n<p>Peter Foerthmann<\/p>\n<p>&#8212;&#8212;&#8212;&#8212;&#8212;&#8212;&#8212;&#8212;&#8212;&#8212;&#8212;&#8212;&#8212;&#8212;&#8212;&#8212;&#8212;&#8212;&#8212;&#8212;&#8212;&#8212;&#8212;&#8212;&#8212;&#8212;&#8212;&#8212;&#8212;&#8212;&#8212;&#8212;&#8212;&#8212;&#8212;&#8212;&#8212;&#8212;<\/p>\n<p>Aus einem <a href=\"https:\/\/de-de.facebook.com\/transoceanfanclub?filter=2\" target=\"_blank\">FACEBOOK posting von Frank Schumacher<\/a><br \/>\n9.Februar 2014<\/p>\n<p><strong>TO &#8211; durchs WURMLOCH gesehen<\/strong><\/p>\n<p>Ein Reisebericht von Stephen H.<br \/>\nCuxhaven den 1.April 2028<\/p>\n<p>Im TO Forum ist die Lage kurz nach dem Morgen Appell noch relativ ruhig.<\/p>\n<p>Das MOD Team ist von Schichtbetrieb auf Bereitschaftsdienst umgestellt worden.<\/p>\n<p>Mitgliedsnummer 1001, wie immer fr\u00fch unterwegs, postet gegen sieben:<br \/>\n\u201eLiebes MOD Team: Jetzt reicht es aber wirklich\u201c<\/p>\n<p>Mitglied 4711 ist zum 18ten Mal f\u00fcr einen Monat gesperrt und droht mit Klage.<\/p>\n<p>Mitglied 549 bringt w\u00f6chentlich l\u00e4ngere Zitate aus Kants \u201eKritik der reinen Vernunft\u201c<\/p>\n<p>Aktuell diskutiert wird das F\u00fcr und Wider einer Onlineabstimmung und die Frage nach einem alternativen Austragungsort der Mv. F\u00fcr Letzteres liegt jetzt ein Antrag des Vorstands zur n\u00e4chsten Mv vor, die Frage von Experten des TO Kuratoriums, Unterabteilung Geographie, pr\u00fcfen zu lassen.<\/p>\n<p>Die Beitr\u00e4ge werden nach gr\u00fcndlicher Durchsicht einer Spezialeinheit des MOD nicht mehr wie fr\u00fcher verschoben sondern es gilt ein Allgemeines Rotationsprinzip zwischen den Threads.<\/p>\n<p>Im Unterausschuss \u201eAllgemeine Rechtsfragen\u201c ist eine Stabsstelle \u201eMitgliederf\u00fchrung\u201c eingerichtet, zu den Seminaren besteht Teilnahmepflicht.<\/p>\n<p>Die Mitgliedsnummer 911 ist bereits seit 2015 1.Vorsitzender, der Vorg\u00e4nger darf aber immer noch die Preise \u00fcberreichen.<\/p>\n<p>Eine elektronische Ladenkasse in der Gesch\u00e4ftsstelle ersetzt den Kassenwart.<\/p>\n<p>Wegen Arbeitsmangel bleibt der Vorstandsposten Protokollf\u00fchrer unbesetzt.<\/p>\n<p>Der Aktenordner mit den Vorratsbeschl\u00fcssen, auch in blanko Form, ersetzt die Vorstandssitzungen.<\/p>\n<p>Das TO Heft kann von den Mitgliedern in der Gesch\u00e4ftsstelle abgeholt werden, da Papierzeitungen seit 2024 international aus Umweltschutzgr\u00fcnden verboten sind.<\/p>\n<p>Die Messekosten konnten erheblich gesenkt werden, nachdem die Boot ihre Ausstellungsr\u00e4ume in einen leer stehenden Lidl Laden nach Cuxhaven verlegt hat.<\/p>\n<p>Heute findet in der Gesch\u00e4ftsstelle eine kleine Feier zu Ehren des Ehrausschuss statt, Anlass ist der 300ste Mitgliedersausschlu\u00df, womit der Plan \u00fcbererf\u00fcllt worden ist.<\/p>\n<p>Au\u00dferdem findet eine Sitzung des Satzungsauschu\u00df statt, der direkt dem B\u00fcro des ersten Vorsitzenden unterstellt ist. Man beabsichtigt, die Satzung von 1968 v\u00f6llig neu zu formulieren.<\/p>\n<p>Der Preisverabeausschu\u00df hat sich erst neulich mit der Frage besch\u00e4ftigt, wie man dem Trend bei e-bay zu immer h\u00f6heren Preisen f\u00fcr alte TO Auszeichnungen entgegentreten k\u00f6nnte. Diskutiert wurde die Frage, ob man nicht mal die Sachen aus dem Keller auf den Markt bringen sollte.<\/p>\n<p>Die Mitgliederzahlen konnten in den letzten Jahren wieder stabil gehalten werden, dank eines genialen Einfalls des Vorsitzenden wurde der Verein nun auch f\u00fcr Modellbausegler ge\u00f6ffnet.<\/p>\n<p>Im letzten Editorial w\u00fcrdigte der Vorsitzende diese Entwicklung mit den Worten: Das sportliche Modellbausegeln wird einen immer breiteren Raum einnehmen und er\u00f6ffnet viele neue F\u00f6rderm\u00f6glichkeiten vor allem in der Regattaszene. Es fehlen aber noch spezielle St\u00fctzpunkleiter.<\/p>\n<p>F\u00fcr den TO \u2013 Preis 2028 ist Mitglied 7777 vorgeschlagen, f\u00fcr seine Erstbezwingung des Nord-Ostsee Kanals mit einer 27 cm langen selbstgebauten Holzketsch.<\/p>\n<p>Auch im weiteren Umfeld des TO hat sich einiges ereignet. Cuxhaven ist jetzt mit dem TO ganz alleine, nachdem ein italienisches Kreuzfahrtschiff versehentlich die \u201eAlte Liebe\u201c gerammt hat.<\/p>\n<p>Das Finanzamt ist wegen zu geringer Effektivit\u00e4t geschlossen worden.<\/p>\n<p>Ich bleibe noch bis heute Abend um der Zeremonie der Vereidigung der neuen Mitglieder beizuwohnen. Die Eidesformel kann ich schon auswendig:<\/p>\n<p>Ich schw\u00f6re, solange die Wasser mich tragen, meinem Verein zu dienen. Die Dogmen des Kompass werde ich zur Maxime meiner Lebensf\u00fchrung erheben ( Meistbeg\u00fcnstigungsklausel).<\/p>\n<p>Euer Stephen<\/p>\n<p>&#8212;&#8212;&#8212;&#8212;&#8212;&#8212;&#8212;&#8212;&#8212;&#8212;&#8212;&#8212;&#8212;&#8212;&#8212;&#8212;&#8212;&#8212;&#8212;&#8212;&#8212;&#8212;&#8212;&#8212;&#8212;&#8212;&#8212;&#8212;&#8212;&#8212;&#8212;&#8212;&#8212;&#8212;&#8212;&#8212;&#8212;&#8212;&#8212;-<\/p>\n<p><strong>BARBARA\u00b4s VISION von TO<\/strong><\/p>\n<blockquote><p>Am Tag X wird eine Mitgliederversammlung zentral in Deutschland abgehalten werden. Vorne am Eingang des Tagungsraumes begr\u00fcsst der Vorstand die Mitglieder, die per Bahn, Bus, Auto oder Flugzeug angereist sind. Vorne rechts, gleich neben dem Moderatorentisch, steht eine Leinwand. Dort werden wir mit grossem Hallo empfangen:<\/p>\n<blockquote><p>Mensch, Dich hab\u00b4 ich schon lange nicht mehr gesehen. Sch\u00f6n, dass Du da bist. Ja, ist es denn die M\u00f6glichkeit. Ihr auch hier.<\/p><\/blockquote>\n<p>Und mit einem Sundowner in der Hand:<\/p>\n<blockquote><p>Ihr habt\u00b4s gut. Wir frieren hier und ihr geniesst die Sonne. Ach, ihr m\u00fcsst euch noch kurz registrieren, ja dann, bis sp\u00e4ter.<\/p><\/blockquote>\n<p>ABC, haben sich zur Verf\u00fcgung gestellt, um die notwendige Registrierung aufzunehmen, fragen bei den Onlineteilnehmern die Stimmberechtigung ab, plaudern noch das eine oder andere Wort und tragen die Onlineteilnehmer in die Anwesenheitsliste ein.<\/p>\n<p>Der Vorsitzende begr\u00fcsst seine Mitglieder in ZENTRAL &#8211; Deutschland und in aller Welt.<\/p>\n<blockquote><p>Herzlich Willkommen. Ich freue mich, dass ihr so ZAHLREICH erschienen seid<\/p><\/blockquote>\n<\/blockquote>\n<p>&#8212;&#8212;&#8212;&#8212;&#8212;&#8212;&#8212;&#8212;&#8212;&#8212;&#8212;&#8212;&#8212;&#8212;&#8212;&#8212;&#8212;&#8212;&#8212;&#8212;&#8212;&#8212;&#8212;&#8212;&#8212;&#8212;&#8212;&#8212;&#8212;&#8212;&#8212;&#8212;&#8212;&#8212;&#8212;&#8212;&#8212;&#8212;&#8212;&#8212;&#8212;&#8212;<\/p>\n<p>Nun gibt es irgendwie immer Probleme zwischen der Realit\u00e4t und dieser oder jeder anderen in diese Richtung gehenden Vision.<br \/>\nAm besten erkennt man das Problem, wenn man die Online Ausgabe der <a href=\"http:\/\/www.cn-online.de\/\" target=\"_blank\">Cuxhavener Nachrichten<\/a> anschaut. Welche Seite? Jede Seite! Bitte mal nach ganz unten scrollen.<\/p>\n<p>Der TO geh\u00f6rt ( zu ) Cuxhaven. Die Stadt, in der der wichtigste Deutsche Hochseeseglerpreis vergeben wird. Der gro\u00dfe Verein in der kleinen Stadt, der gemeinn\u00fctzige F\u00f6rderverein zu Ehren der Region ( F\u00f6rdersumme 2013 keine 6.000,&#8211; Euro, weniger als die Kosten des &#8222;Drifter Gutachtens&#8220; ). Hamburg hat den Michel und den HSV, K\u00f6ln den Dom und den 1.FCK, Cuxhaven die Alte Liebe und&#8230;&#8230;den TO. Die Cuxhavener identifizieren sich mit dem Verein, ohne sich f\u00fcr ihn zu interessieren &#8211; genauso wie die meisten TO Mitglieder.<\/p>\n<p>Zitat aus der Mail eines Cuxhavener Insiders:<\/p>\n<blockquote><p>Sicherlich ist Trans Ocean f\u00fcr die Cuxhavener ein wichtiger Verein. Dennoch ist es f\u00fcr uns, denke ich, nur bedingt von Interesse, was im Laufe der Jahre intern alles schief gelaufen ist.<\/p><\/blockquote>\n<p>Na klar, vor der Haust\u00fcr ist das Interesse immer eingeschr\u00e4nkt. Was gerade so eben diskutabel ist ( besser: sein muss ), ist der BL Prozess, aber auch nicht \u00fcberall.<\/p>\n<p>Solange die Mitglieder keinen Vorstand aus ihrer Mitte w\u00e4hlen, solange wird die Lokalpolitik weiter mitbestimmend sein. Die 200 St\u00fctzpunkte h\u00f6ren sich doch sch\u00f6n an. Drifter dagegen nicht. Verkauft wird nur das, was n\u00fctzt.<\/p>\n<p>Zur\u00fcck zu der Vision. An ihr lassen sich die Probleme ebenfalls sofort ablesen, sie sind im Text hervorgehoben:<\/p>\n<p>1. D.<\/p>\n<p>2. zahlreich erschienen.<\/p>\n<p>Beides kann nicht im Interesse der heutigen Vereinsf\u00fchrung sein. Dass die Mitgliederversammlung in Cuxhaven stattzufinden hat, ist in der vom Vorstand eingebrachten Satzung zementiert. W\u00fcrde sie in D. oder M. stattfinden, k\u00f6nnte das in Jahrzehnten gewachsene Zusammenspiel von TO und Cuxhaven gef\u00e4hrdet werden. Was sollen die Cuxhavener nur von ihrem Verein denken, von ihrer Stadt, wenn der TO fremd geht? Wer heute eine MV in D. durchsetzt, der wird morgen einen Festabend in HH. vorschlagen &#8211; der Super Gau.<\/p>\n<p>Um das zu verhindern ist &#8222;<strong>zahlreich erschienen<\/strong>&#8220; nicht unbedingt erw\u00fcnscht. Nun k\u00f6nnten, mit dem Mittel der Online Wahl, TO Mitglieder aus aller Herren ( Bundes ) L\u00e4nder v\u00f6llig unkontrolliert an der Entscheidungsfindung, vor allem aber, an den Beschl\u00fcssen mitwirken. Jetzt ist z.B. Bayern, ja auch die Karibik pl\u00f6tzlich in Cuxhaven mit dabei. Neue Mehrheiten w\u00fcrden m\u00f6glich, und das geht eben nicht, weil einem Vorstand, der streng auf Cuxhaven und eigenen Machterhalt fixiert, die Kontrolle zu entgleiten drohen w\u00fcrde.<\/p>\n<p>Darum ist dies die falsche Vision &#8211; so sch\u00f6n sie auch sein k\u00f6nnte.<\/p>\n<p>Detlev Schmandt<\/p>\n<p>&#8212;&#8212;&#8212;&#8212;&#8212;&#8212;&#8212;&#8212;&#8212;&#8212;&#8212;&#8212;&#8212;&#8212;&#8212;&#8212;&#8212;&#8212;&#8212;&#8212;&#8212;&#8212;&#8212;&#8212;&#8212;&#8212;&#8212;&#8212;&#8212;-<\/p>\n<p><strong>SATIRE GRAF LUCKNER<\/strong><br \/>\n3.Februar 2014<\/p>\n<p>Danke! Danke! Danke!<br \/>\nAllen, die hier schreiben und allen, die hinter den Kulissen die F\u00e4den ziehen. Ihr seid mir unersch\u00f6pflicher Quell der Inspiration f\u00fcr mein neues Filmdrehbuch (Arbeitstitel: \u201eSzenen aus C., einer deutschen Kleinstadt&#8220;).<\/p>\n<p>Da es bis zum Filmstart (die Produktion l\u00e4uft in Hollywood gerade an) noch rund ein Jahr dauern wird, und Ihr sicher neugierig seid, hier schon einmal als Vorgeschmack die Skizze einer kleinen Szene:<\/p>\n<blockquote><p>Bei der B\u00fcrgerversammlung erkl\u00e4rt B., der Tourismusverantwortliche der Stadtverwaltung den Erschienenen: Kinderspielpl\u00e4tze sind p\u00e4dagogisch und sozial v\u00f6llig sinnlos. Daraus zieht die Stadtverwaltung nun aber nicht den Schluss, ihren Kinderspielplatz zu schlie\u00dfen. Im Gegenteil. Sie betreibt ihn weiter, nun aber als Sandkastentheater! Einige erkennen diesen genialen Trick und machen um den Spielplatz zuk\u00fcnftig einen weiten Bogen. Andere erkennen das nicht und gehen nach wie vor auf den Spielplatz. Darin steckt nun die besondere Spannung: Sie denken, sie sind dort sie selbst,<br \/>\ntats\u00e4chlich aber besetzen sie dort eine der Rollen, die Regisseur B. (der Tourismusverantwortliche) f\u00fcr sie vorgesehen hat. Als Rollen gibt es die Blonden (die Guten) wie M. oder W. und die Br\u00fcnetten (die B\u00f6sen) wie A. oder B. Die spielen munter vor sich hin mit ihren Schippen und Sandf\u00f6rmchen. Wenn es auf der Sandkastenb\u00fchne etwas zu langweilig wird, oder wenn ein blondes Kind meint, ein br\u00fcnettes h\u00e4tte ihm Sand in die Augen geworfen, dann schickt der Regisseur eines seiner zwei Asse auf die B\u00fchne.<\/p>\n<p>Das eine As des Regisseurs ist der kom\u00f6diantisch-clowneske B. Der bringt Verwirrung in die Szene, da alle denken, er sei Regieassistent, sich auf der B\u00fchne dann aber irgendwo zwischen die Blonden und Br\u00fcnetten setzt, mitspielt und dabei Faxen macht.<\/p>\n<p>Das dramatische As ist G. der schwarze, maskierte Sheriff. Der ist als Rolle ganz neu und ersetzt H., den gem\u00fctlichen, manchmal etwas tapsigen, nun in Ruhestand gehenden Teilzeitmitarbeiter des Ordnungsamtes. Der Sheriff kontrolliert erst einmal, ob die br\u00fcnetten Kinder auch ordentlich ihren Namen mit einem St\u00f6ckchen neben sich in den Sand geritzt haben. Das will die Spielplatzordnung so.<\/p>\n<p>Die blonden Kinder kontrolliert er nicht, denn die sind ja die Guten. Je nach Anweisung des Regisseurs verbannt der Sheriff dann einzelne Br\u00fcnette f\u00fcr einen Tag oder f\u00fcr immer vom Spielplatz oder nimmt seine Harke und macht die Sandburgen der Br\u00fcnetten platt. Die sind daraufhin w\u00fctend, fangen an zu pl\u00e4rren und die Wahrscheinlichkeit steigt, dass einer der Br\u00fcnetten aus Frust mit Sand um sich wirft.<br \/>\nDaraufhin zetern die Blonden und rufen nach dem Sheriff. Will der Regisseur eine dramatische Verdichtung, schickt er ihn auch gleich, will er das Geschehen auf der B\u00fchne retardieren, wartet er damit noch etwas.<\/p>\n<p>Die wichtigste Funktion des Sheriffs ist n\u00e4mlich, die Kinder im Sandkasten so zu besch\u00e4ftigen, dass sie nicht merken, dass sie nicht selbstbestimmt im Sandkasten spielen, sondern nur eine Rolle im Sandkastentheater besetzen. W\u00fcrde das den Spielplatzprotagonisten klar werden, den Br\u00fcnetten<br \/>\nwie den Blonden, dann k\u00f6nnte es passieren, dass sie keine Lust mehr haben, nur nach den Regievorgaben mit Schippe und Sandf\u00f6rmchen zu spielen, sondern gemeinsam im Sprechchor skandieren: Wir wollen eine Schaukel und eine Rutsche! Das w\u00e4re f\u00fcr die Stadtverwaltung \u00e4u\u00dferst fatal. Denn oben von der Rutsche h\u00e4tte man einen hervorragenden Blick aufs Rathaus und k\u00f6nnte sehen, was in der Stadtverwaltung so passiert.<\/p><\/blockquote>\n<p>Das soll als ausf\u00fchrlichere Szenenskizze erst einmal gen\u00fcgen. Eine weitere Szene w\u00e4re im Gerichtssaal, wo sich L., der ehemalige B\u00fcrgermeister von C., wegen dubioser Finanzgesch\u00e4fte im Zusammenhang mit seinem Amt verantworten muss. Und eine Szene auf einer Landstra\u00dfe ganz weit im S\u00fcden, wo es zu einem verh\u00e4ngnisvollen Unfall mit einer Schwerverletzten kommt, weil ein zum Kl\u00fcngel des ehemaligen B\u00fcrgermeister geh\u00f6render Autoh\u00e4ndler dem Ehepaar L. statt eines Neuwagens ein l\u00e4ngst nicht mehr verkehrssicheres, schrottreifes Gef\u00e4hrt untergejubelt hat.<\/p>\n<p>Mehr will ich aber jetzt nicht verraten. Nur soviel: Da Kultregisseur Quentin Tarantino k\u00fcrzlich die Arbeiten an seinem aktuellen Film abgebrochen hat und nun kurzfristig Kapazit\u00e4ten frei hat, wird er \u2013<br \/>\nbegeistert von meinem Drehbuch \u2013 sofort damit beginnen, dieses zu verfilmen.<\/p>\n<p>Euch allen nochmals herzlichen Dank f\u00fcr die Inspirationen dazu! Mein Drehbuch ist selbstverst\u00e4ndlich reine Fiktion. Bez\u00fcge zu lebenden Personen k\u00f6nnen nicht hergestellt werden. Daher sind die Rollen auch nur mit einem Gro\u00dfbuchstaben bezeichnet, denn, wie wir alle wissen, bedarf es zur Identifizierung von Personen immer eines ausgeschriebenen Vor- und Zunamens.<\/p>\n<p>Felix Graf von Luckner<br \/>\n(Als Drehbuchautor unterzeichne ich immer mit meinem K\u00fcnstlernamen)<\/p>\n","protected":false},"excerpt":{"rendered":"<p>TO Retrospektive Der Beiratsvorsitzende des TO hat im Juli 2013 wie folgt Stellung bezogen: Um es klar zu sagen: Alle Vorstandsmitglieder wollen eine neue Satzung. Alle Vorstandsmitglieder wollen mehr Mitgliedereinbindung f\u00fcr wichtige Entscheidungen. Alle Vorstandsmitglieder wollen den Lelijvelds helfen. Die &hellip; <a href=\"https:\/\/windpilot.com\/blog\/trans-ocean-news\/deutsch-to-mv-2013\/deutsch-sonstiges\/\">Weiterlesen <span class=\"meta-nav\">&rarr;<\/span><\/a><\/p>\n","protected":false},"author":1,"featured_media":0,"parent":8962,"menu_order":8,"comment_status":"open","ping_status":"closed","template":"","meta":{"footnotes":""},"class_list":["post-9474","page","type-page","status-publish","hentry"],"_links":{"self":[{"href":"https:\/\/windpilot.com\/blog\/wp-json\/wp\/v2\/pages\/9474","targetHints":{"allow":["GET"]}}],"collection":[{"href":"https:\/\/windpilot.com\/blog\/wp-json\/wp\/v2\/pages"}],"about":[{"href":"https:\/\/windpilot.com\/blog\/wp-json\/wp\/v2\/types\/page"}],"author":[{"embeddable":true,"href":"https:\/\/windpilot.com\/blog\/wp-json\/wp\/v2\/users\/1"}],"replies":[{"embeddable":true,"href":"https:\/\/windpilot.com\/blog\/wp-json\/wp\/v2\/comments?post=9474"}],"version-history":[{"count":14,"href":"https:\/\/windpilot.com\/blog\/wp-json\/wp\/v2\/pages\/9474\/revisions"}],"predecessor-version":[{"id":9578,"href":"https:\/\/windpilot.com\/blog\/wp-json\/wp\/v2\/pages\/9474\/revisions\/9578"}],"up":[{"embeddable":true,"href":"https:\/\/windpilot.com\/blog\/wp-json\/wp\/v2\/pages\/8962"}],"wp:attachment":[{"href":"https:\/\/windpilot.com\/blog\/wp-json\/wp\/v2\/media?parent=9474"}],"curies":[{"name":"wp","href":"https:\/\/api.w.org\/{rel}","templated":true}]}}