{"id":9850,"date":"2014-07-25T11:36:21","date_gmt":"2014-07-25T18:36:21","guid":{"rendered":"https:\/\/windpilot.com\/blog\/?page_id=9850"},"modified":"2025-11-10T03:21:42","modified_gmt":"2025-11-10T10:21:42","slug":"peters-fleet-part-3","status":"publish","type":"page","link":"https:\/\/windpilot.com\/blog\/biography\/peters-fleet-part-3\/","title":{"rendered":"Peter\u00b4s Flotte #3"},"content":{"rendered":"<p><strong>Vom Traum zur Wirklichkeit &#8211; ein Eigner Report<\/strong><\/p>\n<p>Nanu, ein Blog \u00fcber Motorboote? Eigentlich ein No-Go, jedenfalls f\u00fcr Segler, deren Vorurteile in Beton gegossen &#8211; die die Nase stets prophylaktisch r\u00fcmpfen &#8211; oder die noch nie ein Hinckley Picnic Boat gesehen haben. Wobei Hinckley Yachts als US \u00c4quivalent zu Abeking &#038; Rasmussen f\u00fcr den Bau wundersch\u00f6ner Segelyachten ber\u00fchmt geworden und erst zum Beginn der 90 ger Jahre ihr Herz f\u00fcr Motorboote entdeckt, um zielstrebig auch in diesem Marktsegment Ikonen zu re\u00fcssieren. <\/p>\n<p><a href=\"https:\/\/windpilot.com\/blog\/wp-content\/uploads\/2014\/07\/Bluesiana.jpg\"><img loading=\"lazy\" decoding=\"async\" src=\"https:\/\/windpilot.com\/blog\/wp-content\/uploads\/2014\/07\/Bluesiana-1024x768.jpg\" alt=\"Bluesiana\" width=\"640\" height=\"480\" class=\"aligncenter size-large wp-image-9853\" srcset=\"https:\/\/windpilot.com\/blog\/wp-content\/uploads\/2014\/07\/Bluesiana-1024x768.jpg 1024w, https:\/\/windpilot.com\/blog\/wp-content\/uploads\/2014\/07\/Bluesiana-300x225.jpg 300w\" sizes=\"auto, (max-width: 640px) 100vw, 640px\" \/><\/a><\/p>\n<p>Der Begriff des PICNIC BOAT steht seither Synonym f\u00fcr eine Ausnahmeerscheinung, die auch in Seglerk\u00f6pfen Assoziationen weckt, was einer Summe markanter Merkmale geschuldet ist:<br \/>\n&#8211; dem Look klassischer Lobster Boote aus der Feder von <strong>Bruce King<\/strong><br \/>\n&#8211; den modernsten Fertigungs Methoden unter Verwendung von Kevlar und Vakuum Verfahren in Synthese mit Detail versessener Akribie traditioneller Bootsbaukunst<br \/>\n&#8211; dem revolution\u00e4ren Einsatz eines Jet-Antriebs und Einf\u00fchrung der JetStick &#8211; Technologie<\/p>\n<p>Wobei nicht verschwiegen werden soll, dass <a href=\"http:\/\/www.hinckleyyachts.com\/ \" target=\"_blank\">Hinckley Yachts<\/a> neben dem Picnic Boat auch die TALARIA Yachten von 34 &#8211; 55 Fuss mit \u00e4hnlichem Erscheinungsbild produziert.   <\/p>\n<p><a href=\"https:\/\/windpilot.com\/blog\/wp-content\/uploads\/2014\/07\/totale-v.-achtern.jpg\"><img loading=\"lazy\" decoding=\"async\" src=\"https:\/\/windpilot.com\/blog\/wp-content\/uploads\/2014\/07\/totale-v.-achtern-1024x768.jpg\" alt=\"DCIM100GOPRO\" width=\"640\" height=\"480\" class=\"aligncenter size-large wp-image-9884\" srcset=\"https:\/\/windpilot.com\/blog\/wp-content\/uploads\/2014\/07\/totale-v.-achtern-1024x768.jpg 1024w, https:\/\/windpilot.com\/blog\/wp-content\/uploads\/2014\/07\/totale-v.-achtern-300x225.jpg 300w\" sizes=\"auto, (max-width: 640px) 100vw, 640px\" \/><\/a><\/p>\n<p>Das Picnic Boat ist ein Boot mit nur geringem Nutzwert, hic der Name, jedenfalls wenn man herk\u00f6mmliche Ma\u00dfst\u00e4be bem\u00fcht, wobei Vergleiche schwierig, weil sie kaum vorhanden sind. Ein Toy-Boot f\u00fcr Enthusiasten, das BRUCE KING Design wurde bis zum Jahre 2007 ca 380 Mal gebaut.<\/p>\n<p>W\u00e4hrend unz\u00e4hliger USA Aufenthalte haben mich diese Boote immer wieder fasziniert &#8211; und ich habe mir geschworen: irgendwann bist Du meins! Hat 20 Jahre nicht geklappt, weil ein Neukauf unrealistisch und ein Gebrauchtkauf in den USA durch Seetransport, EU Verzollung \/ Versteuerung und CE Konformit\u00e4tserkl\u00e4rung jede ernsthafte \u00dcberlegung im Keim erstickte. Gr\u00fcnde genug, warum diese Schiffe in der EU nur handverlesen vorhanden, zudem veritabler Bremsklotz f\u00fcr jeden Importeur, der sich hier Hoffnung auf Umsatz machte. Auf etlichen Boat Shows in Europa wurden den Besuchern die K\u00f6pfe verdreht, beim Betrachten der Preistafel ist allseits der Schluckauf ausgebrochen.<\/p>\n<p>Auf der Mauer, auf der Lauer: ein Schiff, das in Europa einen K\u00e4ufer suchte, hat am Ende seinen Weg zu mir gefunden. <\/p>\n<p>Hier ist der Beginn einer Geschichte, die den pl\u00f6tzlichen \u00dcbergang beschreibt vom Traum zur Realit\u00e4t &#8211; eher eine Landung in derselben.<\/p>\n<p><a href=\"https:\/\/windpilot.com\/blog\/wp-content\/uploads\/2014\/07\/P1010548.jpg\"><img loading=\"lazy\" decoding=\"async\" src=\"https:\/\/windpilot.com\/blog\/wp-content\/uploads\/2014\/07\/P1010548-1024x768.jpg\" alt=\"P1010548\" width=\"640\" height=\"480\" class=\"aligncenter size-large wp-image-9887\" srcset=\"https:\/\/windpilot.com\/blog\/wp-content\/uploads\/2014\/07\/P1010548-1024x768.jpg 1024w, https:\/\/windpilot.com\/blog\/wp-content\/uploads\/2014\/07\/P1010548-300x225.jpg 300w\" sizes=\"auto, (max-width: 640px) 100vw, 640px\" \/><\/a><\/p>\n<p><strong>VOM TRAUM ZUR WIRKLICHKEIT<\/strong><br \/>\nDie Stunde der Wahrheit schlug am Pfingstfreitag den 6.6.2014 auf dem Gel\u00e4nde des deutschen Hinckley Vertreters in Kappeln. Die BLUESIANA hing frisch revidiert im Travellift, wurde nur noch von einem Gurt gehalten, um die Maschine zu starten und die JetStick Funktionen zu \u00fcberpr\u00fcfen. Hoppla, was war das? Eine Warnlampe am Mainboard zeigte rot &#8211; der Zentralrechner des Schiffes, ohne den weder Steuerung noch Antrieb korrekt funktioniert, war auf St\u00f6rung, ein korrektes Man\u00f6ver damit nicht m\u00f6glich. Wir entschlossen uns &#8211; weil Freitag Feierabend &#8211; das Schiff mit langen Bootshaken Richtung Fahrwasser zu drehen und zu schieben, schliesslich lag unser Liegeplatz ja nur wenig entfernt. Mit Fingerspitzengef\u00fchl und in Leerlaufdrehzahl sind wir dort angekommen.<\/p>\n<p><a href=\"https:\/\/windpilot.com\/blog\/wp-content\/uploads\/2014\/07\/P1010823.jpg\"><img loading=\"lazy\" decoding=\"async\" src=\"https:\/\/windpilot.com\/blog\/wp-content\/uploads\/2014\/07\/P1010823-1024x768.jpg\" alt=\"P1010823\" width=\"640\" height=\"480\" class=\"aligncenter size-large wp-image-9855\" srcset=\"https:\/\/windpilot.com\/blog\/wp-content\/uploads\/2014\/07\/P1010823-1024x768.jpg 1024w, https:\/\/windpilot.com\/blog\/wp-content\/uploads\/2014\/07\/P1010823-300x225.jpg 300w\" sizes=\"auto, (max-width: 640px) 100vw, 640px\" \/><\/a>Es folgte ein Pfingstwochenende der besonderen Art: eine Schadensanalyse sowie Lektion \u00fcber die komplexe Technik eines Schiffes, die ihresgleichen sucht. Zehn ( ! ) gebundene Handb\u00fccher in zwei soliden Segeltaschen, wurden konsultiert, Standart bei jedem Hinckley Schiff. Da sollten sich doch wohl Erkl\u00e4rungen finden lassen? Meine erste Vermutung: ein fehlendes Manual \u00fcber die JetStick Technologie. Stimmte aber nicht, wie ich wenig sp\u00e4ter erfahren musste. Statt eines Handbuches wurde mir sp\u00e4ter ein \u201eTechnician Guide\u201c <a href=\"https:\/\/windpilot.com\/blog\/wp-content\/uploads\/2014\/07\/Hicnkley-Techn.-guide-Kopie.pdf\">Hinckley Techn. guide Kopie<\/a>vom Hersteller zugeschickt, zudem habe ich mir aus dem Netz ein \u201einstruction book\u201c herunter geladen &#8211; beide haben mich mehr irritiert, als dass sie mir geholfen h\u00e4tten. siehe &#8230;. <a href=\"https:\/\/windpilot.com\/blog\/wp-content\/uploads\/2014\/07\/iqan-mdm_uk_ed0607_Parker-Original.pdf\">iqan-mdm_uk_ed0607_Parker Original<\/a><\/p>\n<p>Zum besseren Verst\u00e4ndnis, eine Kurzbeschreibung des Antriebssystems: <\/p>\n<p><a href=\"https:\/\/windpilot.com\/blog\/wp-content\/uploads\/2014\/07\/Hamilton-Jet.jpg\"><img loading=\"lazy\" decoding=\"async\" src=\"https:\/\/windpilot.com\/blog\/wp-content\/uploads\/2014\/07\/Hamilton-Jet-1024x768.jpg\" alt=\"Hamilton Jet\" width=\"640\" height=\"480\" class=\"aligncenter size-large wp-image-9888\" srcset=\"https:\/\/windpilot.com\/blog\/wp-content\/uploads\/2014\/07\/Hamilton-Jet-1024x768.jpg 1024w, https:\/\/windpilot.com\/blog\/wp-content\/uploads\/2014\/07\/Hamilton-Jet-300x225.jpg 300w\" sizes=\"auto, (max-width: 640px) 100vw, 640px\" \/><\/a><\/p>\n<p><strong>JET-ANTRIEB<\/strong><br \/>\nDer <a href=\"http:\/\/www.hamjet.co.nz\/\" target=\"_blank\">HAMILTON JET ANTRIEB<\/a> &#8211; eine m\u00e4chtige Wasserpumpe  &#8211; ist innerhalb des Schiffes installiert, was Antrieb und Steuerung gegen Sch\u00e4den durch Treibgut, Hummerk\u00f6rbe, Fischernetze oder Grundber\u00fchrung unempfindlich macht, zudem Vibrationen durch Propeller nicht existent, weil der nicht vorhanden ist. Der Wasserstrahl wird durch eine seitlich verdrehbare D\u00fcse zum Steuern und durch den vertikal beweglichen Deflektor &#8211; \u00e4hnlich der Schubumkehr beim Flugzeug &#8211; zur Vor- und R\u00fcckw\u00e4rtsfahrt umgelenkt. Ein \u00fcberaus robustes System, das in der kommerziellen Schiffahrt und beim JetSki weit verbreitet eingesetzt. Ein System, das einen Bremsweg von 30 kn auf Null innerhalb einer Schiffsl\u00e4nge m\u00f6glich macht &#8211; wenn man sich zuvor angeschnallt.<\/p>\n<p><iframe loading=\"lazy\" width=\"560\" height=\"315\" src=\"\/\/www.youtube.com\/embed\/jjoxgSrZTa4\" frameborder=\"0\" allowfullscreen><\/iframe><\/p>\n<p>Der<strong> JETSTICK ( TM )<\/strong> ist eine Joysticksteuerung von drei Achsen, wie aus dem Maschinenbau bekannt:<br \/>\nX-Achse: Bugstrahlruder<br \/>\nY-Achse: vertikale Bewegung des Deflektors zur Schubumkehr vorw\u00e4rts \/ r\u00fcckw\u00e4rts<br \/>\nZ-Achse: seitliche Bewegung der Jet D\u00fcse zur proportionalen Steuerung<br \/>\nDie Besonderheit des Systems besteht darin, dass der hydraulische \u00d6lfluss aller Achsbewegungen durch progressive gleichwohl minimale Stromst\u00e4rken zielgenau zu erreichen ist. Das Schiff erh\u00e4lt dadurch eine Man\u00f6vrierf\u00e4higkeit, wie sie mit konventionellen Antrieben kaum erreichbar ist, weil der Jet stets im Vorw\u00e4rtsgang pumpt und sowohl D\u00fcse als auch Deflektor nach einer jeden Aktion selbstst\u00e4tig in eine neutrale Stellung retournieren, was das Schiff auf der Stelle verharren l\u00e4sst. Wenn herk\u00f6mmliche Bugstrahlruder nur den Bug seitw\u00e4rts bewegen k\u00f6nnen, so ist der Jetantrieb in der Lage, wahlweise mit dem Heck, oder dem ganzen Schiff Ballett zu tanzen.<\/p>\n<p><strong>DIE ZENTRALEINHEIT<\/strong><br \/>\nDas Herzst\u00fcck eines jeden JetBoats ist eine Zentraleinheit, die die Befehle des Joystick\u00b4s umsetzt und gezielt den jeweiligen Hydraulikzylinder ( E-Motor des Bugstrahlruders ) der drei Achsen selbst minimale Bewegungen ausf\u00fchren l\u00e4sst. <\/p>\n<p><strong>ZWEI SYSTEMARTEN<\/strong><br \/>\nIn der Entwicklungs Geschichte der JetStick Steuerung sind zumindest zwei Systemarten zu unterscheiden:<br \/>\n<a href=\"https:\/\/windpilot.com\/blog\/wp-content\/uploads\/2014\/07\/Enclosure-IQAN-MDM.jpg\"><img loading=\"lazy\" decoding=\"async\" src=\"https:\/\/windpilot.com\/blog\/wp-content\/uploads\/2014\/07\/Enclosure-IQAN-MDM.jpg\" alt=\"Enclosure IQAN MDM\" width=\"454\" height=\"342\" class=\"aligncenter size-full wp-image-9857\" srcset=\"https:\/\/windpilot.com\/blog\/wp-content\/uploads\/2014\/07\/Enclosure-IQAN-MDM.jpg 454w, https:\/\/windpilot.com\/blog\/wp-content\/uploads\/2014\/07\/Enclosure-IQAN-MDM-300x225.jpg 300w\" sizes=\"auto, (max-width: 454px) 100vw, 454px\" \/><\/a><br \/>\n1.- <strong>Ein MIKROPROZESSOR<\/strong>, der aus anderen industriellen Anwendungsbereichen bezogen und mit einer f\u00fcr das jeweilige Schiff abgestimmten Software programmiert, elektronisch die Ausf\u00fchrung aller Steuerbefehle vornimmt. Ein derartiges System war in meinem Boot installiert und verantwortlich f\u00fcr den schlechten Start in mein Schiffs Abenteuer, da es ganz offenbar \u00fcber keine interne Redundanz verf\u00fcgte, welches bei Ausfall der Mikroprozessores die Aufrechterhaltung der Steuerung h\u00e4tte sicherstellen k\u00f6nnen. <\/p>\n<p><a href=\"https:\/\/windpilot.com\/blog\/wp-content\/uploads\/2014\/07\/S1020002.jpg\"><img loading=\"lazy\" decoding=\"async\" src=\"https:\/\/windpilot.com\/blog\/wp-content\/uploads\/2014\/07\/S1020002-1024x576.jpg\" alt=\"S1020002\" width=\"640\" height=\"360\" class=\"aligncenter size-large wp-image-9858\" srcset=\"https:\/\/windpilot.com\/blog\/wp-content\/uploads\/2014\/07\/S1020002-1024x576.jpg 1024w, https:\/\/windpilot.com\/blog\/wp-content\/uploads\/2014\/07\/S1020002-300x168.jpg 300w\" sizes=\"auto, (max-width: 640px) 100vw, 640px\" \/><\/a><\/p>\n<p>2.-<strong> Die KONTROLLEINHEIT<\/strong> &#8211; auch Robotics oder Electronic Circuit genannt &#8211; wird als analoge Massanfertigung f\u00fcr ein jedes Schiff konfiguriert und gebaut, in der f\u00fcr jeden Steuerbefehl dezidierte Parameter voreingestellt und den Steuerelementen in Bezug auf \u00d6lfluss, Bewegung, Endstop des jeweiligen Hydraulikzylinders, sowie deren R\u00fcckkehr zur gew\u00fcnschten Mittelstellung, elektrisch und \u00fcber Potentiometer kommisioniert \/ justiert \/ zugewiesen wird. Mikroprozessoren samt Software sind nicht vorhanden, weil jeder Steuerbefehl eigens kallibriert und f\u00fcr immer im System reproduzierbar bleibt, jedenfalls solange Druck an der Hydraulikpumpe und Strom aus der Batterie vorhanden sind. St\u00f6rf\u00e4lle werden so nahezu ausgeschlossen, insbesondere, wenn die Bauteile gem\u00e4ss <strong>MILIT\u00c4R STANDARDS<\/strong> hergestellt werden. <\/p>\n<p>Worauf kommt es also an? <\/p>\n<p>Es geh\u00f6rt wohl zu den Besonderheiten der Beziehung zwischen Kunde und Werft, dass den Hinckley Jetboat Eignern stets eine pers\u00f6nlichen Schulung \/ Einf\u00fchrung angeboten wird, in deren Verlauf sie detailliert in die technischen Systeme eines Schiffes eingewiesen werden. Eine weitere Besonderheit dieser Boote, die \u00fcberwiegend in den USA betrieben werden, mag vermutlich in der Tatsache begr\u00fcndet sein, dass viele Boote sich im Vollservice der vielen Hinckley Service Center befinden  <a href=\"https:\/\/www.hinckleyyachts.com\/hyslocations\/\" target=\"_blank\">siehe<\/a><\/p>\n<p>Die Situation f\u00fcr Schiffe, die ihren Standort ausserhalb der USA haben, ist grundlegend anders, weil ein entsprechendes Service Netz dort nicht vorhanden ist. So gesehen, kommt der Aufrechterhaltung der Funktionssicherheit dort eine andere Bedeutung zu. Dies sollte in einer anderen Art von Dokumentation seinen Niederschlag finden, sodass ein Eigner in Not, sich hier ggf. selbst helfen kann. <\/p>\n<p><strong>DIE GESCHICHTE DES JETSTICKS<\/strong><br \/>\nIm Rahmen eines Gespr\u00e4ches auf den Werft Stegen hatte der fr\u00fchere Miteigner von Hinckley Yachts, <strong>SHEP McKENNEY <\/strong>im Jahre 1995 <strong>TOM SERRAO<\/strong> befragt, ob er in der Lage sei, eine Joysticksteuerung f\u00fcr Jet Antriebe zu entwickeln. Als Fachmann der Regelungstechnik hatte Tom Serrao bereits jahrelange Erfahrungen bei Anwendungen jeder Art, von Vergn\u00fcgungspark Fahrgesch\u00e4ften, der Medizintechnik, telekommunikativen Anwendungen bis in den maritimen Bereich vorzuweisen. Das Grundkonzept f\u00fcr den JetStick war innerhalb weniger Tage entworfen. Serrao ist als Erfinder verschiedener Patente f\u00fcr den \u201eJetStick\u201c ( TM ) seither <a href=\"http:\/\/patents.justia.com\/inventor\/thomas-m-serrao\" target=\"_blank\">einschl\u00e4gig vermerkt<\/a>.  <\/p>\n<p><a href=\"https:\/\/windpilot.com\/blog\/wp-content\/uploads\/2014\/07\/P1010801.jpg\"><img loading=\"lazy\" decoding=\"async\" src=\"https:\/\/windpilot.com\/blog\/wp-content\/uploads\/2014\/07\/P1010801-1024x768.jpg\" alt=\"P1010801\" width=\"640\" height=\"480\" class=\"aligncenter size-large wp-image-9859\" srcset=\"https:\/\/windpilot.com\/blog\/wp-content\/uploads\/2014\/07\/P1010801-1024x768.jpg 1024w, https:\/\/windpilot.com\/blog\/wp-content\/uploads\/2014\/07\/P1010801-300x225.jpg 300w\" sizes=\"auto, (max-width: 640px) 100vw, 640px\" \/><\/a>Als ausgewiesener Fachmann im Bereich von JoyStick Steuerungen f\u00fcr Yachten hat Tom Serrao in Jahre 1992 eine eigene Produktionsst\u00e4tte in Bangor \/ Maine aufgebaut. Seine Systeme wurden seither auf ca 275 HINCKLEY Schiffen aller Gr\u00f6ssen montiert und  sind weltweit auf \u00fcber 1000 Schiffen vom Daycruiser bis zur 200 ft Superyacht in Betrieb. Die 178 ft US Super Yacht <a href=\"http:\/\/mystarfire.com\/\" target=\"_blank\">STARFIRE<\/a> hat \u00fcber 2 Mio Meilen mit Tom\u00b4s System absolviert und ist nonstop weltweit unterwegs.<\/p>\n<p><strong>ENTSCHEIDUNGEN<\/strong><br \/>\nZur\u00fcck zur Agenda: Pfingsten &#8211; ein Schiff mit defektem Zentralrechner &#8211; weit und breit keine Hilfe &#8211; auch der deutsche Hinckley Vertreter hatte keinen Rat parat. Die Internet Suche wies den Weg zum Erfinder der JetStick Technologie: TOM SERRAO von der Firma <a href=\"https:\/\/www.joystickcontrol.com\" target=\"_blank\">Control Engineering<\/a>. Innerhalb einiger Mailwechsel, von Bord \u00fcber WiFi gef\u00fchrt, wurden die Ursachen analysiert: Der Rechner war \u201efrozen\u201c, eine rote Warnlampe erlosch nach dem re-boot f\u00fcr wenige Minuten, um kurz danach erneut aufzuleuchten. <\/p>\n<p>Nach eingehender Beratung mit Tom Serrao habe ich mich f\u00fcr den Einbau einer analogen Kontrolleinheit entschlossen, vor allem, weil sie ein redundantes System beinhaltet, das im Notfall die Steuerung aufrecht erhalten kann. Zudem habe ich das Gef\u00fchl, dass ein derartiges massgeschneidertes System den Erfordernissen an Bord eines Schiff in einem nassen Element, besser gewachsen ist als ein Mikroprozessor, der f\u00fcr eine andere Umgebung konzipiert. \u00dcbrigens waren Kontrolleinheit Systeme regelm\u00e4\u00dfig in Picnic Booten bis zum Jahre ca 2006 verbaut.<\/p>\n<p>Der Reparatur Vorschlag von Tom Serrao lautete: Austausch des Mikroprozessor Systems durch eine analoge Kontrolleinheit vom Typ <strong>JSC2100SJ<\/strong>. Eine Entscheidung mit finanziellen Folgen, weshalb ich einige Tage Bedenkzeit erbat. <\/p>\n<p><a href=\"https:\/\/windpilot.com\/blog\/wp-content\/uploads\/2014\/07\/S1020013.jpg\"><img loading=\"lazy\" decoding=\"async\" src=\"https:\/\/windpilot.com\/blog\/wp-content\/uploads\/2014\/07\/S1020013-1024x576.jpg\" alt=\"S1020013\" width=\"640\" height=\"360\" class=\"aligncenter size-large wp-image-9860\" srcset=\"https:\/\/windpilot.com\/blog\/wp-content\/uploads\/2014\/07\/S1020013-1024x576.jpg 1024w, https:\/\/windpilot.com\/blog\/wp-content\/uploads\/2014\/07\/S1020013-300x168.jpg 300w\" sizes=\"auto, (max-width: 640px) 100vw, 640px\" \/><\/a>Nach eingehender Mail Korrespondenz sowohl mit Tom Serrao, als auch den Werftvertretern, haben mich Tom\u00b4s Argumente vollends \u00fcberzeugt und ich entschied mich, ihn mit der Herstellung und Montage einer Kontrolleinheit zu betrauen. Ich sollte es nicht bereuen.<\/p>\n<p><iframe loading=\"lazy\" width=\"560\" height=\"315\" src=\"\/\/www.youtube.com\/embed\/NuOXoyAQEw0\" frameborder=\"0\" allowfullscreen><\/iframe><\/p>\n<p><strong>FAKTEN HEUTE:<\/strong><br \/>\n&#8211; der auf meinem Schiff montierte Mikroprozessor hatte seine Memory verloren<br \/>\n&#8211; am JetStick Controll Board wurden zwei Kurzschl\u00fcsse festgestellt<\/p>\n<p>Tom Serrao hat sein System im Verlauf eines 4 t\u00e4gigen Deutschland Besuches installiert und nach Probefahrt an mich \u00fcbergeben.<br \/>\n<a href=\"https:\/\/windpilot.com\/blog\/wp-content\/uploads\/2014\/07\/P1020323.jpg\"><img loading=\"lazy\" decoding=\"async\" src=\"https:\/\/windpilot.com\/blog\/wp-content\/uploads\/2014\/07\/P1020323-1024x768.jpg\" alt=\"P1020323\" width=\"640\" height=\"480\" class=\"aligncenter size-large wp-image-9861\" srcset=\"https:\/\/windpilot.com\/blog\/wp-content\/uploads\/2014\/07\/P1020323-1024x768.jpg 1024w, https:\/\/windpilot.com\/blog\/wp-content\/uploads\/2014\/07\/P1020323-300x225.jpg 300w\" sizes=\"auto, (max-width: 640px) 100vw, 640px\" \/><\/a>Ich habe einen Mann kennen gelernt, der sein Metier wie wohl kaum ein Zweiter beherrscht. Seine geballte Fachkenntnis sowie seine methodisch ruhige Vorgehensweise haben mein Vertrauen gewonnen, zudem er kein Mann grosser Worte, hingegen ein hands-on-Techniker ist und dabei authentisch und \u00fcberaus sympathisch ist. Tom Serrao 54, ist Amerikaner mit italienischen Wurzeln, er lebt in Bangor Maine und Florida. <\/p>\n<p><a href=\"https:\/\/windpilot.com\/blog\/wp-content\/uploads\/2014\/07\/Starfire_2.jpg\"><img loading=\"lazy\" decoding=\"async\" src=\"https:\/\/windpilot.com\/blog\/wp-content\/uploads\/2014\/07\/Starfire_2.jpg\" alt=\"Starfire_2\" width=\"784\" height=\"588\" class=\"aligncenter size-full wp-image-9862\" srcset=\"https:\/\/windpilot.com\/blog\/wp-content\/uploads\/2014\/07\/Starfire_2.jpg 784w, https:\/\/windpilot.com\/blog\/wp-content\/uploads\/2014\/07\/Starfire_2-300x225.jpg 300w\" sizes=\"auto, (max-width: 784px) 100vw, 784px\" \/><\/a>Er hat unz\u00e4hlige Systeme gebaut und installiert, u.a. auf Bruckman, Baja, Super Yacht Design Carlisle, Carolina, CW Hood Yachts, Canadian Yacht Sabre, Castoldi Jet, Dovercraft, Ellis Boat Designs, Hatteras,  Huckins, Hunt Yachts, Little Harbor, Sheaffer Boats, Vichem, Watkins, Wellcraft, Yamaha  und vielen anderen!<\/p>\n<p>Wie ich Hinckley Yachts gegen\u00fcber bemerkte:<\/p>\n<blockquote><p>Hinckley should roll a red carpet to Tom Serrao who provided perfect support within 10 minutes to a desperate owner who was in urgent need of help. Tom did a straight and perfect support yet, praising the Hinckley boats.<\/p><\/blockquote>\n<p>Nun hat mein Boot ein neues Herz vom Erfinder der JetStick Technik, ein Herz, das doppelt schl\u00e4gt, weil es Redundanz beinhaltet, damit zuk\u00fcnftige Man\u00f6ver nicht nach dem Motto gefahren werden m\u00fcssen: kernig gerammt ist besser als lahm angelegt.<\/p>\n<p>Angekommen in der Wirklichkeit &#8211; I live and learn<br \/>\nPeter Foerthmann<\/p>\n<p>QUELLEN:<br \/>\n<a href=\"http:\/\/me.usharbors.com\/image-gallery\/hinckley-companys-maine-yards-hit-new-milestones\" target=\"_blank\">US-Harbors.com<\/a><br \/>\n<a href=\"http:\/\/www.boattest.com\/Resources\/view_news.aspx?NewsID=4417\" target=\"_blank\">Boattest<\/a><br \/>\n<a href=\"http:\/\/www.zoominfo.com\/p\/Shep-McKenney\/1322445846\" target=\"_blank\">Zoominfo.com<\/a><br \/>\n<a href=\"http:\/\/www.yachtingmagazine.com\/yachts\/from-the-archives-the-king-of-picnic-boats\" target=\"_blank\">Yachtingmagazine<\/a><\/p>\n","protected":false},"excerpt":{"rendered":"<p>Vom Traum zur Wirklichkeit &#8211; ein Eigner Report Nanu, ein Blog \u00fcber Motorboote? Eigentlich ein No-Go, jedenfalls f\u00fcr Segler, deren Vorurteile in Beton gegossen &#8211; die die Nase stets prophylaktisch r\u00fcmpfen &#8211; oder die noch nie ein Hinckley Picnic Boat &hellip; <a href=\"https:\/\/windpilot.com\/blog\/biography\/peters-fleet-part-3\/\">Weiterlesen <span class=\"meta-nav\">&rarr;<\/span><\/a><\/p>\n","protected":false},"author":1,"featured_media":0,"parent":4472,"menu_order":6,"comment_status":"open","ping_status":"closed","template":"","meta":{"footnotes":""},"class_list":["post-9850","page","type-page","status-publish","hentry"],"_links":{"self":[{"href":"https:\/\/windpilot.com\/blog\/wp-json\/wp\/v2\/pages\/9850","targetHints":{"allow":["GET"]}}],"collection":[{"href":"https:\/\/windpilot.com\/blog\/wp-json\/wp\/v2\/pages"}],"about":[{"href":"https:\/\/windpilot.com\/blog\/wp-json\/wp\/v2\/types\/page"}],"author":[{"embeddable":true,"href":"https:\/\/windpilot.com\/blog\/wp-json\/wp\/v2\/users\/1"}],"replies":[{"embeddable":true,"href":"https:\/\/windpilot.com\/blog\/wp-json\/wp\/v2\/comments?post=9850"}],"version-history":[{"count":24,"href":"https:\/\/windpilot.com\/blog\/wp-json\/wp\/v2\/pages\/9850\/revisions"}],"predecessor-version":[{"id":33814,"href":"https:\/\/windpilot.com\/blog\/wp-json\/wp\/v2\/pages\/9850\/revisions\/33814"}],"up":[{"embeddable":true,"href":"https:\/\/windpilot.com\/blog\/wp-json\/wp\/v2\/pages\/4472"}],"wp:attachment":[{"href":"https:\/\/windpilot.com\/blog\/wp-json\/wp\/v2\/media?parent=9850"}],"curies":[{"name":"wp","href":"https:\/\/api.w.org\/{rel}","templated":true}]}}